{"id":40321,"date":"2026-04-17T16:31:56","date_gmt":"2026-04-17T14:31:56","guid":{"rendered":"https:\/\/premino.pl\/produkt\/zakwas-zlocisty-250ml\/"},"modified":"2026-04-17T16:32:14","modified_gmt":"2026-04-17T14:32:14","slug":"zakwas-zlocisty-250ml","status":"publish","type":"product","link":"https:\/\/premino.pl\/?product=zakwas-zlocisty-250ml","title":{"rendered":"Zakwas z\u0142ocisty 250ml"},"content":{"rendered":"<p><b>Zakwas Z\u0142ocisty \u2013 rzemie\u015blniczy, naturalny, przygotowany wed\u0142ug tradycyjnej receptury \u00a0<\/b><\/p>\n<p>Za co pokochasz Zakwas Z\u0142ocisty?<br \/>\u2022\u00a0ma orze\u017awiaj\u0105cy smak\u00a0\u2013 jest delikatnie buraczany z nut\u0105 kurkumy i czosnku<br \/>\u2022\u00a0to\u00a0naturalny nap\u00f3j probiotyczny\u00a0\u2013 zawiera \u017cywe kultury bakterii Lactobacillus i Bifidobacterium\u00a0<br \/>\u2022\u00a0rozbudza kubki smakowe\u00a0swoim apetycznym \u017c\u00f3\u0142tym kolorem\u00a0<br \/>\u2022\u00a0jest\u00a0odpowiedni dla ca\u0142ej rodziny\u00a0\u2013 od rocznych maluch\u00f3w po senior\u00f3w<br \/>\u2022 jest\u00a0wega\u0144ski\u00a0\u2013 nadaje si\u0119 dla os\u00f3b na diecie ro\u015blinnej<br \/>\u2022\u00a0zamkni\u0119to go\u00a0w butelce z ciemnego szk\u0142a, kt\u00f3ra chroni jego w\u0142a\u015bciwo\u015bci przed \u015bwiat\u0142em i utlenieniem<\/p>\n<p><b>Odpowied\u017a na najcz\u0119\u015bciej zadawane pytanie przez klient\u00f3w<br \/><\/b>Zakwas Z\u0142ocisty<br \/>Lubisz kiszonki, ale zakwas z kapusty lub z czerwonych burak\u00f3w s\u0105 dla Ciebie zbyt intensywne? Wybierasz produkty z kilkoma sk\u0142adnikami, produkowane lokalnie? Oto Zakwas Z\u0142ocisty Olini!\u00a0<\/p>\n<p>Ten rzemie\u015blniczy nap\u00f3j zosta\u0142 przygotowany wed\u0142ug tradycyjnej receptury, z \u017c\u00f3\u0142tych burak\u00f3w. Swoje w\u0142a\u015bciwo\u015bci zawdzi\u0119cza wy\u0142\u0105cznie naturalnym sk\u0142adnikom. Nie zawiera chemii, konserwant\u00f3w ani wzmacniaczy smaku.\u00a0<\/p>\n<p><b>Jak smakuje?<\/b><br \/>Zakwas Z\u0142ocisty jest delikatniejszy ni\u017c klasyczny zakwas z czerwonych burak\u00f3w. Jego smak urozmaicaj\u0105 przyprawy. Kurkuma, czosnek i pieprz nadaj\u0105 mu lekko pikantn\u0105 nut\u0119.\u00a0<\/p>\n<p>Dlaczego jest gazowany?<\/p>\n<p>Zakwas delikatnie musuje. To produkt \u201e\u017cywy\u201d, kt\u00f3ry wci\u0105\u017c pracuje. Strzelaj\u0105ce b\u0105belki s\u0105 oznak\u0105, \u017ce proces fermentacji przebiega prawid\u0142owo. \u017beby zmniejszy\u0107 gazowanie, wystarczy mocno sch\u0142odzi\u0107 zakwas.<\/p>\n<p><b>Przebadany<br \/><\/b>Zakwas Z\u0142ocisty Olini przebadali naukowcy z Uniwersytetu Medycznego w \u0141odzi. Wykazali, \u017ce zawiera \u017cywe kultury bakterii probiotycznych Lactobacillus i Bifidobacterium (4,8 x 10\u2077 CFU\/ml).<\/p>\n<p>Zakwas zawsze podawaj na zimno. Po podgrzaniu straci on swoje w\u0142a\u015bciwo\u015bci. Mo\u017cesz pi\u0107 co codziennie \u2013 na czczo, do posi\u0142ku lub przed snem. Dzi\u0119ki por\u0119cznej butelce mo\u017cesz te\u017c zabra\u0107 go do pracy.<\/p>\n<p><b>Dzienna porcja Zakwasu Z\u0142ocistego<br \/><\/b>Dzieci:<br \/>od 1 roku \u017cycia \u2013 1-2 \u0142y\u017cki<br \/>od 2 lat \u2013 4-5 \u0142y\u017cek i wi\u0119cej<\/p>\n<p>Doro\u015bli:<br \/>\u00bd szklanki<\/p>\n<p>Zakwas to produkt fermentowany. Je\u015bli do tej pory w Twojej diecie nie by\u0142o zbyt wiele kiszonek, wypicie du\u017cej ilo\u015bci zakwasu mo\u017ce spowodowa\u0107 niewielkie dolegliwo\u015bci \u017co\u0142\u0105dkowo-jelitowe. Dlatego je\u015bli dopiero wprowadzasz zakwas do swojego menu \u2013 zacznij od mniejszej porcji i stopniowo j\u0105 zwi\u0119kszaj.<\/p>\n<p><b>Dla kogo?<br \/><\/b>dla dzieci (od 1. roku \u017cycia), doros\u0142ych i senior\u00f3w<\/p>\n<p>Tw\u00f3j zakwas ma osad?<\/p>\n<p>Zakwas Z\u0142ocisty mo\u017ce mie\u0107 naturalny osad. Wystarczy, \u017ce przed u\u017cyciem delikatnie wstrz\u0105\u015bniesz butelk\u0105.<\/p>\n<p><strong>Forma podania:<\/strong> p\u0142yn<br \/>\n<strong>Gramatura:<\/strong> ml<br \/>\n<strong>Pojemno\u015b\u0107:<\/strong> 250<br \/>\n<strong>P\u0142e\u0107:<\/strong> unisex<br \/>\n<strong>Rodzaj:<\/strong> pozosta\u0142e<\/p>\n<p><strong>Uwagi:<\/strong><\/p>\n<p>Chroni\u0107 od \u015bwiat\u0142a. Przechowywa\u0107 w temperaturze: 5-10 oC<\/p>\n<p><strong>Sk\u0142adniki:<\/strong><\/p>\n<p>burak \u017c\u00f3\u0142ty, woda, przyprawy: s\u00f3l, kurkuma, pieprz bia\u0142y, ziele angielskie, li\u015b\u0107 laurowy, czosnek<\/p>\n","protected":false},"excerpt":{"rendered":"<p> <strong>Forma podania:<\/strong> p\u0142yn<br \/>  <strong>Gramatura:<\/strong> ml<br \/>  <strong>Pojemno\u015b\u0107:<\/strong> 250<br \/>  <strong>P\u0142e\u0107:<\/strong> unisex<br \/>  <strong>Rodzaj:<\/strong> pozosta\u0142e <\/p>\n","protected":false},"featured_media":40322,"comment_status":"open","ping_status":"closed","template":"","meta":{"_acf_changed":false},"kategoria-hurtowni":[206,205],"product_brand":[333],"product_cat":[76],"product_tag":[],"class_list":{"0":"post-40321","1":"product","2":"type-product","3":"status-publish","4":"has-post-thumbnail","6":"kategoria-hurtowni-suplementy-diety","7":"kategoria-hurtowni-zdrowie","8":"product_brand-olini","9":"product_cat-primavera","11":"first","12":"outofstock","13":"taxable","14":"shipping-taxable","15":"product-type-simple"},"acf":[],"_links":{"self":[{"href":"https:\/\/premino.pl\/index.php?rest_route=\/wp\/v2\/product\/40321","targetHints":{"allow":["GET"]}}],"collection":[{"href":"https:\/\/premino.pl\/index.php?rest_route=\/wp\/v2\/product"}],"about":[{"href":"https:\/\/premino.pl\/index.php?rest_route=\/wp\/v2\/types\/product"}],"replies":[{"embeddable":true,"href":"https:\/\/premino.pl\/index.php?rest_route=%2Fwp%2Fv2%2Fcomments&post=40321"}],"wp:featuredmedia":[{"embeddable":true,"href":"https:\/\/premino.pl\/index.php?rest_route=\/wp\/v2\/media\/40322"}],"wp:attachment":[{"href":"https:\/\/premino.pl\/index.php?rest_route=%2Fwp%2Fv2%2Fmedia&parent=40321"}],"wp:term":[{"taxonomy":"kategoria-hurtowni","embeddable":true,"href":"https:\/\/premino.pl\/index.php?rest_route=%2Fwp%2Fv2%2Fkategoria-hurtowni&post=40321"},{"taxonomy":"product_brand","embeddable":true,"href":"https:\/\/premino.pl\/index.php?rest_route=%2Fwp%2Fv2%2Fproduct_brand&post=40321"},{"taxonomy":"product_cat","embeddable":true,"href":"https:\/\/premino.pl\/index.php?rest_route=%2Fwp%2Fv2%2Fproduct_cat&post=40321"},{"taxonomy":"product_tag","embeddable":true,"href":"https:\/\/premino.pl\/index.php?rest_route=%2Fwp%2Fv2%2Fproduct_tag&post=40321"}],"curies":[{"name":"wp","href":"https:\/\/api.w.org\/{rel}","templated":true}]}}