{"id":40369,"date":"2026-04-17T16:32:28","date_gmt":"2026-04-17T14:32:28","guid":{"rendered":"https:\/\/premino.pl\/produkt\/all-undereye-skin-nawilzajace-zelowe-platki-pod-oczy-60szt\/"},"modified":"2026-04-17T16:32:49","modified_gmt":"2026-04-17T14:32:49","slug":"all-undereye-skin-nawilzajace-zelowe-platki-pod-oczy-60szt","status":"publish","type":"product","link":"https:\/\/premino.pl\/?product=all-undereye-skin-nawilzajace-zelowe-platki-pod-oczy-60szt","title":{"rendered":"All Undereye Skin nawil\u017caj\u0105ce \u017celowe p\u0142atki pod oczy 60szt."},"content":{"rendered":"<p>\u017belowe p\u0142atki pod oczy Clavier ALL Undereye SKIN to profesjonalny spos\u00f3b na piel\u0119gnacj\u0119 delikatnej sk\u00f3ry wok\u00f3\u0142 oczu. Nas\u0105czone bogat\u0105 mieszank\u0105 sk\u0142adnik\u00f3w aktywnych, intensywnie nawil\u017caj\u0105, pomagaj\u0105 zmniejszy\u0107 oznaki zm\u0119czenia oraz widoczno\u015b\u0107 cieni i obrz\u0119k\u00f3w. Ich innowacyjna formu\u0142a sprawia, \u017ce doskonale dopasowuj\u0105 si\u0119 do sk\u00f3ry, zapewniaj\u0105c efekt wyg\u0142adzenia i od\u015bwie\u017cenia ju\u017c po pierwszym zastosowaniu.\u00a0<\/p>\n<p><b>Sk\u0142adniki aktywne:<br \/><\/b>\u2022 Kolagen \u2013 wyg\u0142adza sk\u00f3r\u0119, intensywnie j\u0105 nawil\u017ca oraz pomaga zmniejszy\u0107 widoczno\u015b\u0107 drobnych zmarszczek.<br \/>\u2022 Koenzym Q10 \u2013 dzia\u0142a jako silny antyoksydant, wspiera ochron\u0119 przed wolnymi rodnikami i procesy regeneracyjne sk\u00f3ry.<br \/>\u2022 Aloes \u2013 nawil\u017ca, koi, wspomaga regeneracj\u0119 oraz poprawia elastyczno\u015b\u0107 sk\u00f3ry.<br \/>\u2022 Malwa r\u00f3\u017cowa \u2013 dzia\u0142a antyoksydacyjnie, pomaga redukowa\u0107 oznaki zm\u0119czenia oraz wspiera wyr\u00f3wnanie kolorytu sk\u00f3ry.<\/p>\n<p><b>Spos\u00f3b u\u017cycia:<br \/><\/b>Delikatnie wyjmij p\u0142atki z opakowania przy u\u017cyciu do\u0142\u0105czonego narz\u0119dzia. Na\u0142\u00f3\u017c je na oczyszczon\u0105 sk\u00f3r\u0119 pod oczami. Pozostaw na ok. 15\u201320 minut. Po zdj\u0119ciu wklep pozosta\u0142e serum w sk\u00f3r\u0119 opuszkami palc\u00f3w.<\/p>\n<p><strong>Dzia\u0142anie:<\/strong> chroni, nawil\u017caj\u0105ce, redukuje zmarszczki, regeneruje, uelastycznia, uj\u0119drnia, wyg\u0142adza<br \/>\n<strong>Gramatura:<\/strong> sztuka<br \/>\n<strong>Konsystencja:<\/strong> p\u0142atki pod oczy<br \/>\n<strong>Linie elitarne:<\/strong> nie<br \/>\n<strong>Piel\u0119gnacja specyficzna:<\/strong> maska<br \/>\n<strong>Pojemno\u015b\u0107:<\/strong> 60<br \/>\n<strong>Pora stosowania:<\/strong> dowolnie<br \/>\n<strong>P\u0142e\u0107:<\/strong> damski<br \/>\n<strong>Rodzaj sk\u00f3ry:<\/strong> wra\u017cliwa<br \/>\n<strong>S\u0142o\u0144ce:<\/strong> nie<\/p>\n<p><strong>Uwagi:<\/strong><\/p>\n<p>Tylko do u\u017cytku zewn\u0119trznego. Unika\u0107 kontaktu z oczami. W przypadku dostania si\u0119 produktu do oczu, natychmiast przep\u0142uka\u0107 du\u017c\u0105 ilo\u015bci\u0105 wody. Nie stosowa\u0107 na uszkodzon\u0105 sk\u00f3r\u0119. Przechowywa\u0107 w miejscu niedost\u0119pnym dla dzieci. Przechowywa\u0107 w ch\u0142odnym, suchym miejscu, z dala od bezpo\u015bredniego \u015bwiat\u0142a s\u0142onecznego.<\/p>\n<p><strong>Sk\u0142adniki:<\/strong><\/p>\n<p>Aqua, Glycerin, Aloe Barbadensis Leaf Wter, Panthenol, Trehalose, 1,2- Hexanediol Hydroxyacetphenone, Ammonium Acryloyldimethyltaurate\/VP Copolymer, Jooba Wax Peg-120 Esters, Ophiopogon Japonicus Root Extract, Sophora Flaverscens Root Extract, Opuntia Ficus \u2013 Indica Stem Extract. Pentylene Glycol,Butylene Glycol, Portuaca Oleracea Extract, Peg \u2013 40 Hydrogenated Castor Oil, Sodium Hyaluronate, Hydroxyethylcellulose, Polysrobate 60, Disodium Phosphate, Sodium Phosphate, Parfum, Disodium Edta, Phenoxyethanol, Nymphaea Alba Flower Extract, Citrus Reticulsta (Tangerine) Peel Extract, Hydroxycitronellal.<\/p>\n","protected":false},"excerpt":{"rendered":"<p> <strong>Dzia\u0142anie:<\/strong> chroni, nawil\u017caj\u0105ce, redukuje zmarszczki, regeneruje, uelastycznia, uj\u0119drnia, wyg\u0142adza<br \/>  <strong>Gramatura:<\/strong> sztuka<br \/>  <strong>Konsystencja:<\/strong> p\u0142atki pod oczy<br \/>  <strong>Linie elitarne:<\/strong> nie<br \/>  <strong>Piel\u0119gnacja specyficzna:<\/strong> maska<br \/>  <strong>Pojemno\u015b\u0107:<\/strong> 60<br \/>  <strong>Pora stosowania:<\/strong> dowolnie<br \/>  <strong>P\u0142e\u0107:<\/strong> damski<br \/>  <strong>Rodzaj sk\u00f3ry:<\/strong> wra\u017cliwa<br \/>  <strong>S\u0142o\u0144ce:<\/strong> nie <\/p>\n","protected":false},"featured_media":40370,"comment_status":"open","ping_status":"closed","template":"","meta":{"_acf_changed":false},"kategoria-hurtowni":[221,90,109],"product_brand":[176],"product_cat":[76],"product_tag":[],"class_list":{"0":"post-40369","1":"product","2":"type-product","3":"status-publish","4":"has-post-thumbnail","6":"kategoria-hurtowni-oczy-pielegnacja-twarzy-pielegnacja","7":"kategoria-hurtowni-pielegnacja","8":"kategoria-hurtowni-pielegnacja-twarzy-pielegnacja","9":"product_brand-clavier","10":"product_cat-primavera","12":"first","13":"outofstock","14":"taxable","15":"shipping-taxable","16":"product-type-simple"},"acf":[],"_links":{"self":[{"href":"https:\/\/premino.pl\/index.php?rest_route=\/wp\/v2\/product\/40369","targetHints":{"allow":["GET"]}}],"collection":[{"href":"https:\/\/premino.pl\/index.php?rest_route=\/wp\/v2\/product"}],"about":[{"href":"https:\/\/premino.pl\/index.php?rest_route=\/wp\/v2\/types\/product"}],"replies":[{"embeddable":true,"href":"https:\/\/premino.pl\/index.php?rest_route=%2Fwp%2Fv2%2Fcomments&post=40369"}],"wp:featuredmedia":[{"embeddable":true,"href":"https:\/\/premino.pl\/index.php?rest_route=\/wp\/v2\/media\/40370"}],"wp:attachment":[{"href":"https:\/\/premino.pl\/index.php?rest_route=%2Fwp%2Fv2%2Fmedia&parent=40369"}],"wp:term":[{"taxonomy":"kategoria-hurtowni","embeddable":true,"href":"https:\/\/premino.pl\/index.php?rest_route=%2Fwp%2Fv2%2Fkategoria-hurtowni&post=40369"},{"taxonomy":"product_brand","embeddable":true,"href":"https:\/\/premino.pl\/index.php?rest_route=%2Fwp%2Fv2%2Fproduct_brand&post=40369"},{"taxonomy":"product_cat","embeddable":true,"href":"https:\/\/premino.pl\/index.php?rest_route=%2Fwp%2Fv2%2Fproduct_cat&post=40369"},{"taxonomy":"product_tag","embeddable":true,"href":"https:\/\/premino.pl\/index.php?rest_route=%2Fwp%2Fv2%2Fproduct_tag&post=40369"}],"curies":[{"name":"wp","href":"https:\/\/api.w.org\/{rel}","templated":true}]}}