{"id":40429,"date":"2026-04-17T16:33:24","date_gmt":"2026-04-17T14:33:24","guid":{"rendered":"https:\/\/premino.pl\/produkt\/beauty-lipgloss-blyszczyk-do-ust-15-raspberry-cream-4-5ml\/"},"modified":"2026-04-17T16:33:30","modified_gmt":"2026-04-17T14:33:30","slug":"beauty-lipgloss-blyszczyk-do-ust-15-raspberry-cream-4-5ml","status":"publish","type":"product","link":"https:\/\/premino.pl\/?product=beauty-lipgloss-blyszczyk-do-ust-15-raspberry-cream-4-5ml","title":{"rendered":"Beauty Lipgloss b\u0142yszczyk do ust 15 Raspberry Cream 4.5ml"},"content":{"rendered":"<p>Udoskonalona formu\u0142a b\u0142yszczyk\u00f3w ultra kremowa, komfortowa, mocno napigmentowana (w zale\u017cno\u015bci od koloru).<\/p>\n<p>\u2022 Kolorystyka kolekcji od mlecznych r\u00f3\u017cy, przez nude odcienie, a\u017c po czekoladowy br\u0105z.<br \/>\u2022 Dwa rodzaje wyko\u0144cze\u0144: kremowe i z drobink\u0105, kt\u00f3re mo\u017cna \u0142\u0105czy\u0107 ze sob\u0105, a tak\u017ce z kremowymi kontur\u00f3wkami czy soft matowymi pomadkami.<br \/>\u2022 Innowacyjna formulacja pi\u0119knie otula usta, jednocze\u015bnie zapewniaj\u0105c komfort noszenia bez efektu lepko\u015bci.<br \/>\u2022 Posiadaj\u0105 piel\u0119gnuj\u0105ce usta sk\u0142adniki aktywne: peptydy, olej jojoba oraz ceramidy.<\/p>\n<p><strong>Forma podania:<\/strong> aplikator<br \/>\n<strong>Gramatura:<\/strong> ml<br \/>\n<strong>Kolor:<\/strong> 15 Raspberry Cream<br \/>\n<strong>Pojemno\u015b\u0107:<\/strong> 4.5<br \/>\n<strong>P\u0142e\u0107:<\/strong> damski<br \/>\n<strong>S\u0142o\u0144ce:<\/strong> nie<\/p>\n<p><strong>Uwagi:<\/strong><\/p>\n<p>Tylko do u\u017cytku zewn\u0119trznego.<\/p>\n<p><strong>Sk\u0142adniki:<\/strong><\/p>\n<p>Polyisobutene, Octyldodecanol, Silica Dimethyl Silylate, Polyglyceryl-2 Triisostearate, Candelilla Cera, Hydrogenated Coco-Glycerides, Simmondsia Chinensis Seed Oil, Mangifera Indica Seed Butter, Ethylhexyl Palmitate, Tocopheryl Acetate, Caprylic\/Capric TPhenoxyethanol, Trihydroxystearin, Diethylhexyl Syringylidenemalonate, Parfum, Tribehenin, Ceramide NP, Palmitoyl Tripeptide-1, Tocopherol, Lecithin, Ascorbyl Palmitate, Sorbitan Isostearate, Ethylhexylglycerin, Glyceryl Stearate, Glyceryl Oleate,\u00a0Aluminum Hydroxide, Citric Acid, Cetearyl Alcohol, Benzaldehyde, Benzyl Alcohol, Vanillin, [+\/-: CI 77891, CI 15850, CI 77499, CI 77491, CI 19140, CI 45410].<\/p>\n","protected":false},"excerpt":{"rendered":"<p> <strong>Forma podania:<\/strong> aplikator<br \/>  <strong>Gramatura:<\/strong> ml<br \/>  <strong>Kolor:<\/strong> 15 Raspberry Cream<br \/>  <strong>Pojemno\u015b\u0107:<\/strong> 4.5<br \/>  <strong>P\u0142e\u0107:<\/strong> damski<br \/>  <strong>S\u0142o\u0144ce:<\/strong> nie <\/p>\n","protected":false},"featured_media":40430,"comment_status":"open","ping_status":"closed","template":"","meta":{"_acf_changed":false},"kategoria-hurtowni":[140,83,105],"product_brand":[138],"product_cat":[76],"product_tag":[],"class_list":{"0":"post-40429","1":"product","2":"type-product","3":"status-publish","4":"has-post-thumbnail","6":"kategoria-hurtowni-blyszczyki","7":"kategoria-hurtowni-makijaz","8":"kategoria-hurtowni-makijaz-usta","9":"product_brand-paese","10":"product_cat-primavera","12":"first","13":"outofstock","14":"taxable","15":"shipping-taxable","16":"product-type-simple"},"acf":[],"_links":{"self":[{"href":"https:\/\/premino.pl\/index.php?rest_route=\/wp\/v2\/product\/40429","targetHints":{"allow":["GET"]}}],"collection":[{"href":"https:\/\/premino.pl\/index.php?rest_route=\/wp\/v2\/product"}],"about":[{"href":"https:\/\/premino.pl\/index.php?rest_route=\/wp\/v2\/types\/product"}],"replies":[{"embeddable":true,"href":"https:\/\/premino.pl\/index.php?rest_route=%2Fwp%2Fv2%2Fcomments&post=40429"}],"wp:featuredmedia":[{"embeddable":true,"href":"https:\/\/premino.pl\/index.php?rest_route=\/wp\/v2\/media\/40430"}],"wp:attachment":[{"href":"https:\/\/premino.pl\/index.php?rest_route=%2Fwp%2Fv2%2Fmedia&parent=40429"}],"wp:term":[{"taxonomy":"kategoria-hurtowni","embeddable":true,"href":"https:\/\/premino.pl\/index.php?rest_route=%2Fwp%2Fv2%2Fkategoria-hurtowni&post=40429"},{"taxonomy":"product_brand","embeddable":true,"href":"https:\/\/premino.pl\/index.php?rest_route=%2Fwp%2Fv2%2Fproduct_brand&post=40429"},{"taxonomy":"product_cat","embeddable":true,"href":"https:\/\/premino.pl\/index.php?rest_route=%2Fwp%2Fv2%2Fproduct_cat&post=40429"},{"taxonomy":"product_tag","embeddable":true,"href":"https:\/\/premino.pl\/index.php?rest_route=%2Fwp%2Fv2%2Fproduct_tag&post=40429"}],"curies":[{"name":"wp","href":"https:\/\/api.w.org\/{rel}","templated":true}]}}