{"id":40439,"date":"2026-04-17T16:33:24","date_gmt":"2026-04-17T14:33:24","guid":{"rendered":"https:\/\/premino.pl\/produkt\/sunset-blossom-woda-toaletowa-spray-50ml\/"},"modified":"2026-04-17T16:33:35","modified_gmt":"2026-04-17T14:33:35","slug":"sunset-blossom-woda-toaletowa-spray-50ml","status":"publish","type":"product","link":"https:\/\/premino.pl\/?product=sunset-blossom-woda-toaletowa-spray-50ml","title":{"rendered":"Sunset Blossom woda toaletowa spray 50ml"},"content":{"rendered":"<p>Woda toaletowa Sunset Blossom to kwiatowa podr\u00f3\u017c wprost w serce zachodz\u0105cego s\u0142o\u0144ca. Delikatna, kobieca kompozycja celebruje z\u0142ot\u0105 godzin\u0119, otulaj\u0105c zmys\u0142y subtelnym urokiem i rado\u015bci\u0105 chwili. Idealna dla kobiet, kt\u00f3re kochaj\u0105 cieszy\u0107 si\u0119 ka\u017cd\u0105 magiczn\u0105 sekund\u0105 dnia.<\/p>\n<p><b>Nuty zapachowe:<br \/><\/b><br \/><b>Nuta g\u0142owy: <\/b>olejek pomara\u0144czowy, malina, kokos<br \/><b>Nuta serca: <\/b>ja\u015bmin, plumeria, tuberoza<br \/><b>Nuta bazy: <\/b>wanilia, drzewo sanda\u0142owe, drzewo cedrowe<\/p>\n<p><strong>Gramatura:<\/strong> ml<br \/>\n<strong>Linia k\u0105pielowa:<\/strong> nie<br \/>\n<strong>Miniatura:<\/strong> nie<br \/>\n<strong>Nuta bazy:<\/strong> drzewo cedrowe, drzewo sanda\u0142owe, wanilia<br \/>\n<strong>Nuta g\u0142owy:<\/strong> kokos, malina, olejek pomara\u0144czowy<br \/>\n<strong>Nuta g\u0142\u00f3wna:<\/strong> owocowe<br \/>\n<strong>Nuta serca:<\/strong> ja\u015bmin, plumeria, tuberoza<br \/>\n<strong>Pojemno\u015b\u0107:<\/strong> 50<br \/>\n<strong>Produkt rzadki:<\/strong> nie<br \/>\n<strong>Pr\u00f3bka:<\/strong> nie<br \/>\n<strong>P\u0142e\u0107:<\/strong> damski<br \/>\n<strong>Rodzaj:<\/strong> woda toaletowa<br \/>\n<strong>Tester:<\/strong> nie<br \/>\n<strong>Zapach alternatywny:<\/strong> nie<br \/>\n<strong>Zestaw:<\/strong> nie<\/p>\n<p><strong>Uwagi:<\/strong><\/p>\n<p>Produkt \u0142atwopalny.\u00a0Przechowywa\u0107 w ch\u0142odnym i suchym miejscu.<\/p>\n<p><strong>Sk\u0142adniki:<\/strong><\/p>\n<p>ALCOHOL DENAT., AQUA\/WATER\/EAU, PARFUM\/FRAGRANCE, TETRAMETHYL ACETYLOCTAHYDRONAPHTHALENES, LINALOOL, LINALYL ACETATE, BUTYL METHOXYDIBENZOYLMETHANE, JUNIPERUS VIRGINIANA OIL, HEXYL CINNAMAL, CITRUS AURANTIUM PEEL OIL, LIMONENE, HYDROXYCITRONELLAL, VANILLIN, GERANYL ACETATE, GERANIOL, CITRONELLOL, EUGENOL, ROSE KETONES, ALPHA-ISOMETHYL IONONE, PINENE, BETA-CARYOPHYLLENE, FARNESOL, YELLOW 5 (CI 19140), RED 33 (CI 17200), BLUE 1 (CI 42090)<\/p>\n","protected":false},"excerpt":{"rendered":"<p> <strong>Gramatura:<\/strong> ml<br \/>  <strong>Linia k\u0105pielowa:<\/strong> nie<br \/>  <strong>Miniatura:<\/strong> nie<br \/>  <strong>Nuta bazy:<\/strong> drzewo cedrowe, drzewo sanda\u0142owe, wanilia<br \/>  <strong>Nuta g\u0142owy:<\/strong> kokos, malina, olejek pomara\u0144czowy<br \/>  <strong>Nuta g\u0142\u00f3wna:<\/strong> owocowe<br \/>  <strong>Nuta serca:<\/strong> ja\u015bmin, plumeria, tuberoza<br \/>  <strong>Pojemno\u015b\u0107:<\/strong> 50<br \/>  <strong>Produkt rzadki:<\/strong> nie<br \/>  <strong>Pr\u00f3bka:<\/strong> nie<br \/>  <strong>P\u0142e\u0107:<\/strong> damski<br \/>  <strong>Rodzaj:<\/strong> woda toaletowa<br \/>  <strong>Tester:<\/strong> nie<br \/>  <strong>Zapach alternatywny:<\/strong> nie<br \/>  <strong>Zestaw:<\/strong> nie <\/p>\n","protected":false},"featured_media":40440,"comment_status":"open","ping_status":"closed","template":"","meta":{"_acf_changed":false},"kategoria-hurtowni":[87,88],"product_brand":[339],"product_cat":[76],"product_tag":[],"class_list":{"0":"post-40439","1":"product","2":"type-product","3":"status-publish","4":"has-post-thumbnail","6":"kategoria-hurtowni-perfumy","7":"kategoria-hurtowni-zapachy","8":"product_brand-bruno-banani","9":"product_cat-primavera","11":"first","12":"outofstock","13":"taxable","14":"shipping-taxable","15":"product-type-simple"},"acf":[],"_links":{"self":[{"href":"https:\/\/premino.pl\/index.php?rest_route=\/wp\/v2\/product\/40439","targetHints":{"allow":["GET"]}}],"collection":[{"href":"https:\/\/premino.pl\/index.php?rest_route=\/wp\/v2\/product"}],"about":[{"href":"https:\/\/premino.pl\/index.php?rest_route=\/wp\/v2\/types\/product"}],"replies":[{"embeddable":true,"href":"https:\/\/premino.pl\/index.php?rest_route=%2Fwp%2Fv2%2Fcomments&post=40439"}],"wp:featuredmedia":[{"embeddable":true,"href":"https:\/\/premino.pl\/index.php?rest_route=\/wp\/v2\/media\/40440"}],"wp:attachment":[{"href":"https:\/\/premino.pl\/index.php?rest_route=%2Fwp%2Fv2%2Fmedia&parent=40439"}],"wp:term":[{"taxonomy":"kategoria-hurtowni","embeddable":true,"href":"https:\/\/premino.pl\/index.php?rest_route=%2Fwp%2Fv2%2Fkategoria-hurtowni&post=40439"},{"taxonomy":"product_brand","embeddable":true,"href":"https:\/\/premino.pl\/index.php?rest_route=%2Fwp%2Fv2%2Fproduct_brand&post=40439"},{"taxonomy":"product_cat","embeddable":true,"href":"https:\/\/premino.pl\/index.php?rest_route=%2Fwp%2Fv2%2Fproduct_cat&post=40439"},{"taxonomy":"product_tag","embeddable":true,"href":"https:\/\/premino.pl\/index.php?rest_route=%2Fwp%2Fv2%2Fproduct_tag&post=40439"}],"curies":[{"name":"wp","href":"https:\/\/api.w.org\/{rel}","templated":true}]}}