{"id":40465,"date":"2026-04-17T16:33:51","date_gmt":"2026-04-17T14:33:51","guid":{"rendered":"https:\/\/premino.pl\/produkt\/sunflowers-golden-vibe-woda-toaletowa-spray-100ml\/"},"modified":"2026-04-17T16:33:57","modified_gmt":"2026-04-17T14:33:57","slug":"sunflowers-golden-vibe-woda-toaletowa-spray-100ml","status":"publish","type":"product","link":"https:\/\/premino.pl\/?product=sunflowers-golden-vibe-woda-toaletowa-spray-100ml","title":{"rendered":"Sunflowers Golden Vibe woda toaletowa spray 100ml"},"content":{"rendered":"<p>Sunflowers Golden Vibe to ho\u0142d dla rado\u015bci \u017cycia i kobiecej energii \u2014 doskona\u0142y dla tych, kt\u00f3rzy chc\u0105 zatrzyma\u0107 letni\u0105 aur\u0119 na d\u0142u\u017cej, niezale\u017cnie od pory roku.<\/p>\n<p><b>Nuty zapachowe:<br \/><\/b><br \/><b>Nuta g\u0142owy: <\/b>kwiat pomara\u0144czy, bergamotka, petitgrain<br \/><b>Nuta serca: <\/b>gardenia tahita\u0144ska, kokos<br \/><b>Nuta bazy: <\/b>wanilia, pi\u017cmo, cedr<\/p>\n<p><strong>Gramatura:<\/strong> ml<br \/>\n<strong>Linia k\u0105pielowa:<\/strong> nie<br \/>\n<strong>Miniatura:<\/strong> nie<br \/>\n<strong>Nuta bazy:<\/strong> cedr, pi\u017cmo, wanilia<br \/>\n<strong>Nuta g\u0142owy:<\/strong> bergamotka, kwiat pomara\u0144czy, petitgrain<br \/>\n<strong>Nuta g\u0142\u00f3wna:<\/strong> drzewne, kwiatowe, pi\u017cmowe<br \/>\n<strong>Nuta serca:<\/strong> gardenia tahita\u0144ska, kokos<br \/>\n<strong>Pojemno\u015b\u0107:<\/strong> 100<br \/>\n<strong>Produkt rzadki:<\/strong> nie<br \/>\n<strong>Pr\u00f3bka:<\/strong> nie<br \/>\n<strong>P\u0142e\u0107:<\/strong> damski<br \/>\n<strong>Rodzaj:<\/strong> woda toaletowa<br \/>\n<strong>Tester:<\/strong> nie<br \/>\n<strong>Zapach alternatywny:<\/strong> nie<br \/>\n<strong>Zestaw:<\/strong> nie<\/p>\n<p><strong>Uwagi:<\/strong><\/p>\n<p>Produkt przechowywa\u0107 z dala od ognia i \u017ar\u00f3de\u0142 ciep\u0142a. Trzyma\u0107 w miejscu niedost\u0119pnym dla dzieci. Nie stosowa\u0107 na podra\u017cnion\u0105 lub uszkodzon\u0105 sk\u00f3r\u0119. Unika\u0107 kontaktu z oczami.<\/p>\n<p><strong>Sk\u0142adniki:<\/strong><\/p>\n<p>Alcohol Denat. Aqua\/Water\/Eau, Parfum (Fragrance), Alcohol, Helianthus Annuus (Sunflower) Seed Oil, PEG-40 Hydrogenated Castor Oil, Propylene Glycol, Tris(Tetramethylhydroxypiperidinol) Citrate, Butyl Methoxydibenzoylmethane, Ethylhexyl Methoxycinnamate,, Ethylhexyl Salicylate, Red 4 (CI 14700), Yellow 5 (CI 19140), Benzyl Salicylate, Citral, Citronellol, Citrus Aurantium Flower Oil, Citrus Aurantium Peel Oil, Citrus Limon Peel Oil, Geraniol, Geranyl Acetate, Hydroxycitronellal, Limonene, Linalool, Lina,lyl Acetate, Pinene, Terpineol, Tetramethyl Acetyloctahydronaphthalenes, Trimethylbenzenepropanol, Vanillin.<\/p>\n","protected":false},"excerpt":{"rendered":"<p> <strong>Gramatura:<\/strong> ml<br \/>  <strong>Linia k\u0105pielowa:<\/strong> nie<br \/>  <strong>Miniatura:<\/strong> nie<br \/>  <strong>Nuta bazy:<\/strong> cedr, pi\u017cmo, wanilia<br \/>  <strong>Nuta g\u0142owy:<\/strong> bergamotka, kwiat pomara\u0144czy, petitgrain<br \/>  <strong>Nuta g\u0142\u00f3wna:<\/strong> drzewne, kwiatowe, pi\u017cmowe<br \/>  <strong>Nuta serca:<\/strong> gardenia tahita\u0144ska, kokos<br \/>  <strong>Pojemno\u015b\u0107:<\/strong> 100<br \/>  <strong>Produkt rzadki:<\/strong> nie<br \/>  <strong>Pr\u00f3bka:<\/strong> nie<br \/>  <strong>P\u0142e\u0107:<\/strong> damski<br \/>  <strong>Rodzaj:<\/strong> woda toaletowa<br \/>  <strong>Tester:<\/strong> nie<br \/>  <strong>Zapach alternatywny:<\/strong> nie<br \/>  <strong>Zestaw:<\/strong> nie <\/p>\n","protected":false},"featured_media":40466,"comment_status":"open","ping_status":"closed","template":"","meta":{"_acf_changed":false},"kategoria-hurtowni":[87,88],"product_brand":[256],"product_cat":[76],"product_tag":[],"class_list":{"0":"post-40465","1":"product","2":"type-product","3":"status-publish","4":"has-post-thumbnail","6":"kategoria-hurtowni-perfumy","7":"kategoria-hurtowni-zapachy","8":"product_brand-elizabeth-arden","9":"product_cat-primavera","11":"first","12":"outofstock","13":"taxable","14":"shipping-taxable","15":"product-type-simple"},"acf":[],"_links":{"self":[{"href":"https:\/\/premino.pl\/index.php?rest_route=\/wp\/v2\/product\/40465","targetHints":{"allow":["GET"]}}],"collection":[{"href":"https:\/\/premino.pl\/index.php?rest_route=\/wp\/v2\/product"}],"about":[{"href":"https:\/\/premino.pl\/index.php?rest_route=\/wp\/v2\/types\/product"}],"replies":[{"embeddable":true,"href":"https:\/\/premino.pl\/index.php?rest_route=%2Fwp%2Fv2%2Fcomments&post=40465"}],"wp:featuredmedia":[{"embeddable":true,"href":"https:\/\/premino.pl\/index.php?rest_route=\/wp\/v2\/media\/40466"}],"wp:attachment":[{"href":"https:\/\/premino.pl\/index.php?rest_route=%2Fwp%2Fv2%2Fmedia&parent=40465"}],"wp:term":[{"taxonomy":"kategoria-hurtowni","embeddable":true,"href":"https:\/\/premino.pl\/index.php?rest_route=%2Fwp%2Fv2%2Fkategoria-hurtowni&post=40465"},{"taxonomy":"product_brand","embeddable":true,"href":"https:\/\/premino.pl\/index.php?rest_route=%2Fwp%2Fv2%2Fproduct_brand&post=40465"},{"taxonomy":"product_cat","embeddable":true,"href":"https:\/\/premino.pl\/index.php?rest_route=%2Fwp%2Fv2%2Fproduct_cat&post=40465"},{"taxonomy":"product_tag","embeddable":true,"href":"https:\/\/premino.pl\/index.php?rest_route=%2Fwp%2Fv2%2Fproduct_tag&post=40465"}],"curies":[{"name":"wp","href":"https:\/\/api.w.org\/{rel}","templated":true}]}}