{"id":40519,"date":"2026-04-17T16:34:23","date_gmt":"2026-04-17T14:34:23","guid":{"rendered":"https:\/\/premino.pl\/produkt\/hydrokoloidowe-plasterki-mikroiglowe-na-niedoskonalosci-i-przebarwienia-18szt\/"},"modified":"2026-04-17T16:34:38","modified_gmt":"2026-04-17T14:34:38","slug":"hydrokoloidowe-plasterki-mikroiglowe-na-niedoskonalosci-i-przebarwienia-18szt","status":"publish","type":"product","link":"https:\/\/premino.pl\/?product=hydrokoloidowe-plasterki-mikroiglowe-na-niedoskonalosci-i-przebarwienia-18szt","title":{"rendered":"Hydrokoloidowe plasterki mikroig\u0142owe na niedoskona\u0142o\u015bci i przebarwienia 18szt."},"content":{"rendered":"<p><b>Si\u0142a ponad 240 biozgodnych mikroigie\u0142 w walce z niedoskona\u0142o\u015bciami.<br \/><\/b>Innowacyjne plasterki punktowe zosta\u0142y stworzone z my\u015bl\u0105 o precyzyjnym dzia\u0142aniu na krostki, grudki czy przebarwienia (zar\u00f3wno czerwone jak i br\u0105zowe). Unikalna technologia biozgodnych mikroigie\u0142ek hialuronowych umo\u017cliwia sk\u0142adnikom aktywnym przenikanie do g\u0142\u0119bszych warstw nask\u00f3rka, bezpo\u015brednio do problematycznych obszar\u00f3w. Dzi\u0119ki temu precyzyjniej i skuteczniej wp\u0142ywaj\u0105 na redukcj\u0119 niedoskona\u0142o\u015bci oraz popraw\u0119 wygl\u0105du sk\u00f3ry. Dyskretna forma i praktyczna aplikacja umo\u017cliwia stosowanie w ci\u0105gu dnia, r\u00f3wnie\u017c pod makija\u017c.\u00a0<\/p>\n<p><b>Sk\u0142adniki aktywne:<br \/><\/b>\u2022 kwas salicylowy \u2013 oczyszcza pory i redukuje wydzielanie sebum, zmniejszaj\u0105c widoczno\u015b\u0107 zask\u00f3rnik\u00f3w. Delikatnie z\u0142uszczaj\u0105c nask\u00f3rek, redukuje widoczno\u015b\u0107 przebarwie\u0144 pos\u0142onecznych i potr\u0105dzikowych,<br \/>\u2022 niacynamid \u2013 widocznie rozja\u015bnia i wyr\u00f3wnuje koloryt sk\u00f3ry, a jednocze\u015bnie wspomaga redukcj\u0119 niedoskona\u0142o\u015bci i ogranicza powstawanie nowych,<br \/>\u2022 CICA \u2013 ekstrakt z w\u0105kroty azjatyckiej, \u0142agodzi podra\u017cnienia i przyspiesza regeneracj\u0119 sk\u00f3ry,<br \/>\u2022 kwas hialuronowy \u2013 przyspiesza regeneracj\u0119 sk\u00f3ry i utrzymuje wysoki poziom nawil\u017cenia pod plastrem, dzi\u0119ki czemu nie powoduje on nieestetycznego z\u0142uszczania si\u0119 nask\u00f3rka.<\/p>\n<p><b>Spos\u00f3b u\u017cycia:<br \/><\/b>Oczy\u015b\u0107 i osusz sk\u00f3r\u0119. Przyklej plaster i doci\u015bnij go przez 3 sekundy, aby dobrze przylega\u0142. Pozostaw na sk\u00f3rze na 4-8 godzin (najlepiej na noc) dla optymalnego dzia\u0142ania sk\u0142adnik\u00f3w aktywnych.<\/p>\n<p><strong>Dzia\u0142anie:<\/strong> redukuje wypryski, wyg\u0142adza, wyr\u00f3wnuje koloryt sk\u00f3ry<br \/>\n<strong>Gramatura:<\/strong> sztuka<br \/>\n<strong>Konsystencja:<\/strong> plastry<br \/>\n<strong>Linie elitarne:<\/strong> nie<br \/>\n<strong>Piel\u0119gnacja specyficzna:<\/strong> maska<br \/>\n<strong>Pojemno\u015b\u0107:<\/strong> 18<br \/>\n<strong>Pora stosowania:<\/strong> dowolnie<br \/>\n<strong>P\u0142e\u0107:<\/strong> damski<br \/>\n<strong>Rodzaj sk\u00f3ry:<\/strong> dojrza\u0142a, m\u0142oda<br \/>\n<strong>S\u0142o\u0144ce:<\/strong> nie<br \/>\n<strong>Typ sk\u00f3ry:<\/strong> mieszana\/t\u0142usta, normalna, sucha<\/p>\n<p><strong>Uwagi:<\/strong><\/p>\n<p>Przechowuj plastry w szczelnie zamkni\u0119tym opakowaniu, z dala od \u015bwiat\u0142a i wilgoci.<\/p>\n<p><strong>Sk\u0142adniki:<\/strong><\/p>\n<p>Plastry hydrokoloidowe: Cellulose Gum, Hydrogenated Poly(C6-14 Olefin), Styrene\/Isoprene Copolymer, Hydrogenated Polyisobutene, Polyisobutene, Pentaerythrityl Tetra-Di-T-Butyl Hydroxyhydrocinnamate. Mikroig\u0142y: Sodium Hyaluronate, Glycerin, Niacinamide, Centella Asiatica Extract, Aqua, Salicylic Acid.<\/p>\n","protected":false},"excerpt":{"rendered":"<p> <strong>Dzia\u0142anie:<\/strong> redukuje wypryski, wyg\u0142adza, wyr\u00f3wnuje koloryt sk\u00f3ry<br \/>  <strong>Gramatura:<\/strong> sztuka<br \/>  <strong>Konsystencja:<\/strong> plastry<br \/>  <strong>Linie elitarne:<\/strong> nie<br \/>  <strong>Piel\u0119gnacja specyficzna:<\/strong> maska<br \/>  <strong>Pojemno\u015b\u0107:<\/strong> 18<br \/>  <strong>Pora stosowania:<\/strong> dowolnie<br \/>  <strong>P\u0142e\u0107:<\/strong> damski<br \/>  <strong>Rodzaj sk\u00f3ry:<\/strong> dojrza\u0142a, m\u0142oda<br \/>  <strong>S\u0142o\u0144ce:<\/strong> nie<br \/>  <strong>Typ sk\u00f3ry:<\/strong> mieszana\/t\u0142usta, normalna, sucha <\/p>\n","protected":false},"featured_media":40520,"comment_status":"open","ping_status":"closed","template":"","meta":{"_acf_changed":false},"kategoria-hurtowni":[211,214,215],"product_brand":[351],"product_cat":[76],"product_tag":[],"class_list":{"0":"post-40519","1":"product","2":"type-product","3":"status-publish","4":"has-post-thumbnail","6":"kategoria-hurtowni-dermokosmetyki","7":"kategoria-hurtowni-pielegnacja-twarzy-dermokosmetyki","8":"kategoria-hurtowni-twarz-pielegnacja-twarzy-dermokosmetyki","9":"product_brand-lbiotica","10":"product_cat-primavera","12":"first","13":"outofstock","14":"taxable","15":"shipping-taxable","16":"product-type-simple"},"acf":[],"_links":{"self":[{"href":"https:\/\/premino.pl\/index.php?rest_route=\/wp\/v2\/product\/40519","targetHints":{"allow":["GET"]}}],"collection":[{"href":"https:\/\/premino.pl\/index.php?rest_route=\/wp\/v2\/product"}],"about":[{"href":"https:\/\/premino.pl\/index.php?rest_route=\/wp\/v2\/types\/product"}],"replies":[{"embeddable":true,"href":"https:\/\/premino.pl\/index.php?rest_route=%2Fwp%2Fv2%2Fcomments&post=40519"}],"wp:featuredmedia":[{"embeddable":true,"href":"https:\/\/premino.pl\/index.php?rest_route=\/wp\/v2\/media\/40520"}],"wp:attachment":[{"href":"https:\/\/premino.pl\/index.php?rest_route=%2Fwp%2Fv2%2Fmedia&parent=40519"}],"wp:term":[{"taxonomy":"kategoria-hurtowni","embeddable":true,"href":"https:\/\/premino.pl\/index.php?rest_route=%2Fwp%2Fv2%2Fkategoria-hurtowni&post=40519"},{"taxonomy":"product_brand","embeddable":true,"href":"https:\/\/premino.pl\/index.php?rest_route=%2Fwp%2Fv2%2Fproduct_brand&post=40519"},{"taxonomy":"product_cat","embeddable":true,"href":"https:\/\/premino.pl\/index.php?rest_route=%2Fwp%2Fv2%2Fproduct_cat&post=40519"},{"taxonomy":"product_tag","embeddable":true,"href":"https:\/\/premino.pl\/index.php?rest_route=%2Fwp%2Fv2%2Fproduct_tag&post=40519"}],"curies":[{"name":"wp","href":"https:\/\/api.w.org\/{rel}","templated":true}]}}