{"id":40521,"date":"2026-04-17T16:34:23","date_gmt":"2026-04-17T14:34:23","guid":{"rendered":"https:\/\/premino.pl\/produkt\/maska-kolagenowa-z-pdrn-w-mikrokapsulkach-napiecie-i-ujedrnienie-1szt\/"},"modified":"2026-04-17T16:34:40","modified_gmt":"2026-04-17T14:34:40","slug":"maska-kolagenowa-z-pdrn-w-mikrokapsulkach-napiecie-i-ujedrnienie-1szt","status":"publish","type":"product","link":"https:\/\/premino.pl\/?product=maska-kolagenowa-z-pdrn-w-mikrokapsulkach-napiecie-i-ujedrnienie-1szt","title":{"rendered":"Maska kolagenowa z PDRN w mikrokapsu\u0142kach Napi\u0119cie i Uj\u0119drnienie 1szt."},"content":{"rendered":"<p>Kolagenowa maska z technologi\u0105 aktywnych mikrokapsu\u0142ek z PDRN, kt\u00f3re podczas kontaktu ze sk\u00f3r\u0105 uwalniaj\u0105 sk\u0142adniki aktywne, by skutecznie stymulowa\u0107 j\u0105 do intensywnej odnowy, poprawiaj\u0105c elastyczno\u015b\u0107 i spr\u0119\u017cysto\u015b\u0107. Inteligentny hydro\u017cel transformuje w trakcie noszenia, zmieniaj\u0105c kolor \u2013 maska staje si\u0119 transparentna.<br \/>MicroCapsBoost \u2013 Mikrokapsu\u0142ki nowej generacji \u2013 chroni\u0105 zamkni\u0119te w nich substancje a\u017c do momentu aplikacji na sk\u00f3r\u0119, co gwarantuje ich trwa\u0142o\u015b\u0107 i najwy\u017csz\u0105 skuteczno\u015b\u0107 dzia\u0142ania.<\/p>\n<p><b>Sk\u0142adniki aktywne:<\/b><br \/>\u2022 PDRN \u2013 fragmenty DNA, kt\u00f3re na poziomie kom\u00f3rkowym wspieraj\u0105 regeneracj\u0119 i procesy naprawcze sk\u00f3ry,<br \/>\u2022 NAD+ \u2013 koenzym pe\u0142ni\u0105cy kluczowa role w procesach energetycznych kom\u00f3rek, rewitalizuje i chroni przed przedwczesnym starzeniem,<br \/>\u2022 witamina B12 \u2013 poprawia koloryt sk\u00f3ry, wspiera jej od\u017cywienie i dzia\u0142a koj\u0105co,<br \/>\u2022 kwas hialuronowy \u2013 intensywnie nawil\u017ca, wyg\u0142adza i pomaga utrzyma\u0107 j\u0119drno\u015b\u0107 sk\u00f3ry,<br \/>\u2022 kolagen \u2013 wyg\u0142adza i tworzy barier\u0119 ochronna na powierzchni nask\u00f3rka, nadaj\u0105c efekt soczy\u015bcie wype\u0142nionej, j\u0119drnej i nawil\u017conej sk\u00f3ry.<\/p>\n<p><b>Stosowanie:<\/b><br \/>1. Ostro\u017cnie wyjmij mask\u0119 z opakowania.<br \/>2. Usu\u0144 ochronne pow\u0142oki i na\u0142\u00f3\u017c odpowiednie cz\u0119\u015bci maski na twarz.<br \/>3. Pozostaw mask\u0119 na sk\u00f3rze na ca\u0142\u0105 noc lub na 1\u20132 godziny. W tym czasie maska stanie si\u0119 przezroczysta.<br \/>4. Wyci\u0119te fragmenty maski na oczy i usta mo\u017cesz dodatkowo na\u0142o\u017cy\u0107 na okolice oczu, nosa oraz bruzdy nosowo-wargowe i zmarszczki.<\/p>\n<p><strong>Dzia\u0142anie:<\/strong> nawil\u017caj\u0105ce, uelastycznia, uj\u0119drnia, wyg\u0142adza, wyr\u00f3wnuje koloryt sk\u00f3ry<br \/>\n<strong>Gramatura:<\/strong> sztuka<br \/>\n<strong>Konsystencja:<\/strong> maska<br \/>\n<strong>Linie elitarne:<\/strong> nie<br \/>\n<strong>Piel\u0119gnacja specyficzna:<\/strong> maska<br \/>\n<strong>Pojemno\u015b\u0107:<\/strong> 1<br \/>\n<strong>Pora stosowania:<\/strong> dowolnie, raz na jaki\u015b czas<br \/>\n<strong>P\u0142e\u0107:<\/strong> damski<br \/>\n<strong>Rodzaj sk\u00f3ry:<\/strong> wra\u017cliwa<br \/>\n<strong>S\u0142o\u0144ce:<\/strong> nie<br \/>\n<strong>Typ sk\u00f3ry:<\/strong> mieszana\/t\u0142usta, normalna, sucha<\/p>\n<p><strong>Uwagi:<\/strong><\/p>\n<p>Produkt przeznaczony do u\u017cytku zewn\u0119trznego. Nie stosowa\u0107 maski w razie nadwra\u017cliwo\u015bci na kt\u00f3rykolwiek ze sk\u0142adnik\u00f3w. Produkt jednorazowego u\u017cycia.<\/p>\n<p><strong>Sk\u0142adniki:<\/strong><\/p>\n<p>Aqua, Glycerin, Methylpropanediol, Cetyl Ethylhexanoate, 1.2-Hexanediol, Chondrus Crispus, Ceratonia Siliqua Gum, Sodium DNA, Butyrospermum Parkii Butter, Sodium Hyaluronate, Nicotinamide Adenine Dinucleotide, Cyanocobalamin, Hydrolyzed Collagen, Lithospermum Erythrorhizon Root Extract, Panthenol, Ethylhexyl Olivate, Caprylic\/Capric Triglyceride, Glyceryl Stearate, Saccharide Isomerate, Polyglyceryl-4 Oleate, Sodium Phytate, Gellan Gum, Butylene Glycol, Xanthan Gum, Algin, Sclerotium Gum, Potassium Chloride, Sucrose, Sodium Acrylates Copolymer, Agar, Tocopherol, Tranexamic Acid, Ethylhexylglycerin, Parfum<\/p>\n","protected":false},"excerpt":{"rendered":"<p> <strong>Dzia\u0142anie:<\/strong> nawil\u017caj\u0105ce, uelastycznia, uj\u0119drnia, wyg\u0142adza, wyr\u00f3wnuje koloryt sk\u00f3ry<br \/>  <strong>Gramatura:<\/strong> sztuka<br \/>  <strong>Konsystencja:<\/strong> maska<br \/>  <strong>Linie elitarne:<\/strong> nie<br \/>  <strong>Piel\u0119gnacja specyficzna:<\/strong> maska<br \/>  <strong>Pojemno\u015b\u0107:<\/strong> 1<br \/>  <strong>Pora stosowania:<\/strong> dowolnie, raz na jaki\u015b czas<br \/>  <strong>P\u0142e\u0107:<\/strong> damski<br \/>  <strong>Rodzaj sk\u00f3ry:<\/strong> wra\u017cliwa<br \/>  <strong>S\u0142o\u0144ce:<\/strong> nie<br \/>  <strong>Typ sk\u00f3ry:<\/strong> mieszana\/t\u0142usta, normalna, sucha <\/p>\n","protected":false},"featured_media":40522,"comment_status":"open","ping_status":"closed","template":"","meta":{"_acf_changed":false},"kategoria-hurtowni":[211,214,215],"product_brand":[351],"product_cat":[76],"product_tag":[],"class_list":{"0":"post-40521","1":"product","2":"type-product","3":"status-publish","4":"has-post-thumbnail","6":"kategoria-hurtowni-dermokosmetyki","7":"kategoria-hurtowni-pielegnacja-twarzy-dermokosmetyki","8":"kategoria-hurtowni-twarz-pielegnacja-twarzy-dermokosmetyki","9":"product_brand-lbiotica","10":"product_cat-primavera","12":"first","13":"outofstock","14":"taxable","15":"shipping-taxable","16":"product-type-simple"},"acf":[],"_links":{"self":[{"href":"https:\/\/premino.pl\/index.php?rest_route=\/wp\/v2\/product\/40521","targetHints":{"allow":["GET"]}}],"collection":[{"href":"https:\/\/premino.pl\/index.php?rest_route=\/wp\/v2\/product"}],"about":[{"href":"https:\/\/premino.pl\/index.php?rest_route=\/wp\/v2\/types\/product"}],"replies":[{"embeddable":true,"href":"https:\/\/premino.pl\/index.php?rest_route=%2Fwp%2Fv2%2Fcomments&post=40521"}],"wp:featuredmedia":[{"embeddable":true,"href":"https:\/\/premino.pl\/index.php?rest_route=\/wp\/v2\/media\/40522"}],"wp:attachment":[{"href":"https:\/\/premino.pl\/index.php?rest_route=%2Fwp%2Fv2%2Fmedia&parent=40521"}],"wp:term":[{"taxonomy":"kategoria-hurtowni","embeddable":true,"href":"https:\/\/premino.pl\/index.php?rest_route=%2Fwp%2Fv2%2Fkategoria-hurtowni&post=40521"},{"taxonomy":"product_brand","embeddable":true,"href":"https:\/\/premino.pl\/index.php?rest_route=%2Fwp%2Fv2%2Fproduct_brand&post=40521"},{"taxonomy":"product_cat","embeddable":true,"href":"https:\/\/premino.pl\/index.php?rest_route=%2Fwp%2Fv2%2Fproduct_cat&post=40521"},{"taxonomy":"product_tag","embeddable":true,"href":"https:\/\/premino.pl\/index.php?rest_route=%2Fwp%2Fv2%2Fproduct_tag&post=40521"}],"curies":[{"name":"wp","href":"https:\/\/api.w.org\/{rel}","templated":true}]}}