{"id":41195,"date":"2026-04-17T16:43:39","date_gmt":"2026-04-17T14:43:39","guid":{"rendered":"https:\/\/premino.pl\/produkt\/valentina-woda-perfumowana-spray-50ml\/"},"modified":"2026-04-17T16:43:54","modified_gmt":"2026-04-17T14:43:54","slug":"valentina-woda-perfumowana-spray-50ml","status":"publish","type":"product","link":"https:\/\/premino.pl\/?product=valentina-woda-perfumowana-spray-50ml","title":{"rendered":"Valentina woda perfumowana spray 50ml"},"content":{"rendered":"<p>Dw\u00f3ch mistrz\u00f3w perfumerii, Olivier Cresp i Alberto Morillas stworzyli zapach, kt\u00f3ry jest ho\u0142dem dla wsp\u00f3\u0142czesnej kobiety Valentino. Z dynamizmem, wyrafinowaniem i niespodziewanymi cechami bukiet perfum Valentina harmonizuje zuchwa\u0142e W\u0142ochy, kwiaty i orient. Intensywne nuty zapachu idealnie \u0142\u0105cz\u0105 si\u0119 z delikatn\u0105, kryszta\u0142ow\u0105 buteleczk\u0105.<\/p>\n<p><b>Nuty zapachowe:<br \/><\/b><br \/><b>Nuta g\u0142owy: <\/b>trufla, bergamotka<br \/><b>Nuta serca: <\/b>tuberoza, truskawka, kwiat afryka\u0144skiej pomara\u0144czy, ja\u015bmin<br \/><b>Nuta bazy: <\/b>bursztyn, wanilia, cedr virginia<\/p>\n<p><strong>Gramatura:<\/strong> ml<br \/>\n<strong>Linia k\u0105pielowa:<\/strong> nie<br \/>\n<strong>Miniatura:<\/strong> nie<br \/>\n<strong>Nuta bazy:<\/strong> bursztyn, cedr virginia, wanilia<br \/>\n<strong>Nuta g\u0142owy:<\/strong> bergamotka, trufla<br \/>\n<strong>Nuta g\u0142\u00f3wna:<\/strong> kwiatowe, orientalne<br \/>\n<strong>Nuta serca:<\/strong> ja\u015bmin, kwiat afryka\u0144skiej pomara\u0144czy, truskawka, tuberoza<br \/>\n<strong>Pojemno\u015b\u0107:<\/strong> 50<br \/>\n<strong>Produkt rzadki:<\/strong> nie<br \/>\n<strong>Pr\u00f3bka:<\/strong> nie<br \/>\n<strong>P\u0142e\u0107:<\/strong> damski<br \/>\n<strong>Rodzaj:<\/strong> woda perfumowana<br \/>\n<strong>Tester:<\/strong> nie<br \/>\n<strong>Zapach alternatywny:<\/strong> nie<br \/>\n<strong>Zestaw:<\/strong> nie<\/p>\n<p><strong>Uwagi:<\/strong><\/p>\n<p>Ostrze\u017cenie: Produkt \u0142atwopalny a\u017c do wyschni\u0119cia. Przechowuj z dala od \u017ar\u00f3de\u0142 ciep\u0142a i zap\u0142onu. Unika\u0107 rozpylania w kierunku oczu.<\/p>\n<p><strong>Sk\u0142adniki:<\/strong><\/p>\n<p>ALCOHOL, PARFUM \/ FRAGRANCE, AQUA \/ WATER \/ EAU, LIMONENE, BUTYL METHOXYDIBENZOYLMETHANE, HYDROXYCITRONELLAL, LINALOOL, BENZYL ALCOHOL, FARNESOL, COUMARIN, METHYL ANTHRANILATE, CITRAL, GERANIOL, BENZYL BENZOATE, TRIS(TETRAMETHYLHYDROXYPIPERIDINOL) CITRATE, CITRONELLOL, ISOEUGENOL, EUGENOL, ANISE ALCOHOL, BENZYL SALICYLATE, CI 14700 \/ RED 4, CI 60730 \/ EXT. VIOLET 2<\/p>\n","protected":false},"excerpt":{"rendered":"<p> <strong>Gramatura:<\/strong> ml<br \/>  <strong>Linia k\u0105pielowa:<\/strong> nie<br \/>  <strong>Miniatura:<\/strong> nie<br \/>  <strong>Nuta bazy:<\/strong> bursztyn, cedr virginia, wanilia<br \/>  <strong>Nuta g\u0142owy:<\/strong> bergamotka, trufla<br \/>  <strong>Nuta g\u0142\u00f3wna:<\/strong> kwiatowe, orientalne<br \/>  <strong>Nuta serca:<\/strong> ja\u015bmin, kwiat afryka\u0144skiej pomara\u0144czy, truskawka, tuberoza<br \/>  <strong>Pojemno\u015b\u0107:<\/strong> 50<br \/>  <strong>Produkt rzadki:<\/strong> nie<br \/>  <strong>Pr\u00f3bka:<\/strong> nie<br \/>  <strong>P\u0142e\u0107:<\/strong> damski<br \/>  <strong>Rodzaj:<\/strong> woda perfumowana<br \/>  <strong>Tester:<\/strong> nie<br \/>  <strong>Zapach alternatywny:<\/strong> nie<br \/>  <strong>Zestaw:<\/strong> nie <\/p>\n","protected":false},"featured_media":41196,"comment_status":"open","ping_status":"closed","template":"","meta":{"_acf_changed":false},"kategoria-hurtowni":[87,88],"product_brand":[99],"product_cat":[76],"product_tag":[],"class_list":{"0":"post-41195","1":"product","2":"type-product","3":"status-publish","4":"has-post-thumbnail","6":"kategoria-hurtowni-perfumy","7":"kategoria-hurtowni-zapachy","8":"product_brand-valentino","9":"product_cat-primavera","11":"first","12":"outofstock","13":"taxable","14":"shipping-taxable","15":"product-type-simple"},"acf":[],"_links":{"self":[{"href":"https:\/\/premino.pl\/index.php?rest_route=\/wp\/v2\/product\/41195","targetHints":{"allow":["GET"]}}],"collection":[{"href":"https:\/\/premino.pl\/index.php?rest_route=\/wp\/v2\/product"}],"about":[{"href":"https:\/\/premino.pl\/index.php?rest_route=\/wp\/v2\/types\/product"}],"replies":[{"embeddable":true,"href":"https:\/\/premino.pl\/index.php?rest_route=%2Fwp%2Fv2%2Fcomments&post=41195"}],"wp:featuredmedia":[{"embeddable":true,"href":"https:\/\/premino.pl\/index.php?rest_route=\/wp\/v2\/media\/41196"}],"wp:attachment":[{"href":"https:\/\/premino.pl\/index.php?rest_route=%2Fwp%2Fv2%2Fmedia&parent=41195"}],"wp:term":[{"taxonomy":"kategoria-hurtowni","embeddable":true,"href":"https:\/\/premino.pl\/index.php?rest_route=%2Fwp%2Fv2%2Fkategoria-hurtowni&post=41195"},{"taxonomy":"product_brand","embeddable":true,"href":"https:\/\/premino.pl\/index.php?rest_route=%2Fwp%2Fv2%2Fproduct_brand&post=41195"},{"taxonomy":"product_cat","embeddable":true,"href":"https:\/\/premino.pl\/index.php?rest_route=%2Fwp%2Fv2%2Fproduct_cat&post=41195"},{"taxonomy":"product_tag","embeddable":true,"href":"https:\/\/premino.pl\/index.php?rest_route=%2Fwp%2Fv2%2Fproduct_tag&post=41195"}],"curies":[{"name":"wp","href":"https:\/\/api.w.org\/{rel}","templated":true}]}}