{"id":41569,"date":"2026-04-17T16:48:23","date_gmt":"2026-04-17T14:48:23","guid":{"rendered":"https:\/\/premino.pl\/produkt\/colonia-balsam-do-rak-330ml\/"},"modified":"2026-04-17T16:48:48","modified_gmt":"2026-04-17T14:48:48","slug":"colonia-balsam-do-rak-330ml","status":"publish","type":"product","link":"https:\/\/premino.pl\/?product=colonia-balsam-do-rak-330ml","title":{"rendered":"Colonia balsam do r\u0105k 330ml"},"content":{"rendered":"<p>Balsam do r\u0105k Colonia to lekka, szybko wch\u0142aniaj\u0105ca si\u0119 formu\u0142a, kt\u00f3ra intensywnie nawil\u017ca sk\u00f3r\u0119, pozostawiaj\u0105c d\u0142onie mi\u0119kkie, g\u0142adkie i subtelnie pachn\u0105ce kultowymi nutami Colonia \u2013 bez t\u0142ustego filmu. Elegancka szklana butelka inspirowana flakonami Acqua di Parma w stylu Art Deco, zdobiona wyt\u0142oczonym emblematem domu, stanowi wyj\u0105tkowy element codziennego rytua\u0142u piel\u0119gnacyjnego.<\/p>\n<p><b>Nuty zapachowe:<br \/><\/b><br \/><b>Nuta g\u0142owy: <\/b>cytryna, s\u0142odka pomara\u0144cza, kalabryjska bergamotka<br \/><b>Nuta serca: <\/b>lawenda, r\u00f3\u017ca, werbena, rozmaryn<br \/><b>Nuta bazy: <\/b>wetyweria, drzewo sanda\u0142owe, paczula<\/p>\n<p><strong>Gramatura:<\/strong> ml<br \/>\n<strong>Linia k\u0105pielowa:<\/strong> krem do r\u0105k<br \/>\n<strong>Nuta bazy:<\/strong> drzewo sanda\u0142owe, paczula, wetyweria<br \/>\n<strong>Nuta g\u0142owy:<\/strong> cytryna, kalabryjska bergamotka, s\u0142odka pomara\u0144cza<br \/>\n<strong>Nuta g\u0142\u00f3wna:<\/strong> aromatyczne, cytrusowe<br \/>\n<strong>Nuta serca:<\/strong> lawenda, rozmaryn, r\u00f3\u017ca, werbena<br \/>\n<strong>Pojemno\u015b\u0107:<\/strong> 330<br \/>\n<strong>P\u0142e\u0107:<\/strong> unisex<\/p>\n<p><strong>Uwagi:<\/strong><\/p>\n<p>Unikaj kontaktu z oczami. Produkt do u\u017cytku zewn\u0119trznego.<\/p>\n<p><strong>Sk\u0142adniki:<\/strong><\/p>\n<p>AQUA (WATER) \u2022 GLYCERIN \u2022 DICAPRYLYL ETHER \u2022 ETHYLHEXYL STEARATE \u2022 ETHYLHEXYL PALMITATE \u2022 PARFUM (FRAGRANCE) \u2022 POLYSORBATE 20 \u2022 LIMONENE \u2022 POLYACRYLATE-13 \u2022 HYDROXYACETOPHENONE \u2022 ALOE BARBADENSIS LEAF JUICE \u2022 CHLORPHENESIN \u2022 ACRYLATES\/C10-30 ALKYL ACRYLATE CROSSPOLYMER \u2022 CARBOMER \u2022 POLYSORBATE 80 \u2022 HYDROGENATED POLYISOBUTENE \u2022 SODIUM HYDROXIDE \u2022 LINALOOL \u2022 HYDROXYCITRONELLAL \u2022 POLYGLYCERYL-10 LAURATE \u2022 OCTADECYL DI-T-BUTYL-4-HYDROXYHYDROCINNAMATE \u2022 CITRAL \u2022 SORBITAN ISOSTEARATE \u2022 COUMARIN \u2022 EUGENOL \u2022 TETRASODIUM GLUTAMATE DIACETATE \u2022 AMYL CINNAMAL \u2022 GERANIOL \u2022 CITRIC ACID \u2022 ALPHA-ISOMETHYL IONONE \u2022 CITRONELLOL \u2022 TOCOPHEROL \u2022 SODIUM BENZOATE \u2022 POTASSIUM SORBATE<\/p>\n","protected":false},"excerpt":{"rendered":"<p> <strong>Gramatura:<\/strong> ml<br \/>  <strong>Linia k\u0105pielowa:<\/strong> krem do r\u0105k<br \/>  <strong>Nuta bazy:<\/strong> drzewo sanda\u0142owe, paczula, wetyweria<br \/>  <strong>Nuta g\u0142owy:<\/strong> cytryna, kalabryjska bergamotka, s\u0142odka pomara\u0144cza<br \/>  <strong>Nuta g\u0142\u00f3wna:<\/strong> aromatyczne, cytrusowe<br \/>  <strong>Nuta serca:<\/strong> lawenda, rozmaryn, r\u00f3\u017ca, werbena<br \/>  <strong>Pojemno\u015b\u0107:<\/strong> 330<br \/>  <strong>P\u0142e\u0107:<\/strong> unisex <\/p>\n","protected":false},"featured_media":41570,"comment_status":"open","ping_status":"closed","template":"","meta":{"_acf_changed":false},"kategoria-hurtowni":[120,87],"product_brand":[354],"product_cat":[76],"product_tag":[],"class_list":{"0":"post-41569","1":"product","2":"type-product","3":"status-publish","4":"has-post-thumbnail","6":"kategoria-hurtowni-linia-kapielowa","7":"kategoria-hurtowni-perfumy","8":"product_brand-acqua-di-parma","9":"product_cat-primavera","11":"first","12":"outofstock","13":"taxable","14":"shipping-taxable","15":"product-type-simple"},"acf":[],"_links":{"self":[{"href":"https:\/\/premino.pl\/index.php?rest_route=\/wp\/v2\/product\/41569","targetHints":{"allow":["GET"]}}],"collection":[{"href":"https:\/\/premino.pl\/index.php?rest_route=\/wp\/v2\/product"}],"about":[{"href":"https:\/\/premino.pl\/index.php?rest_route=\/wp\/v2\/types\/product"}],"replies":[{"embeddable":true,"href":"https:\/\/premino.pl\/index.php?rest_route=%2Fwp%2Fv2%2Fcomments&post=41569"}],"wp:featuredmedia":[{"embeddable":true,"href":"https:\/\/premino.pl\/index.php?rest_route=\/wp\/v2\/media\/41570"}],"wp:attachment":[{"href":"https:\/\/premino.pl\/index.php?rest_route=%2Fwp%2Fv2%2Fmedia&parent=41569"}],"wp:term":[{"taxonomy":"kategoria-hurtowni","embeddable":true,"href":"https:\/\/premino.pl\/index.php?rest_route=%2Fwp%2Fv2%2Fkategoria-hurtowni&post=41569"},{"taxonomy":"product_brand","embeddable":true,"href":"https:\/\/premino.pl\/index.php?rest_route=%2Fwp%2Fv2%2Fproduct_brand&post=41569"},{"taxonomy":"product_cat","embeddable":true,"href":"https:\/\/premino.pl\/index.php?rest_route=%2Fwp%2Fv2%2Fproduct_cat&post=41569"},{"taxonomy":"product_tag","embeddable":true,"href":"https:\/\/premino.pl\/index.php?rest_route=%2Fwp%2Fv2%2Fproduct_tag&post=41569"}],"curies":[{"name":"wp","href":"https:\/\/api.w.org\/{rel}","templated":true}]}}