{"id":41571,"date":"2026-04-17T16:48:23","date_gmt":"2026-04-17T14:48:23","guid":{"rendered":"https:\/\/premino.pl\/produkt\/colonia-mydlo-do-rak-330ml\/"},"modified":"2026-04-17T16:48:50","modified_gmt":"2026-04-17T14:48:50","slug":"colonia-mydlo-do-rak-330ml","status":"publish","type":"product","link":"https:\/\/premino.pl\/?product=colonia-mydlo-do-rak-330ml","title":{"rendered":"Colonia myd\u0142o do r\u0105k 330ml"},"content":{"rendered":"<p>Myd\u0142o do r\u0105k Colonia \u0142\u0105czy delikatno\u015b\u0107 z wyj\u0105tkow\u0105 skuteczno\u015bci\u0105. Jego kremowa, bogata konsystencja musu dok\u0142adnie oczyszcza sk\u00f3r\u0119, pozostawiaj\u0105c d\u0142onie mi\u0119kkie, od\u015bwie\u017cone i otulone kultowym zapachem Colonia. Produkt zamkni\u0119to w luksusowej, szklanej butelce inspirowanej ikonowym stylem Art Deco flakon\u00f3w Acqua di Parma. Emblemat Maison wyt\u0142oczony na szkle podkre\u015bla jej presti\u017cowy charakter. Butelk\u0119 mo\u017cna wielokrotnie uzupe\u0142nia\u0107, czyni\u0105c z niej trwa\u0142y i elegancki element codziennych rytua\u0142\u00f3w piel\u0119gnacyjnych.<\/p>\n<p><b>Nuty zapachowe:<br \/><\/b><br \/><b>Nuta g\u0142owy: <\/b>s\u0142odka pomara\u0144cza, kalabryjska bergamotka, cytryna<br \/><b>Nuta serca: <\/b>werbena, r\u00f3\u017ca, rozmaryn, lawenda<br \/><b>Nuta bazy: <\/b>wetyweria, paczula, drzewo sanda\u0142owe<\/p>\n<p><strong>Gramatura:<\/strong> ml<br \/>\n<strong>Linia k\u0105pielowa:<\/strong> myd\u0142o<br \/>\n<strong>Nuta bazy:<\/strong> drzewo sanda\u0142owe, paczula, wetyweria<br \/>\n<strong>Nuta g\u0142owy:<\/strong> cytryna, kalabryjska bergamotka, s\u0142odka pomara\u0144cza<br \/>\n<strong>Nuta g\u0142\u00f3wna:<\/strong> aromatyczne, cytrusowe<br \/>\n<strong>Nuta serca:<\/strong> lawenda, rozmaryn, r\u00f3\u017ca, werbena<br \/>\n<strong>Pojemno\u015b\u0107:<\/strong> 330<br \/>\n<strong>P\u0142e\u0107:<\/strong> unisex<\/p>\n<p><strong>Uwagi:<\/strong><\/p>\n<p>Unikaj kontaktu z oczami. Produkt do u\u017cytku zewn\u0119trznego.<\/p>\n<p><strong>Sk\u0142adniki:<\/strong><\/p>\n<p>AQUA (WATER) \u2022 DISODIUM LAURETH SULFOSUCCINATE \u2022 COCAMIDOPROPYL BETAINE \u2022 DISODIUM COCOAMPHODIACETATE \u2022 BETAINE \u2022 GLYCERIN \u2022 CITRIC ACID \u2022 PARFUM (FRAGRANCE) \u2022 POLYSORBATE 20 \u2022 DECYL GLUCOSIDE \u2022 ALOE BARBADENSIS LEAF JUICE \u2022 PEG-120 METHYL GLUCOSE DIOLEATE \u2022 SODIUM BENZOATE \u2022 LIMONENE \u2022 BENZOTRIAZOLYL DODECYL p-CRESOL \u2022 PANTHENOL \u2022 LINALOOL \u2022 HYDROXYCITRONELLAL \u2022 POTASSIUM SORBATE \u2022 TETRASODIUM GLUTAMATE DIACETATE \u2022 OCTADECYL DI-T-BUTYL-4-HYDROXYHYDROCINNAMATE \u2022 CITRAL \u2022 COUMARIN \u2022 EUGENOL \u2022 TOCOPHEROL \u2022 HELIANTHUS ANNUUS (SUNFLOWER) SEED OIL<\/p>\n","protected":false},"excerpt":{"rendered":"<p> <strong>Gramatura:<\/strong> ml<br \/>  <strong>Linia k\u0105pielowa:<\/strong> myd\u0142o<br \/>  <strong>Nuta bazy:<\/strong> drzewo sanda\u0142owe, paczula, wetyweria<br \/>  <strong>Nuta g\u0142owy:<\/strong> cytryna, kalabryjska bergamotka, s\u0142odka pomara\u0144cza<br \/>  <strong>Nuta g\u0142\u00f3wna:<\/strong> aromatyczne, cytrusowe<br \/>  <strong>Nuta serca:<\/strong> lawenda, rozmaryn, r\u00f3\u017ca, werbena<br \/>  <strong>Pojemno\u015b\u0107:<\/strong> 330<br \/>  <strong>P\u0142e\u0107:<\/strong> unisex <\/p>\n","protected":false},"featured_media":41572,"comment_status":"open","ping_status":"closed","template":"","meta":{"_acf_changed":false},"kategoria-hurtowni":[120,87],"product_brand":[354],"product_cat":[76],"product_tag":[],"class_list":{"0":"post-41571","1":"product","2":"type-product","3":"status-publish","4":"has-post-thumbnail","6":"kategoria-hurtowni-linia-kapielowa","7":"kategoria-hurtowni-perfumy","8":"product_brand-acqua-di-parma","9":"product_cat-primavera","11":"first","12":"outofstock","13":"taxable","14":"shipping-taxable","15":"product-type-simple"},"acf":[],"_links":{"self":[{"href":"https:\/\/premino.pl\/index.php?rest_route=\/wp\/v2\/product\/41571","targetHints":{"allow":["GET"]}}],"collection":[{"href":"https:\/\/premino.pl\/index.php?rest_route=\/wp\/v2\/product"}],"about":[{"href":"https:\/\/premino.pl\/index.php?rest_route=\/wp\/v2\/types\/product"}],"replies":[{"embeddable":true,"href":"https:\/\/premino.pl\/index.php?rest_route=%2Fwp%2Fv2%2Fcomments&post=41571"}],"wp:featuredmedia":[{"embeddable":true,"href":"https:\/\/premino.pl\/index.php?rest_route=\/wp\/v2\/media\/41572"}],"wp:attachment":[{"href":"https:\/\/premino.pl\/index.php?rest_route=%2Fwp%2Fv2%2Fmedia&parent=41571"}],"wp:term":[{"taxonomy":"kategoria-hurtowni","embeddable":true,"href":"https:\/\/premino.pl\/index.php?rest_route=%2Fwp%2Fv2%2Fkategoria-hurtowni&post=41571"},{"taxonomy":"product_brand","embeddable":true,"href":"https:\/\/premino.pl\/index.php?rest_route=%2Fwp%2Fv2%2Fproduct_brand&post=41571"},{"taxonomy":"product_cat","embeddable":true,"href":"https:\/\/premino.pl\/index.php?rest_route=%2Fwp%2Fv2%2Fproduct_cat&post=41571"},{"taxonomy":"product_tag","embeddable":true,"href":"https:\/\/premino.pl\/index.php?rest_route=%2Fwp%2Fv2%2Fproduct_tag&post=41571"}],"curies":[{"name":"wp","href":"https:\/\/api.w.org\/{rel}","templated":true}]}}