{"id":41575,"date":"2026-04-17T16:48:23","date_gmt":"2026-04-17T14:48:23","guid":{"rendered":"https:\/\/premino.pl\/produkt\/colonia-zel-do-mycia-rak-i-ciala-300ml\/"},"modified":"2026-04-17T16:48:53","modified_gmt":"2026-04-17T14:48:53","slug":"colonia-zel-do-mycia-rak-i-ciala-300ml","status":"publish","type":"product","link":"https:\/\/premino.pl\/?product=colonia-zel-do-mycia-rak-i-ciala-300ml","title":{"rendered":"Colonia \u017cel do mycia r\u0105k i cia\u0142a 300ml"},"content":{"rendered":"<p>\u017bel do mycia r\u0105k i cia\u0142a, nasycony kultowym zapachem Colonia od Acqua di Parma. Jego kremowa, bogata formu\u0142a tworzy delikatn\u0105 pian\u0119, kt\u00f3ra skutecznie, a zarazem \u0142agodnie oczyszcza sk\u00f3r\u0119, otulaj\u0105c j\u0105 charakterystycznymi nutami zapachowymi Maison. Starannie opracowany sk\u0142ad pomaga zachowa\u0107 naturaln\u0105 r\u00f3wnowag\u0119 sk\u00f3ry, nie powoduj\u0105c jej przesuszenia, dzi\u0119ki czemu pozostaje ona mi\u0119kka, g\u0142adka i od\u015bwie\u017cona. \u017bel \u0142atwo si\u0119 sp\u0142ukuje i pozostawia na sk\u00f3rze subtelny, elegancki zapach oraz natychmiastowe uczucie komfortu.<\/p>\n<p><b>Nuty zapachowe:<br \/><\/b><br \/><b>Nuta g\u0142owy: <\/b>cytryna, s\u0142odka pomara\u0144cza, kalabryjska bergamotka<br \/><b>Nuta serca: <\/b>lawenda, r\u00f3\u017ca, werbena, rozmaryn<br \/><b>Nuta bazy: <\/b>wetyweria, drzewo sanda\u0142owe, paczula<\/p>\n<p><strong>Gramatura:<\/strong> ml<br \/>\n<strong>Linia k\u0105pielowa:<\/strong> myd\u0142o<br \/>\n<strong>Nuta bazy:<\/strong> drzewo sanda\u0142owe, paczula, wetyweria<br \/>\n<strong>Nuta g\u0142owy:<\/strong> cytryna, kalabryjska bergamotka, s\u0142odka pomara\u0144cza<br \/>\n<strong>Nuta g\u0142\u00f3wna:<\/strong> aromatyczne, cytrusowe<br \/>\n<strong>Nuta serca:<\/strong> lawenda, rozmaryn, r\u00f3\u017ca, werbena<br \/>\n<strong>Pojemno\u015b\u0107:<\/strong> 300<br \/>\n<strong>P\u0142e\u0107:<\/strong> unisex<\/p>\n<p><strong>Uwagi:<\/strong><\/p>\n<p>Unikaj kontaktu z oczami. Produkt do u\u017cytku zewn\u0119trznego.<\/p>\n<p><strong>Sk\u0142adniki:<\/strong><\/p>\n<p>AQUA (WATER) \u2022 DISODIUM LAURETH SULFOSUCCINATE \u2022 COCAMIDOPROPYL BETAINE \u2022 DISODIUM COCOAMPHODIACETATE \u2022 BETAINE \u2022 GLYCERIN \u2022 CITRIC ACID \u2022 PARFUM (FRAGRANCE) \u2022 POLYSORBATE 20 \u2022 DECYL GLUCOSIDE \u2022 ALOE BARBADENSIS LEAF JUICE \u2022 PEG-120 METHYL GLUCOSE DIOLEATE \u2022 SODIUM BENZOATE \u2022 LIMONENE \u2022 BENZOTRIAZOLYL DODECYL p-CRESOL \u2022 PANTHENOL \u2022 LINALOOL \u2022 HYDROXYCITRONELLAL \u2022 POTASSIUM SORBATE \u2022 TETRASODIUM GLUTAMATE DIACETATE \u2022 OCTADECYL DI-T-BUTYL-4-HYDROXYHYDROCINNAMATE \u2022 CITRAL \u2022 COUMARIN \u2022 EUGENOL \u2022 TOCOPHEROL \u2022 HELIANTHUS ANNUUS (SUNFLOWER) SEED OIL<\/p>\n","protected":false},"excerpt":{"rendered":"<p> <strong>Gramatura:<\/strong> ml<br \/>  <strong>Linia k\u0105pielowa:<\/strong> myd\u0142o<br \/>  <strong>Nuta bazy:<\/strong> drzewo sanda\u0142owe, paczula, wetyweria<br \/>  <strong>Nuta g\u0142owy:<\/strong> cytryna, kalabryjska bergamotka, s\u0142odka pomara\u0144cza<br \/>  <strong>Nuta g\u0142\u00f3wna:<\/strong> aromatyczne, cytrusowe<br \/>  <strong>Nuta serca:<\/strong> lawenda, rozmaryn, r\u00f3\u017ca, werbena<br \/>  <strong>Pojemno\u015b\u0107:<\/strong> 300<br \/>  <strong>P\u0142e\u0107:<\/strong> unisex <\/p>\n","protected":false},"featured_media":41576,"comment_status":"open","ping_status":"closed","template":"","meta":{"_acf_changed":false},"kategoria-hurtowni":[120,87],"product_brand":[354],"product_cat":[76],"product_tag":[],"class_list":{"0":"post-41575","1":"product","2":"type-product","3":"status-publish","4":"has-post-thumbnail","6":"kategoria-hurtowni-linia-kapielowa","7":"kategoria-hurtowni-perfumy","8":"product_brand-acqua-di-parma","9":"product_cat-primavera","11":"first","12":"outofstock","13":"taxable","14":"shipping-taxable","15":"product-type-simple"},"acf":[],"_links":{"self":[{"href":"https:\/\/premino.pl\/index.php?rest_route=\/wp\/v2\/product\/41575","targetHints":{"allow":["GET"]}}],"collection":[{"href":"https:\/\/premino.pl\/index.php?rest_route=\/wp\/v2\/product"}],"about":[{"href":"https:\/\/premino.pl\/index.php?rest_route=\/wp\/v2\/types\/product"}],"replies":[{"embeddable":true,"href":"https:\/\/premino.pl\/index.php?rest_route=%2Fwp%2Fv2%2Fcomments&post=41575"}],"wp:featuredmedia":[{"embeddable":true,"href":"https:\/\/premino.pl\/index.php?rest_route=\/wp\/v2\/media\/41576"}],"wp:attachment":[{"href":"https:\/\/premino.pl\/index.php?rest_route=%2Fwp%2Fv2%2Fmedia&parent=41575"}],"wp:term":[{"taxonomy":"kategoria-hurtowni","embeddable":true,"href":"https:\/\/premino.pl\/index.php?rest_route=%2Fwp%2Fv2%2Fkategoria-hurtowni&post=41575"},{"taxonomy":"product_brand","embeddable":true,"href":"https:\/\/premino.pl\/index.php?rest_route=%2Fwp%2Fv2%2Fproduct_brand&post=41575"},{"taxonomy":"product_cat","embeddable":true,"href":"https:\/\/premino.pl\/index.php?rest_route=%2Fwp%2Fv2%2Fproduct_cat&post=41575"},{"taxonomy":"product_tag","embeddable":true,"href":"https:\/\/premino.pl\/index.php?rest_route=%2Fwp%2Fv2%2Fproduct_tag&post=41575"}],"curies":[{"name":"wp","href":"https:\/\/api.w.org\/{rel}","templated":true}]}}