{"id":41811,"date":"2026-04-17T16:51:24","date_gmt":"2026-04-17T14:51:24","guid":{"rendered":"https:\/\/premino.pl\/produkt\/sun-mleczko-do-opalania-twarzy-i-ciala-spf30-150ml\/"},"modified":"2026-04-17T16:51:52","modified_gmt":"2026-04-17T14:51:52","slug":"sun-mleczko-do-opalania-twarzy-i-ciala-spf30-150ml","status":"publish","type":"product","link":"https:\/\/premino.pl\/?product=sun-mleczko-do-opalania-twarzy-i-ciala-spf30-150ml","title":{"rendered":"Sun mleczko do opalania twarzy i cia\u0142a SPF30 150ml"},"content":{"rendered":"<p><b>Rozkoszuj si\u0119 promienn\u0105, z\u0142ocist\u0105 sk\u00f3r\u0105, jednocze\u015bnie chroni\u0105c j\u0105 przed oznakami starzenia.<br \/><\/b>To lekkie mleczko do opalania wzbogacone o unikalne wyci\u0105gi kwiatowe dba o kom\u00f3rki sk\u00f3ry, zapewniaj\u0105c efekt zdrowej, naturalnej opalenizny. Jego p\u0142ynna konsystencja u\u0142atwia r\u00f3wnomiern\u0105 aplikacj\u0119, a formu\u0142a nawil\u017ca, zwi\u0119ksza elastyczno\u015b\u0107 i nadaje sk\u00f3rze blasku. Delikatny, urzekaj\u0105cy zapach s\u0142odkiej pomara\u0144czy, gardenii tahita\u0144skiej i wanilii sprawia, \u017ce ka\u017cda aplikacja to przyjemno\u015b\u0107.<\/p>\n<p><b>Spos\u00f3b u\u017cycia:<\/b><br \/>Na\u0142\u00f3\u017c obficie na twarz i cia\u0142o przed ekspozycj\u0105 na s\u0142o\u0144ce, omijaj\u0105c okolice oczu. Powtarzaj aplikacj\u0119 regularnie, zw\u0142aszcza po p\u0142ywaniu lub osuszeniu sk\u00f3ry r\u0119cznikiem. Pami\u0119taj \u2013 zbyt ma\u0142a ilo\u015b\u0107 produktu mo\u017ce znacz\u0105co zmniejszy\u0107 ochron\u0119 przeciws\u0142oneczn\u0105.<\/p>\n<p><strong>Dzia\u0142anie:<\/strong> chroni, nawil\u017caj\u0105ce<br \/>\n<strong>Faktor SPF:<\/strong> 30<br \/>\n<strong>Gramatura:<\/strong> ml<br \/>\n<strong>Konsystencja:<\/strong> mleczko<br \/>\n<strong>Linie elitarne:<\/strong> nie<br \/>\n<strong>Lokalizacja:<\/strong> ca\u0142e cia\u0142o<br \/>\n<strong>Piel\u0119gnacja cia\u0142a:<\/strong> tak<br \/>\n<strong>Pojemno\u015b\u0107:<\/strong> 150<br \/>\n<strong>P\u0142e\u0107:<\/strong> damski<br \/>\n<strong>S\u0142o\u0144ce:<\/strong> tak<\/p>\n<p><strong>Uwagi:<\/strong><\/p>\n<p>Nadmierna ekspozycja na s\u0142o\u0144ce jest niebezpieczna. Kosmetyki do opalania nie zapewniaj\u0105 100% ochrony. Unikaj ekspozycji na s\u0142o\u0144ce w \u015brodku dnia.<\/p>\n<p><strong>Sk\u0142adniki:<\/strong><\/p>\n<p>Aqua\/Water, Dibutyl Adipate, Diethylamino Hydroxybenzoyl Hexyl Benzoate, Ethylhexyl Triazone, Bis-Ethylhexyloxyphenol Methoxyphenyl Triazine, Glycerin, Isopropyl Lauroyl Sarcosinate, Diisopropyl Sebacate, Acrylates\/C12-22 Alkyl Methacrylate Copolymer, Cetearyl Alcohol, Parfum\/Fragrance, Glycol Palmitate, Oryza Sativa (Rice) Hull Powder, Coco-Glucoside, Dimethicone, C20-22 Alkyl Phosphate, Polyacrylate Crosspolymer-6, Benzyl Alcohol, C20-22 Alcohols, Capryloyl Glycine, Tocopherol, Arginine, Tocopheryl Acetate, Dehydroacetic Acid, Helianthus Annuus (Sunflower) Seed Oil, Sodium Gluconate, Sodium Hydroxide, Dimethiconol, Simmondsia Chinensis (Jojoba) Seed Oil, Citric Acid, Disodium Lauryl Sulfosuccinate, Inositol, Eichhornia Crassipes Extract, Ethyl Ferulate, Solanum Lycopersicum (Tomato) Fruit Extract, Rosmarinus Officinalis (Rosemary) Leaf Extract, Fagraea Berteroana Flower Extract, Tetramethyl Acetyloctahydronaphthalenes, Citrus Aurantium Peel Oil, Linalyl Acetate, Limonene, Linalool, Citronellol, Dimethyl Phenethyl Acetate, Geraniol, Pelargonium Graveolens Flower Oil, Isoeugenyl Acetate<\/p>\n","protected":false},"excerpt":{"rendered":"<p> <strong>Dzia\u0142anie:<\/strong> chroni, nawil\u017caj\u0105ce<br \/>  <strong>Faktor SPF:<\/strong> 30<br \/>  <strong>Gramatura:<\/strong> ml<br \/>  <strong>Konsystencja:<\/strong> mleczko<br \/>  <strong>Linie elitarne:<\/strong> nie<br \/>  <strong>Lokalizacja:<\/strong> ca\u0142e cia\u0142o<br \/>  <strong>Piel\u0119gnacja cia\u0142a:<\/strong> tak<br \/>  <strong>Pojemno\u015b\u0107:<\/strong> 150<br \/>  <strong>P\u0142e\u0107:<\/strong> damski<br \/>  <strong>S\u0142o\u0144ce:<\/strong> tak <\/p>\n","protected":false},"featured_media":41812,"comment_status":"open","ping_status":"closed","template":"","meta":{"_acf_changed":false},"kategoria-hurtowni":[211,212],"product_brand":[213],"product_cat":[76],"product_tag":[],"class_list":{"0":"post-41811","1":"product","2":"type-product","3":"status-publish","4":"has-post-thumbnail","6":"kategoria-hurtowni-dermokosmetyki","7":"kategoria-hurtowni-pielegnacja-ciala-dermokosmetyki","8":"product_brand-nuxe","9":"product_cat-primavera","11":"first","12":"outofstock","13":"taxable","14":"shipping-taxable","15":"product-type-simple"},"acf":[],"_links":{"self":[{"href":"https:\/\/premino.pl\/index.php?rest_route=\/wp\/v2\/product\/41811","targetHints":{"allow":["GET"]}}],"collection":[{"href":"https:\/\/premino.pl\/index.php?rest_route=\/wp\/v2\/product"}],"about":[{"href":"https:\/\/premino.pl\/index.php?rest_route=\/wp\/v2\/types\/product"}],"replies":[{"embeddable":true,"href":"https:\/\/premino.pl\/index.php?rest_route=%2Fwp%2Fv2%2Fcomments&post=41811"}],"wp:featuredmedia":[{"embeddable":true,"href":"https:\/\/premino.pl\/index.php?rest_route=\/wp\/v2\/media\/41812"}],"wp:attachment":[{"href":"https:\/\/premino.pl\/index.php?rest_route=%2Fwp%2Fv2%2Fmedia&parent=41811"}],"wp:term":[{"taxonomy":"kategoria-hurtowni","embeddable":true,"href":"https:\/\/premino.pl\/index.php?rest_route=%2Fwp%2Fv2%2Fkategoria-hurtowni&post=41811"},{"taxonomy":"product_brand","embeddable":true,"href":"https:\/\/premino.pl\/index.php?rest_route=%2Fwp%2Fv2%2Fproduct_brand&post=41811"},{"taxonomy":"product_cat","embeddable":true,"href":"https:\/\/premino.pl\/index.php?rest_route=%2Fwp%2Fv2%2Fproduct_cat&post=41811"},{"taxonomy":"product_tag","embeddable":true,"href":"https:\/\/premino.pl\/index.php?rest_route=%2Fwp%2Fv2%2Fproduct_tag&post=41811"}],"curies":[{"name":"wp","href":"https:\/\/api.w.org\/{rel}","templated":true}]}}