{"id":41815,"date":"2026-04-17T16:51:24","date_gmt":"2026-04-17T14:51:24","guid":{"rendered":"https:\/\/premino.pl\/produkt\/sun-zachwycajacy-krem-do-opalania-twarzy-spf30-50ml\/"},"modified":"2026-04-17T16:51:55","modified_gmt":"2026-04-17T14:51:55","slug":"sun-zachwycajacy-krem-do-opalania-twarzy-spf30-50ml","status":"publish","type":"product","link":"https:\/\/premino.pl\/?product=sun-zachwycajacy-krem-do-opalania-twarzy-spf30-50ml","title":{"rendered":"Sun zachwycaj\u0105cy krem do opalania twarzy SPF30 50ml"},"content":{"rendered":"<p><b>Ochrona przed starzeniem kom\u00f3rek i efekt pi\u0119knej opalenizny<br \/><\/b>Ciesz si\u0119 promienn\u0105, z\u0142ocist\u0105 sk\u00f3r\u0105, jednocze\u015bnie chroni\u0105c j\u0105 przed szkodliwym dzia\u0142aniem s\u0142o\u0144ca.<\/p>\n<p>Ten krem do opalania, wzbogacony unikalnymi wyci\u0105gami kwiatowymi, zapewnia skuteczn\u0105 ochron\u0119 przeciwstarzeniow\u0105 i r\u00f3wnocze\u015bnie nadaje sk\u00f3rze naturalny, s\u0142oneczny blask. Formu\u0142a jest delikatna, idealna do sk\u00f3ry twarzy, szybko si\u0119 wch\u0142ania i nie pozostawia bia\u0142ych \u015blad\u00f3w.<\/p>\n<p>Nuta zapachowa \u0142\u0105czy s\u0142odk\u0105 pomara\u0144cz\u0119, gardenie tahita\u0144sk\u0105 i wanili\u0119, tworz\u0105c przyjemne doznania podczas aplikacji.<\/p>\n<p><b>Spos\u00f3b u\u017cycia:<br \/><\/b>Na\u0142\u00f3\u017c obficie krem przed wyj\u015bciem na s\u0142o\u0144ce. Rozetrzyj produkt w d\u0142oniach przed na\u0142o\u017ceniem na twarz, omijaj\u0105c okolice oczu. Powtarzaj aplikacj\u0119 regularnie, szczeg\u00f3lnie po p\u0142ywaniu, spoceniu si\u0119 lub wytarciu r\u0119cznikiem. Pami\u0119taj: niewystarczaj\u0105ca ilo\u015b\u0107 produktu obni\u017ca poziom ochrony przeciws\u0142onecznej.<\/p>\n<p><strong>Dzia\u0142anie:<\/strong> chroni przed s\u0142o\u0144cem, nawil\u017caj\u0105ce<br \/>\n<strong>Faktor SPF:<\/strong> 30<br \/>\n<strong>Gramatura:<\/strong> ml<br \/>\n<strong>Konsystencja:<\/strong> krem<br \/>\n<strong>Linie elitarne:<\/strong> nie<br \/>\n<strong>Piel\u0119gnacja specyficzna:<\/strong> nie<br \/>\n<strong>Pojemno\u015b\u0107:<\/strong> 50<br \/>\n<strong>Pora stosowania:<\/strong> dzie\u0144<br \/>\n<strong>P\u0142e\u0107:<\/strong> damski<br \/>\n<strong>Rodzaj sk\u00f3ry:<\/strong> wra\u017cliwa<br \/>\n<strong>S\u0142o\u0144ce:<\/strong> tak<br \/>\n<strong>Typ sk\u00f3ry:<\/strong> mieszana\/t\u0142usta, normalna, sucha<\/p>\n<p><strong>Uwagi:<\/strong><\/p>\n<p>Nadmierna ekspozycja na s\u0142o\u0144ce jest niebezpieczna. Produkt przeciws\u0142oneczny nie zapewnia 100% ochrony. Unikaj s\u0142o\u0144ca w najgor\u0119tszej porze dnia.<\/p>\n<p><strong>Sk\u0142adniki:<\/strong><\/p>\n<p>AQUA\/WATER, DIBUTYL ADIPATE, DIETHYLAMINO HYDROXYBENZOYL HEXYL BENZOATE, ETHYLHEXYL TRIAZONE, BIS-ETHYLHEXYLOXYPHENOL METHOXYPHENYL TRIAZINE, GLYCERIN, ISOPROPYLLAUROYL SARCOSINATE, DIISOPROPYL SEBACATE, ACRYLATES\/C12-22 ALKYL METHACRYLATE COPOLYMER, CETEARYL ALCOHOL, PARFUM\/FRAGRANCE, GLYCOL PALMITATE, ORYZA SATIVA (RICE) HULL POWDER, COCO-GLUCOSIDE, DIMETHICONE, C20-22 ALKYL PHOSPHATE, POLYACRYLATE CROSSPOLYMER-6, BENZYL ALCOHOL, C20-22 ALCOHOLS, CAPRYLOYL GLYCINE, TOCOPHEROL, ARGININE, TOCOPHERYL ACETATE, DEHYDROACETIC ACID, SODIUM GLUCONATE, SODIUM HYDROXIDE, DIMETHICONOL, HELIANTHUS ANNUUS(SUNFLOWER) SEED OIL, SIMMONDSIA CHINENSIS (JOJOBA) SEED OIL, CITRIC ACID, DISODIUM LAURYL SULFOSUCCINATE, INOSITOL, EICHHORNIA CRASSIPES EXTRACT, ETHYL FERULATE, SOLANUM LYCOPERSICUM (TOMATO) FRUIT EXTRACT, ROSMARINUS OFFICINALIS (ROSEMARY) LEAF EXTRACT, FAGRAEA BERTEROANA FLOWER EXTRACT, LIMONENE, LINALOOL, CITRONELLOL, GERANIOL<\/p>\n","protected":false},"excerpt":{"rendered":"<p> <strong>Dzia\u0142anie:<\/strong> chroni przed s\u0142o\u0144cem, nawil\u017caj\u0105ce<br \/>  <strong>Faktor SPF:<\/strong> 30<br \/>  <strong>Gramatura:<\/strong> ml<br \/>  <strong>Konsystencja:<\/strong> krem<br \/>  <strong>Linie elitarne:<\/strong> nie<br \/>  <strong>Piel\u0119gnacja specyficzna:<\/strong> nie<br \/>  <strong>Pojemno\u015b\u0107:<\/strong> 50<br \/>  <strong>Pora stosowania:<\/strong> dzie\u0144<br \/>  <strong>P\u0142e\u0107:<\/strong> damski<br \/>  <strong>Rodzaj sk\u00f3ry:<\/strong> wra\u017cliwa<br \/>  <strong>S\u0142o\u0144ce:<\/strong> tak<br \/>  <strong>Typ sk\u00f3ry:<\/strong> mieszana\/t\u0142usta, normalna, sucha <\/p>\n","protected":false},"featured_media":41816,"comment_status":"open","ping_status":"closed","template":"","meta":{"_acf_changed":false},"kategoria-hurtowni":[211,214,215],"product_brand":[213],"product_cat":[76],"product_tag":[],"class_list":{"0":"post-41815","1":"product","2":"type-product","3":"status-publish","4":"has-post-thumbnail","6":"kategoria-hurtowni-dermokosmetyki","7":"kategoria-hurtowni-pielegnacja-twarzy-dermokosmetyki","8":"kategoria-hurtowni-twarz-pielegnacja-twarzy-dermokosmetyki","9":"product_brand-nuxe","10":"product_cat-primavera","12":"first","13":"outofstock","14":"taxable","15":"shipping-taxable","16":"product-type-simple"},"acf":[],"_links":{"self":[{"href":"https:\/\/premino.pl\/index.php?rest_route=\/wp\/v2\/product\/41815","targetHints":{"allow":["GET"]}}],"collection":[{"href":"https:\/\/premino.pl\/index.php?rest_route=\/wp\/v2\/product"}],"about":[{"href":"https:\/\/premino.pl\/index.php?rest_route=\/wp\/v2\/types\/product"}],"replies":[{"embeddable":true,"href":"https:\/\/premino.pl\/index.php?rest_route=%2Fwp%2Fv2%2Fcomments&post=41815"}],"wp:featuredmedia":[{"embeddable":true,"href":"https:\/\/premino.pl\/index.php?rest_route=\/wp\/v2\/media\/41816"}],"wp:attachment":[{"href":"https:\/\/premino.pl\/index.php?rest_route=%2Fwp%2Fv2%2Fmedia&parent=41815"}],"wp:term":[{"taxonomy":"kategoria-hurtowni","embeddable":true,"href":"https:\/\/premino.pl\/index.php?rest_route=%2Fwp%2Fv2%2Fkategoria-hurtowni&post=41815"},{"taxonomy":"product_brand","embeddable":true,"href":"https:\/\/premino.pl\/index.php?rest_route=%2Fwp%2Fv2%2Fproduct_brand&post=41815"},{"taxonomy":"product_cat","embeddable":true,"href":"https:\/\/premino.pl\/index.php?rest_route=%2Fwp%2Fv2%2Fproduct_cat&post=41815"},{"taxonomy":"product_tag","embeddable":true,"href":"https:\/\/premino.pl\/index.php?rest_route=%2Fwp%2Fv2%2Fproduct_tag&post=41815"}],"curies":[{"name":"wp","href":"https:\/\/api.w.org\/{rel}","templated":true}]}}