{"id":41845,"date":"2026-04-17T16:51:58","date_gmt":"2026-04-17T14:51:58","guid":{"rendered":"https:\/\/premino.pl\/produkt\/white-oudh-pure-olejek-perfumowany-15ml\/"},"modified":"2026-04-17T16:52:19","modified_gmt":"2026-04-17T14:52:19","slug":"white-oudh-pure-olejek-perfumowany-15ml","status":"publish","type":"product","link":"https:\/\/premino.pl\/?product=white-oudh-pure-olejek-perfumowany-15ml","title":{"rendered":"White Oudh Pure olejek perfumowany 15ml"},"content":{"rendered":"<p>White Oudh Al Haramain to kompozycja, kt\u00f3ra \u0142\u0105czy \u015bwie\u017co\u015b\u0107 cytrus\u00f3w z g\u0142\u0119bokimi, otulaj\u0105cymi nutami bazy. To zapach elegancki i wyrazisty, a jednocze\u015bnie harmonijny \u2013 odpowiedni zar\u00f3wno dla kobiet, jak i m\u0119\u017cczyzn.<\/p>\n<p><b>Nuty zapachowe:<br \/><\/b><br \/><b>Nuta g\u0142owy: <\/b>bylica, cytryna, pomara\u0144cza, mandarynka<br \/><b>Nuta serca: <\/b>frezja, paczula, czarna porzeczka<br \/><b>Nuta bazy: <\/b>tyto\u0144, bursztyn, pi\u017cmo<\/p>\n<p><strong>Gramatura:<\/strong> ml<br \/>\n<strong>Linia k\u0105pielowa:<\/strong> nie<br \/>\n<strong>Miniatura:<\/strong> nie<br \/>\n<strong>Nuta bazy:<\/strong> bursztyn, pi\u017cmo, tyto\u0144<br \/>\n<strong>Nuta g\u0142owy:<\/strong> bylica, cytryna, mandarynka, pomara\u0144cza<br \/>\n<strong>Nuta g\u0142\u00f3wna:<\/strong> cytrusowe, kwiatowe, s\u0142odka<br \/>\n<strong>Nuta serca:<\/strong> czarna porzeczka, frezja, paczula<br \/>\n<strong>Pojemno\u015b\u0107:<\/strong> 15<br \/>\n<strong>Produkt rzadki:<\/strong> nie<br \/>\n<strong>Pr\u00f3bka:<\/strong> nie<br \/>\n<strong>P\u0142e\u0107:<\/strong> damski<br \/>\n<strong>Rodzaj:<\/strong> perfumy<br \/>\n<strong>Tester:<\/strong> nie<br \/>\n<strong>Zapach alternatywny:<\/strong> nie<br \/>\n<strong>Zestaw:<\/strong> nie<\/p>\n<p><strong>Uwagi:<\/strong><\/p>\n<p>Trzyma\u0107 w miejscu niedost\u0119pnym dla dzieci. Nie stosowa\u0107 na podra\u017cnion\u0105 lub uszkodzon\u0105 sk\u00f3r\u0119. Unika\u0107 kontaktu z oczami.<\/p>\n<p><strong>Sk\u0142adniki:<\/strong><\/p>\n<p>Concentrated Pure Perfume Oil, Free From Alcohol, Limonene, Coumarin, Linalool, Citronellol, Geraniol, Citral, Cinnamal, Hydroxycitronellal, 3-Phenyl Prop-2-en-1-ol, Eugenol, Isoeugenol, Alpha Isomethyl Ionone, Amyl Cinnamal, 2-Benzylidene Heptanal, Benzyl Benzoate Extract, Prunus Amygdalus Dulcis Oil, Hexyl Cinnamal.<\/p>\n","protected":false},"excerpt":{"rendered":"<p> <strong>Gramatura:<\/strong> ml<br \/>  <strong>Linia k\u0105pielowa:<\/strong> nie<br \/>  <strong>Miniatura:<\/strong> nie<br \/>  <strong>Nuta bazy:<\/strong> bursztyn, pi\u017cmo, tyto\u0144<br \/>  <strong>Nuta g\u0142owy:<\/strong> bylica, cytryna, mandarynka, pomara\u0144cza<br \/>  <strong>Nuta g\u0142\u00f3wna:<\/strong> cytrusowe, kwiatowe, s\u0142odka<br \/>  <strong>Nuta serca:<\/strong> czarna porzeczka, frezja, paczula<br \/>  <strong>Pojemno\u015b\u0107:<\/strong> 15<br \/>  <strong>Produkt rzadki:<\/strong> nie<br \/>  <strong>Pr\u00f3bka:<\/strong> nie<br \/>  <strong>P\u0142e\u0107:<\/strong> damski<br \/>  <strong>Rodzaj:<\/strong> perfumy<br \/>  <strong>Tester:<\/strong> nie<br \/>  <strong>Zapach alternatywny:<\/strong> nie<br \/>  <strong>Zestaw:<\/strong> nie <\/p>\n","protected":false},"featured_media":41846,"comment_status":"open","ping_status":"closed","template":"","meta":{"_acf_changed":false},"kategoria-hurtowni":[87,88],"product_brand":[436],"product_cat":[76],"product_tag":[],"class_list":{"0":"post-41845","1":"product","2":"type-product","3":"status-publish","4":"has-post-thumbnail","6":"kategoria-hurtowni-perfumy","7":"kategoria-hurtowni-zapachy","8":"product_brand-al-haramain","9":"product_cat-primavera","11":"first","12":"outofstock","13":"taxable","14":"shipping-taxable","15":"product-type-simple"},"acf":[],"_links":{"self":[{"href":"https:\/\/premino.pl\/index.php?rest_route=\/wp\/v2\/product\/41845","targetHints":{"allow":["GET"]}}],"collection":[{"href":"https:\/\/premino.pl\/index.php?rest_route=\/wp\/v2\/product"}],"about":[{"href":"https:\/\/premino.pl\/index.php?rest_route=\/wp\/v2\/types\/product"}],"replies":[{"embeddable":true,"href":"https:\/\/premino.pl\/index.php?rest_route=%2Fwp%2Fv2%2Fcomments&post=41845"}],"wp:featuredmedia":[{"embeddable":true,"href":"https:\/\/premino.pl\/index.php?rest_route=\/wp\/v2\/media\/41846"}],"wp:attachment":[{"href":"https:\/\/premino.pl\/index.php?rest_route=%2Fwp%2Fv2%2Fmedia&parent=41845"}],"wp:term":[{"taxonomy":"kategoria-hurtowni","embeddable":true,"href":"https:\/\/premino.pl\/index.php?rest_route=%2Fwp%2Fv2%2Fkategoria-hurtowni&post=41845"},{"taxonomy":"product_brand","embeddable":true,"href":"https:\/\/premino.pl\/index.php?rest_route=%2Fwp%2Fv2%2Fproduct_brand&post=41845"},{"taxonomy":"product_cat","embeddable":true,"href":"https:\/\/premino.pl\/index.php?rest_route=%2Fwp%2Fv2%2Fproduct_cat&post=41845"},{"taxonomy":"product_tag","embeddable":true,"href":"https:\/\/premino.pl\/index.php?rest_route=%2Fwp%2Fv2%2Fproduct_tag&post=41845"}],"curies":[{"name":"wp","href":"https:\/\/api.w.org\/{rel}","templated":true}]}}