{"id":41847,"date":"2026-04-17T16:51:58","date_gmt":"2026-04-17T14:51:58","guid":{"rendered":"https:\/\/premino.pl\/produkt\/oudi-olejek-perfumowany-15ml\/"},"modified":"2026-04-17T16:52:20","modified_gmt":"2026-04-17T14:52:20","slug":"oudi-olejek-perfumowany-15ml","status":"publish","type":"product","link":"https:\/\/premino.pl\/?product=oudi-olejek-perfumowany-15ml","title":{"rendered":"Oudi olejek perfumowany 15ml"},"content":{"rendered":"<p>Intensywny\u00a0orientalny zapach, kt\u00f3ry \u0142\u0105czy\u00a0luksus z dziko\u015bci\u0105. Oudi jest jak noc na pustyni, gdy wiatr niesie zapach\u00a0starych ksi\u0105g, kadzide\u0142 i skarb\u00f3w ukrytych w pa\u0142acowych komnatach.<\/p>\n<p><b>Nuty zapachowe:<br \/><\/b><br \/><b>Nuta g\u0142owy: <\/b>szafran, geranium, cytryna<br \/><b>Nuta serca: <\/b>cedr, paczula, r\u00f3\u017ca<br \/><b>Nuta bazy: <\/b>ambra, paczula, drzewo sanda\u0142owe<\/p>\n<p><strong>Gramatura:<\/strong> ml<br \/>\n<strong>Linia k\u0105pielowa:<\/strong> nie<br \/>\n<strong>Miniatura:<\/strong> nie<br \/>\n<strong>Nuta bazy:<\/strong> ambra, drzewo sanda\u0142owe, paczula<br \/>\n<strong>Nuta g\u0142owy:<\/strong> cytryna, geranium, szafran<br \/>\n<strong>Nuta g\u0142\u00f3wna:<\/strong> bursztynowa, ciep\u0142a korzenna , drzewne<br \/>\n<strong>Nuta serca:<\/strong> cedr, paczula, r\u00f3\u017ca<br \/>\n<strong>Pojemno\u015b\u0107:<\/strong> 15<br \/>\n<strong>Produkt rzadki:<\/strong> nie<br \/>\n<strong>Pr\u00f3bka:<\/strong> nie<br \/>\n<strong>P\u0142e\u0107:<\/strong> unisex<br \/>\n<strong>Rodzaj:<\/strong> perfumy<br \/>\n<strong>Tester:<\/strong> nie<br \/>\n<strong>Zapach alternatywny:<\/strong> nie<\/p>\n<p><strong>Uwagi:<\/strong><\/p>\n<p>TYLKO DO U\u017bYTKU ZEWN\u0118TRZNEGO. UNIKA\u0106 KONTAKTU Z OCZAMI. PRZECHOWYWA\u0106 Z DALA OD \u0179R\u00d3DE\u0141 CIEP\u0141A I OGNIA. PRZECHOWYWA\u0106 W CH\u0141ODNYM I SUCHYM MIEJSCU.<\/p>\n<p><strong>Sk\u0142adniki:<\/strong><\/p>\n<p>CAPRYLIC\/CAPRIC TRIGLYCERIDE, PRUNUS AMYGDALUS DULCIS (SWEET ALMOND) OIL, SIMMONDSIA CHINENSIS (JOJOBA) SEED OIL, TRITICUM VULGARE (WHEAT) GERM OIL, PERSEA GRATISSIMA (AVOCADO) OIL, HELIANTHUS ANNUUS (SUNFLOWER) SEED OIL, RIBES NIGRUM (BLACK CURRANT) SEED OIL, ROSA CANINA FRUIT OIL, LINUM USITATISSIMUM (LINSEED) SEED OIL, PARFUM\/FRAGRANCE, TOCOPHEROL, PENTAERYTHRITYL TETRA-DI-T-BUTYL HYDROXYHYDROCINNAMATE, CITRONELLOL, GERANIOL, LINALOOL, CITRAL, LIMONENE.<\/p>\n","protected":false},"excerpt":{"rendered":"<p> <strong>Gramatura:<\/strong> ml<br \/>  <strong>Linia k\u0105pielowa:<\/strong> nie<br \/>  <strong>Miniatura:<\/strong> nie<br \/>  <strong>Nuta bazy:<\/strong> ambra, drzewo sanda\u0142owe, paczula<br \/>  <strong>Nuta g\u0142owy:<\/strong> cytryna, geranium, szafran<br \/>  <strong>Nuta g\u0142\u00f3wna:<\/strong> bursztynowa, ciep\u0142a korzenna , drzewne<br \/>  <strong>Nuta serca:<\/strong> cedr, paczula, r\u00f3\u017ca<br \/>  <strong>Pojemno\u015b\u0107:<\/strong> 15<br \/>  <strong>Produkt rzadki:<\/strong> nie<br \/>  <strong>Pr\u00f3bka:<\/strong> nie<br \/>  <strong>P\u0142e\u0107:<\/strong> unisex<br \/>  <strong>Rodzaj:<\/strong> perfumy<br \/>  <strong>Tester:<\/strong> nie<br \/>  <strong>Zapach alternatywny:<\/strong> nie <\/p>\n","protected":false},"featured_media":41848,"comment_status":"open","ping_status":"closed","template":"","meta":{"_acf_changed":false},"kategoria-hurtowni":[87,88],"product_brand":[436],"product_cat":[76],"product_tag":[],"class_list":{"0":"post-41847","1":"product","2":"type-product","3":"status-publish","4":"has-post-thumbnail","6":"kategoria-hurtowni-perfumy","7":"kategoria-hurtowni-zapachy","8":"product_brand-al-haramain","9":"product_cat-primavera","11":"first","12":"outofstock","13":"taxable","14":"shipping-taxable","15":"product-type-simple"},"acf":[],"_links":{"self":[{"href":"https:\/\/premino.pl\/index.php?rest_route=\/wp\/v2\/product\/41847","targetHints":{"allow":["GET"]}}],"collection":[{"href":"https:\/\/premino.pl\/index.php?rest_route=\/wp\/v2\/product"}],"about":[{"href":"https:\/\/premino.pl\/index.php?rest_route=\/wp\/v2\/types\/product"}],"replies":[{"embeddable":true,"href":"https:\/\/premino.pl\/index.php?rest_route=%2Fwp%2Fv2%2Fcomments&post=41847"}],"wp:featuredmedia":[{"embeddable":true,"href":"https:\/\/premino.pl\/index.php?rest_route=\/wp\/v2\/media\/41848"}],"wp:attachment":[{"href":"https:\/\/premino.pl\/index.php?rest_route=%2Fwp%2Fv2%2Fmedia&parent=41847"}],"wp:term":[{"taxonomy":"kategoria-hurtowni","embeddable":true,"href":"https:\/\/premino.pl\/index.php?rest_route=%2Fwp%2Fv2%2Fkategoria-hurtowni&post=41847"},{"taxonomy":"product_brand","embeddable":true,"href":"https:\/\/premino.pl\/index.php?rest_route=%2Fwp%2Fv2%2Fproduct_brand&post=41847"},{"taxonomy":"product_cat","embeddable":true,"href":"https:\/\/premino.pl\/index.php?rest_route=%2Fwp%2Fv2%2Fproduct_cat&post=41847"},{"taxonomy":"product_tag","embeddable":true,"href":"https:\/\/premino.pl\/index.php?rest_route=%2Fwp%2Fv2%2Fproduct_tag&post=41847"}],"curies":[{"name":"wp","href":"https:\/\/api.w.org\/{rel}","templated":true}]}}