{"id":41849,"date":"2026-04-17T16:51:58","date_gmt":"2026-04-17T14:51:58","guid":{"rendered":"https:\/\/premino.pl\/produkt\/musk-olejek-perfumowany-15ml\/"},"modified":"2026-04-17T16:52:22","modified_gmt":"2026-04-17T14:52:22","slug":"musk-olejek-perfumowany-15ml","status":"publish","type":"product","link":"https:\/\/premino.pl\/?product=musk-olejek-perfumowany-15ml","title":{"rendered":"Musk olejek perfumowany 15ml"},"content":{"rendered":"<p>Musk to perfumowany olejek dla kobiet, kt\u00f3ry \u0142\u0105czy w sobie delikatno\u015b\u0107, \u015bwie\u017co\u015b\u0107 i zmys\u0142ow\u0105 g\u0142\u0119bi\u0119. Kompozycja ma subtelny, ale wyra\u017anie kobiecy charakter, idealny dla mi\u0142o\u015bniczek eleganckich i otulaj\u0105cych aromat\u00f3w.<\/p>\n<p><b>Nuty zapachowe:<br \/><\/b><br \/><b>Nuta g\u0142owy: <\/b>pi\u017cmo<br \/><b>Nuta serca: <\/b>nuty owocowe, nuty kwiatowe<br \/><b>Nuta bazy: <\/b>mi\u0119ta, wanilia<\/p>\n<p><strong>Gramatura:<\/strong> ml<br \/>\n<strong>Linia k\u0105pielowa:<\/strong> nie<br \/>\n<strong>Miniatura:<\/strong> nie<br \/>\n<strong>Nuta bazy:<\/strong> mi\u0119ta, wanilia<br \/>\n<strong>Nuta g\u0142owy:<\/strong> pi\u017cmo<br \/>\n<strong>Nuta g\u0142\u00f3wna:<\/strong> kwiatowe, pudrowe<br \/>\n<strong>Nuta serca:<\/strong> nuty kwiatowe, nuty owocowe<br \/>\n<strong>Pojemno\u015b\u0107:<\/strong> 15<br \/>\n<strong>Produkt rzadki:<\/strong> nie<br \/>\n<strong>Pr\u00f3bka:<\/strong> nie<br \/>\n<strong>P\u0142e\u0107:<\/strong> damski<br \/>\n<strong>Rodzaj:<\/strong> perfumy<br \/>\n<strong>Tester:<\/strong> nie<br \/>\n<strong>Zapach alternatywny:<\/strong> nie<\/p>\n<p><strong>Uwagi:<\/strong><\/p>\n<p>Nie stosowa\u0107 na podra\u017cnion\u0105 sk\u00f3r\u0119. Przechowywa\u0107 w miejscu niedost\u0119pnym dla dzieci. Przechowywa\u0107 z dala od bezpo\u015bredniego \u015bwiat\u0142a s\u0142onecznego.<\/p>\n<p><strong>Sk\u0142adniki:<\/strong><\/p>\n<p>Concentrated Pure Perfume Oil, Free From Alcohol, Limonene, Coumarin, Linalool, Citronellol, Geraniol, Citral, Cinnamal, Hydroxycitronellal, 3-Phenyl Prop-2-en-1-ol, Eugenol, Isoeugenol, Alpha Isomethyl Ionone, Amyl Cinnamal, 2-Benzylidene Heptanal, Benzyl Benzoate Extract, Prunus Amygdalus Dulcis Oil, Hexyl Cinnamal.<\/p>\n","protected":false},"excerpt":{"rendered":"<p> <strong>Gramatura:<\/strong> ml<br \/>  <strong>Linia k\u0105pielowa:<\/strong> nie<br \/>  <strong>Miniatura:<\/strong> nie<br \/>  <strong>Nuta bazy:<\/strong> mi\u0119ta, wanilia<br \/>  <strong>Nuta g\u0142owy:<\/strong> pi\u017cmo<br \/>  <strong>Nuta g\u0142\u00f3wna:<\/strong> kwiatowe, pudrowe<br \/>  <strong>Nuta serca:<\/strong> nuty kwiatowe, nuty owocowe<br \/>  <strong>Pojemno\u015b\u0107:<\/strong> 15<br \/>  <strong>Produkt rzadki:<\/strong> nie<br \/>  <strong>Pr\u00f3bka:<\/strong> nie<br \/>  <strong>P\u0142e\u0107:<\/strong> damski<br \/>  <strong>Rodzaj:<\/strong> perfumy<br \/>  <strong>Tester:<\/strong> nie<br \/>  <strong>Zapach alternatywny:<\/strong> nie <\/p>\n","protected":false},"featured_media":41850,"comment_status":"open","ping_status":"closed","template":"","meta":{"_acf_changed":false},"kategoria-hurtowni":[87,88],"product_brand":[436],"product_cat":[76],"product_tag":[],"class_list":{"0":"post-41849","1":"product","2":"type-product","3":"status-publish","4":"has-post-thumbnail","6":"kategoria-hurtowni-perfumy","7":"kategoria-hurtowni-zapachy","8":"product_brand-al-haramain","9":"product_cat-primavera","11":"first","12":"outofstock","13":"taxable","14":"shipping-taxable","15":"product-type-simple"},"acf":[],"_links":{"self":[{"href":"https:\/\/premino.pl\/index.php?rest_route=\/wp\/v2\/product\/41849","targetHints":{"allow":["GET"]}}],"collection":[{"href":"https:\/\/premino.pl\/index.php?rest_route=\/wp\/v2\/product"}],"about":[{"href":"https:\/\/premino.pl\/index.php?rest_route=\/wp\/v2\/types\/product"}],"replies":[{"embeddable":true,"href":"https:\/\/premino.pl\/index.php?rest_route=%2Fwp%2Fv2%2Fcomments&post=41849"}],"wp:featuredmedia":[{"embeddable":true,"href":"https:\/\/premino.pl\/index.php?rest_route=\/wp\/v2\/media\/41850"}],"wp:attachment":[{"href":"https:\/\/premino.pl\/index.php?rest_route=%2Fwp%2Fv2%2Fmedia&parent=41849"}],"wp:term":[{"taxonomy":"kategoria-hurtowni","embeddable":true,"href":"https:\/\/premino.pl\/index.php?rest_route=%2Fwp%2Fv2%2Fkategoria-hurtowni&post=41849"},{"taxonomy":"product_brand","embeddable":true,"href":"https:\/\/premino.pl\/index.php?rest_route=%2Fwp%2Fv2%2Fproduct_brand&post=41849"},{"taxonomy":"product_cat","embeddable":true,"href":"https:\/\/premino.pl\/index.php?rest_route=%2Fwp%2Fv2%2Fproduct_cat&post=41849"},{"taxonomy":"product_tag","embeddable":true,"href":"https:\/\/premino.pl\/index.php?rest_route=%2Fwp%2Fv2%2Fproduct_tag&post=41849"}],"curies":[{"name":"wp","href":"https:\/\/api.w.org\/{rel}","templated":true}]}}