{"id":41855,"date":"2026-04-17T16:51:58","date_gmt":"2026-04-17T14:51:58","guid":{"rendered":"https:\/\/premino.pl\/produkt\/madinah-olejek-perfumowany-15ml\/"},"modified":"2026-04-17T16:52:27","modified_gmt":"2026-04-17T14:52:27","slug":"madinah-olejek-perfumowany-15ml","status":"publish","type":"product","link":"https:\/\/premino.pl\/?product=madinah-olejek-perfumowany-15ml","title":{"rendered":"Madinah olejek perfumowany 15ml"},"content":{"rendered":"<p>Madinah zachwyca bogactwem nut i wielowymiarow\u0105 g\u0142\u0119bi\u0105. To zapach inspirowany elegancj\u0105 i tradycj\u0105 Orientu \u2013 wyrafinowany, intensywny, a jednocze\u015bnie harmonijny.<\/p>\n<p><b>Nuty zapachowe:<br \/><\/b><br \/><b>Nuta g\u0142owy: <\/b>r\u00f3\u017ca, geranium, davana, bergamotka, pomara\u0144cza<br \/><b>Nuta serca: <\/b>r\u00f3\u017ca, drzewo sanda\u0142owe, szafran, orchidea, ja\u015bmin, cedr, go\u017adzik (przyprawa)<br \/><b>Nuta bazy: <\/b>drzewo sanda\u0142owe, nuty kwiatowe, bursztyn, cedr, drewno kaszmirowe<\/p>\n<p><strong>Gramatura:<\/strong> ml<br \/>\n<strong>Linia k\u0105pielowa:<\/strong> nie<br \/>\n<strong>Miniatura:<\/strong> nie<br \/>\n<strong>Nuta bazy:<\/strong> bursztyn, cedr, drewno kaszmirowe, drzewo sanda\u0142owe, nuty kwiatowe<br \/>\n<strong>Nuta g\u0142owy:<\/strong> bergamotka, davana, geranium, pomara\u0144cza, r\u00f3\u017ca<br \/>\n<strong>Nuta g\u0142\u00f3wna:<\/strong> ciep\u0142a korzenna , kwiatowe, orientalne<br \/>\n<strong>Nuta serca:<\/strong> cedr, drzewo sanda\u0142owe, go\u017adzik (przyprawa), ja\u015bmin, orchidea, r\u00f3\u017ca, szafran<br \/>\n<strong>Pojemno\u015b\u0107:<\/strong> 15<br \/>\n<strong>Produkt rzadki:<\/strong> nie<br \/>\n<strong>Pr\u00f3bka:<\/strong> nie<br \/>\n<strong>P\u0142e\u0107:<\/strong> unisex<br \/>\n<strong>Rodzaj:<\/strong> perfumy<br \/>\n<strong>Tester:<\/strong> nie<br \/>\n<strong>Zapach alternatywny:<\/strong> nie<\/p>\n<p><strong>Uwagi:<\/strong><\/p>\n<p>Nie stosowa\u0107 na podra\u017cnion\u0105 sk\u00f3r\u0119. Przechowywa\u0107 w miejscu niedost\u0119pnym dla dzieci. Przechowywa\u0107 z dala od bezpo\u015bredniego \u015bwiat\u0142a s\u0142onecznego.<\/p>\n<p><strong>Sk\u0142adniki:<\/strong><\/p>\n<p>ALCOHOL DENAT, AQUA\/WATER\/EAU, PARFUM\/FRAGRANCE, ETHYLHEXYL METHOXYCINNAMATE, DIETHYLAMINO HYDROXYBENZOYL HEXYL BENZOATE, BUTYL METHOXYDIBENZOYLMETHANE, ETHYLHEXYL SALICYLATE, LIMONENE, LINALOOL, HYDROXYCITRONELLAL, CITRONELLOL, GERANIOL, CITRAL, BENZYL.<\/p>\n","protected":false},"excerpt":{"rendered":"<p> <strong>Gramatura:<\/strong> ml<br \/>  <strong>Linia k\u0105pielowa:<\/strong> nie<br \/>  <strong>Miniatura:<\/strong> nie<br \/>  <strong>Nuta bazy:<\/strong> bursztyn, cedr, drewno kaszmirowe, drzewo sanda\u0142owe, nuty kwiatowe<br \/>  <strong>Nuta g\u0142owy:<\/strong> bergamotka, davana, geranium, pomara\u0144cza, r\u00f3\u017ca<br \/>  <strong>Nuta g\u0142\u00f3wna:<\/strong> ciep\u0142a korzenna , kwiatowe, orientalne<br \/>  <strong>Nuta serca:<\/strong> cedr, drzewo sanda\u0142owe, go\u017adzik (przyprawa), ja\u015bmin, orchidea, r\u00f3\u017ca, szafran<br \/>  <strong>Pojemno\u015b\u0107:<\/strong> 15<br \/>  <strong>Produkt rzadki:<\/strong> nie<br \/>  <strong>Pr\u00f3bka:<\/strong> nie<br \/>  <strong>P\u0142e\u0107:<\/strong> unisex<br \/>  <strong>Rodzaj:<\/strong> perfumy<br \/>  <strong>Tester:<\/strong> nie<br \/>  <strong>Zapach alternatywny:<\/strong> nie <\/p>\n","protected":false},"featured_media":41856,"comment_status":"open","ping_status":"closed","template":"","meta":{"_acf_changed":false},"kategoria-hurtowni":[87,88],"product_brand":[436],"product_cat":[76],"product_tag":[],"class_list":{"0":"post-41855","1":"product","2":"type-product","3":"status-publish","4":"has-post-thumbnail","6":"kategoria-hurtowni-perfumy","7":"kategoria-hurtowni-zapachy","8":"product_brand-al-haramain","9":"product_cat-primavera","11":"first","12":"outofstock","13":"taxable","14":"shipping-taxable","15":"product-type-simple"},"acf":[],"_links":{"self":[{"href":"https:\/\/premino.pl\/index.php?rest_route=\/wp\/v2\/product\/41855","targetHints":{"allow":["GET"]}}],"collection":[{"href":"https:\/\/premino.pl\/index.php?rest_route=\/wp\/v2\/product"}],"about":[{"href":"https:\/\/premino.pl\/index.php?rest_route=\/wp\/v2\/types\/product"}],"replies":[{"embeddable":true,"href":"https:\/\/premino.pl\/index.php?rest_route=%2Fwp%2Fv2%2Fcomments&post=41855"}],"wp:featuredmedia":[{"embeddable":true,"href":"https:\/\/premino.pl\/index.php?rest_route=\/wp\/v2\/media\/41856"}],"wp:attachment":[{"href":"https:\/\/premino.pl\/index.php?rest_route=%2Fwp%2Fv2%2Fmedia&parent=41855"}],"wp:term":[{"taxonomy":"kategoria-hurtowni","embeddable":true,"href":"https:\/\/premino.pl\/index.php?rest_route=%2Fwp%2Fv2%2Fkategoria-hurtowni&post=41855"},{"taxonomy":"product_brand","embeddable":true,"href":"https:\/\/premino.pl\/index.php?rest_route=%2Fwp%2Fv2%2Fproduct_brand&post=41855"},{"taxonomy":"product_cat","embeddable":true,"href":"https:\/\/premino.pl\/index.php?rest_route=%2Fwp%2Fv2%2Fproduct_cat&post=41855"},{"taxonomy":"product_tag","embeddable":true,"href":"https:\/\/premino.pl\/index.php?rest_route=%2Fwp%2Fv2%2Fproduct_tag&post=41855"}],"curies":[{"name":"wp","href":"https:\/\/api.w.org\/{rel}","templated":true}]}}