{"id":41865,"date":"2026-04-17T16:52:31","date_gmt":"2026-04-17T14:52:31","guid":{"rendered":"https:\/\/premino.pl\/produkt\/badar-olejek-perfumowany-15ml\/"},"modified":"2026-04-17T16:52:36","modified_gmt":"2026-04-17T14:52:36","slug":"badar-olejek-perfumowany-15ml","status":"publish","type":"product","link":"https:\/\/premino.pl\/?product=badar-olejek-perfumowany-15ml","title":{"rendered":"Badar olejek perfumowany 15ml"},"content":{"rendered":"<p>Badar to elegancka i zmys\u0142owa kompozycja unisex o ciep\u0142ym, przyjemnym charakterze. Idealne dla os\u00f3b, kt\u00f3re lubi\u0105 zapachy z wyra\u017anym akcentem miodowej s\u0142odyczy i wyrafinowanymi kwiatowymi akordami.<\/p>\n<p><b>Nuty zapachowe:<br \/><\/b><br \/><b>Nuta g\u0142owy: <\/b>mi\u00f3d<br \/><b>Nuta serca: <\/b>r\u00f3\u017ca, lawenda, pi\u017cmo<br \/><b>Nuta bazy: <\/b>bursztyn, paczula<\/p>\n<p><strong>Gramatura:<\/strong> ml<br \/>\n<strong>Linia k\u0105pielowa:<\/strong> nie<br \/>\n<strong>Miniatura:<\/strong> nie<br \/>\n<strong>Nuta bazy:<\/strong> bursztyn, paczula<br \/>\n<strong>Nuta g\u0142owy:<\/strong> mi\u00f3d<br \/>\n<strong>Nuta g\u0142\u00f3wna:<\/strong> kwiatowe, s\u0142odka<br \/>\n<strong>Nuta serca:<\/strong> lawenda, pi\u017cmo, r\u00f3\u017ca<br \/>\n<strong>Pojemno\u015b\u0107:<\/strong> 15<br \/>\n<strong>Produkt rzadki:<\/strong> nie<br \/>\n<strong>Pr\u00f3bka:<\/strong> nie<br \/>\n<strong>P\u0142e\u0107:<\/strong> unisex<br \/>\n<strong>Rodzaj:<\/strong> perfumy<br \/>\n<strong>Tester:<\/strong> nie<br \/>\n<strong>Zapach alternatywny:<\/strong> nie<\/p>\n<p><strong>Uwagi:<\/strong><\/p>\n<p>Nie stosowa\u0107 na podra\u017cnion\u0105 sk\u00f3r\u0119. Przechowywa\u0107 w miejscu niedost\u0119pnym dla dzieci. Przechowywa\u0107 z dala od bezpo\u015bredniego \u015bwiat\u0142a s\u0142onecznego.<\/p>\n<p><strong>Sk\u0142adniki:<\/strong><\/p>\n<p>CONCENTRATED PERFUMED OIL, FRAGRANCE, BENZYL ALCOHOL \/PHENYL METH-1-OL, COUMARIN, ALPHA ISOMETHYL IONONE, FARNESOL.<\/p>\n","protected":false},"excerpt":{"rendered":"<p> <strong>Gramatura:<\/strong> ml<br \/>  <strong>Linia k\u0105pielowa:<\/strong> nie<br \/>  <strong>Miniatura:<\/strong> nie<br \/>  <strong>Nuta bazy:<\/strong> bursztyn, paczula<br \/>  <strong>Nuta g\u0142owy:<\/strong> mi\u00f3d<br \/>  <strong>Nuta g\u0142\u00f3wna:<\/strong> kwiatowe, s\u0142odka<br \/>  <strong>Nuta serca:<\/strong> lawenda, pi\u017cmo, r\u00f3\u017ca<br \/>  <strong>Pojemno\u015b\u0107:<\/strong> 15<br \/>  <strong>Produkt rzadki:<\/strong> nie<br \/>  <strong>Pr\u00f3bka:<\/strong> nie<br \/>  <strong>P\u0142e\u0107:<\/strong> unisex<br \/>  <strong>Rodzaj:<\/strong> perfumy<br \/>  <strong>Tester:<\/strong> nie<br \/>  <strong>Zapach alternatywny:<\/strong> nie <\/p>\n","protected":false},"featured_media":41866,"comment_status":"open","ping_status":"closed","template":"","meta":{"_acf_changed":false},"kategoria-hurtowni":[87,88],"product_brand":[436],"product_cat":[76],"product_tag":[],"class_list":{"0":"post-41865","1":"product","2":"type-product","3":"status-publish","4":"has-post-thumbnail","6":"kategoria-hurtowni-perfumy","7":"kategoria-hurtowni-zapachy","8":"product_brand-al-haramain","9":"product_cat-primavera","11":"first","12":"outofstock","13":"taxable","14":"shipping-taxable","15":"product-type-simple"},"acf":[],"_links":{"self":[{"href":"https:\/\/premino.pl\/index.php?rest_route=\/wp\/v2\/product\/41865","targetHints":{"allow":["GET"]}}],"collection":[{"href":"https:\/\/premino.pl\/index.php?rest_route=\/wp\/v2\/product"}],"about":[{"href":"https:\/\/premino.pl\/index.php?rest_route=\/wp\/v2\/types\/product"}],"replies":[{"embeddable":true,"href":"https:\/\/premino.pl\/index.php?rest_route=%2Fwp%2Fv2%2Fcomments&post=41865"}],"wp:featuredmedia":[{"embeddable":true,"href":"https:\/\/premino.pl\/index.php?rest_route=\/wp\/v2\/media\/41866"}],"wp:attachment":[{"href":"https:\/\/premino.pl\/index.php?rest_route=%2Fwp%2Fv2%2Fmedia&parent=41865"}],"wp:term":[{"taxonomy":"kategoria-hurtowni","embeddable":true,"href":"https:\/\/premino.pl\/index.php?rest_route=%2Fwp%2Fv2%2Fkategoria-hurtowni&post=41865"},{"taxonomy":"product_brand","embeddable":true,"href":"https:\/\/premino.pl\/index.php?rest_route=%2Fwp%2Fv2%2Fproduct_brand&post=41865"},{"taxonomy":"product_cat","embeddable":true,"href":"https:\/\/premino.pl\/index.php?rest_route=%2Fwp%2Fv2%2Fproduct_cat&post=41865"},{"taxonomy":"product_tag","embeddable":true,"href":"https:\/\/premino.pl\/index.php?rest_route=%2Fwp%2Fv2%2Fproduct_tag&post=41865"}],"curies":[{"name":"wp","href":"https:\/\/api.w.org\/{rel}","templated":true}]}}