{"id":41869,"date":"2026-04-17T16:52:31","date_gmt":"2026-04-17T14:52:31","guid":{"rendered":"https:\/\/premino.pl\/produkt\/kwas-hialuronowy-zel-do-twarzy-1-50ml\/"},"modified":"2026-04-17T16:52:39","modified_gmt":"2026-04-17T14:52:39","slug":"kwas-hialuronowy-zel-do-twarzy-1-50ml","status":"publish","type":"product","link":"https:\/\/premino.pl\/?product=kwas-hialuronowy-zel-do-twarzy-1-50ml","title":{"rendered":"Kwas hialuronowy \u017cel do twarzy 1% 50ml"},"content":{"rendered":"<p>1% roztw\u00f3r kwasu hialuronowego wielkocz\u0105steczkowego (HMW) w postaci \u017celu to aktywne odm\u0142adzaj\u0105ce serum doskona\u0142e do samodzielnego stosowania, jak i dodania do innych kosmetyk\u00f3w. Kwas hialuronowy wyr\u00f3\u017cnia si\u0119 doskona\u0142\u0105 zdolno\u015bci\u0105 wi\u0105zania i zatrzymywania wody w sk\u00f3rze, przez co wp\u0142ywa na b\u0142yskawiczn\u0105 popraw\u0119 j\u0119drno\u015bci i g\u0142adko\u015bci nask\u00f3rka.<\/p>\n<p><b>G\u0142\u00f3wne dzia\u0142anie:<br \/><\/b>\u2022 intensywnie nawil\u017ca i regeneruje sk\u00f3r\u0119<br \/>\u2022 widocznie poprawia j\u0119drno\u015b\u0107<br \/>\u2022 wype\u0142nia g\u0142\u0119bokie zmarszczki<\/p>\n<p>Kwas hialuronowy jest naturalnym sk\u0142adnikiem naszego organizmu &#8211; wyst\u0119puje m.in. w tkance \u0142\u0105cznej i naczyniach krwiono\u015bnych, a przede wszystkim w ludzkiej sk\u00f3rze. W wyniku procesu starzenia spada ilo\u015b\u0107 kwasu w organizmie, co uwidacznia si\u0119 poprzez post\u0119puj\u0105ce zwiotczenie sk\u00f3ry. Kwas hialuronowy dostarczony sk\u00f3rze w formie \u017celu tworzy niekomodogenny film na jej powierzchni, kt\u00f3ry znacz\u0105co podwy\u017csza wilgotno\u015b\u0107 warstwy rogowej nask\u00f3rka. Sk\u00f3ra bardzo szybko odzyskuje elastyczno\u015b\u0107 i jest odczuwalnie g\u0142adsza, a zmarszczki zostaj\u0105 widocznie sp\u0142ycone. Stan ten utrzymuje si\u0119 przez kolejne dni po zaprzestaniu piel\u0119gnacji kwasem hialuronowym. Kwas hialuronowy jest odpowiedni dla wszystkich typ\u00f3w cery. Polecany jest szczeg\u00f3lnie do piel\u0119gnacji sk\u00f3ry: wra\u017cliwej, dotkni\u0119tej egzem\u0105, \u0142uszczyc\u0105, a tak\u017ce ze sk\u0142onno\u015bci\u0105 do cellulitu i rozst\u0119p\u00f3w.<\/p>\n<p>Nie zapycha por\u00f3w, zatem mog\u0105 stosowa\u0107 go osoby o sk\u00f3rze t\u0142ustej i sk\u0142onnej do wyprysk\u00f3w.<\/p>\n<p>Kwas hialuronowy przyspiesza wzrost w\u0142os\u00f3w, dzia\u0142a na nie od\u017cywczo oraz regeneruj\u0105co.<\/p>\n<p>Stosowanie kwasu hialuronowego bardzo korzystnie wp\u0142ywa na przyswajanie substancji czynnych z innych kosmetyk\u00f3w.<\/p>\n<p>Wielko\u015b\u0107 cz\u0105steczek: 1,0 &#8211; 1,8 MDa<br \/>pH 6-7<\/p>\n<p>\u017bel hialuronowy zamkni\u0119ty jest w praktycznej buteleczce z ciemnego szk\u0142a. Zaopatrzona jest w pipet\u0119, kt\u00f3ra u\u0142atwia precyzyjn\u0105 aplikacj\u0119.<\/p>\n<p>Roztw\u00f3r uzyskany ze sproszkowanego kwasu hialuronowego pochodzenia biotechnologicznego. Kwas hialuronowy nie jest kwasem z\u0142uszczaj\u0105cym, dlatego nie wymaga ponadprzeci\u0119tnej ochrony przeciws\u0142onecznej. Przed zastosowaniem zalecane jest wykonanie testu alergicznego na ma\u0142ym fragmencie sk\u00f3ry.<\/p>\n<p><b>Zastosowanie:<br \/><\/b>Optymalna temperatura przechowywania: 5-25\u00b0C. Trzyma\u0107 z dala od \u017ar\u00f3de\u0142 \u015bwiat\u0142a.<\/p>\n<p><b>Jako samodzielny nawil\u017cacz:<\/b><br \/>Kwas hialuronowy w \u017celu nale\u017cy aplikowa\u0107 na wilgotn\u0105 sk\u00f3r\u0119. Przed na\u0142o\u017ceniem \u017celu mo\u017cna spryska\u0107 sk\u00f3r\u0119 hydrolatem. \u017bel wklepujemy delikatnie w sk\u00f3r\u0119 twarzy, okolice oczu, szyj\u0119 i dekolt. Przy bezpo\u015brednim stosowaniu mo\u017cliwe wra\u017cenie lekkiego filmu na powierzchni sk\u00f3ry.<\/p>\n<p><b>Z olejem:<\/b><br \/>1. spos\u00f3b<br \/>W zag\u0142\u0119bieniu d\u0142oni nale\u017cy wymiesza\u0107 porcj\u0119 kwasu hialuronowego z kilkoma kroplami oleju, a nast\u0119pnie delikatnie wmasowa\u0107 w sk\u00f3r\u0119. Proporcja zale\u017cy od indywidualnych potrzeb sk\u00f3ry. W przypadku cery suchej nale\u017cy doda\u0107 wi\u0119cej oleju.<br \/>2. spos\u00f3b<br \/>Wmasowa\u0107 w sk\u00f3r\u0119 kilka kropli oleju, odczeka\u0107 od kilku do kilkunastu minut i na\u0142o\u017cy\u0107 porcj\u0119 kwasu hialuronowego.<\/p>\n<p><b>Z kremem:<\/b><br \/>Kwas hialuronowy dodany do kremu zwi\u0119ksza jego w\u0142a\u015bciwo\u015bci nawil\u017caj\u0105ce. W zag\u0142\u0119bieniu d\u0142oni po\u0142\u0105czy\u0107 krem z porcj\u0105 kwasu, delikatnie wklepa\u0107 w sk\u00f3r\u0119. W przypadku cery t\u0142ustej dodatek kwasu do kremu zmniejsza zapychanie por\u00f3w.<\/p>\n<p><b>Do rozrabiania maseczek w proszku:<\/b><br \/>Wod\u0119 lub hydrolat do rozrobienia maseczki mo\u017cna w ca\u0142o\u015bci lub cz\u0119\u015bci zast\u0105pi\u0107 \u017celem hialuronowym.<\/p>\n<p><b>Jako preparat \u0142agodz\u0105cy i przyspieszaj\u0105cy regeneracj\u0119 sk\u00f3ry:<\/b><br \/>Skutecznie koi podra\u017cnienia sk\u00f3ry np. spowodowane opalaniem. Kwas mo\u017cna doda\u0107 do innego kosmetyku o w\u0142a\u015bciwo\u015bciach \u0142agodz\u0105cych np. \u017celu aloesowego.<\/p>\n<p><b>Dodatek wzmacniaj\u0105cy dzia\u0142anie kosmetyk\u00f3w:<\/b><br \/>&#8211; szampon\u00f3w i od\u017cywek do w\u0142os\u00f3w<br \/>&#8211; balsam\u00f3w do cia\u0142a<br \/>&#8211; krem\u00f3w do r\u0105k<\/p>\n<p>Nawil\u017caj\u0105ce serum na ko\u0144c\u00f3wki w\u0142os\u00f3w bez sp\u0142ukiwania.<\/p>\n<p><strong>Dzia\u0142anie:<\/strong> nawil\u017caj\u0105ce, redukuje zmarszczki, regeneruje, wyg\u0142adza<br \/>\n<strong>Gramatura:<\/strong> ml<br \/>\n<strong>Konsystencja:<\/strong> \u017cel<br \/>\n<strong>Linie elitarne:<\/strong> nie<br \/>\n<strong>Piel\u0119gnacja specyficzna:<\/strong> serum<br \/>\n<strong>Pojemno\u015b\u0107:<\/strong> 50<br \/>\n<strong>Pora stosowania:<\/strong> dowolnie<br \/>\n<strong>P\u0142e\u0107:<\/strong> damski<br \/>\n<strong>Rodzaj sk\u00f3ry:<\/strong> wra\u017cliwa<br \/>\n<strong>S\u0142o\u0144ce:<\/strong> nie<br \/>\n<strong>Typ sk\u00f3ry:<\/strong> normalna, sucha<\/p>\n<p><strong>Uwagi:<\/strong><\/p>\n<p>Unika\u0107 kontaktu z oczami.<\/p>\n<p><strong>Sk\u0142adniki:<\/strong><\/p>\n<p>Aqua ad 100%, Sodium Hyaluronate 1%, Pheonoxyethanol, Ethylexhylglycerin.<\/p>\n","protected":false},"excerpt":{"rendered":"<p> <strong>Dzia\u0142anie:<\/strong> nawil\u017caj\u0105ce, redukuje zmarszczki, regeneruje, wyg\u0142adza<br \/>  <strong>Gramatura:<\/strong> ml<br \/>  <strong>Konsystencja:<\/strong> \u017cel<br \/>  <strong>Linie elitarne:<\/strong> nie<br \/>  <strong>Piel\u0119gnacja specyficzna:<\/strong> serum<br \/>  <strong>Pojemno\u015b\u0107:<\/strong> 50<br \/>  <strong>Pora stosowania:<\/strong> dowolnie<br \/>  <strong>P\u0142e\u0107:<\/strong> damski<br \/>  <strong>Rodzaj sk\u00f3ry:<\/strong> wra\u017cliwa<br \/>  <strong>S\u0142o\u0144ce:<\/strong> nie<br \/>  <strong>Typ sk\u00f3ry:<\/strong> normalna, sucha <\/p>\n","protected":false},"featured_media":41870,"comment_status":"open","ping_status":"closed","template":"","meta":{"_acf_changed":false},"kategoria-hurtowni":[100,101,102],"product_brand":[408],"product_cat":[76],"product_tag":[],"class_list":{"0":"post-41869","1":"product","2":"type-product","3":"status-publish","4":"has-post-thumbnail","6":"kategoria-hurtowni-eco-bio","7":"kategoria-hurtowni-pielegnacja-twarzy","8":"kategoria-hurtowni-twarz","9":"product_brand-mohani","10":"product_cat-primavera","12":"first","13":"outofstock","14":"taxable","15":"shipping-taxable","16":"product-type-simple"},"acf":[],"_links":{"self":[{"href":"https:\/\/premino.pl\/index.php?rest_route=\/wp\/v2\/product\/41869","targetHints":{"allow":["GET"]}}],"collection":[{"href":"https:\/\/premino.pl\/index.php?rest_route=\/wp\/v2\/product"}],"about":[{"href":"https:\/\/premino.pl\/index.php?rest_route=\/wp\/v2\/types\/product"}],"replies":[{"embeddable":true,"href":"https:\/\/premino.pl\/index.php?rest_route=%2Fwp%2Fv2%2Fcomments&post=41869"}],"wp:featuredmedia":[{"embeddable":true,"href":"https:\/\/premino.pl\/index.php?rest_route=\/wp\/v2\/media\/41870"}],"wp:attachment":[{"href":"https:\/\/premino.pl\/index.php?rest_route=%2Fwp%2Fv2%2Fmedia&parent=41869"}],"wp:term":[{"taxonomy":"kategoria-hurtowni","embeddable":true,"href":"https:\/\/premino.pl\/index.php?rest_route=%2Fwp%2Fv2%2Fkategoria-hurtowni&post=41869"},{"taxonomy":"product_brand","embeddable":true,"href":"https:\/\/premino.pl\/index.php?rest_route=%2Fwp%2Fv2%2Fproduct_brand&post=41869"},{"taxonomy":"product_cat","embeddable":true,"href":"https:\/\/premino.pl\/index.php?rest_route=%2Fwp%2Fv2%2Fproduct_cat&post=41869"},{"taxonomy":"product_tag","embeddable":true,"href":"https:\/\/premino.pl\/index.php?rest_route=%2Fwp%2Fv2%2Fproduct_tag&post=41869"}],"curies":[{"name":"wp","href":"https:\/\/api.w.org\/{rel}","templated":true}]}}