{"id":41979,"date":"2026-04-17T16:53:58","date_gmt":"2026-04-17T14:53:58","guid":{"rendered":"https:\/\/premino.pl\/produkt\/buongiorno-dyfuzor-zapachowy-z-patyczkami-180ml\/"},"modified":"2026-04-17T16:54:00","modified_gmt":"2026-04-17T14:54:00","slug":"buongiorno-dyfuzor-zapachowy-z-patyczkami-180ml","status":"publish","type":"product","link":"https:\/\/premino.pl\/?product=buongiorno-dyfuzor-zapachowy-z-patyczkami-180ml","title":{"rendered":"Buongiorno dyfuzor zapachowy z patyczkami 180ml"},"content":{"rendered":"<p><b>Wprowad\u017a \u015bwie\u017c\u0105 atmosfer\u0119 w\u0142oskiej wsi do swojego domu dzi\u0119ki dyfuzorowi Buongiorno.<br \/><\/b>Niech zmys\u0142owe, a zarazem \u015bwie\u017ce zapachy pobudz\u0105 Twoje zmys\u0142y ka\u017cdego dnia. Gdy pierwsze promienie porannego s\u0142o\u0144ca przenikaj\u0105 przez okno, wiatr niesie ze sob\u0105 nuty zielonych aromat\u00f3w, kt\u00f3re przypominaj\u0105 o pi\u0119knie w\u0142oskiej wsi. \u015awie\u017co skoszona trawa i suszony na s\u0142o\u0144cu len wprowadzaj\u0105 powiew \u015bwie\u017co\u015bci i prostoty, a naturalne nuty drzewne nadaj\u0105 zapachowi ciep\u0142a, komfortu i harmonii.<b><\/b><\/p>\n<p><b>Czas trwania:\u00a0<\/b>10-12 tygodni<\/p>\n<p><b>Nuty zapachowe:<\/b><\/p>\n<p><b>Nuta g\u0142owy:\u00a0<\/b>spearmint, bazylia, cytryna, petitgrain, rozmaryn<br \/><b>Nuta serca:\u00a0<\/b>li\u015b\u0107 mandarynki, dzika lawenda<br \/><b>Nuta bazy:\u00a0<\/b>bia\u0142e pi\u017cmo, cedr, bursztyn<\/p>\n<p><strong>Gramatura:<\/strong> ml<br \/>\n<strong>Linia k\u0105pielowa:<\/strong> nie<br \/>\n<strong>Nuta bazy:<\/strong> bia\u0142e pi\u017cmo, bursztyn, cedr<br \/>\n<strong>Nuta g\u0142owy:<\/strong> bazylia, cytryna, petitgrain, rozmaryn, spearmint<br \/>\n<strong>Nuta g\u0142\u00f3wna:<\/strong> aromatyczne, cytrusowe<br \/>\n<strong>Nuta serca:<\/strong> dzika lawenda, li\u015b\u0107 mandarynki<br \/>\n<strong>Pojemno\u015b\u0107:<\/strong> 180<br \/>\n<strong>P\u0142e\u0107:<\/strong> unisex<\/p>\n<p><strong>Uwagi:<\/strong><\/p>\n<p>WA\u017bNE \u2013 \u015aRODKI OSTRO\u017bNO\u015aCI DOTYCZ\u0104CE STOSOWANIA: zalecenia: Odkr\u0119\u0107 nakr\u0119tk\u0119 i zdejmij wewn\u0119trzn\u0105 p\u0142ytk\u0119. Za\u0142\u00f3\u017c z powrotem nakr\u0119tk\u0119 i w\u0142\u00f3\u017c trzcinowe patyczki do butelki. Przy pierwszym u\u017cyciu konieczne jest namoczenie patyczk\u00f3w przez dwadzie\u015bcia cztery godziny przed ich obr\u00f3ceniem. Cz\u0119stotliwo\u015b\u0107, z jak\u0105 niekt\u00f3re lub wszystkie patyczki s\u0105 odwracane, decyduje o intensywno\u015bci zapachu: im cz\u0119\u015bciej s\u0105 odwracane, tym wi\u0119ksza intensywno\u015b\u0107. Je\u015bli dyfuzja jest zbyt intensywna, dostosuj j\u0105, wyjmuj\u0105c kilka patyczk\u00f3w, a\u017c do osi\u0105gni\u0119cia po\u017c\u0105danego poziomu. Aby przed\u0142u\u017cy\u0107 czas trwania zapachu, zaleca si\u0119 unikanie wysokich temperatur, bezpo\u015bredniego \u015bwiat\u0142a s\u0142onecznego i intensywnej cyrkulacji powietrza, kt\u00f3re mog\u0105 przyspieszy\u0107 parowanie. Umie\u015b\u0107 dyfuzor zapachowy na p\u0142askiej powierzchni, gdzie nie b\u0119dzie nara\u017cony na wilgo\u0107. Przechowywa\u0107 w miejscu niedost\u0119pnym dla dzieci i zwierz\u0105t domowych. Przechowywa\u0107 z dala od ciep\u0142a, gor\u0105cych powierzchni, iskier, otwartego ognia i innych \u017ar\u00f3de\u0142 zap\u0142onu. Koncentrat zapachowy zawiera naturalne surowce, dlatego jego kolor mo\u017ce nieznacznie zmieni\u0107 si\u0119 z czasem, bez uszczerbku dla jego w\u0142a\u015bciwo\u015bci zapachowych. Po kontakcie z patyczkami rattanowymi zaleca si\u0119 umycie r\u0105k czyst\u0105 wod\u0105 z myd\u0142em. Wysoce \u0142atwopalna ciecz i opary.<\/p>\n<p><strong>Sk\u0142adniki:<\/strong><\/p>\n<p>olejki aromatyczne<\/p>\n","protected":false},"excerpt":{"rendered":"<p> <strong>Gramatura:<\/strong> ml<br \/>  <strong>Linia k\u0105pielowa:<\/strong> nie<br \/>  <strong>Nuta bazy:<\/strong> bia\u0142e pi\u017cmo, bursztyn, cedr<br \/>  <strong>Nuta g\u0142owy:<\/strong> bazylia, cytryna, petitgrain, rozmaryn, spearmint<br \/>  <strong>Nuta g\u0142\u00f3wna:<\/strong> aromatyczne, cytrusowe<br \/>  <strong>Nuta serca:<\/strong> dzika lawenda, li\u015b\u0107 mandarynki<br \/>  <strong>Pojemno\u015b\u0107:<\/strong> 180<br \/>  <strong>P\u0142e\u0107:<\/strong> unisex <\/p>\n","protected":false},"featured_media":41980,"comment_status":"open","ping_status":"closed","template":"","meta":{"_acf_changed":false},"kategoria-hurtowni":[120,87],"product_brand":[354],"product_cat":[76],"product_tag":[],"class_list":{"0":"post-41979","1":"product","2":"type-product","3":"status-publish","4":"has-post-thumbnail","6":"kategoria-hurtowni-linia-kapielowa","7":"kategoria-hurtowni-perfumy","8":"product_brand-acqua-di-parma","9":"product_cat-primavera","11":"first","12":"outofstock","13":"taxable","14":"shipping-taxable","15":"product-type-simple"},"acf":[],"_links":{"self":[{"href":"https:\/\/premino.pl\/index.php?rest_route=\/wp\/v2\/product\/41979","targetHints":{"allow":["GET"]}}],"collection":[{"href":"https:\/\/premino.pl\/index.php?rest_route=\/wp\/v2\/product"}],"about":[{"href":"https:\/\/premino.pl\/index.php?rest_route=\/wp\/v2\/types\/product"}],"replies":[{"embeddable":true,"href":"https:\/\/premino.pl\/index.php?rest_route=%2Fwp%2Fv2%2Fcomments&post=41979"}],"wp:featuredmedia":[{"embeddable":true,"href":"https:\/\/premino.pl\/index.php?rest_route=\/wp\/v2\/media\/41980"}],"wp:attachment":[{"href":"https:\/\/premino.pl\/index.php?rest_route=%2Fwp%2Fv2%2Fmedia&parent=41979"}],"wp:term":[{"taxonomy":"kategoria-hurtowni","embeddable":true,"href":"https:\/\/premino.pl\/index.php?rest_route=%2Fwp%2Fv2%2Fkategoria-hurtowni&post=41979"},{"taxonomy":"product_brand","embeddable":true,"href":"https:\/\/premino.pl\/index.php?rest_route=%2Fwp%2Fv2%2Fproduct_brand&post=41979"},{"taxonomy":"product_cat","embeddable":true,"href":"https:\/\/premino.pl\/index.php?rest_route=%2Fwp%2Fv2%2Fproduct_cat&post=41979"},{"taxonomy":"product_tag","embeddable":true,"href":"https:\/\/premino.pl\/index.php?rest_route=%2Fwp%2Fv2%2Fproduct_tag&post=41979"}],"curies":[{"name":"wp","href":"https:\/\/api.w.org\/{rel}","templated":true}]}}