{"id":41989,"date":"2026-04-17T16:53:58","date_gmt":"2026-04-17T14:53:58","guid":{"rendered":"https:\/\/premino.pl\/produkt\/blu-mediterraneo-arancia-di-capri-dyfuzor-zapachowy-z-patyczkami-180ml\/"},"modified":"2026-04-17T16:54:06","modified_gmt":"2026-04-17T14:54:06","slug":"blu-mediterraneo-arancia-di-capri-dyfuzor-zapachowy-z-patyczkami-180ml","status":"publish","type":"product","link":"https:\/\/premino.pl\/?product=blu-mediterraneo-arancia-di-capri-dyfuzor-zapachowy-z-patyczkami-180ml","title":{"rendered":"Blu Mediterraneo Arancia Di Capri dyfuzor zapachowy z patyczkami 180ml"},"content":{"rendered":"<p>Dyfuzor Blu Mediterraneo Arancia di Capri to zapach inspirowany s\u0142onecznym wybrze\u017cem Capri \u2013 lekki, promienny i pe\u0142en \u015br\u00f3dziemnomorskiej energii.<\/p>\n<p><b>Czas trwania:\u00a0<\/b>10-12 tygodni<\/p>\n<p><b><\/b><\/p>\n<p><b>Nuty zapachowe:<\/b><\/p>\n<\/p>\n<p><b>Nuta g\u0142owy:\u00a0<\/b>pomara\u0144cza, cytryna, bergamotka, sycylijska mandarynka<br \/><b>Nuta serca:\u00a0<\/b>petitgrain, kardamon<br \/><b>Nuta bazy:\u00a0<\/b>pi\u017cmo, karmel<\/p>\n<p><strong>Dla dzieci:<\/strong> Nie<br \/>\n<strong>Gramatura:<\/strong> ml<br \/>\n<strong>Nuta bazy:<\/strong> karmel, pi\u017cmo<br \/>\n<strong>Nuta g\u0142owy:<\/strong> bergamotka, cytryna, pomara\u0144cza, sycylijska mandarynka<br \/>\n<strong>Nuta g\u0142\u00f3wna:<\/strong> aromatyczne, owocowe<br \/>\n<strong>Nuta serca:<\/strong> kardamon, petitgrain<br \/>\n<strong>Pojemno\u015b\u0107:<\/strong> 180<br \/>\n<strong>P\u0142e\u0107:<\/strong> unisex<\/p>\n<p><strong>Uwagi:<\/strong><\/p>\n<p>Produkt przechowywa\u0107 z dala od ognia i \u017ar\u00f3de\u0142 ciep\u0142a. Trzyma\u0107 w miejscu niedost\u0119pnym dla dzieci. Nie stosowa\u0107 na podra\u017cnion\u0105 lub uszkodzon\u0105 sk\u00f3r\u0119. Unika\u0107 kontaktu z oczami.<\/p>\n<p><strong>Sk\u0142adniki:<\/strong><\/p>\n<p>olejki aromatyczne<\/p>\n","protected":false},"excerpt":{"rendered":"<p> <strong>Dla dzieci:<\/strong> Nie<br \/>  <strong>Gramatura:<\/strong> ml<br \/>  <strong>Nuta bazy:<\/strong> karmel, pi\u017cmo<br \/>  <strong>Nuta g\u0142owy:<\/strong> bergamotka, cytryna, pomara\u0144cza, sycylijska mandarynka<br \/>  <strong>Nuta g\u0142\u00f3wna:<\/strong> aromatyczne, owocowe<br \/>  <strong>Nuta serca:<\/strong> kardamon, petitgrain<br \/>  <strong>Pojemno\u015b\u0107:<\/strong> 180<br \/>  <strong>P\u0142e\u0107:<\/strong> unisex <\/p>\n","protected":false},"featured_media":41990,"comment_status":"open","ping_status":"closed","template":"","meta":{"_acf_changed":false},"kategoria-hurtowni":[120,87],"product_brand":[354],"product_cat":[76],"product_tag":[],"class_list":{"0":"post-41989","1":"product","2":"type-product","3":"status-publish","4":"has-post-thumbnail","6":"kategoria-hurtowni-linia-kapielowa","7":"kategoria-hurtowni-perfumy","8":"product_brand-acqua-di-parma","9":"product_cat-primavera","11":"first","12":"outofstock","13":"taxable","14":"shipping-taxable","15":"product-type-simple"},"acf":[],"_links":{"self":[{"href":"https:\/\/premino.pl\/index.php?rest_route=\/wp\/v2\/product\/41989","targetHints":{"allow":["GET"]}}],"collection":[{"href":"https:\/\/premino.pl\/index.php?rest_route=\/wp\/v2\/product"}],"about":[{"href":"https:\/\/premino.pl\/index.php?rest_route=\/wp\/v2\/types\/product"}],"replies":[{"embeddable":true,"href":"https:\/\/premino.pl\/index.php?rest_route=%2Fwp%2Fv2%2Fcomments&post=41989"}],"wp:featuredmedia":[{"embeddable":true,"href":"https:\/\/premino.pl\/index.php?rest_route=\/wp\/v2\/media\/41990"}],"wp:attachment":[{"href":"https:\/\/premino.pl\/index.php?rest_route=%2Fwp%2Fv2%2Fmedia&parent=41989"}],"wp:term":[{"taxonomy":"kategoria-hurtowni","embeddable":true,"href":"https:\/\/premino.pl\/index.php?rest_route=%2Fwp%2Fv2%2Fkategoria-hurtowni&post=41989"},{"taxonomy":"product_brand","embeddable":true,"href":"https:\/\/premino.pl\/index.php?rest_route=%2Fwp%2Fv2%2Fproduct_brand&post=41989"},{"taxonomy":"product_cat","embeddable":true,"href":"https:\/\/premino.pl\/index.php?rest_route=%2Fwp%2Fv2%2Fproduct_cat&post=41989"},{"taxonomy":"product_tag","embeddable":true,"href":"https:\/\/premino.pl\/index.php?rest_route=%2Fwp%2Fv2%2Fproduct_tag&post=41989"}],"curies":[{"name":"wp","href":"https:\/\/api.w.org\/{rel}","templated":true}]}}