{"id":42468,"date":"2026-04-17T17:00:44","date_gmt":"2026-04-17T15:00:44","guid":{"rendered":"https:\/\/premino.pl\/produkt\/men-sensitive-lagodzacy-balsam-po-goleniu-100ml\/"},"modified":"2026-04-17T17:00:55","modified_gmt":"2026-04-17T15:00:55","slug":"men-sensitive-lagodzacy-balsam-po-goleniu-100ml","status":"publish","type":"product","link":"https:\/\/premino.pl\/?product=men-sensitive-lagodzacy-balsam-po-goleniu-100ml","title":{"rendered":"Men Sensitive \u0142agodz\u0105cy balsam po goleniu 100ml"},"content":{"rendered":"<p>\u0141agodz\u0105cy balsam po goleniu\u00a0NIVEA\u00a0MEN\u00a0Sensitive\u00a0przynosi wra\u017cliwej sk\u00f3rze twarzy natychmiastow\u0105 ulg\u0119 po goleniu, przywracaj\u0105c jej komfort i w\u0142a\u015bciwy poziom nawil\u017cenia. Jego delikatna dla sk\u00f3ry, bezalkoholowa* formu\u0142a niezwykle szybko neutralizuje uczucie pieczenia po goleniu, skutecznie \u0142agodzi podra\u017cnienia, redukuje zaczerwienienia i widocznie poprawia kondycj\u0119 sk\u00f3ry twarzy. W efekcie sk\u00f3ra wygl\u0105da zdrowo i jest g\u0142adka w dotyku. Lekka konsystencja balsamu do golenia nie pozostawia na sk\u00f3rze t\u0142ustej, nieprzyjemnej warstwy oraz szybko si\u0119 wch\u0142ania, dla natychmiastowego uczucia ulgi. Teraz w specjalnej, pi\u0142karskiej buteleczce! <\/p>\n<p>*bez alkoholu etylowego<\/p>\n<p>\u2022 Bezalkoholowa* formu\u0142a<br \/>\u2022 Natychmiastowa ulga przed podra\u017cnieniami<br \/>\u2022\u00a024h nawil\u017cenia<br \/>\u2022\u00a0Poprawia kondycj\u0119 sk\u00f3ry twarzy<br \/>\u2022\u00a0Tolerancja dla sk\u00f3ry potwierdzona dermatologicznie w\u015br\u00f3d m\u0119\u017cczyzn o wra\u017cliwej sk\u00f3rze<\/p>\n<p><strong>Dzia\u0142anie:<\/strong> nawil\u017caj\u0105ce, po goleniu, \u0142agodzi podra\u017cnienia<br \/>\n<strong>Gramatura:<\/strong> ml<br \/>\n<strong>Konsystencja:<\/strong> balsam<br \/>\n<strong>Linie elitarne:<\/strong> nie<br \/>\n<strong>Piel\u0119gnacja specyficzna:<\/strong> nie<br \/>\n<strong>Pojemno\u015b\u0107:<\/strong> 100<br \/>\n<strong>Pora stosowania:<\/strong> dowolnie<br \/>\n<strong>P\u0142e\u0107:<\/strong> m\u0119ski<br \/>\n<strong>Rodzaj sk\u00f3ry:<\/strong> wra\u017cliwa<br \/>\n<strong>S\u0142o\u0144ce:<\/strong> nie<br \/>\n<strong>Typ sk\u00f3ry:<\/strong> mieszana\/t\u0142usta, normalna, sucha<\/p>\n<p><strong>Uwagi:<\/strong><\/p>\n<p>Unika\u0107 kontaktu z oczami.<\/p>\n<p><strong>Sk\u0142adniki:<\/strong><\/p>\n<p>Aqua, Glycerin, Isopropyl Palmitate, Panthenol, Tocopheryl Acetate, Chamomilla Recutita Flower Extract, Tapioca Starch, Triceteareth-4 Phosphate, Carbomer, Maltodextrin, Sodium\u00a0Hydroxide, Pantolactone, Citric Acid, Phenoxyethanol, Piroctone Olamine, Trimethylbenzenepropanol, Pogostemon Cablin Oil, Amyl Salicylate, Parfum<\/p>\n","protected":false},"excerpt":{"rendered":"<p> <strong>Dzia\u0142anie:<\/strong> nawil\u017caj\u0105ce, po goleniu, \u0142agodzi podra\u017cnienia<br \/>  <strong>Gramatura:<\/strong> ml<br \/>  <strong>Konsystencja:<\/strong> balsam<br \/>  <strong>Linie elitarne:<\/strong> nie<br \/>  <strong>Piel\u0119gnacja specyficzna:<\/strong> nie<br \/>  <strong>Pojemno\u015b\u0107:<\/strong> 100<br \/>  <strong>Pora stosowania:<\/strong> dowolnie<br \/>  <strong>P\u0142e\u0107:<\/strong> m\u0119ski<br \/>  <strong>Rodzaj sk\u00f3ry:<\/strong> wra\u017cliwa<br \/>  <strong>S\u0142o\u0144ce:<\/strong> nie<br \/>  <strong>Typ sk\u00f3ry:<\/strong> mieszana\/t\u0142usta, normalna, sucha <\/p>\n","protected":false},"featured_media":42469,"comment_status":"open","ping_status":"closed","template":"","meta":{"_acf_changed":false},"kategoria-hurtowni":[90,109,110],"product_brand":[92],"product_cat":[76],"product_tag":[],"class_list":{"0":"post-42468","1":"product","2":"type-product","3":"status-publish","4":"has-post-thumbnail","6":"kategoria-hurtowni-pielegnacja","7":"kategoria-hurtowni-pielegnacja-twarzy-pielegnacja","8":"kategoria-hurtowni-twarz-pielegnacja-twarzy-pielegnacja","9":"product_brand-nivea","10":"product_cat-primavera","12":"first","13":"outofstock","14":"taxable","15":"shipping-taxable","16":"product-type-simple"},"acf":[],"_links":{"self":[{"href":"https:\/\/premino.pl\/index.php?rest_route=\/wp\/v2\/product\/42468","targetHints":{"allow":["GET"]}}],"collection":[{"href":"https:\/\/premino.pl\/index.php?rest_route=\/wp\/v2\/product"}],"about":[{"href":"https:\/\/premino.pl\/index.php?rest_route=\/wp\/v2\/types\/product"}],"replies":[{"embeddable":true,"href":"https:\/\/premino.pl\/index.php?rest_route=%2Fwp%2Fv2%2Fcomments&post=42468"}],"wp:featuredmedia":[{"embeddable":true,"href":"https:\/\/premino.pl\/index.php?rest_route=\/wp\/v2\/media\/42469"}],"wp:attachment":[{"href":"https:\/\/premino.pl\/index.php?rest_route=%2Fwp%2Fv2%2Fmedia&parent=42468"}],"wp:term":[{"taxonomy":"kategoria-hurtowni","embeddable":true,"href":"https:\/\/premino.pl\/index.php?rest_route=%2Fwp%2Fv2%2Fkategoria-hurtowni&post=42468"},{"taxonomy":"product_brand","embeddable":true,"href":"https:\/\/premino.pl\/index.php?rest_route=%2Fwp%2Fv2%2Fproduct_brand&post=42468"},{"taxonomy":"product_cat","embeddable":true,"href":"https:\/\/premino.pl\/index.php?rest_route=%2Fwp%2Fv2%2Fproduct_cat&post=42468"},{"taxonomy":"product_tag","embeddable":true,"href":"https:\/\/premino.pl\/index.php?rest_route=%2Fwp%2Fv2%2Fproduct_tag&post=42468"}],"curies":[{"name":"wp","href":"https:\/\/api.w.org\/{rel}","templated":true}]}}