{"id":42474,"date":"2026-04-17T17:00:44","date_gmt":"2026-04-17T15:00:44","guid":{"rendered":"https:\/\/premino.pl\/produkt\/intensive-moisture-intensywnie-nawilzajacy-krem-do-rak-100ml\/"},"modified":"2026-04-17T17:00:59","modified_gmt":"2026-04-17T15:00:59","slug":"intensive-moisture-intensywnie-nawilzajacy-krem-do-rak-100ml","status":"publish","type":"product","link":"https:\/\/premino.pl\/?product=intensive-moisture-intensywnie-nawilzajacy-krem-do-rak-100ml","title":{"rendered":"Intensive Moisture intensywnie nawil\u017caj\u0105cy krem do r\u0105k 100ml"},"content":{"rendered":"<p>NIVEA Intensive Moisture Krem do r\u0105k to produkt o bogatej konsystencji przystosowany do sk\u00f3ry suchej.<br \/>Po\u017cegnaj si\u0119 z such\u0105 sk\u00f3r\u0105 d\u0142oni raz na zawsze! Intensywnie nawil\u017caj\u0105cy krem do r\u0105k z naturalnym olejkiem migda\u0142owym i mas\u0142em shea chroni Twoje d\u0142onie i dba o nie ka\u017cdego dnia! Zapewni swoim d\u0142oniom uczucie mi\u0119kko\u015bci i niesamowity zapach. Krem do r\u0105k zapewnia d\u0142ugotrwa\u0142e od\u017cywienie sk\u00f3ry, szybko si\u0119 wch\u0142ania i chroni Twoje d\u0142onie przez 24-godziny. Pami\u0119taj, \u017ce je\u015bli szukasz produkt\u00f3w do piel\u0119gnacji sk\u00f3ry NIVEA to zawsze dobry wyb\u00f3r!<\/p>\n<p><strong>Dzia\u0142anie:<\/strong> chroni, nawil\u017caj\u0105ce, od\u017cywcze, zmi\u0119kcza<br \/>\n<strong>Gramatura:<\/strong> ml<br \/>\n<strong>Konsystencja:<\/strong> krem<br \/>\n<strong>Linie elitarne:<\/strong> nie<br \/>\n<strong>Lokalizacja:<\/strong> d\u0142onie<br \/>\n<strong>Piel\u0119gnacja cia\u0142a:<\/strong> tak<br \/>\n<strong>Pojemno\u015b\u0107:<\/strong> 100<br \/>\n<strong>P\u0142e\u0107:<\/strong> unisex<br \/>\n<strong>S\u0142o\u0144ce:<\/strong> nie<\/p>\n<p><strong>Uwagi:<\/strong><\/p>\n<p>Przechowywa\u0107 w miejscu niedost\u0119pnym dla dzieci. Przechowywa\u0107 z dala od bezpo\u015bredniego \u015bwiat\u0142a s\u0142onecznego.<\/p>\n<p><strong>Sk\u0142adniki:<\/strong><\/p>\n<p>Aqua, Glycerin, Glyceryl Stearate, Stearyl Alcohol, Dimethicone, Caprylic\/Capric Triglyceride, Distarch Phosphate, Butyrospermum Parkii Butter, Glyceryl Stearate SE, Hydrogenated Coco-Glycerides, Prunus Amygdalus Dulcis Oil, Sodium Cetearyl Sulfate, Xanthan Gum, Phenoxyethanol, Ethylhexylglycerin, Linalool, Limonene, Geraniol, Benzyl Alcohol, Citronellol, Alpha-Isomethyl Ionone, Parfum<\/p>\n","protected":false},"excerpt":{"rendered":"<p> <strong>Dzia\u0142anie:<\/strong> chroni, nawil\u017caj\u0105ce, od\u017cywcze, zmi\u0119kcza<br \/>  <strong>Gramatura:<\/strong> ml<br \/>  <strong>Konsystencja:<\/strong> krem<br \/>  <strong>Linie elitarne:<\/strong> nie<br \/>  <strong>Lokalizacja:<\/strong> d\u0142onie<br \/>  <strong>Piel\u0119gnacja cia\u0142a:<\/strong> tak<br \/>  <strong>Pojemno\u015b\u0107:<\/strong> 100<br \/>  <strong>P\u0142e\u0107:<\/strong> unisex<br \/>  <strong>S\u0142o\u0144ce:<\/strong> nie <\/p>\n","protected":false},"featured_media":42475,"comment_status":"open","ping_status":"closed","template":"","meta":{"_acf_changed":false},"kategoria-hurtowni":[90,91],"product_brand":[92],"product_cat":[76],"product_tag":[],"class_list":{"0":"post-42474","1":"product","2":"type-product","3":"status-publish","4":"has-post-thumbnail","6":"kategoria-hurtowni-pielegnacja","7":"kategoria-hurtowni-pielegnacja-ciala","8":"product_brand-nivea","9":"product_cat-primavera","11":"first","12":"outofstock","13":"taxable","14":"shipping-taxable","15":"product-type-simple"},"acf":[],"_links":{"self":[{"href":"https:\/\/premino.pl\/index.php?rest_route=\/wp\/v2\/product\/42474","targetHints":{"allow":["GET"]}}],"collection":[{"href":"https:\/\/premino.pl\/index.php?rest_route=\/wp\/v2\/product"}],"about":[{"href":"https:\/\/premino.pl\/index.php?rest_route=\/wp\/v2\/types\/product"}],"replies":[{"embeddable":true,"href":"https:\/\/premino.pl\/index.php?rest_route=%2Fwp%2Fv2%2Fcomments&post=42474"}],"wp:featuredmedia":[{"embeddable":true,"href":"https:\/\/premino.pl\/index.php?rest_route=\/wp\/v2\/media\/42475"}],"wp:attachment":[{"href":"https:\/\/premino.pl\/index.php?rest_route=%2Fwp%2Fv2%2Fmedia&parent=42474"}],"wp:term":[{"taxonomy":"kategoria-hurtowni","embeddable":true,"href":"https:\/\/premino.pl\/index.php?rest_route=%2Fwp%2Fv2%2Fkategoria-hurtowni&post=42474"},{"taxonomy":"product_brand","embeddable":true,"href":"https:\/\/premino.pl\/index.php?rest_route=%2Fwp%2Fv2%2Fproduct_brand&post=42474"},{"taxonomy":"product_cat","embeddable":true,"href":"https:\/\/premino.pl\/index.php?rest_route=%2Fwp%2Fv2%2Fproduct_cat&post=42474"},{"taxonomy":"product_tag","embeddable":true,"href":"https:\/\/premino.pl\/index.php?rest_route=%2Fwp%2Fv2%2Fproduct_tag&post=42474"}],"curies":[{"name":"wp","href":"https:\/\/api.w.org\/{rel}","templated":true}]}}