{"id":42510,"date":"2026-04-17T17:01:17","date_gmt":"2026-04-17T15:01:17","guid":{"rendered":"https:\/\/premino.pl\/produkt\/q10-przeciwzmarszczkowe-ujedrnienie-regenerujacy-krem-na-noc-50ml\/"},"modified":"2026-04-17T17:01:26","modified_gmt":"2026-04-17T15:01:26","slug":"q10-przeciwzmarszczkowe-ujedrnienie-regenerujacy-krem-na-noc-50ml","status":"publish","type":"product","link":"https:\/\/premino.pl\/?product=q10-przeciwzmarszczkowe-ujedrnienie-regenerujacy-krem-na-noc-50ml","title":{"rendered":"Q10 Przeciwzmarszczkowe uj\u0119drnienie regeneruj\u0105cy krem na noc 50ml"},"content":{"rendered":"<p>NIVEA\u00a0Q10 PRZECIWZMARSZCZKOWE UJ\u0118DRNIENIE Regeneruj\u0105cy krem na noc zawiera najczystszy, w 100% identyczny jak w sk\u00f3rze Koenzym Q10, Kreatyn\u0119 i GLYCOSTOP\u00ae. Redukcja zmarszczek ju\u017c w 7 dni z GLYCOSTOP\u00ae! Bogata konsystencja \u0142atwo rozprowadza si\u0119 na sk\u00f3rze, intensywnie piel\u0119gnuje i nawil\u017ca, zapewniaj\u0105c uczucie g\u0142adko\u015bci i mi\u0119kko\u015bci sk\u00f3ry twarzy. <\/p>\n<p><b>Formu\u0142a zawiera sk\u0142adniki:<\/b><br \/>CZYSTY KOENZYM Q10, kt\u00f3ry wzmacnia sk\u00f3r\u0119, wspiera prawid\u0142owe funkcjonowanie kom\u00f3rek i koryguje zmarszczki od wewn\u0105trz*. <br \/>GLYCOSTOP\u00ae, kt\u00f3ry pomaga zapobiega\u0107 zmarszczkom spowodowanym przez glikacj\u0119*, czyli proces, podczas kt\u00f3rego cukier uszkadza kolagen i elastyn\u0119, co mo\u017ce prowadzi\u0107 do powstania zmarszczek i utraty j\u0119drno\u015bci sk\u00f3ry.<br \/>KREATYNA natychmiastowo dostarcza energii kom\u00f3rkom sk\u00f3ry, stymuluje produkcj\u0119 kolagenu i elastyny*. <\/p>\n<p><b>REZULTATY UDOWODNIONE KLINICZNIE I POTWIERDZONE PRZEZ KONSUMENT\u00d3W:<\/b><br \/>&#8211; 1 tydzie\u0144 &#8211; redukcja zmarszczek u 97% kobiet**,<br \/>&#8211; 2 tygodnie &#8211; uczucie bardziej j\u0119drnej sk\u00f3ry u 97% kobiet***,<br \/>&#8211; 4 tygodnie &#8211; g\u0142\u0119boka regeneracja sk\u00f3ry u 96% kobiet***.<\/p>\n<p>Krem\u00a0NIVEA\u00a0Q10 przeznaczony jest dla wszystkich typ\u00f3w sk\u00f3ry. S\u0142oik wykonany jest z materia\u0142u w 70% pochodz\u0105cego z recyklingu (PP)****.<\/p>\n<p>\u2022 Formu\u0142a z najczystszym, w 100% identycznym jak w sk\u00f3rze Koenzymem Q10, Kreatyn\u0105 i GLYCOSTOP\u00ae<br \/>\u2022 Redukuje zmarszczki w 7 dni z GLYCOSTOP\u00ae<br \/>\u2022 Bogata konsystencja \u0142atwo rozprowadza si\u0119 na sk\u00f3rze<br \/>\u2022\u00a0Intensywnie nawil\u017ca sk\u00f3r\u0119<br \/>\u2022\u00a0Redukuje zmarszczki i zapobiega ich powstawaniu<br \/>\u2022\u00a0Rezultaty udowodnione klinicznie i potwierdzone przez konsument\u00f3w<br \/>\u2022\u00a0Dla wszystkich typ\u00f3w sk\u00f3ry<br \/>\u2022\u00a0Tolerancja dla sk\u00f3ry potwierdzona dermatologicznie<\/p>\n<p>*Testowane na kom\u00f3rkach sk\u00f3ry.<br \/>**Badanie kliniczne obj\u0119to\u015bci zmarszczek, 36 kobiet, 2024.<br \/>*** Samoocena, 112 kobiet, 2024.<br \/>****z wy\u0142\u0105czeniem etykiety i folii zabezpieczaj\u0105cej.<\/p>\n<p><strong>Dzia\u0142anie:<\/strong> nawil\u017caj\u0105ce, redukuje zmarszczki, uelastycznia, uj\u0119drnia, wyg\u0142adza<br \/>\n<strong>Gramatura:<\/strong> ml<br \/>\n<strong>Konsystencja:<\/strong> krem<br \/>\n<strong>Linie elitarne:<\/strong> nie<br \/>\n<strong>Piel\u0119gnacja specyficzna:<\/strong> nie<br \/>\n<strong>Pojemno\u015b\u0107:<\/strong> 50<br \/>\n<strong>Pora stosowania:<\/strong> noc<br \/>\n<strong>P\u0142e\u0107:<\/strong> damski<br \/>\n<strong>Rodzaj sk\u00f3ry:<\/strong> dojrza\u0142a<br \/>\n<strong>S\u0142o\u0144ce:<\/strong> nie<br \/>\n<strong>Typ sk\u00f3ry:<\/strong> mieszana\/t\u0142usta, normalna, sucha<\/p>\n<p><strong>Uwagi:<\/strong><\/p>\n<p>Omijaj okolice oczu.<\/p>\n<p><strong>Sk\u0142adniki:<\/strong><\/p>\n<p>Aqua, Glycerin, Butyrospermum Parkii\u00a0Butter, Caprylic\/Capric Triglyceride, Cetearyl Alcohol, Cocoglycerides, Methylpropanediol,\u00a0Hydrogenated Coco-Glycerides, Glyceryl Stearate Citrate, Stearyl Alcohol, Macadamia Integrifolia Seed Oil, Ubiquinone, Acetyl\u00a0Hydroxyproline, Sodium\u00a0Hyaluronate, Creatine, 1-Methylhydantoin-2-Imide, Panthenol, Pantolactone, Ricinus Communis Seed Oil, Ethylhexylglycerin, Caprylyl Glycol, Xanthan Gum, Sodium\u00a0Hydroxide, Citric Acid, Phenoxyethanol, Parfum<\/p>\n","protected":false},"excerpt":{"rendered":"<p> <strong>Dzia\u0142anie:<\/strong> nawil\u017caj\u0105ce, redukuje zmarszczki, uelastycznia, uj\u0119drnia, wyg\u0142adza<br \/>  <strong>Gramatura:<\/strong> ml<br \/>  <strong>Konsystencja:<\/strong> krem<br \/>  <strong>Linie elitarne:<\/strong> nie<br \/>  <strong>Piel\u0119gnacja specyficzna:<\/strong> nie<br \/>  <strong>Pojemno\u015b\u0107:<\/strong> 50<br \/>  <strong>Pora stosowania:<\/strong> noc<br \/>  <strong>P\u0142e\u0107:<\/strong> damski<br \/>  <strong>Rodzaj sk\u00f3ry:<\/strong> dojrza\u0142a<br \/>  <strong>S\u0142o\u0144ce:<\/strong> nie<br \/>  <strong>Typ sk\u00f3ry:<\/strong> mieszana\/t\u0142usta, normalna, sucha <\/p>\n","protected":false},"featured_media":42511,"comment_status":"open","ping_status":"closed","template":"","meta":{"_acf_changed":false},"kategoria-hurtowni":[90,109,110],"product_brand":[92],"product_cat":[76],"product_tag":[],"class_list":{"0":"post-42510","1":"product","2":"type-product","3":"status-publish","4":"has-post-thumbnail","6":"kategoria-hurtowni-pielegnacja","7":"kategoria-hurtowni-pielegnacja-twarzy-pielegnacja","8":"kategoria-hurtowni-twarz-pielegnacja-twarzy-pielegnacja","9":"product_brand-nivea","10":"product_cat-primavera","12":"first","13":"outofstock","14":"taxable","15":"shipping-taxable","16":"product-type-simple"},"acf":[],"_links":{"self":[{"href":"https:\/\/premino.pl\/index.php?rest_route=\/wp\/v2\/product\/42510","targetHints":{"allow":["GET"]}}],"collection":[{"href":"https:\/\/premino.pl\/index.php?rest_route=\/wp\/v2\/product"}],"about":[{"href":"https:\/\/premino.pl\/index.php?rest_route=\/wp\/v2\/types\/product"}],"replies":[{"embeddable":true,"href":"https:\/\/premino.pl\/index.php?rest_route=%2Fwp%2Fv2%2Fcomments&post=42510"}],"wp:featuredmedia":[{"embeddable":true,"href":"https:\/\/premino.pl\/index.php?rest_route=\/wp\/v2\/media\/42511"}],"wp:attachment":[{"href":"https:\/\/premino.pl\/index.php?rest_route=%2Fwp%2Fv2%2Fmedia&parent=42510"}],"wp:term":[{"taxonomy":"kategoria-hurtowni","embeddable":true,"href":"https:\/\/premino.pl\/index.php?rest_route=%2Fwp%2Fv2%2Fkategoria-hurtowni&post=42510"},{"taxonomy":"product_brand","embeddable":true,"href":"https:\/\/premino.pl\/index.php?rest_route=%2Fwp%2Fv2%2Fproduct_brand&post=42510"},{"taxonomy":"product_cat","embeddable":true,"href":"https:\/\/premino.pl\/index.php?rest_route=%2Fwp%2Fv2%2Fproduct_cat&post=42510"},{"taxonomy":"product_tag","embeddable":true,"href":"https:\/\/premino.pl\/index.php?rest_route=%2Fwp%2Fv2%2Fproduct_tag&post=42510"}],"curies":[{"name":"wp","href":"https:\/\/api.w.org\/{rel}","templated":true}]}}