{"id":42760,"date":"2026-04-17T17:04:34","date_gmt":"2026-04-17T15:04:34","guid":{"rendered":"https:\/\/premino.pl\/produkt\/polo-67-woda-toaletowa-spray-40ml\/"},"modified":"2026-04-17T17:04:57","modified_gmt":"2026-04-17T15:04:57","slug":"polo-67-woda-toaletowa-spray-40ml","status":"publish","type":"product","link":"https:\/\/premino.pl\/?product=polo-67-woda-toaletowa-spray-40ml","title":{"rendered":"Polo 67 woda toaletowa spray 40ml"},"content":{"rendered":"<p>\u015awie\u017cy zapach dla m\u0119\u017cczyzny, kt\u00f3ry ma odwag\u0119 marzy\u0107. Zainspirowany pasj\u0105 do osi\u0105gania cel\u00f3w i wyzwa\u0144, ten zapach motywuje do przekraczania w\u0142asnych granic i odkrywania pe\u0142ni swojego potencja\u0142u.<\/p>\n<p><b>Nuty zapachowe:<br \/><\/b><br \/><b>Nuta g\u0142owy: <\/b>cytryna, bergamotka, ananas<br \/><b>Nuta serca: <\/b>owoc dzikiej r\u00f3\u017cy, ja\u0142owiec, sza\u0142wia<br \/><b>Nuta bazy: <\/b>paczula, wetyweria, naw\u0142o\u0107<\/p>\n<p><strong>Gramatura:<\/strong> ml<br \/>\n<strong>Linia k\u0105pielowa:<\/strong> nie<br \/>\n<strong>Miniatura:<\/strong> nie<br \/>\n<strong>Nuta bazy:<\/strong> naw\u0142o\u0107, paczula, wetyweria<br \/>\n<strong>Nuta g\u0142owy:<\/strong> ananas, bergamotka, cytryna<br \/>\n<strong>Nuta g\u0142\u00f3wna:<\/strong> aromatyczne, drzewne<br \/>\n<strong>Nuta serca:<\/strong> ja\u0142owiec, owoc dzikiej r\u00f3\u017cy, sza\u0142wia<br \/>\n<strong>Pojemno\u015b\u0107:<\/strong> 40<br \/>\n<strong>Produkt rzadki:<\/strong> nie<br \/>\n<strong>Pr\u00f3bka:<\/strong> nie<br \/>\n<strong>P\u0142e\u0107:<\/strong> m\u0119ski<br \/>\n<strong>Rodzaj:<\/strong> woda toaletowa<br \/>\n<strong>Tester:<\/strong> nie<br \/>\n<strong>Zapach alternatywny:<\/strong> nie<br \/>\n<strong>Zestaw:<\/strong> nie<\/p>\n<p><strong>Uwagi:<\/strong><\/p>\n<p>PRODUKT \u0141ATWOPALNY. UNIKA\u0106 ROZPYLANIA W OCZY. PRZECHOWYWA\u0106 W MIEJSCU NIEDOST\u0118PNYM DLA DZIECI.<\/p>\n<p><strong>Sk\u0142adniki:<\/strong><\/p>\n<p>ALCOHOL \u2022 PARFUM \/ FRAGRANCE \u2022 AQUA \/ WATER \u2022 LIMONENE \u2022 LINALOOL \u2022 COUMARIN \u2022 BENZYL SALICYLATE \u2022 CITRONELLOL \u2022 ALPHA-ISOMETHYL IONONE \u2022 BENZYL ALCOHOL \u2022 BUTYL METHOXYDIBENZOYLMETHANE \u2022 CITRAL \u2022 ISOEUGENOL \u2022 METHYL ANTHRANILATE \u2022 GERANIOL \u2022 FARNESOL \u2022 CINNAMAL<\/p>\n","protected":false},"excerpt":{"rendered":"<p> <strong>Gramatura:<\/strong> ml<br \/>  <strong>Linia k\u0105pielowa:<\/strong> nie<br \/>  <strong>Miniatura:<\/strong> nie<br \/>  <strong>Nuta bazy:<\/strong> naw\u0142o\u0107, paczula, wetyweria<br \/>  <strong>Nuta g\u0142owy:<\/strong> ananas, bergamotka, cytryna<br \/>  <strong>Nuta g\u0142\u00f3wna:<\/strong> aromatyczne, drzewne<br \/>  <strong>Nuta serca:<\/strong> ja\u0142owiec, owoc dzikiej r\u00f3\u017cy, sza\u0142wia<br \/>  <strong>Pojemno\u015b\u0107:<\/strong> 40<br \/>  <strong>Produkt rzadki:<\/strong> nie<br \/>  <strong>Pr\u00f3bka:<\/strong> nie<br \/>  <strong>P\u0142e\u0107:<\/strong> m\u0119ski<br \/>  <strong>Rodzaj:<\/strong> woda toaletowa<br \/>  <strong>Tester:<\/strong> nie<br \/>  <strong>Zapach alternatywny:<\/strong> nie<br \/>  <strong>Zestaw:<\/strong> nie <\/p>\n","protected":false},"featured_media":42761,"comment_status":"open","ping_status":"closed","template":"","meta":{"_acf_changed":false},"kategoria-hurtowni":[87,88],"product_brand":[94],"product_cat":[76],"product_tag":[],"class_list":{"0":"post-42760","1":"product","2":"type-product","3":"status-publish","4":"has-post-thumbnail","6":"kategoria-hurtowni-perfumy","7":"kategoria-hurtowni-zapachy","8":"product_brand-ralph-lauren","9":"product_cat-primavera","11":"first","12":"outofstock","13":"taxable","14":"shipping-taxable","15":"product-type-simple"},"acf":[],"_links":{"self":[{"href":"https:\/\/premino.pl\/index.php?rest_route=\/wp\/v2\/product\/42760","targetHints":{"allow":["GET"]}}],"collection":[{"href":"https:\/\/premino.pl\/index.php?rest_route=\/wp\/v2\/product"}],"about":[{"href":"https:\/\/premino.pl\/index.php?rest_route=\/wp\/v2\/types\/product"}],"replies":[{"embeddable":true,"href":"https:\/\/premino.pl\/index.php?rest_route=%2Fwp%2Fv2%2Fcomments&post=42760"}],"wp:featuredmedia":[{"embeddable":true,"href":"https:\/\/premino.pl\/index.php?rest_route=\/wp\/v2\/media\/42761"}],"wp:attachment":[{"href":"https:\/\/premino.pl\/index.php?rest_route=%2Fwp%2Fv2%2Fmedia&parent=42760"}],"wp:term":[{"taxonomy":"kategoria-hurtowni","embeddable":true,"href":"https:\/\/premino.pl\/index.php?rest_route=%2Fwp%2Fv2%2Fkategoria-hurtowni&post=42760"},{"taxonomy":"product_brand","embeddable":true,"href":"https:\/\/premino.pl\/index.php?rest_route=%2Fwp%2Fv2%2Fproduct_brand&post=42760"},{"taxonomy":"product_cat","embeddable":true,"href":"https:\/\/premino.pl\/index.php?rest_route=%2Fwp%2Fv2%2Fproduct_cat&post=42760"},{"taxonomy":"product_tag","embeddable":true,"href":"https:\/\/premino.pl\/index.php?rest_route=%2Fwp%2Fv2%2Fproduct_tag&post=42760"}],"curies":[{"name":"wp","href":"https:\/\/api.w.org\/{rel}","templated":true}]}}