{"id":43162,"date":"2026-04-17T17:09:46","date_gmt":"2026-04-17T15:09:46","guid":{"rendered":"https:\/\/premino.pl\/produkt\/aktywne-peptydy-serum-redukujace-zmarszczki-mimiczne-30ml\/"},"modified":"2026-04-17T17:10:07","modified_gmt":"2026-04-17T15:10:07","slug":"aktywne-peptydy-serum-redukujace-zmarszczki-mimiczne-30ml","status":"publish","type":"product","link":"https:\/\/premino.pl\/?product=aktywne-peptydy-serum-redukujace-zmarszczki-mimiczne-30ml","title":{"rendered":"Aktywne Peptydy serum redukuj\u0105ce zmarszczki mimiczne 30ml"},"content":{"rendered":"<p>Skoncentrowany booster to koktajl a\u017c 3 specjalnie dobranych peptyd\u00f3w biomimetycznych:<br \/>\u2022 Tripeptyd-2 hamuje starzenie si\u0119 kom\u00f3rek sk\u00f3ry, zwi\u0119ksza produkcj\u0119 kolagenu<br \/>\u2022 Tripeptyd-56 sp\u0142yca zmarszczki pionowe (m.in. lwi\u0105 zmarszczk\u0119 i zmarszczki marionetki)<br \/>\u2022 Hexapeptyd-8 pomaga rozlu\u017ani\u0107 mimiczne mi\u0119\u015bnie twarzy, przez co zapobiega powstawaniu nowych zmarszczek.<\/p>\n<p>Aktywny ekstrakt pieprzu syczua\u0144skiego wzmacnia dzia\u0142anie peptyd\u00f3w. Zbo\u017cowy ferment wraz ze sk\u0142adnikiem nawil\u017caj\u0105cym chroni j\u0105 przed odwodnieniem.<\/p>\n<p><b>Dzia\u0142anie:<\/b> nawil\u017cenie, przeciwzmarszczkowe<\/p>\n<p><b>Spos\u00f3b u\u017cycia: <\/b>booster nanie\u015b\u0107 na czyst\u0105 i such\u0105 sk\u00f3r\u0119 twarzy. Idealny pod makija\u017c.\u00a0<br \/>Uwaga: Ekstrakt z pieprzu nie ma dzia\u0142ania dra\u017cni\u0105cego.<\/p>\n<p><strong>Dzia\u0142anie:<\/strong> nawil\u017caj\u0105ce, redukuje zmarszczki, uelastycznia, wyg\u0142adza, zmi\u0119kcza<br \/>\n<strong>Gramatura:<\/strong> ml<br \/>\n<strong>Konsystencja:<\/strong> emulsja<br \/>\n<strong>Linie elitarne:<\/strong> nie<br \/>\n<strong>Piel\u0119gnacja specyficzna:<\/strong> serum<br \/>\n<strong>Pojemno\u015b\u0107:<\/strong> 30<br \/>\n<strong>Pora stosowania:<\/strong> dowolnie<br \/>\n<strong>P\u0142e\u0107:<\/strong> damski<br \/>\n<strong>Rodzaj sk\u00f3ry:<\/strong> dojrza\u0142a<br \/>\n<strong>S\u0142o\u0144ce:<\/strong> nie<br \/>\n<strong>Typ sk\u00f3ry:<\/strong> mieszana\/t\u0142usta, normalna, sucha<\/p>\n<p><strong>Uwagi:<\/strong><\/p>\n<p>Kolor i zapach kremu w trakcie u\u017cytkowania mog\u0105 ulec zmianie. Nie wp\u0142ywa to na jako\u015b\u0107 produktu.<\/p>\n<p><strong>Sk\u0142adniki:<\/strong><\/p>\n<p>Aqua, Glycerin, Vitis Vinifera Seed Oil, Tripelargonin, Butyrospermum Parkii Butter, Gossypium Herbaceum Seed Oil, Hydroxyethyl Acrylate\/Sodium Acryloyldimethyl Taurate Copolymer, Tocopheryl Acetate, Zanthoxylum Bungeanum Fruit Extract, Citric Acid, Acetyl Hexapeptide-8, N-Prolyl Palmitoyl Tripeptide-56 Acetate, Trifluoroacetyl Tripeptide-2, Tocopherol, Saccharomyces\/Barley Seed Ferment Filtrate, Olus Oil, Xanthan Gum, Sodium PCA, Oleyl Alcohol, Polysorbate 60, Isohexadecane, Dextran, Sorbitan Isostearate, Phenoxyethanol, Ethylhexylglycerin, Sodium Phytate, Pentylene Glycol, Caprylyl Glycol, Parfum<\/p>\n","protected":false},"excerpt":{"rendered":"<p> <strong>Dzia\u0142anie:<\/strong> nawil\u017caj\u0105ce, redukuje zmarszczki, uelastycznia, wyg\u0142adza, zmi\u0119kcza<br \/>  <strong>Gramatura:<\/strong> ml<br \/>  <strong>Konsystencja:<\/strong> emulsja<br \/>  <strong>Linie elitarne:<\/strong> nie<br \/>  <strong>Piel\u0119gnacja specyficzna:<\/strong> serum<br \/>  <strong>Pojemno\u015b\u0107:<\/strong> 30<br \/>  <strong>Pora stosowania:<\/strong> dowolnie<br \/>  <strong>P\u0142e\u0107:<\/strong> damski<br \/>  <strong>Rodzaj sk\u00f3ry:<\/strong> dojrza\u0142a<br \/>  <strong>S\u0142o\u0144ce:<\/strong> nie<br \/>  <strong>Typ sk\u00f3ry:<\/strong> mieszana\/t\u0142usta, normalna, sucha <\/p>\n","protected":false},"featured_media":43163,"comment_status":"open","ping_status":"closed","template":"","meta":{"_acf_changed":false},"kategoria-hurtowni":[100,101,102],"product_brand":[103],"product_cat":[76],"product_tag":[],"class_list":{"0":"post-43162","1":"product","2":"type-product","3":"status-publish","4":"has-post-thumbnail","6":"kategoria-hurtowni-eco-bio","7":"kategoria-hurtowni-pielegnacja-twarzy","8":"kategoria-hurtowni-twarz","9":"product_brand-ava-laboratorium","10":"product_cat-primavera","12":"first","13":"outofstock","14":"taxable","15":"shipping-taxable","16":"product-type-simple"},"acf":[],"_links":{"self":[{"href":"https:\/\/premino.pl\/index.php?rest_route=\/wp\/v2\/product\/43162","targetHints":{"allow":["GET"]}}],"collection":[{"href":"https:\/\/premino.pl\/index.php?rest_route=\/wp\/v2\/product"}],"about":[{"href":"https:\/\/premino.pl\/index.php?rest_route=\/wp\/v2\/types\/product"}],"replies":[{"embeddable":true,"href":"https:\/\/premino.pl\/index.php?rest_route=%2Fwp%2Fv2%2Fcomments&post=43162"}],"wp:featuredmedia":[{"embeddable":true,"href":"https:\/\/premino.pl\/index.php?rest_route=\/wp\/v2\/media\/43163"}],"wp:attachment":[{"href":"https:\/\/premino.pl\/index.php?rest_route=%2Fwp%2Fv2%2Fmedia&parent=43162"}],"wp:term":[{"taxonomy":"kategoria-hurtowni","embeddable":true,"href":"https:\/\/premino.pl\/index.php?rest_route=%2Fwp%2Fv2%2Fkategoria-hurtowni&post=43162"},{"taxonomy":"product_brand","embeddable":true,"href":"https:\/\/premino.pl\/index.php?rest_route=%2Fwp%2Fv2%2Fproduct_brand&post=43162"},{"taxonomy":"product_cat","embeddable":true,"href":"https:\/\/premino.pl\/index.php?rest_route=%2Fwp%2Fv2%2Fproduct_cat&post=43162"},{"taxonomy":"product_tag","embeddable":true,"href":"https:\/\/premino.pl\/index.php?rest_route=%2Fwp%2Fv2%2Fproduct_tag&post=43162"}],"curies":[{"name":"wp","href":"https:\/\/api.w.org\/{rel}","templated":true}]}}