{"id":43530,"date":"2026-04-17T17:15:06","date_gmt":"2026-04-17T15:15:06","guid":{"rendered":"https:\/\/premino.pl\/produkt\/poop-bag-worki-na-odchody-1-rolka\/"},"modified":"2026-04-17T17:15:31","modified_gmt":"2026-04-17T15:15:31","slug":"poop-bag-worki-na-odchody-1-rolka","status":"publish","type":"product","link":"https:\/\/premino.pl\/?product=poop-bag-worki-na-odchody-1-rolka","title":{"rendered":"Poop Bag worki na odchody 1 rolka"},"content":{"rendered":"<p>Czy  wiesz bez czego nie mo\u017cesz obej\u015b\u0107 si\u0119 na spacerze? Od stylowego i ekologicznego worka z jasnym przekazem!<\/p>\n<p>    Jest dla Was jak zwykle co\u015b wyj\u0105tkowego. Najwy\u017cszej jako\u015bci woreczki na  psie odchody wykonane z biopolimer\u00f3w na bazie skrobi kukurydzianej  posiadaj\u0105cych certyfikat OK Compost HOME. Worek powstaje z naturalnych  ro\u015blinnych surowc\u00f3w, dlatego po wykorzystaniu biodegraduje w biomas\u0119. W 100%  bez plastiku. B\u0105d\u017a fair wobec innych spacerowicz\u00f3w i \u015brodowiska. We\u017a si\u0119 do  kupy!<\/p>\n<p>    Dbaj o \u015brodowisko razem ze swoim pupilem, aby ka\u017cdy spacer by\u0142 jeszcze  lepszy.<\/p>\n<p><strong>Gramatura:<\/strong> sztuka<br \/>\n<strong>Pojemno\u015b\u0107:<\/strong> 15<br \/>\n<strong>P\u0142e\u0107:<\/strong> unisex<br \/>\n<strong>Zestaw:<\/strong> tak<\/p>\n<p><strong>Uwagi:<\/strong><\/p>\n<p>Przechowywa\u0107 w miejscu niedost\u0119pnym dla dzieci.<\/p>\n<p><strong>Sk\u0142adniki:<\/strong><\/p>\n<p>Biopolimer na bazie skrobi kukurydzianej (zgodny z norm\u0105 EN13432)<\/p>\n","protected":false},"excerpt":{"rendered":"<p> <strong>Gramatura:<\/strong> sztuka<br \/>  <strong>Pojemno\u015b\u0107:<\/strong> 15<br \/>  <strong>P\u0142e\u0107:<\/strong> unisex<br \/>  <strong>Zestaw:<\/strong> tak <\/p>\n","protected":false},"featured_media":43531,"comment_status":"open","ping_status":"closed","template":"","meta":{"_acf_changed":false},"kategoria-hurtowni":[335,191],"product_brand":[512],"product_cat":[76],"product_tag":[],"class_list":{"0":"post-43530","1":"product","2":"type-product","3":"status-publish","4":"has-post-thumbnail","6":"kategoria-hurtowni-artykuly-dla-zwierzat","7":"kategoria-hurtowni-dom","8":"product_brand-green-paw","9":"product_cat-primavera","11":"first","12":"outofstock","13":"taxable","14":"shipping-taxable","15":"product-type-simple"},"acf":[],"_links":{"self":[{"href":"https:\/\/premino.pl\/index.php?rest_route=\/wp\/v2\/product\/43530","targetHints":{"allow":["GET"]}}],"collection":[{"href":"https:\/\/premino.pl\/index.php?rest_route=\/wp\/v2\/product"}],"about":[{"href":"https:\/\/premino.pl\/index.php?rest_route=\/wp\/v2\/types\/product"}],"replies":[{"embeddable":true,"href":"https:\/\/premino.pl\/index.php?rest_route=%2Fwp%2Fv2%2Fcomments&post=43530"}],"wp:featuredmedia":[{"embeddable":true,"href":"https:\/\/premino.pl\/index.php?rest_route=\/wp\/v2\/media\/43531"}],"wp:attachment":[{"href":"https:\/\/premino.pl\/index.php?rest_route=%2Fwp%2Fv2%2Fmedia&parent=43530"}],"wp:term":[{"taxonomy":"kategoria-hurtowni","embeddable":true,"href":"https:\/\/premino.pl\/index.php?rest_route=%2Fwp%2Fv2%2Fkategoria-hurtowni&post=43530"},{"taxonomy":"product_brand","embeddable":true,"href":"https:\/\/premino.pl\/index.php?rest_route=%2Fwp%2Fv2%2Fproduct_brand&post=43530"},{"taxonomy":"product_cat","embeddable":true,"href":"https:\/\/premino.pl\/index.php?rest_route=%2Fwp%2Fv2%2Fproduct_cat&post=43530"},{"taxonomy":"product_tag","embeddable":true,"href":"https:\/\/premino.pl\/index.php?rest_route=%2Fwp%2Fv2%2Fproduct_tag&post=43530"}],"curies":[{"name":"wp","href":"https:\/\/api.w.org\/{rel}","templated":true}]}}