{"id":43558,"date":"2026-04-17T17:15:40","date_gmt":"2026-04-17T15:15:40","guid":{"rendered":"https:\/\/premino.pl\/produkt\/sirene-perfumy-spray-75ml\/"},"modified":"2026-04-17T17:15:52","modified_gmt":"2026-04-17T15:15:52","slug":"sirene-perfumy-spray-75ml","status":"publish","type":"product","link":"https:\/\/premino.pl\/?product=sirene-perfumy-spray-75ml","title":{"rendered":"Sirene perfumy spray 75ml"},"content":{"rendered":"<p>Sir\u00e8ne to zapach jak hipnotyzuj\u0105cy \u015bpiew unosz\u0105cy si\u0119 nad ciemn\u0105 tafl\u0105 morza &#8211; tajemniczy, zmys\u0142owy i pe\u0142en magnetyzmu. Ta kobieca kompozycja marki Fragrance Du Bois, stworzona w 2024 roku przez perfumiark\u0119 Nanako Ogi, opowiada histori\u0119 uwodzenia, si\u0142y i ukrytej g\u0142\u0119bi. Dla kobiet, kt\u00f3re przyci\u0105gaj\u0105 bez wysi\u0142ku i zostawiaj\u0105 po sobie niezapomniane wra\u017cenie.<\/p>\n<p><b>Nuty zapachowe:<br \/><\/b><br \/><b>Nuta g\u0142owy: <\/b>wi\u015bnia, pieprz<br \/><b>Nuta serca: <\/b>\ufeffagar (oud), laktony, kadzid\u0142o<br \/><b>Nuta bazy: <\/b>benzoes, cypriol, labdanum, mech<\/p>\n<p><strong>Gramatura:<\/strong> ml<br \/>\n<strong>Linia k\u0105pielowa:<\/strong> nie<br \/>\n<strong>Miniatura:<\/strong> nie<br \/>\n<strong>Nuta bazy:<\/strong> benzoes, cypriol, labdanum, mech<br \/>\n<strong>Nuta g\u0142owy:<\/strong> pieprz, wi\u015bnia<br \/>\n<strong>Nuta g\u0142\u00f3wna:<\/strong> balsamiczna , s\u0142odka<br \/>\n<strong>Nuta serca:<\/strong> kadzid\u0142o, laktony, \ufeffagar (oud)<br \/>\n<strong>Pojemno\u015b\u0107:<\/strong> 75<br \/>\n<strong>Produkt rzadki:<\/strong> tak<br \/>\n<strong>Pr\u00f3bka:<\/strong> nie<br \/>\n<strong>P\u0142e\u0107:<\/strong> damski<br \/>\n<strong>Rodzaj:<\/strong> perfumy<br \/>\n<strong>Tester:<\/strong> nie<br \/>\n<strong>Zapach alternatywny:<\/strong> nie<\/p>\n<p><strong>Uwagi:<\/strong><\/p>\n<p>Produkt przechowywa\u0107 z dala od ognia i \u017ar\u00f3de\u0142 ciep\u0142a. Trzyma\u0107 w miejscu niedost\u0119pnym dla dzieci. Nie stosowa\u0107 na podra\u017cnion\u0105 lub uszkodzon\u0105 sk\u00f3r\u0119. Unika\u0107 kontaktu z oczami.<\/p>\n<p><strong>Sk\u0142adniki:<\/strong><\/p>\n<p>ALCOHOL DENAT., PARFUM (FRAGRANCE) , AQUA, COUMARIN, LIMONENE, BENZYL BENZOATE, CITRONELLOL, LINALOOL, ISOEUGENOL, EUGENOL, BENZYL CINNAMATE, CINNAMYL ALCOHOL, CITRAL, CINNAMAL, GERANIOL<\/p>\n","protected":false},"excerpt":{"rendered":"<p> <strong>Gramatura:<\/strong> ml<br \/>  <strong>Linia k\u0105pielowa:<\/strong> nie<br \/>  <strong>Miniatura:<\/strong> nie<br \/>  <strong>Nuta bazy:<\/strong> benzoes, cypriol, labdanum, mech<br \/>  <strong>Nuta g\u0142owy:<\/strong> pieprz, wi\u015bnia<br \/>  <strong>Nuta g\u0142\u00f3wna:<\/strong> balsamiczna , s\u0142odka<br \/>  <strong>Nuta serca:<\/strong> kadzid\u0142o, laktony, \ufeffagar (oud)<br \/>  <strong>Pojemno\u015b\u0107:<\/strong> 75<br \/>  <strong>Produkt rzadki:<\/strong> tak<br \/>  <strong>Pr\u00f3bka:<\/strong> nie<br \/>  <strong>P\u0142e\u0107:<\/strong> damski<br \/>  <strong>Rodzaj:<\/strong> perfumy<br \/>  <strong>Tester:<\/strong> nie<br \/>  <strong>Zapach alternatywny:<\/strong> nie <\/p>\n","protected":false},"featured_media":43559,"comment_status":"open","ping_status":"closed","template":"","meta":{"_acf_changed":false},"kategoria-hurtowni":[87,88],"product_brand":[515],"product_cat":[76],"product_tag":[],"class_list":{"0":"post-43558","1":"product","2":"type-product","3":"status-publish","4":"has-post-thumbnail","6":"kategoria-hurtowni-perfumy","7":"kategoria-hurtowni-zapachy","8":"product_brand-fragrance-du-bois","9":"product_cat-primavera","11":"first","12":"outofstock","13":"taxable","14":"shipping-taxable","15":"product-type-simple"},"acf":[],"_links":{"self":[{"href":"https:\/\/premino.pl\/index.php?rest_route=\/wp\/v2\/product\/43558","targetHints":{"allow":["GET"]}}],"collection":[{"href":"https:\/\/premino.pl\/index.php?rest_route=\/wp\/v2\/product"}],"about":[{"href":"https:\/\/premino.pl\/index.php?rest_route=\/wp\/v2\/types\/product"}],"replies":[{"embeddable":true,"href":"https:\/\/premino.pl\/index.php?rest_route=%2Fwp%2Fv2%2Fcomments&post=43558"}],"wp:featuredmedia":[{"embeddable":true,"href":"https:\/\/premino.pl\/index.php?rest_route=\/wp\/v2\/media\/43559"}],"wp:attachment":[{"href":"https:\/\/premino.pl\/index.php?rest_route=%2Fwp%2Fv2%2Fmedia&parent=43558"}],"wp:term":[{"taxonomy":"kategoria-hurtowni","embeddable":true,"href":"https:\/\/premino.pl\/index.php?rest_route=%2Fwp%2Fv2%2Fkategoria-hurtowni&post=43558"},{"taxonomy":"product_brand","embeddable":true,"href":"https:\/\/premino.pl\/index.php?rest_route=%2Fwp%2Fv2%2Fproduct_brand&post=43558"},{"taxonomy":"product_cat","embeddable":true,"href":"https:\/\/premino.pl\/index.php?rest_route=%2Fwp%2Fv2%2Fproduct_cat&post=43558"},{"taxonomy":"product_tag","embeddable":true,"href":"https:\/\/premino.pl\/index.php?rest_route=%2Fwp%2Fv2%2Fproduct_tag&post=43558"}],"curies":[{"name":"wp","href":"https:\/\/api.w.org\/{rel}","templated":true}]}}