{"id":43560,"date":"2026-04-17T17:15:40","date_gmt":"2026-04-17T15:15:40","guid":{"rendered":"https:\/\/premino.pl\/produkt\/milano-perfumy-spray-100ml\/"},"modified":"2026-04-17T17:15:53","modified_gmt":"2026-04-17T15:15:53","slug":"milano-perfumy-spray-100ml","status":"publish","type":"product","link":"https:\/\/premino.pl\/?product=milano-perfumy-spray-100ml","title":{"rendered":"Milano perfumy spray 100ml"},"content":{"rendered":"<p>Milano to zapach inspirowany rytmem wielkiego miasta. Sk\u00f3rzana kompozycja Fragrance Du Bois, stworzona w 2020 roku przez perfumiarza Shadiego Samr\u0119 oddaje atmosfer\u0119 Mediolanu: miejsca, w kt\u00f3rym luksus, sztuka i nowoczesno\u015b\u0107 spotykaj\u0105 si\u0119 w perfekcyjnej harmonii. Zapach stworzony dla kobiet i m\u0119\u017cczyzn, kt\u00f3rzy ceni\u0105 styl, pewno\u015b\u0107 siebie i ponadczasow\u0105 klas\u0119.<\/p>\n<p><b>Nuty zapachowe:<br \/><\/b><br \/><b>Nuta g\u0142owy: <\/b>szafran, pomara\u0144cza, tymianek, bergamotka<br \/><b>Nuta serca: <\/b>nuty owocowe, olibanum, ja\u015bmin<br \/><b>Nuta bazy: <\/b>sk\u00f3ra, pi\u017cmo, bursztyn, nuty drzewne, wanilia<\/p>\n<p><strong>Gramatura:<\/strong> ml<br \/>\n<strong>Linia k\u0105pielowa:<\/strong> nie<br \/>\n<strong>Miniatura:<\/strong> nie<br \/>\n<strong>Nuta bazy:<\/strong> bursztyn, nuty drzewne, pi\u017cmo, sk\u00f3ra, wanilia<br \/>\n<strong>Nuta g\u0142owy:<\/strong> bergamotka, pomara\u0144cza, szafran, tymianek<br \/>\n<strong>Nuta g\u0142\u00f3wna:<\/strong> owocowe, sk\u00f3rzane<br \/>\n<strong>Nuta serca:<\/strong> ja\u015bmin, nuty owocowe, olibanum<br \/>\n<strong>Pojemno\u015b\u0107:<\/strong> 100<br \/>\n<strong>Produkt rzadki:<\/strong> tak<br \/>\n<strong>Pr\u00f3bka:<\/strong> nie<br \/>\n<strong>P\u0142e\u0107:<\/strong> unisex<br \/>\n<strong>Rodzaj:<\/strong> perfumy<br \/>\n<strong>Tester:<\/strong> nie<br \/>\n<strong>Zapach alternatywny:<\/strong> nie<\/p>\n<p><strong>Uwagi:<\/strong><\/p>\n<p>Produkt przechowywa\u0107 z dala od ognia i \u017ar\u00f3de\u0142 ciep\u0142a. Trzyma\u0107 w miejscu niedost\u0119pnym dla dzieci. Nie stosowa\u0107 na podra\u017cnion\u0105 lub uszkodzon\u0105 sk\u00f3r\u0119. Unika\u0107 kontaktu z oczami.<\/p>\n<p><strong>Sk\u0142adniki:<\/strong><\/p>\n<p>ALCOHOL DENAT, PARFUM (FRAGRANCE), AQUA (WATER), ETHYLHEXYL METHOXYCINNAMATE, BUTYL METHOXYDIBENZOYLMETHANE, ETHYLHEXYL SALICYLATE, AQUILARIA AGALLOCHA WOOD OIL, LIMONENE, LINALOOL, EUGENOL, ISOEUGENOL, GERANIOL, CITRAL, CITRONELLOL, CINNAMYL ALCOHOL, CINNAMAL, FARNESOL.<\/p>\n","protected":false},"excerpt":{"rendered":"<p> <strong>Gramatura:<\/strong> ml<br \/>  <strong>Linia k\u0105pielowa:<\/strong> nie<br \/>  <strong>Miniatura:<\/strong> nie<br \/>  <strong>Nuta bazy:<\/strong> bursztyn, nuty drzewne, pi\u017cmo, sk\u00f3ra, wanilia<br \/>  <strong>Nuta g\u0142owy:<\/strong> bergamotka, pomara\u0144cza, szafran, tymianek<br \/>  <strong>Nuta g\u0142\u00f3wna:<\/strong> owocowe, sk\u00f3rzane<br \/>  <strong>Nuta serca:<\/strong> ja\u015bmin, nuty owocowe, olibanum<br \/>  <strong>Pojemno\u015b\u0107:<\/strong> 100<br \/>  <strong>Produkt rzadki:<\/strong> tak<br \/>  <strong>Pr\u00f3bka:<\/strong> nie<br \/>  <strong>P\u0142e\u0107:<\/strong> unisex<br \/>  <strong>Rodzaj:<\/strong> perfumy<br \/>  <strong>Tester:<\/strong> nie<br \/>  <strong>Zapach alternatywny:<\/strong> nie <\/p>\n","protected":false},"featured_media":43561,"comment_status":"open","ping_status":"closed","template":"","meta":{"_acf_changed":false},"kategoria-hurtowni":[87,88],"product_brand":[515],"product_cat":[76],"product_tag":[],"class_list":{"0":"post-43560","1":"product","2":"type-product","3":"status-publish","4":"has-post-thumbnail","6":"kategoria-hurtowni-perfumy","7":"kategoria-hurtowni-zapachy","8":"product_brand-fragrance-du-bois","9":"product_cat-primavera","11":"first","12":"outofstock","13":"taxable","14":"shipping-taxable","15":"product-type-simple"},"acf":[],"_links":{"self":[{"href":"https:\/\/premino.pl\/index.php?rest_route=\/wp\/v2\/product\/43560","targetHints":{"allow":["GET"]}}],"collection":[{"href":"https:\/\/premino.pl\/index.php?rest_route=\/wp\/v2\/product"}],"about":[{"href":"https:\/\/premino.pl\/index.php?rest_route=\/wp\/v2\/types\/product"}],"replies":[{"embeddable":true,"href":"https:\/\/premino.pl\/index.php?rest_route=%2Fwp%2Fv2%2Fcomments&post=43560"}],"wp:featuredmedia":[{"embeddable":true,"href":"https:\/\/premino.pl\/index.php?rest_route=\/wp\/v2\/media\/43561"}],"wp:attachment":[{"href":"https:\/\/premino.pl\/index.php?rest_route=%2Fwp%2Fv2%2Fmedia&parent=43560"}],"wp:term":[{"taxonomy":"kategoria-hurtowni","embeddable":true,"href":"https:\/\/premino.pl\/index.php?rest_route=%2Fwp%2Fv2%2Fkategoria-hurtowni&post=43560"},{"taxonomy":"product_brand","embeddable":true,"href":"https:\/\/premino.pl\/index.php?rest_route=%2Fwp%2Fv2%2Fproduct_brand&post=43560"},{"taxonomy":"product_cat","embeddable":true,"href":"https:\/\/premino.pl\/index.php?rest_route=%2Fwp%2Fv2%2Fproduct_cat&post=43560"},{"taxonomy":"product_tag","embeddable":true,"href":"https:\/\/premino.pl\/index.php?rest_route=%2Fwp%2Fv2%2Fproduct_tag&post=43560"}],"curies":[{"name":"wp","href":"https:\/\/api.w.org\/{rel}","templated":true}]}}