{"id":43562,"date":"2026-04-17T17:15:40","date_gmt":"2026-04-17T15:15:40","guid":{"rendered":"https:\/\/premino.pl\/produkt\/wild-orange-perfumy-spray-100ml\/"},"modified":"2026-04-17T17:15:54","modified_gmt":"2026-04-17T15:15:54","slug":"wild-orange-perfumy-spray-100ml","status":"publish","type":"product","link":"https:\/\/premino.pl\/?product=wild-orange-perfumy-spray-100ml","title":{"rendered":"Wild Orange perfumy spray 100ml"},"content":{"rendered":"<p>Wild Orange to zapach pe\u0142en \u015bwiat\u0142a i energii: nowoczesny, promienny i wyrafinowany w swojej \u015bwie\u017co\u015bci. Ta kompozycja marki Fragrance Du Bois stworzona w 2023 roku przez Shadiego Samr\u0119, interpretuje cytrusy w spos\u00f3b elegancki i wielowymiarowy, zachowuj\u0105c idealn\u0105 r\u00f3wnowag\u0119 pomi\u0119dzy \u015bwie\u017co\u015bci\u0105 a g\u0142\u0119bi\u0105.<\/p>\n<p><b>Nuty zapachowe:<br \/><\/b><br \/><b>Nuta g\u0142owy: <\/b>pomara\u0144cza, mandarynka, cytryna, bergamotka<br \/><b>Nuta serca: <\/b>kwiat pomara\u0144czy, konwalia, cyprys<br \/><b>Nuta bazy: <\/b>drzewo sanda\u0142owe, paczula, cedr, wetyweria<\/p>\n<p><strong>Gramatura:<\/strong> ml<br \/>\n<strong>Linia k\u0105pielowa:<\/strong> nie<br \/>\n<strong>Miniatura:<\/strong> nie<br \/>\n<strong>Nuta bazy:<\/strong> cedr, drzewo sanda\u0142owe, paczula, wetyweria<br \/>\n<strong>Nuta g\u0142owy:<\/strong> bergamotka, cytryna, mandarynka, pomara\u0144cza<br \/>\n<strong>Nuta g\u0142\u00f3wna:<\/strong> cytrusowe, drzewne<br \/>\n<strong>Nuta serca:<\/strong> cyprys, konwalia, kwiat pomara\u0144czy<br \/>\n<strong>Pojemno\u015b\u0107:<\/strong> 100<br \/>\n<strong>Produkt rzadki:<\/strong> tak<br \/>\n<strong>Pr\u00f3bka:<\/strong> nie<br \/>\n<strong>P\u0142e\u0107:<\/strong> unisex<br \/>\n<strong>Rodzaj:<\/strong> perfumy<br \/>\n<strong>Tester:<\/strong> nie<br \/>\n<strong>Zapach alternatywny:<\/strong> nie<\/p>\n<p><strong>Uwagi:<\/strong><\/p>\n<p>Produkt przechowywa\u0107 z dala od ognia i \u017ar\u00f3de\u0142 ciep\u0142a. Trzyma\u0107 w miejscu niedost\u0119pnym dla dzieci. Nie stosowa\u0107 na podra\u017cnion\u0105 lub uszkodzon\u0105 sk\u00f3r\u0119. Unika\u0107 kontaktu z oczami.<\/p>\n<p><strong>Sk\u0142adniki:<\/strong><\/p>\n<p>Alcohol Denat, Parfum, Aqua, Citronellol, Hexyl Cinnamal, Limonene, Alpha-Isomethyl Ionone, Linalool, Geraniol, Benzyl Salicylate, Methyl 2- Octynoate, Benzyl Alcohol, Citral<\/p>\n","protected":false},"excerpt":{"rendered":"<p> <strong>Gramatura:<\/strong> ml<br \/>  <strong>Linia k\u0105pielowa:<\/strong> nie<br \/>  <strong>Miniatura:<\/strong> nie<br \/>  <strong>Nuta bazy:<\/strong> cedr, drzewo sanda\u0142owe, paczula, wetyweria<br \/>  <strong>Nuta g\u0142owy:<\/strong> bergamotka, cytryna, mandarynka, pomara\u0144cza<br \/>  <strong>Nuta g\u0142\u00f3wna:<\/strong> cytrusowe, drzewne<br \/>  <strong>Nuta serca:<\/strong> cyprys, konwalia, kwiat pomara\u0144czy<br \/>  <strong>Pojemno\u015b\u0107:<\/strong> 100<br \/>  <strong>Produkt rzadki:<\/strong> tak<br \/>  <strong>Pr\u00f3bka:<\/strong> nie<br \/>  <strong>P\u0142e\u0107:<\/strong> unisex<br \/>  <strong>Rodzaj:<\/strong> perfumy<br \/>  <strong>Tester:<\/strong> nie<br \/>  <strong>Zapach alternatywny:<\/strong> nie <\/p>\n","protected":false},"featured_media":43563,"comment_status":"open","ping_status":"closed","template":"","meta":{"_acf_changed":false},"kategoria-hurtowni":[87,88],"product_brand":[515],"product_cat":[76],"product_tag":[],"class_list":{"0":"post-43562","1":"product","2":"type-product","3":"status-publish","4":"has-post-thumbnail","6":"kategoria-hurtowni-perfumy","7":"kategoria-hurtowni-zapachy","8":"product_brand-fragrance-du-bois","9":"product_cat-primavera","11":"first","12":"outofstock","13":"taxable","14":"shipping-taxable","15":"product-type-simple"},"acf":[],"_links":{"self":[{"href":"https:\/\/premino.pl\/index.php?rest_route=\/wp\/v2\/product\/43562","targetHints":{"allow":["GET"]}}],"collection":[{"href":"https:\/\/premino.pl\/index.php?rest_route=\/wp\/v2\/product"}],"about":[{"href":"https:\/\/premino.pl\/index.php?rest_route=\/wp\/v2\/types\/product"}],"replies":[{"embeddable":true,"href":"https:\/\/premino.pl\/index.php?rest_route=%2Fwp%2Fv2%2Fcomments&post=43562"}],"wp:featuredmedia":[{"embeddable":true,"href":"https:\/\/premino.pl\/index.php?rest_route=\/wp\/v2\/media\/43563"}],"wp:attachment":[{"href":"https:\/\/premino.pl\/index.php?rest_route=%2Fwp%2Fv2%2Fmedia&parent=43562"}],"wp:term":[{"taxonomy":"kategoria-hurtowni","embeddable":true,"href":"https:\/\/premino.pl\/index.php?rest_route=%2Fwp%2Fv2%2Fkategoria-hurtowni&post=43562"},{"taxonomy":"product_brand","embeddable":true,"href":"https:\/\/premino.pl\/index.php?rest_route=%2Fwp%2Fv2%2Fproduct_brand&post=43562"},{"taxonomy":"product_cat","embeddable":true,"href":"https:\/\/premino.pl\/index.php?rest_route=%2Fwp%2Fv2%2Fproduct_cat&post=43562"},{"taxonomy":"product_tag","embeddable":true,"href":"https:\/\/premino.pl\/index.php?rest_route=%2Fwp%2Fv2%2Fproduct_tag&post=43562"}],"curies":[{"name":"wp","href":"https:\/\/api.w.org\/{rel}","templated":true}]}}