{"id":43600,"date":"2026-04-17T17:16:02","date_gmt":"2026-04-17T15:16:02","guid":{"rendered":"https:\/\/premino.pl\/produkt\/rose-gold-rozswietlajacy-booster-20ml\/"},"modified":"2026-04-17T17:16:21","modified_gmt":"2026-04-17T15:16:21","slug":"rose-gold-rozswietlajacy-booster-20ml","status":"publish","type":"product","link":"https:\/\/premino.pl\/?product=rose-gold-rozswietlajacy-booster-20ml","title":{"rendered":"Rose Gold roz\u015bwietlaj\u0105cy booster 20ml"},"content":{"rendered":"<p><b>Natychmiastowy blask i promienna cera<br \/><\/b>Ten booster to wyj\u0105tkowe po\u0142\u0105czenie piel\u0119gnacji i efektu roz\u015bwietlenia, kt\u00f3re natychmiast przywraca sk\u00f3rze zdrowy blask. Jego lekka, aksamitna formu\u0142a zosta\u0142a stworzona z my\u015bl\u0105 o sk\u00f3rze matowej, suchej i podra\u017cnionej \u2013 dzia\u0142a koj\u0105co, nawil\u017caj\u0105co i regeneruj\u0105co. Dzi\u0119ki zawarto\u015bci kwasu hialuronowego, ekstraktu z r\u00f3\u017c\u0105 damasce\u0144sk\u0105 oraz aloesu, serum intensywnie nawil\u017ca, \u0142agodzi zaczerwienienia i przywraca komfort sk\u00f3rze. Dodatkowo, niacynamid wyr\u00f3wnuje koloryt, redukuje przebarwienia i wspiera naturaln\u0105 r\u00f3wnowag\u0119 pigmentacji. Ekstrakt z czystego z\u0142ota subtelnie roz\u015bwietla cer\u0119, nadaj\u0105c jej efekt zdrowego, promiennego \u201eglow\u201d. Efekt: sk\u00f3ra wygl\u0105da na wypocz\u0119t\u0105, wyg\u0142adzon\u0105 i roz\u015bwietlon\u0105 ju\u017c po pierwszej aplikacji. Idealne tak\u017ce dla sk\u00f3ry wra\u017cliwej.<\/p>\n<p><b>Korzy\u015bci<br \/><\/b>\u2022 Natychmiastowy blask i promienna cera<br \/>\u2022 Intensywne nawil\u017cenie oraz ukojenie<br \/>\u2022 Wyr\u00f3wnanie kolorytu i redukcja zaczerwienie\u0144<br \/>\u2022 Sk\u00f3ra wygl\u0105da na bardziej wypocz\u0119t\u0105 i pe\u0142n\u0105 blasku<br \/>\u2022 100% uczestnik\u00f3w badania potwierdzi\u0142o zdrowy blask sk\u00f3ry<br \/>\u2022 100% uczestnik\u00f3w potwierdzi\u0142o efekt wype\u0142nienia sk\u00f3ry<\/p>\n<p>(Badanie u\u017cytkownik\u00f3w, 32 osoby, 28 dni)<\/p>\n<p><b>Kluczowe sk\u0142adniki<br \/><\/b>\u2022 Niacynamid \u2013 rozja\u015bnia i wyr\u00f3wnuje koloryt, wspiera barier\u0119 ochronn\u0105 sk\u00f3ry<br \/>\u2022 Ekstrakt z aloesu i mchu \u2013 nawil\u017ca i dzia\u0142a przeciwstarzeniowo<br \/>\u2022 Kwas hialuronowy \u2013 intensywnie nawil\u017ca i utrzymuje wilgo\u0107 w sk\u00f3rze<br \/>\u2022 R\u00f3\u017ca damasce\u0144ska \u2013 \u0142agodzi, koi i wspiera regeneracj\u0119<br \/>\u2022 Czyste z\u0142oto \u2013 poprawia mikrokr\u0105\u017cenie i nadaje subtelny, roz\u015bwietlaj\u0105cy efekt<\/p>\n<p><b>Spos\u00f3b u\u017cycia<br \/><\/b>Po oczyszczeniu sk\u00f3ry, na\u0142\u00f3\u017c 3 krople serum na twarz i delikatnie wklep. Mo\u017cesz stosowa\u0107 na ca\u0142\u0105 twarz lub jedynie na wybrane partie, a tak\u017ce miesza\u0107 z serum naprawczym NAC Y2 lub kremem na dzie\u0144 NAC Y2.<\/p>\n<p>Tip: wymieszaj kilka kropli z podk\u0142adem, aby uzyska\u0107 promienny efekt \u201eglow\u201d!<\/p>\n<p><strong>Dzia\u0142anie:<\/strong> nawil\u017caj\u0105ce, roz\u015bwietlaj\u0105ce, uelastycznia, uj\u0119drnia, wyr\u00f3wnuje koloryt sk\u00f3ry<br \/>\n<strong>Gramatura:<\/strong> ml<br \/>\n<strong>Konsystencja:<\/strong> emulsja<br \/>\n<strong>Linie elitarne:<\/strong> tak<br \/>\n<strong>Piel\u0119gnacja specyficzna:<\/strong> serum<br \/>\n<strong>Pojemno\u015b\u0107:<\/strong> 20<br \/>\n<strong>Pora stosowania:<\/strong> dowolnie<br \/>\n<strong>P\u0142e\u0107:<\/strong> damski<br \/>\n<strong>Rodzaj sk\u00f3ry:<\/strong> wra\u017cliwa<br \/>\n<strong>S\u0142o\u0144ce:<\/strong> nie<br \/>\n<strong>Typ sk\u00f3ry:<\/strong> normalna, sucha<\/p>\n<p><strong>Uwagi:<\/strong><\/p>\n<p>Unika\u0107 bezpo\u015bredniego kontaktu z oczami. W przypadku dostania si\u0119 produktu do oczu natychmiast przemy\u0107 je obficie wod\u0105. Nie przechowywa\u0107 w bezpo\u015brednim \u015bwietle s\u0142onecznym. W przypadku podra\u017cnienia przerwa\u0107 stosowanie.<\/p>\n<p><strong>Sk\u0142adniki:<\/strong><\/p>\n<p>AQUA \/ WATER \/ EAU, GLYCERIN, PROPANEDIOL, NIACINAMIDE, XYLITOL, PHENOXYETHANOL, CAESALPINIA SPINOSA GUM \/ AMMONIUM AMPS CROSSPOLYMER, SQUALANE, ROSA DAMASCENA FLOWER WATER, ETHYLHEXYLGLYCERIN, SODIUM ASCORBYL PHOSPHATE, LEUCONOSTOC\/RADISH ROOT FERMENT FILTRATE, SODIUM HYALURONATE, GOLD, CAPRYLYL GLYCOL, SILVER, KETOGLUTARIC ACID, MICA, CI 77891 \/ TITANIUM DIOXIDE, CI 77491 \/ IRON OXIDES, PARFUM \/ FRAGRANCE.<\/p>\n","protected":false},"excerpt":{"rendered":"<p> <strong>Dzia\u0142anie:<\/strong> nawil\u017caj\u0105ce, roz\u015bwietlaj\u0105ce, uelastycznia, uj\u0119drnia, wyr\u00f3wnuje koloryt sk\u00f3ry<br \/>  <strong>Gramatura:<\/strong> ml<br \/>  <strong>Konsystencja:<\/strong> emulsja<br \/>  <strong>Linie elitarne:<\/strong> tak<br \/>  <strong>Piel\u0119gnacja specyficzna:<\/strong> serum<br \/>  <strong>Pojemno\u015b\u0107:<\/strong> 20<br \/>  <strong>Pora stosowania:<\/strong> dowolnie<br \/>  <strong>P\u0142e\u0107:<\/strong> damski<br \/>  <strong>Rodzaj sk\u00f3ry:<\/strong> wra\u017cliwa<br \/>  <strong>S\u0142o\u0144ce:<\/strong> nie<br \/>  <strong>Typ sk\u00f3ry:<\/strong> normalna, sucha <\/p>\n","protected":false},"featured_media":43601,"comment_status":"open","ping_status":"closed","template":"","meta":{"_acf_changed":false},"kategoria-hurtowni":[90,109,110],"product_brand":[519],"product_cat":[76],"product_tag":[],"class_list":{"0":"post-43600","1":"product","2":"type-product","3":"status-publish","4":"has-post-thumbnail","6":"kategoria-hurtowni-pielegnacja","7":"kategoria-hurtowni-pielegnacja-twarzy-pielegnacja","8":"kategoria-hurtowni-twarz-pielegnacja-twarzy-pielegnacja","9":"product_brand-111skin","10":"product_cat-primavera","12":"first","13":"outofstock","14":"taxable","15":"shipping-taxable","16":"product-type-simple"},"acf":[],"_links":{"self":[{"href":"https:\/\/premino.pl\/index.php?rest_route=\/wp\/v2\/product\/43600","targetHints":{"allow":["GET"]}}],"collection":[{"href":"https:\/\/premino.pl\/index.php?rest_route=\/wp\/v2\/product"}],"about":[{"href":"https:\/\/premino.pl\/index.php?rest_route=\/wp\/v2\/types\/product"}],"replies":[{"embeddable":true,"href":"https:\/\/premino.pl\/index.php?rest_route=%2Fwp%2Fv2%2Fcomments&post=43600"}],"wp:featuredmedia":[{"embeddable":true,"href":"https:\/\/premino.pl\/index.php?rest_route=\/wp\/v2\/media\/43601"}],"wp:attachment":[{"href":"https:\/\/premino.pl\/index.php?rest_route=%2Fwp%2Fv2%2Fmedia&parent=43600"}],"wp:term":[{"taxonomy":"kategoria-hurtowni","embeddable":true,"href":"https:\/\/premino.pl\/index.php?rest_route=%2Fwp%2Fv2%2Fkategoria-hurtowni&post=43600"},{"taxonomy":"product_brand","embeddable":true,"href":"https:\/\/premino.pl\/index.php?rest_route=%2Fwp%2Fv2%2Fproduct_brand&post=43600"},{"taxonomy":"product_cat","embeddable":true,"href":"https:\/\/premino.pl\/index.php?rest_route=%2Fwp%2Fv2%2Fproduct_cat&post=43600"},{"taxonomy":"product_tag","embeddable":true,"href":"https:\/\/premino.pl\/index.php?rest_route=%2Fwp%2Fv2%2Fproduct_tag&post=43600"}],"curies":[{"name":"wp","href":"https:\/\/api.w.org\/{rel}","templated":true}]}}