{"id":43614,"date":"2026-04-17T17:16:02","date_gmt":"2026-04-17T15:16:02","guid":{"rendered":"https:\/\/premino.pl\/produkt\/contour-firming-mask-maska-do-twarzy-75ml\/"},"modified":"2026-04-17T17:16:32","modified_gmt":"2026-04-17T15:16:32","slug":"contour-firming-mask-maska-do-twarzy-75ml","status":"publish","type":"product","link":"https:\/\/premino.pl\/?product=contour-firming-mask-maska-do-twarzy-75ml","title":{"rendered":"Contour Firming Mask maska do twarzy 75ml"},"content":{"rendered":"<p>Misj\u0105 kolekcji Intensive jest zapewnienie, aby sk\u0142adniki o jako\u015bci medycznej dociera\u0142y dok\u0142adnie tam, gdzie s\u0105 najbardziej potrzebne. Ta nocna maska zachowuj\u0105ca m\u0142odo\u015b\u0107 sk\u00f3ry wykorzystuje moc drobnych cz\u0105steczek diamentu, aby ods\u0142oni\u0107 now\u0105, od\u015bwie\u017con\u0105 sk\u00f3r\u0119 oraz dostarczy\u0107 silnie liftinguj\u0105ce, uj\u0119drniaj\u0105ce i modeluj\u0105ce sk\u0142adniki aktywne w g\u0142\u0105b sk\u00f3ry.<\/p>\n<p>Dzi\u0119ki silnemu i wype\u0142niaj\u0105cemu kompleksowi prokolagenowemu oraz intensywnie nawil\u017caj\u0105cym sk\u0142adnikom, takim jak kwas hialuronowy i pantenol, maska aktywnie nawadnia sk\u00f3r\u0119, zamykaj\u0105c wilgo\u0107 w ochronnej matrycy.<\/p>\n<p><b>KLUCZOWE SK\u0141ADNIKI:<\/b><br \/>\u2022 Diamond Peptides &#8211; nowoczesna technologia, kt\u00f3ra przekszta\u0142ca diamenty w ochronny system transportu sk\u0142adnik\u00f3w aktywnych, zwi\u0119kszaj\u0105cy skuteczno\u015b\u0107 przeciwstarzeniowych pentapeptyd\u00f3w. To prze\u0142omowe rozwi\u0105zanie sprawia, \u017ce substancje aktywne pozostaj\u0105 w sk\u00f3rze d\u0142u\u017cej, pomagaj\u0105c redukowa\u0107 zmarszczki, przebarwienia oraz wiotko\u015b\u0107 sk\u00f3ry.<br \/>\u2022 Kwas hialuronowy &#8211; silny humektant, kt\u00f3ry wi\u0105\u017ce i zatrzymuje wilgo\u0107 w sk\u00f3rze. Poprawia poziom nawil\u017cenia i zapewnia efekt wype\u0142nienia oraz wyg\u0142adzenia.<\/p>\n<p><b>SPOS\u00d3B U\u017bYCIA:\u00a0<br \/><\/b>Krok 1: Na\u0142\u00f3\u017c obfit\u0105 ilo\u015b\u0107 produktu na oczyszczon\u0105 i such\u0105 sk\u00f3r\u0119.<br \/>Krok 2: Rozprowad\u017a na ca\u0142ej twarzy i szyi lub stosuj punktowo na wybrane obszary wymagaj\u0105ce szczeg\u00f3lnej piel\u0119gnacji.<br \/>Krok 3: Pozostaw na sk\u00f3rze na noc, a rano dok\u0142adnie sp\u0142ucz.<\/p>\n<p>Wskaz\u00f3wka: Stosuj 2-3 razy w tygodniu lub w zale\u017cno\u015bci od potrzeb.<\/p>\n<p><strong>Dzia\u0142anie:<\/strong> modeluje owal twarzy, nawil\u017caj\u0105ce, redukuje zmarszczki, uelastycznia, uj\u0119drnia, wyg\u0142adza, zmi\u0119kcza<br \/>\n<strong>Gramatura:<\/strong> ml<br \/>\n<strong>Konsystencja:<\/strong> maska<br \/>\n<strong>Linie elitarne:<\/strong> tak<br \/>\n<strong>Piel\u0119gnacja specyficzna:<\/strong> maska<br \/>\n<strong>Pojemno\u015b\u0107:<\/strong> 75<br \/>\n<strong>Pora stosowania:<\/strong> dowolnie<br \/>\n<strong>P\u0142e\u0107:<\/strong> damski<br \/>\n<strong>Rodzaj sk\u00f3ry:<\/strong> dojrza\u0142a, wysuszona<br \/>\n<strong>S\u0142o\u0144ce:<\/strong> nie<br \/>\n<strong>Typ sk\u00f3ry:<\/strong> mieszana\/t\u0142usta, normalna, sucha<\/p>\n<p><strong>Uwagi:<\/strong><\/p>\n<p>W przypadku dostania si\u0119 do oczu, natychmiast przemyj je du\u017c\u0105 ilo\u015bci\u0105 czystej wody i je\u015bli wyst\u0105pi podra\u017cnienie, skonsultuj si\u0119 z lekarzem.<\/p>\n<p><strong>Sk\u0142adniki:<\/strong><\/p>\n<p>AQUA \/ EAU \/ WATER, GLYCERIN, PANTHENOL, ACRYLATES\/C10-30 ALKYL ACRYLATE CROSSPOLYMER, PEG-40 HYDROGENATED CASTOR OIL, SODIUM ASCORBYL PHOSPHATE, PHENOXYETHANOL, SODIUM HYALURONATE, XANTHAN GUM, MACROCYSTIS PYRIFERA (KELP) EXTRACT, SODIUM HYDROXIDE, PVP, ETHYLHEXYLGLYCERIN, HYDROLYZED VEGETABLE PROTEIN, HAMAMELIS VIRGINIANA (WITCH HAZEL) LEAF EXTRACT, PANTOLACTONE, POTASSIUM SORBATE, SODIUM BENZOATE, DEXTRAN, PALMITOYL TRIPEPTIDE-5, TRIFLUOROACETYL TRIPEPTIDE-2, BIOTIN, DIAMOND POWDER, PARFUM \/ FRAGRANCE.<\/p>\n","protected":false},"excerpt":{"rendered":"<p> <strong>Dzia\u0142anie:<\/strong> modeluje owal twarzy, nawil\u017caj\u0105ce, redukuje zmarszczki, uelastycznia, uj\u0119drnia, wyg\u0142adza, zmi\u0119kcza<br \/>  <strong>Gramatura:<\/strong> ml<br \/>  <strong>Konsystencja:<\/strong> maska<br \/>  <strong>Linie elitarne:<\/strong> tak<br \/>  <strong>Piel\u0119gnacja specyficzna:<\/strong> maska<br \/>  <strong>Pojemno\u015b\u0107:<\/strong> 75<br \/>  <strong>Pora stosowania:<\/strong> dowolnie<br \/>  <strong>P\u0142e\u0107:<\/strong> damski<br \/>  <strong>Rodzaj sk\u00f3ry:<\/strong> dojrza\u0142a, wysuszona<br \/>  <strong>S\u0142o\u0144ce:<\/strong> nie<br \/>  <strong>Typ sk\u00f3ry:<\/strong> mieszana\/t\u0142usta, normalna, sucha <\/p>\n","protected":false},"featured_media":43615,"comment_status":"open","ping_status":"closed","template":"","meta":{"_acf_changed":false},"kategoria-hurtowni":[90,109,110],"product_brand":[519],"product_cat":[76],"product_tag":[],"class_list":{"0":"post-43614","1":"product","2":"type-product","3":"status-publish","4":"has-post-thumbnail","6":"kategoria-hurtowni-pielegnacja","7":"kategoria-hurtowni-pielegnacja-twarzy-pielegnacja","8":"kategoria-hurtowni-twarz-pielegnacja-twarzy-pielegnacja","9":"product_brand-111skin","10":"product_cat-primavera","12":"first","13":"outofstock","14":"taxable","15":"shipping-taxable","16":"product-type-simple"},"acf":[],"_links":{"self":[{"href":"https:\/\/premino.pl\/index.php?rest_route=\/wp\/v2\/product\/43614","targetHints":{"allow":["GET"]}}],"collection":[{"href":"https:\/\/premino.pl\/index.php?rest_route=\/wp\/v2\/product"}],"about":[{"href":"https:\/\/premino.pl\/index.php?rest_route=\/wp\/v2\/types\/product"}],"replies":[{"embeddable":true,"href":"https:\/\/premino.pl\/index.php?rest_route=%2Fwp%2Fv2%2Fcomments&post=43614"}],"wp:featuredmedia":[{"embeddable":true,"href":"https:\/\/premino.pl\/index.php?rest_route=\/wp\/v2\/media\/43615"}],"wp:attachment":[{"href":"https:\/\/premino.pl\/index.php?rest_route=%2Fwp%2Fv2%2Fmedia&parent=43614"}],"wp:term":[{"taxonomy":"kategoria-hurtowni","embeddable":true,"href":"https:\/\/premino.pl\/index.php?rest_route=%2Fwp%2Fv2%2Fkategoria-hurtowni&post=43614"},{"taxonomy":"product_brand","embeddable":true,"href":"https:\/\/premino.pl\/index.php?rest_route=%2Fwp%2Fv2%2Fproduct_brand&post=43614"},{"taxonomy":"product_cat","embeddable":true,"href":"https:\/\/premino.pl\/index.php?rest_route=%2Fwp%2Fv2%2Fproduct_cat&post=43614"},{"taxonomy":"product_tag","embeddable":true,"href":"https:\/\/premino.pl\/index.php?rest_route=%2Fwp%2Fv2%2Fproduct_tag&post=43614"}],"curies":[{"name":"wp","href":"https:\/\/api.w.org\/{rel}","templated":true}]}}