{"id":43622,"date":"2026-04-17T17:16:35","date_gmt":"2026-04-17T15:16:35","guid":{"rendered":"https:\/\/premino.pl\/produkt\/celestial-black-diamond-eye-mask-maska-pod-oczy-6ml\/"},"modified":"2026-04-17T17:16:40","modified_gmt":"2026-04-17T15:16:40","slug":"celestial-black-diamond-eye-mask-maska-pod-oczy-6ml","status":"publish","type":"product","link":"https:\/\/premino.pl\/?product=celestial-black-diamond-eye-mask-maska-pod-oczy-6ml","title":{"rendered":"Celestial Black Diamond Eye Mask maska pod oczy 6ml"},"content":{"rendered":"<p>Niezale\u017cnie od tego, czy masz lekki sen, cz\u0119sto podr\u00f3\u017cujesz samolotem, czy jeste\u015b nocnym markiem &#8211; miej zawsze pod r\u0119k\u0105 maski pod oczy dr. Yannisa, aby b\u0142yskawicznie odmieni\u0107 wygl\u0105d zm\u0119czonych oczu.<\/p>\n<p>Intensywnie dzia\u0142aj\u0105ce p\u0142atki pod oczy\u00a0Celestial Black Diamond Eye Mask zapewniaj\u0105 sk\u00f3rze siln\u0105 dawk\u0119 nawil\u017cenia dzi\u0119ki kwasowi hialuronowemu, kt\u00f3ry przywraca komfort i wyg\u0142adza sk\u00f3r\u0119. Zawieraj\u0105 r\u00f3wnie\u017c kompleks peptydowy, wzmacniaj\u0105cy delikatn\u0105 sk\u00f3r\u0119 pod oczami. Formu\u0142a zosta\u0142a wzbogacona o retinol, kt\u00f3ry od\u015bwie\u017ca i delikatnie wyg\u0142adza struktur\u0119 sk\u00f3ry, stosowany w kontrolowanych, niewielkich dawkach, oraz Argireline\u00ae &#8211; naturaln\u0105 alternatyw\u0119 dla zabieg\u00f3w iniekcyjnych, pomagaj\u0105c\u0105 rozlu\u017ani\u0107 napi\u0119te mi\u0119\u015bnie mimiczne. Dodatkowo zawarte witaminy wspieraj\u0105 redukcj\u0119 przebarwie\u0144 i wyr\u00f3wnuj\u0105 koloryt sk\u00f3ry.<\/p>\n<p>Zm\u0119czenie i odwodnienie odejd\u0105 w zapomnienie dzi\u0119ki tym uwielbianym w mediach spo\u0142eczno\u015bciowych p\u0142atkom, kt\u00f3re skutecznie od\u015bwie\u017caj\u0105 i rewitalizuj\u0105 okolice oczu.<\/p>\n<p><b>KLUCZOWE SK\u0141ADNIKI:<br \/><\/b>\u2022 Retinol &#8211; Nale\u017c\u0105cy do rodziny witaminy A retinol dzia\u0142a poprzez przyspieszenie odnowy kom\u00f3rkowej, pomagaj\u0105c zmniejszy\u0107 widoczno\u015b\u0107 drobnych linii, zmarszczek, przebarwie\u0144 oraz nier\u00f3wnego kolorytu i tekstury sk\u00f3ry.<br \/>\u2022 Kwas hialuronowy (Hyaluronic Acid) &#8211; Silny humektant, kt\u00f3ry wi\u0105\u017ce i zatrzymuje wilgo\u0107 w sk\u00f3rze. Poprawia poziom nawil\u017cenia oraz zapewnia efekt wype\u0142nienia i wyg\u0142adzenia.<br \/>\u2022 Niacynamid (Niacinamide) &#8211; Forma witaminy B3, kt\u00f3ra odbudowuje kluczowe lipidy sk\u00f3ry, wspieraj\u0105c jej nawil\u017cenie, a jednocze\u015bnie wykazuje w\u0142a\u015bciwo\u015bci przeciwzapalne i rozja\u015bniaj\u0105ce, pomagaj\u0105c wyr\u00f3wna\u0107 koloryt sk\u00f3ry.<\/p>\n<p><b>SPOS\u00d3B U\u017bYCIA:\u00a0<\/b><br \/>Krok 1: Usu\u0144 foli\u0119 ochronn\u0105 z obu stron masek.<br \/>Krok 2: Na\u0142\u00f3\u017c po jednej masce pod ka\u017cde oko. Mo\u017cesz aplikowa\u0107 je w dowolnym kierunku, dopasowuj\u0105c do kontur\u00f3w twarzy.<br \/>Krok 3: Pozostaw na 20 minut, a po zdj\u0119ciu delikatnie wklep pozosta\u0142o\u015b\u0107 produktu w sk\u00f3r\u0119.<\/p>\n<p><strong>Dzia\u0142anie:<\/strong> modeluje kontur oka, nawil\u017caj\u0105ce, od\u017cywcze, regeneruje, roz\u015bwietlaj\u0105ce, uelastycznia, usuwa oznaki zm\u0119czenia<br \/>\n<strong>Gramatura:<\/strong> ml<br \/>\n<strong>Konsystencja:<\/strong> maska, p\u0142atki pod oczy<br \/>\n<strong>Linie elitarne:<\/strong> tak<br \/>\n<strong>Piel\u0119gnacja specyficzna:<\/strong> maska<br \/>\n<strong>Pojemno\u015b\u0107:<\/strong> 6<br \/>\n<strong>Pora stosowania:<\/strong> dowolnie<br \/>\n<strong>P\u0142e\u0107:<\/strong> damski<br \/>\n<strong>Rodzaj sk\u00f3ry:<\/strong> dojrza\u0142a<\/p>\n<p><strong>Uwagi:<\/strong><\/p>\n<p>W przypadku dostania si\u0119 do oczu, natychmiast przemyj je du\u017c\u0105 ilo\u015bci\u0105 czystej wody i je\u015bli wyst\u0105pi podra\u017cnienie, skonsultuj si\u0119 z lekarzem.<\/p>\n<p><strong>Sk\u0142adniki:<\/strong><\/p>\n<p>AQUA \/ WATER \/ EAU, GLYCERIN, DIPROPYLENE GLYCOL, CHONDRUS CRISPUS (CARRAGEENAN) POWDER, BENZYL GLYCOL, CERATONIA SILIQUA GUM, PEG-60 HYDROGENATED CASTOR OIL, XANTHAN GUM, ALLANTOIN, TITANIUM\/TITANIUM DIOXIDE, NIACINAMIDE, ROSA CANINA FRUIT (ROSEHIP \/ CYNORHODON) EXTRACT, CITRUS PARADISI (GRAPEFRUIT\/ PAMPLEMOUSSE) FRUIT EXTRACT, ETHYLHEXYLGLYCERIN, ACACIA SENEGAL GUM, TOCOPHERYL ACETATE, RICINUS COMMUNIS (CASTOR) SEED OIL, DIPOTASSIUM GLYCYRRHIZATE, RASPBERRY KETONE, ADENOSINE, SYNTHETIC FLUORPHLOGOPITE, DISODIUM EDTA, BUTYLENE GLYCOL, CALCIUM LACTATE, CAPRYLIC\/CAPRIC TRIGLYCERIDE, MACADAMIA TERNIFOLIA SEED OIL, PEAT WATER, HYDROGENATED LECITHIN, PROPYLENE GLYCOL, POLYSORBATE 20, RETINOL, 1,2-HEXANEDIOL, CHOLESTEROL, HYDROXYPROPYL METHYLCELLULOSE, CITRIC ACID, PHENOXYETHANOL, PEG-5 RAPESEED STEROL, BRASSICA COMPESTRIS (RAPESEED \/ COLZA) STEROL, SILICA, SODIUM HYALURONATE, CETETH-3, CETETH-5, HYDROLYZED COLLAGEN, POTASSIUM CETYL PHOSPHATE, POTASSIUM SORBATE, DIAMOND POWDER, CI 77499 \/ IRON OXIDE BLACK, CI 77891 \/ TITANIUM DIOXIDE.<\/p>\n","protected":false},"excerpt":{"rendered":"<p> <strong>Dzia\u0142anie:<\/strong> modeluje kontur oka, nawil\u017caj\u0105ce, od\u017cywcze, regeneruje, roz\u015bwietlaj\u0105ce, uelastycznia, usuwa oznaki zm\u0119czenia<br \/>  <strong>Gramatura:<\/strong> ml<br \/>  <strong>Konsystencja:<\/strong> maska, p\u0142atki pod oczy<br \/>  <strong>Linie elitarne:<\/strong> tak<br \/>  <strong>Piel\u0119gnacja specyficzna:<\/strong> maska<br \/>  <strong>Pojemno\u015b\u0107:<\/strong> 6<br \/>  <strong>Pora stosowania:<\/strong> dowolnie<br \/>  <strong>P\u0142e\u0107:<\/strong> damski<br \/>  <strong>Rodzaj sk\u00f3ry:<\/strong> dojrza\u0142a <\/p>\n","protected":false},"featured_media":43623,"comment_status":"open","ping_status":"closed","template":"","meta":{"_acf_changed":false},"kategoria-hurtowni":[221,90,109],"product_brand":[519],"product_cat":[76],"product_tag":[],"class_list":{"0":"post-43622","1":"product","2":"type-product","3":"status-publish","4":"has-post-thumbnail","6":"kategoria-hurtowni-oczy-pielegnacja-twarzy-pielegnacja","7":"kategoria-hurtowni-pielegnacja","8":"kategoria-hurtowni-pielegnacja-twarzy-pielegnacja","9":"product_brand-111skin","10":"product_cat-primavera","12":"first","13":"outofstock","14":"taxable","15":"shipping-taxable","16":"product-type-simple"},"acf":[],"_links":{"self":[{"href":"https:\/\/premino.pl\/index.php?rest_route=\/wp\/v2\/product\/43622","targetHints":{"allow":["GET"]}}],"collection":[{"href":"https:\/\/premino.pl\/index.php?rest_route=\/wp\/v2\/product"}],"about":[{"href":"https:\/\/premino.pl\/index.php?rest_route=\/wp\/v2\/types\/product"}],"replies":[{"embeddable":true,"href":"https:\/\/premino.pl\/index.php?rest_route=%2Fwp%2Fv2%2Fcomments&post=43622"}],"wp:featuredmedia":[{"embeddable":true,"href":"https:\/\/premino.pl\/index.php?rest_route=\/wp\/v2\/media\/43623"}],"wp:attachment":[{"href":"https:\/\/premino.pl\/index.php?rest_route=%2Fwp%2Fv2%2Fmedia&parent=43622"}],"wp:term":[{"taxonomy":"kategoria-hurtowni","embeddable":true,"href":"https:\/\/premino.pl\/index.php?rest_route=%2Fwp%2Fv2%2Fkategoria-hurtowni&post=43622"},{"taxonomy":"product_brand","embeddable":true,"href":"https:\/\/premino.pl\/index.php?rest_route=%2Fwp%2Fv2%2Fproduct_brand&post=43622"},{"taxonomy":"product_cat","embeddable":true,"href":"https:\/\/premino.pl\/index.php?rest_route=%2Fwp%2Fv2%2Fproduct_cat&post=43622"},{"taxonomy":"product_tag","embeddable":true,"href":"https:\/\/premino.pl\/index.php?rest_route=%2Fwp%2Fv2%2Fproduct_tag&post=43622"}],"curies":[{"name":"wp","href":"https:\/\/api.w.org\/{rel}","templated":true}]}}