{"id":43628,"date":"2026-04-17T17:16:35","date_gmt":"2026-04-17T15:16:35","guid":{"rendered":"https:\/\/premino.pl\/produkt\/black-diamond-emulsion-regenerujaca-emulsja-do-twarzy-50ml\/"},"modified":"2026-04-17T17:16:44","modified_gmt":"2026-04-17T15:16:44","slug":"black-diamond-emulsion-regenerujaca-emulsja-do-twarzy-50ml","status":"publish","type":"product","link":"https:\/\/premino.pl\/?product=black-diamond-emulsion-regenerujaca-emulsja-do-twarzy-50ml","title":{"rendered":"Black Diamond Emulsion regeneruj\u0105ca emulsja do twarzy 50ml"},"content":{"rendered":"<p>Black Diamond Emulsion to lekki krem, kt\u00f3ry zapewnia spektakularne, odmieniaj\u0105ce sk\u00f3r\u0119 rezultaty. Idealnie sprawdzi si\u0119 w piel\u0119gnacji cer t\u0142ustych oraz dla os\u00f3b poszukuj\u0105cych ultralekkiej, niemal niewyczuwalnej na sk\u00f3rze konsystencji.<\/p>\n<p>Ta zaawansowana formu\u0142a zawiera NovoRetin\u2122, ro\u015blinn\u0105 alternatyw\u0119 dla retinolu, kt\u00f3ra przyspiesza regeneracj\u0119 sk\u00f3ry oraz drobno zmielony czarny diament, wspieraj\u0105cy skuteczne dostarczanie sk\u0142adnik\u00f3w aktywnych w g\u0142\u0105b sk\u00f3ry. Sk\u0142adniki te doskonale wsp\u00f3\u0142graj\u0105 z rewolucyjnym kompleksem NAC Y\u00b2\u2122 opracowanym przez dr. Yannisa, kt\u00f3ry tworzy optymalne \u015brodowisko dla produkcji kolagenu, poprawia elastyczno\u015b\u0107 sk\u00f3ry i wzmacnia ochron\u0119 antyoksydacyjn\u0105.<\/p>\n<p>Odkryj najbardziej promienn\u0105 i m\u0142odzie\u0144cz\u0105 ods\u0142on\u0119 swojej sk\u00f3ry dzi\u0119ki temu innowacyjnemu, regeneruj\u0105cemu sk\u00f3r\u0119 kosmetykowi.<\/p>\n<p><b>KLUCZOWE SK\u0141ADNIKI:<\/b><br \/>\u2022 NAC Y\u00b2\u2122 &#8211; autorski kompleks 111SKIN, sk\u0142adaj\u0105cy si\u0119 z witaminy C, escyny oraz NAC, opracowany w celu wspierania produkcji glutationu, zdrowej syntezy kolagenu oraz poprawy elastyczno\u015bci sk\u00f3ry.<br \/>\u2022 NovoRetinol &#8211; ro\u015blinna alternatywa dla retinolu, kt\u00f3ra wspomaga regeneracj\u0119 sk\u00f3ry, jednocze\u015bnie podtrzymuj\u0105c naturalny poziom witaminy A w sk\u00f3rze.<br \/>\u2022 Drobno zmielony czarny diament (Fine Black Diamond Powder) &#8211; wspiera skuteczne dostarczanie sk\u0142adnik\u00f3w aktywnych, umo\u017cliwiaj\u0105c ich lepsze wch\u0142anianie przez sk\u00f3r\u0119.<\/p>\n<p><b>SPOS\u00d3B U\u017bYCIA:\u00a0<br \/><\/b>Krok 1: Rozprowad\u017a 1\u20132 pompki produktu mi\u0119dzy opuszkami palc\u00f3w.<br \/>Krok 2: Na\u0142\u00f3\u017c na twarz i szyj\u0119, wykonuj\u0105c ruchy ku g\u00f3rze.<\/p>\n<p>Wskaz\u00f3wka: Aby przygotowa\u0107 sk\u00f3r\u0119 na lepsze wch\u0142anianie sk\u0142adnik\u00f3w aktywnych, przed aplikacj\u0105 dok\u0142adnie j\u0105 oczy\u015b\u0107 i na\u0142\u00f3\u017c esencj\u0119 &#8211; nawet je\u015bli masz cer\u0119 t\u0142ust\u0105 lub mieszan\u0105.<\/p>\n<p><strong>Dzia\u0142anie:<\/strong> nawil\u017caj\u0105ce, redukuje zmarszczki, regeneruje, uelastycznia, uj\u0119drnia, zmi\u0119kcza, \u0142agodzi podra\u017cnienia<br \/>\n<strong>Gramatura:<\/strong> ml<br \/>\n<strong>Konsystencja:<\/strong> emulsja<br \/>\n<strong>Linie elitarne:<\/strong> tak<br \/>\n<strong>Piel\u0119gnacja specyficzna:<\/strong> nie<br \/>\n<strong>Pojemno\u015b\u0107:<\/strong> 50<br \/>\n<strong>Pora stosowania:<\/strong> dowolnie<br \/>\n<strong>P\u0142e\u0107:<\/strong> damski<br \/>\n<strong>Rodzaj sk\u00f3ry:<\/strong> dojrza\u0142a, wra\u017cliwa<br \/>\n<strong>S\u0142o\u0144ce:<\/strong> nie<br \/>\n<strong>Typ sk\u00f3ry:<\/strong> mieszana\/t\u0142usta<\/p>\n<p><strong>Uwagi:<\/strong><\/p>\n<p>W przypadku dostania si\u0119 do oczu, natychmiast przemyj je du\u017c\u0105 ilo\u015bci\u0105 czystej wody i je\u015bli wyst\u0105pi podra\u017cnienie, skonsultuj si\u0119 z lekarzem.<\/p>\n<p><strong>Sk\u0142adniki:<\/strong><\/p>\n<p>AQUA \/ WATER\/ EAU, ISOPROPYL MYRISTATE, HYDROGENATED VEGETABLE OIL, GLYCERIN, NIACINAMIDE, PRUNUS ARMENIACA (APRICOT) KERNEL OIL, GLYCERYL STEARATE, GLYCERYL STEARATE CITRATE, SODIUM ASCORBYL PHOSPHATE, ACETYL CYSTEINE, ESCIN, AESCULUS HIPPOCASTANUM (HORSE CHESTNUT) SEED EXTRACT, PISTACIA LENTISCUS (MASTIC) GUM, HELICHRYSUM STOECHAS EXTRACT, HABERLEA RHODOPENSIS LEAF EXTRACT, BENZYL ALCOHOL, VITIS VINIFERA (GRAPE) SEED OIL, XANTHAN GUM, ETHYLHEXYLGLYCERIN, CITRIC ACID, CAPRYLIC\/CAPRIC TRIGLYCERIDE, 1,2-HEXANEDIOL, CAPRYLYL GLYCOL, POLYACRYLATE CROSSPOLYMER-6, PENTYLENE GLYCOL, LECITHIN, SODIUM HYALURONATE, POLYGLYCERYL-6 LAURATE, POLYGLYCERYL-10 OLEATE, GLYCYRRHIZA GLABRA (LICORICE) ROOT EXTRACT, GLYCERYL CAPRYLATE\/CAPRATE, SORBITAN PALMITATE, SOY ISOFLAVONES, BETA-SITOSTEROL, CENTELLA ASIATICA EXTRACT, ALOE VERA LEAF EXTRACT, GLYCOSPHINGOLIPIDS, DIAMOND POWDER, SODIUM BENZOATE, LACTIC ACID, POTASSIUM SORBATE, PARFUM\/ FRAGRANCE.<\/p>\n","protected":false},"excerpt":{"rendered":"<p> <strong>Dzia\u0142anie:<\/strong> nawil\u017caj\u0105ce, redukuje zmarszczki, regeneruje, uelastycznia, uj\u0119drnia, zmi\u0119kcza, \u0142agodzi podra\u017cnienia<br \/>  <strong>Gramatura:<\/strong> ml<br \/>  <strong>Konsystencja:<\/strong> emulsja<br \/>  <strong>Linie elitarne:<\/strong> tak<br \/>  <strong>Piel\u0119gnacja specyficzna:<\/strong> nie<br \/>  <strong>Pojemno\u015b\u0107:<\/strong> 50<br \/>  <strong>Pora stosowania:<\/strong> dowolnie<br \/>  <strong>P\u0142e\u0107:<\/strong> damski<br \/>  <strong>Rodzaj sk\u00f3ry:<\/strong> dojrza\u0142a, wra\u017cliwa<br \/>  <strong>S\u0142o\u0144ce:<\/strong> nie<br \/>  <strong>Typ sk\u00f3ry:<\/strong> mieszana\/t\u0142usta <\/p>\n","protected":false},"featured_media":43629,"comment_status":"open","ping_status":"closed","template":"","meta":{"_acf_changed":false},"kategoria-hurtowni":[90,109,110],"product_brand":[519],"product_cat":[76],"product_tag":[],"class_list":{"0":"post-43628","1":"product","2":"type-product","3":"status-publish","4":"has-post-thumbnail","6":"kategoria-hurtowni-pielegnacja","7":"kategoria-hurtowni-pielegnacja-twarzy-pielegnacja","8":"kategoria-hurtowni-twarz-pielegnacja-twarzy-pielegnacja","9":"product_brand-111skin","10":"product_cat-primavera","12":"first","13":"outofstock","14":"taxable","15":"shipping-taxable","16":"product-type-simple"},"acf":[],"_links":{"self":[{"href":"https:\/\/premino.pl\/index.php?rest_route=\/wp\/v2\/product\/43628","targetHints":{"allow":["GET"]}}],"collection":[{"href":"https:\/\/premino.pl\/index.php?rest_route=\/wp\/v2\/product"}],"about":[{"href":"https:\/\/premino.pl\/index.php?rest_route=\/wp\/v2\/types\/product"}],"replies":[{"embeddable":true,"href":"https:\/\/premino.pl\/index.php?rest_route=%2Fwp%2Fv2%2Fcomments&post=43628"}],"wp:featuredmedia":[{"embeddable":true,"href":"https:\/\/premino.pl\/index.php?rest_route=\/wp\/v2\/media\/43629"}],"wp:attachment":[{"href":"https:\/\/premino.pl\/index.php?rest_route=%2Fwp%2Fv2%2Fmedia&parent=43628"}],"wp:term":[{"taxonomy":"kategoria-hurtowni","embeddable":true,"href":"https:\/\/premino.pl\/index.php?rest_route=%2Fwp%2Fv2%2Fkategoria-hurtowni&post=43628"},{"taxonomy":"product_brand","embeddable":true,"href":"https:\/\/premino.pl\/index.php?rest_route=%2Fwp%2Fv2%2Fproduct_brand&post=43628"},{"taxonomy":"product_cat","embeddable":true,"href":"https:\/\/premino.pl\/index.php?rest_route=%2Fwp%2Fv2%2Fproduct_cat&post=43628"},{"taxonomy":"product_tag","embeddable":true,"href":"https:\/\/premino.pl\/index.php?rest_route=%2Fwp%2Fv2%2Fproduct_tag&post=43628"}],"curies":[{"name":"wp","href":"https:\/\/api.w.org\/{rel}","templated":true}]}}