{"id":43630,"date":"2026-04-17T17:16:35","date_gmt":"2026-04-17T15:16:35","guid":{"rendered":"https:\/\/premino.pl\/produkt\/black-diamond-retinol-oil-olejek-do-twarzy-z-retinolem-30ml\/"},"modified":"2026-04-17T17:16:46","modified_gmt":"2026-04-17T15:16:46","slug":"black-diamond-retinol-oil-olejek-do-twarzy-z-retinolem-30ml","status":"publish","type":"product","link":"https:\/\/premino.pl\/?product=black-diamond-retinol-oil-olejek-do-twarzy-z-retinolem-30ml","title":{"rendered":"Black Diamond Retinol Oil olejek do twarzy z retinolem 30ml"},"content":{"rendered":"<p>Ca\u0142a moc retinolu &#8211; bez podra\u017cnie\u0144. Dzi\u0119ki 2,5% kompleksowi retinolu i Granactive Retinoid, zawieszonych w o\u015bmiu koj\u0105cych olejach naturalnych, Black Diamond Retinol Oil zapewnia pe\u0142ni\u0119 przeciwstarzeniowych korzy\u015bci witaminy A. Skuteczno\u015b\u0107 formu\u0142y zosta\u0142a potwierdzona klinicznie, widoczno\u015b\u0107 drobnych linii i zmarszczek ulega redukcji ju\u017c po czterech tygodniach stosowania**, bez obci\u0105\u017cania i podra\u017cniania sk\u00f3ry.<\/p>\n<p>Precyzyjnie dobrana mieszanka sk\u0142adnik\u00f3w aktywnych wspiera odnow\u0119 kom\u00f3rkow\u0105, co pomaga wyg\u0142adzi\u0107 zmarszczki oraz sprawia, \u017ce sk\u00f3ra wygl\u0105da m\u0142odziej i jest wyra\u017anie g\u0142adsza.<\/p>\n<p><b>KLUCZOWE SK\u0141ADNIKI:<\/b><br \/>\u2022\u00a02,5% kompleks retinolu &#8211; unikalne po\u0142\u0105czenie retinolu i Granactive Retinoid, zaprojektowane tak, aby odnawia\u0107 sk\u00f3r\u0119 bez powodowania podra\u017cnie\u0144. Sk\u00f3ra staje si\u0119 ja\u015bniejsza, a drobne linie i zmarszczki ulegaj\u0105 widocznej redukcji.<br \/>\u2022\u00a0Diacetyl Boldine &#8211; rozja\u015bnia sk\u00f3r\u0119 poprzez hamowanie aktywno\u015bci tyrozynazy, enzymu odpowiedzialnego za produkcj\u0119 melaniny.<br \/>\u2022\u00a0Drobno zmielony czarny diament (Fine Black Diamond Powder &#8211; zainspirowana praktykami medycznymi, w kt\u00f3rych struktury diamentowe wykorzystywane s\u0105 do podawania lek\u00f3w, ta pionierska technologia wspomaga skuteczne dostarczanie sk\u0142adnik\u00f3w aktywnych, umo\u017cliwiaj\u0105c ich optymalne wch\u0142anianie i najlepsze mo\u017cliwe rezultaty.<\/p>\n<p><b>SPOS\u00d3B U\u017bYCIA:\u00a0<br \/><\/b>Krok 1: Wieczorem nanie\u015b 2\u20133 krople produktu na opuszki palc\u00f3w.<br \/>Krok 2: Delikatnie wklep olejek w sk\u00f3r\u0119, omijaj\u0105c okolice oczu i ust.<\/p>\n<p><b>Wskaz\u00f3wka:<br \/><\/b>Nast\u0119pnego ranka zawsze stosuj krem z filtrem SPF.\u00a0Przez pierwsze 2-3 tygodnie u\u017cywaj produktu 1\u20132 razy w tygodniu, a nast\u0119pnie stopniowo zwi\u0119kszaj cz\u0119stotliwo\u015b\u0107 stosowania.<\/p>\n<p><strong>Dzia\u0142anie:<\/strong> redukuje zmarszczki, uelastycznia, uj\u0119drnia, wyg\u0142adza, wyr\u00f3wnuje koloryt sk\u00f3ry, zmi\u0119kcza<br \/>\n<strong>Gramatura:<\/strong> ml<br \/>\n<strong>Konsystencja:<\/strong> olejek<br \/>\n<strong>Linie elitarne:<\/strong> tak<br \/>\n<strong>Piel\u0119gnacja specyficzna:<\/strong> serum<br \/>\n<strong>Pojemno\u015b\u0107:<\/strong> 30<br \/>\n<strong>Pora stosowania:<\/strong> noc<br \/>\n<strong>P\u0142e\u0107:<\/strong> damski<br \/>\n<strong>Rodzaj sk\u00f3ry:<\/strong> dojrza\u0142a<br \/>\n<strong>S\u0142o\u0144ce:<\/strong> nie<br \/>\n<strong>Typ sk\u00f3ry:<\/strong> mieszana\/t\u0142usta, normalna, sucha<\/p>\n<p><strong>Uwagi:<\/strong><\/p>\n<p>W przypadku dostania si\u0119 do oczu, natychmiast przemyj je du\u017c\u0105 ilo\u015bci\u0105 czystej wody i je\u015bli wyst\u0105pi podra\u017cnienie, skonsultuj si\u0119 z lekarzem.\u00a0Dla dodatkowego komfortu zaleca si\u0119 aplikowanie produktu po kremie nawil\u017caj\u0105cym, co pomaga z\u0142agodzi\u0107 ewentualne uczucie dyskomfortu.<\/p>\n<p><strong>Sk\u0142adniki:<\/strong><\/p>\n<p>COCO-CAPRYLATE\/CAPRATE, CAPRYLIC\/CAPRIC TRIGLYCERIDE, ISOPROPYL MYRISTATE, SQUALANE, DIMETHYL ISOSORBIDE, HYDROXYPINACOLONE RETINOATE, RETINOL, DIACETYL BOLDINE, TOCOPHEROL, GLYCINE SOJA (SOYBEAN) OIL, PPG-26-BUTETH-26, PEG-40 HYDROGENATED CASTOR OIL, OLEA EUROPAEA (OLIVE) FRUIT OIL, COCOS NUCIFERA (COCONUT) OIL, HELIANTHUS ANNUUS (SUNFLOWER) SEED OIL, LINUM USITATISSIMUM (LINSEED) SEED OIL, ORYZA SATIVA (RICE) BRAN OIL, PRUNUS AMYGDALUS DULCIS (SWEET ALMOND) OIL, VITIS VINIFERA (GRAPE) SEED OIL, AQUA (WATER), BHT, GLYCERIN, DIAMOND POWDER, XANTHAN GUM, SODIUM BENZOATE, LACTIC ACID, POTASSIUM SORBATE, PARFUM (FRAGRANCE).<\/p>\n","protected":false},"excerpt":{"rendered":"<p> <strong>Dzia\u0142anie:<\/strong> redukuje zmarszczki, uelastycznia, uj\u0119drnia, wyg\u0142adza, wyr\u00f3wnuje koloryt sk\u00f3ry, zmi\u0119kcza<br \/>  <strong>Gramatura:<\/strong> ml<br \/>  <strong>Konsystencja:<\/strong> olejek<br \/>  <strong>Linie elitarne:<\/strong> tak<br \/>  <strong>Piel\u0119gnacja specyficzna:<\/strong> serum<br \/>  <strong>Pojemno\u015b\u0107:<\/strong> 30<br \/>  <strong>Pora stosowania:<\/strong> noc<br \/>  <strong>P\u0142e\u0107:<\/strong> damski<br \/>  <strong>Rodzaj sk\u00f3ry:<\/strong> dojrza\u0142a<br \/>  <strong>S\u0142o\u0144ce:<\/strong> nie<br \/>  <strong>Typ sk\u00f3ry:<\/strong> mieszana\/t\u0142usta, normalna, sucha <\/p>\n","protected":false},"featured_media":43631,"comment_status":"open","ping_status":"closed","template":"","meta":{"_acf_changed":false},"kategoria-hurtowni":[90,109,110],"product_brand":[519],"product_cat":[76],"product_tag":[],"class_list":{"0":"post-43630","1":"product","2":"type-product","3":"status-publish","4":"has-post-thumbnail","6":"kategoria-hurtowni-pielegnacja","7":"kategoria-hurtowni-pielegnacja-twarzy-pielegnacja","8":"kategoria-hurtowni-twarz-pielegnacja-twarzy-pielegnacja","9":"product_brand-111skin","10":"product_cat-primavera","12":"first","13":"outofstock","14":"taxable","15":"shipping-taxable","16":"product-type-simple"},"acf":[],"_links":{"self":[{"href":"https:\/\/premino.pl\/index.php?rest_route=\/wp\/v2\/product\/43630","targetHints":{"allow":["GET"]}}],"collection":[{"href":"https:\/\/premino.pl\/index.php?rest_route=\/wp\/v2\/product"}],"about":[{"href":"https:\/\/premino.pl\/index.php?rest_route=\/wp\/v2\/types\/product"}],"replies":[{"embeddable":true,"href":"https:\/\/premino.pl\/index.php?rest_route=%2Fwp%2Fv2%2Fcomments&post=43630"}],"wp:featuredmedia":[{"embeddable":true,"href":"https:\/\/premino.pl\/index.php?rest_route=\/wp\/v2\/media\/43631"}],"wp:attachment":[{"href":"https:\/\/premino.pl\/index.php?rest_route=%2Fwp%2Fv2%2Fmedia&parent=43630"}],"wp:term":[{"taxonomy":"kategoria-hurtowni","embeddable":true,"href":"https:\/\/premino.pl\/index.php?rest_route=%2Fwp%2Fv2%2Fkategoria-hurtowni&post=43630"},{"taxonomy":"product_brand","embeddable":true,"href":"https:\/\/premino.pl\/index.php?rest_route=%2Fwp%2Fv2%2Fproduct_brand&post=43630"},{"taxonomy":"product_cat","embeddable":true,"href":"https:\/\/premino.pl\/index.php?rest_route=%2Fwp%2Fv2%2Fproduct_cat&post=43630"},{"taxonomy":"product_tag","embeddable":true,"href":"https:\/\/premino.pl\/index.php?rest_route=%2Fwp%2Fv2%2Fproduct_tag&post=43630"}],"curies":[{"name":"wp","href":"https:\/\/api.w.org\/{rel}","templated":true}]}}