{"id":43632,"date":"2026-04-17T17:16:35","date_gmt":"2026-04-17T15:16:35","guid":{"rendered":"https:\/\/premino.pl\/produkt\/black-diamond-eye-cream-krem-pod-oczy-15ml\/"},"modified":"2026-04-17T17:16:47","modified_gmt":"2026-04-17T15:16:47","slug":"black-diamond-eye-cream-krem-pod-oczy-15ml","status":"publish","type":"product","link":"https:\/\/premino.pl\/?product=black-diamond-eye-cream-krem-pod-oczy-15ml","title":{"rendered":"Black Diamond Eye Cream krem pod oczy 15ml"},"content":{"rendered":"<p>Peptydowa piel\u0119gnacja okolic oczu, kt\u00f3rej skuteczno\u015b\u0107 klinicznie potwierdzono w redukcji widoczno\u015bci zmarszczek oraz w walce z zaawansowanymi oznakami starzenia tam, gdzie s\u0105 one najbardziej zauwa\u017calne. Zainspirowana wyj\u0105tkow\u0105 wiedz\u0105 dr. Yannisa Alexandridesa na temat delikatnej sk\u00f3ry wok\u00f3\u0142 oczu, formu\u0142a kremu Black Diamond Eye Cream \u0142\u0105czy NAC Y\u00b2\u2122, technologi\u0119 Black Diamond oraz silnie dzia\u0142aj\u0105ce sk\u0142adniki aktywne, precyzyjnie dobrane, by zwalcza\u0107 oznaki starzenia w okolicach oczu.<\/p>\n<p>Niewielka ilo\u015b\u0107 tej lekkiej kremowej formu\u0142y wystarcza na d\u0142ugo. Dzi\u0119ki zawarto\u015bci drobno zmielonego czarnego diamentu, innowacyjna technologia wspiera skuteczne przenikanie i optymalne wch\u0142anianie sk\u0142adnik\u00f3w aktywnych &#8211; wystarczy zaledwie po\u0142owa pompki. Produkt natychmiast od\u017cywia sk\u00f3r\u0119 wok\u00f3\u0142 oczu i g\u0142adko rozprowadza si\u0119 na sk\u00f3rze.<\/p>\n<p><b>KLUCZOWE SK\u0141ADNIKI:<\/b><br \/>\u2022 NAC Y\u00b2\u2122 &#8211; autorski kompleks 111SKIN, sk\u0142adaj\u0105cy si\u0119 z witaminy C, escyny oraz NAC, opracowany w celu wspierania produkcji glutationu, zdrowej syntezy kolagenu oraz poprawy elastyczno\u015bci sk\u00f3ry.<br \/>\u2022 Granactive Retinoid\u00ae &#8211; zaawansowany sk\u0142adnik rozja\u015bniaj\u0105cy sk\u00f3r\u0119, kt\u00f3ry wyr\u00f3wnuje koloryt oraz redukuje zaczerwienienia.<br \/>\u2022 Drobno zmielony czarny diament (Fine Black Diamond Powder) &#8211; zainspirowana praktykami medycznymi, w kt\u00f3rych struktury diamentowe wykorzystywane s\u0105 do podawania lek\u00f3w, ta pionierska technologia wspomaga skuteczne dostarczanie sk\u0142adnik\u00f3w aktywnych, umo\u017cliwiaj\u0105c ich optymalne wch\u0142anianie i maksymalne rezultaty.<\/p>\n<p><b>SPOS\u00d3B U\u017bYCIA: <\/b><br \/>Krok 1: Rozprowad\u017a po\u0142ow\u0119 pompki produktu mi\u0119dzy palcami serdecznymi.<br \/>Krok 2: Zaczynaj\u0105c od zewn\u0119trznego k\u0105cika oka, delikatnie wklepuj produkt w sk\u00f3r\u0119, kieruj\u0105c si\u0119 do wewn\u0105trz.<br \/>Krok 3: Nast\u0119pnie przesuwaj si\u0119 ku g\u00f3rze, omiataj\u0105c \u0142uk brwiowy, i wr\u00f3\u0107 do zewn\u0119trznego k\u0105cika oka. Powtarzaj ruchy, a\u017c produkt ca\u0142kowicie si\u0119 wch\u0142onie.<\/p>\n<p>Wskaz\u00f3wka: Aplikuj produkt bardzo delikatnie. Aby unie\u015b\u0107 i wyg\u0142adzi\u0107 ca\u0142\u0105 okolic\u0119 oka, na\u0142\u00f3\u017c krem zar\u00f3wno pod \u0142ukiem brwiowym, jak i pod oczami.<\/p>\n<p><strong>Dzia\u0142anie:<\/strong> liftuj\u0105ce, nawil\u017caj\u0105ce, redukuje zmarszczki, uelastycznia, uj\u0119drnia, wyg\u0142adza, zmi\u0119kcza<br \/>\n<strong>Gramatura:<\/strong> ml<br \/>\n<strong>Konsystencja:<\/strong> krem<br \/>\n<strong>Linie elitarne:<\/strong> tak<br \/>\n<strong>Piel\u0119gnacja specyficzna:<\/strong> nie<br \/>\n<strong>Pojemno\u015b\u0107:<\/strong> 15<br \/>\n<strong>Pora stosowania:<\/strong> dowolnie<br \/>\n<strong>P\u0142e\u0107:<\/strong> damski<br \/>\n<strong>Rodzaj sk\u00f3ry:<\/strong> dojrza\u0142a<br \/>\n<strong>S\u0142o\u0144ce:<\/strong> nie<\/p>\n<p><strong>Uwagi:<\/strong><\/p>\n<p>W przypadku dostania si\u0119 do oczu, natychmiast przemyj je du\u017c\u0105 ilo\u015bci\u0105 czystej wody i je\u015bli wyst\u0105pi podra\u017cnienie, skonsultuj si\u0119 z lekarzem.<\/p>\n<p><strong>Sk\u0142adniki:<\/strong><\/p>\n<p>AQUA \/ WATER \/ EAU, ISOPROPYL MYRISTATE, HYDROGENATED VEGETABLE OIL, GLYCERIN, CAPRYLIC\/CAPRIC TRIGLYCERIDE, GLYCERYL STEARATE, PEG-100 STEARATE, PEG-40 HYDROGENATED CASTOR OIL, CETEARYL ALCOHOL, PROPANEDIOL, SODIUM ASCORBYL PHOSPHATE, SODIUM HYALURONATE, PISTACIA LENTISCUS (MASTIC) GUM, CRATAEGUS MONOGYNA FLOWER EXTRACT, JASMINUM SAMBAC (JASMINE \/ JASMIN) FLOWER EXTRACT, HYDROXYPINACOLONE RETINOATE, HELICHRYSUM STOECHAS (EVERLASTING FLOWER \/ FLEUR \u00c9TERNELLE) EXTRACT, HABERLEA RHODOPENSIS (RESURRECTION PLANT \/ PLANTE DE R\u00c9SURRECTION) LEAF EXTRACT, ACETYL CYSTEINE, ESCIN, DIAMOND POWDER, AESCULUS HIPPOCASTANUM (HORSE CHESTNUT \/ MARRON) SEED EXTRACT, ALOE VERA LEAF EXTRACT, CENTELLA ASIATICA (GOTU KOLA) EXTRACT, GLYCYRRHIZA GLABRA (LIQUORICE \/ R\u00c9GLISSE) ROOT EXTRACT, BENZYL ALCOHOL, CAPRYLYL GLYCOL, OLEA EUROPAEA (OLIVE) FRUIT OIL, ORYZA SATIVA (RICE \/ RIZ) BRAN OIL, XANTHAN GUM, ETHYLHEXYLGLYCERIN, KAOLIN, AMMONIUM ACRYLOYLDIMETHYLTAURATE\/VP COPOLYMER, PRUNUS ARMENIACA (APRICOT \/ ABRICOT) KERNEL OIL, DIMETHYL ISOSORBIDE, PENTYLENE GLYCOL, LECITHIN, POLYGLYCERYL-6 LAURATE, CITRIC ACID, POLYGLYCERYL-10 OLEATE, GLYCERYL CAPRYLATE\/CAPRATE, SORBITAN PALMITATE, SOY ISOFLAVONES, BETA-SITOSTEROL, GLYCOSPHINGOLIPIDS, 1,2-HEXANEDIOL, SODIUM BENZOATE, LACTIC ACID, POTASSIUM SORBATE, PARFUM \/ FRAGRANCE.<\/p>\n","protected":false},"excerpt":{"rendered":"<p> <strong>Dzia\u0142anie:<\/strong> liftuj\u0105ce, nawil\u017caj\u0105ce, redukuje zmarszczki, uelastycznia, uj\u0119drnia, wyg\u0142adza, zmi\u0119kcza<br \/>  <strong>Gramatura:<\/strong> ml<br \/>  <strong>Konsystencja:<\/strong> krem<br \/>  <strong>Linie elitarne:<\/strong> tak<br \/>  <strong>Piel\u0119gnacja specyficzna:<\/strong> nie<br \/>  <strong>Pojemno\u015b\u0107:<\/strong> 15<br \/>  <strong>Pora stosowania:<\/strong> dowolnie<br \/>  <strong>P\u0142e\u0107:<\/strong> damski<br \/>  <strong>Rodzaj sk\u00f3ry:<\/strong> dojrza\u0142a<br \/>  <strong>S\u0142o\u0144ce:<\/strong> nie <\/p>\n","protected":false},"featured_media":43633,"comment_status":"open","ping_status":"closed","template":"","meta":{"_acf_changed":false},"kategoria-hurtowni":[221,90,109],"product_brand":[519],"product_cat":[76],"product_tag":[],"class_list":{"0":"post-43632","1":"product","2":"type-product","3":"status-publish","4":"has-post-thumbnail","6":"kategoria-hurtowni-oczy-pielegnacja-twarzy-pielegnacja","7":"kategoria-hurtowni-pielegnacja","8":"kategoria-hurtowni-pielegnacja-twarzy-pielegnacja","9":"product_brand-111skin","10":"product_cat-primavera","12":"first","13":"outofstock","14":"taxable","15":"shipping-taxable","16":"product-type-simple"},"acf":[],"_links":{"self":[{"href":"https:\/\/premino.pl\/index.php?rest_route=\/wp\/v2\/product\/43632","targetHints":{"allow":["GET"]}}],"collection":[{"href":"https:\/\/premino.pl\/index.php?rest_route=\/wp\/v2\/product"}],"about":[{"href":"https:\/\/premino.pl\/index.php?rest_route=\/wp\/v2\/types\/product"}],"replies":[{"embeddable":true,"href":"https:\/\/premino.pl\/index.php?rest_route=%2Fwp%2Fv2%2Fcomments&post=43632"}],"wp:featuredmedia":[{"embeddable":true,"href":"https:\/\/premino.pl\/index.php?rest_route=\/wp\/v2\/media\/43633"}],"wp:attachment":[{"href":"https:\/\/premino.pl\/index.php?rest_route=%2Fwp%2Fv2%2Fmedia&parent=43632"}],"wp:term":[{"taxonomy":"kategoria-hurtowni","embeddable":true,"href":"https:\/\/premino.pl\/index.php?rest_route=%2Fwp%2Fv2%2Fkategoria-hurtowni&post=43632"},{"taxonomy":"product_brand","embeddable":true,"href":"https:\/\/premino.pl\/index.php?rest_route=%2Fwp%2Fv2%2Fproduct_brand&post=43632"},{"taxonomy":"product_cat","embeddable":true,"href":"https:\/\/premino.pl\/index.php?rest_route=%2Fwp%2Fv2%2Fproduct_cat&post=43632"},{"taxonomy":"product_tag","embeddable":true,"href":"https:\/\/premino.pl\/index.php?rest_route=%2Fwp%2Fv2%2Fproduct_tag&post=43632"}],"curies":[{"name":"wp","href":"https:\/\/api.w.org\/{rel}","templated":true}]}}