{"id":43634,"date":"2026-04-17T17:16:35","date_gmt":"2026-04-17T15:16:35","guid":{"rendered":"https:\/\/premino.pl\/produkt\/black-diamond-serum-do-twarzy-30ml\/"},"modified":"2026-04-17T17:16:48","modified_gmt":"2026-04-17T15:16:48","slug":"black-diamond-serum-do-twarzy-30ml","status":"publish","type":"product","link":"https:\/\/premino.pl\/?product=black-diamond-serum-do-twarzy-30ml","title":{"rendered":"Black Diamond serum do twarzy 30ml"},"content":{"rendered":"<p>Serum o dzia\u0142aniu \u201eprzeciw zasadom grawitacji\u201d, kt\u00f3re modeluje i uj\u0119drnia sk\u00f3r\u0119, nadaj\u0105c jej m\u0142odszy wygl\u0105d. Formu\u0142a oparta jest na silnym ekstrakcie z mikroalg, kt\u00f3ry pomaga unosi\u0107 i napina\u0107 sk\u00f3r\u0119, przeciwdzia\u0142aj\u0105c jej wiotczeniu powstaj\u0105cemu w wyniku naturalnego rozpadu kolagenu. Dzia\u0142anie to wzmacnia NovoRetin &#8211; naturalna alternatywa dla retinolu, kt\u00f3ra na\u015bladuje jego w\u0142a\u015bciwo\u015bci wyg\u0142adzaj\u0105ce i odnawiaj\u0105ce, jednocze\u015bnie spowalniaj\u0105c degradacj\u0119 naturalnego poziomu witaminy A w sk\u00f3rze.<\/p>\n<p>Formu\u0142a zosta\u0142a dodatkowo wzbogacona o charakterystyczn\u0105 technologi\u0119 Black Diamond, zawieraj\u0105c\u0105 drobno zmielony czarny diament, kt\u00f3ry wspomaga skuteczne dostarczanie sk\u0142adnik\u00f3w aktywnych w g\u0142\u0105b sk\u00f3ry. Jedwabiste serum natychmiast wtapia si\u0119 w sk\u00f3r\u0119, pozostawiaj\u0105c j\u0105 wyra\u017anie g\u0142adsz\u0105, bardziej mi\u0119kk\u0105 i o udoskonalonej strukturze.<\/p>\n<p>Produkt modeluje i unosi sk\u00f3r\u0119, podkre\u015blaj\u0105c kontury twarzy dla bardziej m\u0142odzie\u0144czego wygl\u0105du. Uj\u0119drnia sk\u00f3r\u0119, przeciwdzia\u0142aj\u0105c jej wiotczeniu i opadaniu spowodowanemu utrat\u0105 kolagenu, redukuje widoczno\u015b\u0107 plam pigmentacyjnych oraz dzia\u0142a przeciwzmarszczkowo, poprawiaj\u0105c og\u00f3ln\u0105 tekstur\u0119 sk\u00f3ry.<\/p>\n<p><b>KLUCZOWE SK\u0141ADNIKI:<\/b><br \/>\u2022 NovoRetin\u2122 &#8211; ro\u015blinna alternatywa dla retinolu, kt\u00f3ra wspomaga regeneracj\u0119 sk\u00f3ry, jednocze\u015bnie podtrzymuj\u0105c naturalny poziom witaminy A w sk\u00f3rze.<br \/>\u2022 Ekstrakt z mikroalg (Microalgae Extract) &#8211; silny ekstrakt botaniczny, kt\u00f3ry unosi i napina wiotk\u0105 sk\u00f3r\u0119, zapewniaj\u0105c efekt przeciwstarzeniowy.<br \/>\u2022 NAC Y\u00b2\u2122 &#8211; autorski kompleks 111SKIN, sk\u0142adaj\u0105cy si\u0119 z witaminy C, escyny oraz NAC, opracowany w celu wspierania produkcji glutationu, zdrowej syntezy kolagenu oraz poprawy elastyczno\u015bci sk\u00f3ry.<\/p>\n<p><b>SPOS\u00d3B U\u017bYCIA:\u00a0<br \/><\/b>Krok 1: Rozprowad\u017a 1\u20132 pompki produktu mi\u0119dzy opuszkami palc\u00f3w.<br \/>Krok 2: Na\u0142\u00f3\u017c na twarz i szyj\u0119, wykonuj\u0105c ruchy ku g\u00f3rze.<\/p>\n<p>Wskaz\u00f3wka: W przypadku sk\u00f3ry t\u0142ustej lub mieszanej aplikuj serum bezpo\u015brednio po esencji, aby zatrzyma\u0107 wilgo\u0107 i uzyska\u0107 lekkie, niet\u0142uste wyko\u0144czenie.<\/p>\n<p><strong>Dzia\u0142anie:<\/strong> napina, nawil\u017caj\u0105ce, roz\u015bwietlaj\u0105ce, uelastycznia, uj\u0119drnia, wyr\u00f3wnuje koloryt sk\u00f3ry, zmi\u0119kcza<br \/>\n<strong>Gramatura:<\/strong> ml<br \/>\n<strong>Konsystencja:<\/strong> emulsja<br \/>\n<strong>Linie elitarne:<\/strong> tak<br \/>\n<strong>Piel\u0119gnacja specyficzna:<\/strong> serum<br \/>\n<strong>Pojemno\u015b\u0107:<\/strong> 30<br \/>\n<strong>Pora stosowania:<\/strong> dowolnie<br \/>\n<strong>P\u0142e\u0107:<\/strong> damski<br \/>\n<strong>Rodzaj sk\u00f3ry:<\/strong> dojrza\u0142a<br \/>\n<strong>S\u0142o\u0144ce:<\/strong> nie<br \/>\n<strong>Typ sk\u00f3ry:<\/strong> sucha<\/p>\n<p><strong>Uwagi:<\/strong><\/p>\n<p>Unika\u0107 kontaktu z oczami. W przypadku dostania si\u0119 do oczu, natychmiast przemyj je du\u017c\u0105 ilo\u015bci\u0105 czystej wody i je\u015bli wyst\u0105pi podra\u017cnienie, skonsultuj si\u0119 z lekarzem.<\/p>\n<p><strong>Sk\u0142adniki:<\/strong><\/p>\n<p>AQUA \/ EAU \/ WATER, GLYCERIN, ALCOHOL DENAT., ISOPROPYL MYRISTATE, SORBITOL, NIACINAMIDE, ACETYL CYSTEINE, ESCIN, AESCULUS HIPPOCASTANUM (HORSE CHESTNUT \/ MARRON) SEED EXTRACT, SODIUM ASCORBYL PHOSPHATE, SODIUM HYALURONATE, DIAMOND POWDER, NANNOCHLOROPSIS OCULATA EXTRACT, PISTACIA LENTISCUS (MASTIC \/ MASTIQUE) GUM, GLYCYRRHIZA GLABRA (LIQUORICE \/ R\u00c9GLISSE) ROOT EXTRACT, ALOE VERA LEAF EXTRACT, CENTELLA ASIATICA (GOTU KOLA) EXTRACT, HABERLEA RHODOPENSIS LEAF EXTRACT, SOY ISOFLAVONES, TANNIC ACID, BETA-SITOSTEROL, BENZYL ALCOHOL, CARBOMER, PULLULAN, CAPRYLYL GLYCOL, ETHYLHEXYLGLYCERIN, CAPRYLIC\/CAPRIC TRIGLYCERIDE, PENTYLENE GLYCOL, XANTHAN GUM, SODIUM HYDROXIDE, LECITHIN, POLYGLYCERYL-6 LAURATE, POLYGLYCERYL-10 OLEATE, GLYCERYL CAPRYLATE\/CAPRATE, SORBITAN PALMITATE, CITRIC ACID, GLYCOSPHINGOLIPIDS, SODIUM BENZOATE, LACTIC ACID, POTASSIUM SORBATE, PARFUM \/ FRAGRANCE.<\/p>\n","protected":false},"excerpt":{"rendered":"<p> <strong>Dzia\u0142anie:<\/strong> napina, nawil\u017caj\u0105ce, roz\u015bwietlaj\u0105ce, uelastycznia, uj\u0119drnia, wyr\u00f3wnuje koloryt sk\u00f3ry, zmi\u0119kcza<br \/>  <strong>Gramatura:<\/strong> ml<br \/>  <strong>Konsystencja:<\/strong> emulsja<br \/>  <strong>Linie elitarne:<\/strong> tak<br \/>  <strong>Piel\u0119gnacja specyficzna:<\/strong> serum<br \/>  <strong>Pojemno\u015b\u0107:<\/strong> 30<br \/>  <strong>Pora stosowania:<\/strong> dowolnie<br \/>  <strong>P\u0142e\u0107:<\/strong> damski<br \/>  <strong>Rodzaj sk\u00f3ry:<\/strong> dojrza\u0142a<br \/>  <strong>S\u0142o\u0144ce:<\/strong> nie<br \/>  <strong>Typ sk\u00f3ry:<\/strong> sucha <\/p>\n","protected":false},"featured_media":43635,"comment_status":"open","ping_status":"closed","template":"","meta":{"_acf_changed":false},"kategoria-hurtowni":[90,109,110],"product_brand":[519],"product_cat":[76],"product_tag":[],"class_list":{"0":"post-43634","1":"product","2":"type-product","3":"status-publish","4":"has-post-thumbnail","6":"kategoria-hurtowni-pielegnacja","7":"kategoria-hurtowni-pielegnacja-twarzy-pielegnacja","8":"kategoria-hurtowni-twarz-pielegnacja-twarzy-pielegnacja","9":"product_brand-111skin","10":"product_cat-primavera","12":"first","13":"outofstock","14":"taxable","15":"shipping-taxable","16":"product-type-simple"},"acf":[],"_links":{"self":[{"href":"https:\/\/premino.pl\/index.php?rest_route=\/wp\/v2\/product\/43634","targetHints":{"allow":["GET"]}}],"collection":[{"href":"https:\/\/premino.pl\/index.php?rest_route=\/wp\/v2\/product"}],"about":[{"href":"https:\/\/premino.pl\/index.php?rest_route=\/wp\/v2\/types\/product"}],"replies":[{"embeddable":true,"href":"https:\/\/premino.pl\/index.php?rest_route=%2Fwp%2Fv2%2Fcomments&post=43634"}],"wp:featuredmedia":[{"embeddable":true,"href":"https:\/\/premino.pl\/index.php?rest_route=\/wp\/v2\/media\/43635"}],"wp:attachment":[{"href":"https:\/\/premino.pl\/index.php?rest_route=%2Fwp%2Fv2%2Fmedia&parent=43634"}],"wp:term":[{"taxonomy":"kategoria-hurtowni","embeddable":true,"href":"https:\/\/premino.pl\/index.php?rest_route=%2Fwp%2Fv2%2Fkategoria-hurtowni&post=43634"},{"taxonomy":"product_brand","embeddable":true,"href":"https:\/\/premino.pl\/index.php?rest_route=%2Fwp%2Fv2%2Fproduct_brand&post=43634"},{"taxonomy":"product_cat","embeddable":true,"href":"https:\/\/premino.pl\/index.php?rest_route=%2Fwp%2Fv2%2Fproduct_cat&post=43634"},{"taxonomy":"product_tag","embeddable":true,"href":"https:\/\/premino.pl\/index.php?rest_route=%2Fwp%2Fv2%2Fproduct_tag&post=43634"}],"curies":[{"name":"wp","href":"https:\/\/api.w.org\/{rel}","templated":true}]}}