{"id":43640,"date":"2026-04-17T17:16:35","date_gmt":"2026-04-17T15:16:35","guid":{"rendered":"https:\/\/premino.pl\/produkt\/antioxidant-essence-nac-y2-antyoksydacyjna-esencja-do-twarzy-100ml\/"},"modified":"2026-04-17T17:16:52","modified_gmt":"2026-04-17T15:16:52","slug":"antioxidant-essence-nac-y2-antyoksydacyjna-esencja-do-twarzy-100ml","status":"publish","type":"product","link":"https:\/\/premino.pl\/?product=antioxidant-essence-nac-y2-antyoksydacyjna-esencja-do-twarzy-100ml","title":{"rendered":"Antioxidant Essence NAC Y2 antyoksydacyjna esencja do twarzy 100ml"},"content":{"rendered":"<p>Ten wyj\u0105tkowy kosmetyk intensywnie nawil\u017caj\u0105cy to idealny pierwszy krok piel\u0119gnacji, kt\u00f3ry ch\u0142odzi i koi zm\u0119czon\u0105 sk\u00f3r\u0119, jednocze\u015bnie wzmacniaj\u0105c dzia\u0142anie serum i krem\u00f3w aplikowanych w kolejnych etapach. Formu\u0142a bogata jest w antyoksydanty, kt\u00f3re chroni\u0105 sk\u00f3r\u0119 przed szkodliwym wp\u0142ywem czynnik\u00f3w zewn\u0119trznych, wspieraj\u0105 jej regeneracj\u0119 oraz pozostawiaj\u0105 j\u0105 od\u015bwie\u017con\u0105 i od\u017cywion\u0105.<\/p>\n<p>Antioxidant Essence NAC Y2 zawiera r\u00f3wnie\u017c charakterystyczny, reparuj\u0105cy kompleks NAC Y\u00b2\u2122 autorstwa dr. Yannisa, oparty na innowacyjnej technologii enkapsulacji, zapewniaj\u0105cej a\u017c czterokrotnie silniejsze dzia\u0142anie regeneruj\u0105ce. Formu\u0142\u0119 wzbogacono o ekstrakt z czerwonego \u017ce\u0144-szenia, kt\u00f3ry pomaga niwelowa\u0107 oznaki zm\u0119czenia, oraz kwas fitynowy, wzmacniaj\u0105cy barier\u0119 sk\u00f3rn\u0105 i wyg\u0142adzaj\u0105cy tekstur\u0119 sk\u00f3ry. Dzi\u0119ki zawarto\u015bci witamin A, E i F produkt przyspiesza odnow\u0119 kom\u00f3rkow\u0105 i \u0142agodzi stany zapalne. <\/p>\n<p>Produkt \u0141agodzi podra\u017cnion\u0105 i such\u0105 sk\u00f3r\u0119, jednocze\u015bnie redukuj\u0105c stany zapalne. Przygotowuje sk\u00f3r\u0119 na lepsze wch\u0142anianie kolejnych produkt\u00f3w piel\u0119gnacyjnych. Stosowany rano, po goleniu lub po d\u0142ugim, intensywnym dniu dzia\u0142a jak tonik, kt\u00f3ry skutecznie odmienia kondycj\u0119 sk\u00f3ry.<\/p>\n<p><b>KLUCZOWE SK\u0141ADNIKI:<\/b><br \/>\u2022 NAC Y\u00b2\u2122 &#8211; autorski kompleks 111SKIN, sk\u0142adaj\u0105cy si\u0119 z witaminy C, escyny oraz NAC, opracowany w celu wspierania produkcji glutationu, zdrowej syntezy kolagenu oraz poprawy elastyczno\u015bci sk\u00f3ry.<br \/>\u2022 Alga morska (Giant Kelp) &#8211; botaniczny ekstrakt z alg morskich, bogaty w minera\u0142y, jod oraz antyoksydanty, kt\u00f3ry wspiera regeneracj\u0119 sk\u00f3ry, intensywnie j\u0105 od\u017cywia i pomaga redukowa\u0107 podra\u017cnienia.<br \/>\u2022 Aloes &#8211; ekstrakt ro\u015blinny o w\u0142a\u015bciwo\u015bciach koj\u0105cych i kondycjonuj\u0105cych sk\u00f3r\u0119, dzia\u0142aj\u0105cy przeciwzapalnie i \u0142agodz\u0105co.<\/p>\n<p><b>SPOS\u00d3B U\u017bYCIA:\u00a0<br \/><\/b>Krok 1: Wylej 5-7 kropel na d\u0142onie.<br \/>Krok 2: Mocno przy\u0142\u00f3\u017c produkt na \u015bwie\u017co oczyszczon\u0105 sk\u00f3r\u0119.<\/p>\n<p>Wskaz\u00f3wka: Nak\u0142adaj na such\u0105 sk\u00f3r\u0119, aby zwi\u0119kszy\u0107 jej delikatny efekt z\u0142uszczania i zwi\u0119kszaj\u0105c przenikanie sk\u0142adnik\u00f3w aktywnych w kolejnych produktach.<\/p>\n<p><strong>Dzia\u0142anie:<\/strong> nawil\u017caj\u0105ce, uelastycznia, uj\u0119drnia, zmi\u0119kcza<br \/>\n<strong>Gramatura:<\/strong> ml<br \/>\n<strong>Konsystencja:<\/strong> emulsja<br \/>\n<strong>Linie elitarne:<\/strong> tak<br \/>\n<strong>Piel\u0119gnacja specyficzna:<\/strong> nie<br \/>\n<strong>Pojemno\u015b\u0107:<\/strong> 100<br \/>\n<strong>Pora stosowania:<\/strong> dowolnie<br \/>\n<strong>P\u0142e\u0107:<\/strong> damski<br \/>\n<strong>Rodzaj sk\u00f3ry:<\/strong> dojrza\u0142a, wra\u017cliwa<br \/>\n<strong>S\u0142o\u0144ce:<\/strong> nie<br \/>\n<strong>Typ sk\u00f3ry:<\/strong> mieszana\/t\u0142usta, normalna, sucha<\/p>\n<p><strong>Uwagi:<\/strong><\/p>\n<p>W przypadku dostania si\u0119 do oczu, natychmiast przemyj je du\u017c\u0105 ilo\u015bci\u0105 czystej wody i je\u015bli wyst\u0105pi podra\u017cnienie, skonsultuj si\u0119 z lekarzem.\u00a0<\/p>\n<p><strong>Sk\u0142adniki:<\/strong><\/p>\n<p>AQUA \/ EAU \/ WODA, GLICERYNA, POLISORBAT 20, SORBITOL, ACETYLOCYTYNA, EKSTRAKT Z NASION AESCULUS HIPPOCASTANUM (KASZTAN KONNY \/ MARRON), FOSFORAN ASKORYLU SODU, RETINYLOWOPALMITYAN, EKSTRAKT MACROCYSTIS PYRIFERA (KELP \/ VARECH), EKSTRAKT Z KORZENIA \u017bE\u0143-SZENIA PANAX, OCTAN TOKOFERYLU, GLIKOSFINGOLIPIDY, KWAS FITYNOWY, WODOROTLENEK SODU, KWAS LINOLOWY, KWAS OLEINOWY, KWAS LINOLENOWY, KWAS PALMITYNOWY, KWAS STEARYNOWY, LAURIAN POLIGLICERYLU-6, POLIGLICERYLIAN-10 OLEIAN, EKSTRAKT LI\u015aCIA ALOESU, PALMITAN SORBITAN, OLEJ NASION HELIANTHUS ANNUUS (S\u0141ONECZNIK \/ TURNESOL) \u2013 OLEJ Z NASION, TOKOFEROL, 1,2-HEKSANEDIOL, GLIKOL KAPRYLYLOWY, IZOFLAWONY SOJOWE, SORBIAN POTASU, BENZOEAN SODU, GUMA KSANTANOWA, PROPANEDIOL, HYDROKSYACETOFENON, PARFUM \/ ZAPACH.<\/p>\n","protected":false},"excerpt":{"rendered":"<p> <strong>Dzia\u0142anie:<\/strong> nawil\u017caj\u0105ce, uelastycznia, uj\u0119drnia, zmi\u0119kcza<br \/>  <strong>Gramatura:<\/strong> ml<br \/>  <strong>Konsystencja:<\/strong> emulsja<br \/>  <strong>Linie elitarne:<\/strong> tak<br \/>  <strong>Piel\u0119gnacja specyficzna:<\/strong> nie<br \/>  <strong>Pojemno\u015b\u0107:<\/strong> 100<br \/>  <strong>Pora stosowania:<\/strong> dowolnie<br \/>  <strong>P\u0142e\u0107:<\/strong> damski<br \/>  <strong>Rodzaj sk\u00f3ry:<\/strong> dojrza\u0142a, wra\u017cliwa<br \/>  <strong>S\u0142o\u0144ce:<\/strong> nie<br \/>  <strong>Typ sk\u00f3ry:<\/strong> mieszana\/t\u0142usta, normalna, sucha <\/p>\n","protected":false},"featured_media":43641,"comment_status":"open","ping_status":"closed","template":"","meta":{"_acf_changed":false},"kategoria-hurtowni":[90,109,110],"product_brand":[519],"product_cat":[76],"product_tag":[],"class_list":{"0":"post-43640","1":"product","2":"type-product","3":"status-publish","4":"has-post-thumbnail","6":"kategoria-hurtowni-pielegnacja","7":"kategoria-hurtowni-pielegnacja-twarzy-pielegnacja","8":"kategoria-hurtowni-twarz-pielegnacja-twarzy-pielegnacja","9":"product_brand-111skin","10":"product_cat-primavera","12":"first","13":"outofstock","14":"taxable","15":"shipping-taxable","16":"product-type-simple"},"acf":[],"_links":{"self":[{"href":"https:\/\/premino.pl\/index.php?rest_route=\/wp\/v2\/product\/43640","targetHints":{"allow":["GET"]}}],"collection":[{"href":"https:\/\/premino.pl\/index.php?rest_route=\/wp\/v2\/product"}],"about":[{"href":"https:\/\/premino.pl\/index.php?rest_route=\/wp\/v2\/types\/product"}],"replies":[{"embeddable":true,"href":"https:\/\/premino.pl\/index.php?rest_route=%2Fwp%2Fv2%2Fcomments&post=43640"}],"wp:featuredmedia":[{"embeddable":true,"href":"https:\/\/premino.pl\/index.php?rest_route=\/wp\/v2\/media\/43641"}],"wp:attachment":[{"href":"https:\/\/premino.pl\/index.php?rest_route=%2Fwp%2Fv2%2Fmedia&parent=43640"}],"wp:term":[{"taxonomy":"kategoria-hurtowni","embeddable":true,"href":"https:\/\/premino.pl\/index.php?rest_route=%2Fwp%2Fv2%2Fkategoria-hurtowni&post=43640"},{"taxonomy":"product_brand","embeddable":true,"href":"https:\/\/premino.pl\/index.php?rest_route=%2Fwp%2Fv2%2Fproduct_brand&post=43640"},{"taxonomy":"product_cat","embeddable":true,"href":"https:\/\/premino.pl\/index.php?rest_route=%2Fwp%2Fv2%2Fproduct_cat&post=43640"},{"taxonomy":"product_tag","embeddable":true,"href":"https:\/\/premino.pl\/index.php?rest_route=%2Fwp%2Fv2%2Fproduct_tag&post=43640"}],"curies":[{"name":"wp","href":"https:\/\/api.w.org\/{rel}","templated":true}]}}