{"id":43642,"date":"2026-04-17T17:16:35","date_gmt":"2026-04-17T15:16:35","guid":{"rendered":"https:\/\/premino.pl\/produkt\/deep-cleansing-oil-oczyszczajacy-olejek-do-twarzy-100ml\/"},"modified":"2026-04-17T17:16:54","modified_gmt":"2026-04-17T15:16:54","slug":"deep-cleansing-oil-oczyszczajacy-olejek-do-twarzy-100ml","status":"publish","type":"product","link":"https:\/\/premino.pl\/?product=deep-cleansing-oil-oczyszczajacy-olejek-do-twarzy-100ml","title":{"rendered":"Deep Cleansing Oil oczyszczaj\u0105cy olejek do twarzy 100ml"},"content":{"rendered":"<p>Deep Cleansing Oil to\u00a0lekki olejek oczyszczaj\u0105cy zapewniaj\u0105cy g\u0142\u0119bokie nawil\u017cenie i mi\u0119kko\u015b\u0107 sk\u00f3ry. Precyzyjnie opracowana mieszanka niezb\u0119dnych olej\u00f3w ro\u015blinnych emulguje w lekkie mleczko, kt\u00f3re delikatnie rozpuszcza zanieczyszczenia, makija\u017c oraz wszelkie nieczysto\u015bci. Ceramidy, prebiotyki oraz autorski kompleks NAC Y\u00b2\u2122 intensywnie od\u017cywiaj\u0105 sk\u00f3r\u0119, przywracaj\u0105 r\u00f3wnowag\u0119 bariery ochronnej i \u0142agodz\u0105 oznaki podra\u017cnie\u0144.<\/p>\n<p><b>KLUCZOWE SK\u0141ADNIKI:<\/b><br \/>\u2022 NAC Y\u00b2\u2122 &#8211; autorski kompleks 111SKIN, sk\u0142adaj\u0105cy si\u0119 z witaminy C, escyny oraz NAC, opracowany w celu regeneracji, ukojenia i przywr\u00f3cenia r\u00f3wnowagi sk\u00f3ry.<br \/>\u2022 Ekstrakt z ziaren owsa (Oat Kernel Extract) &#8211; wykazuje w\u0142a\u015bciwo\u015bci antyoksydacyjne, koj\u0105ce i przeciwzapalne.<br \/>\u2022 Prebiotyki &#8211; wspieraj\u0105 zr\u00f3wnowa\u017cony mikrobiom sk\u00f3ry, przyczyniaj\u0105c si\u0119 do zdrowszego \u015brodowiska sk\u00f3rnego oraz poprawy jej odporno\u015bci i blasku.<\/p>\n<p><b>SPOS\u00d3B U\u017bYCIA: <\/b><br \/>Krok 1: Nanie\u015b 2-3 pompki produktu na suche d\u0142onie i rozgrzej go mi\u0119dzy d\u0142o\u0144mi.<br \/>Krok 2: Delikatnie wmasuj produkt w such\u0105 sk\u00f3r\u0119 przez oko\u0142o 30 sekund, wykonuj\u0105c koliste ruchy.<br \/>Krok 3: Sp\u0142ucz letni\u0105 (nie gor\u0105c\u0105) wod\u0105.<br \/>Krok 4: Delikatnie osusz sk\u00f3r\u0119 r\u0119cznikiem, przyk\u0142adaj\u0105c go do twarzy.<\/p>\n<p>Wskaz\u00f3wka: Stosuj codziennie samodzielnie lub jako pierwszy etap dwuetapowego oczyszczania.<\/p>\n<\/p>\n<p><strong>Dzia\u0142anie:<\/strong> demakija\u017c, oczyszczaj\u0105ce<br \/>\n<strong>Gramatura:<\/strong> ml<br \/>\n<strong>Konsystencja:<\/strong> olejek<br \/>\n<strong>Linie elitarne:<\/strong> tak<br \/>\n<strong>Piel\u0119gnacja specyficzna:<\/strong> nie<br \/>\n<strong>Pojemno\u015b\u0107:<\/strong> 100<br \/>\n<strong>Pora stosowania:<\/strong> dowolnie<br \/>\n<strong>P\u0142e\u0107:<\/strong> damski<br \/>\n<strong>Rodzaj sk\u00f3ry:<\/strong> dojrza\u0142a, wra\u017cliwa, wysuszona<br \/>\n<strong>S\u0142o\u0144ce:<\/strong> nie<br \/>\n<strong>Typ sk\u00f3ry:<\/strong> normalna, sucha<\/p>\n<p><strong>Uwagi:<\/strong><\/p>\n<p>W przypadku dostania si\u0119 do oczu, natychmiast przemyj je du\u017c\u0105 ilo\u015bci\u0105 czystej wody i je\u015bli wyst\u0105pi podra\u017cnienie, skonsultuj si\u0119 z lekarzem.<\/p>\n<p><strong>Sk\u0142adniki:<\/strong><\/p>\n<p>ETHYLHEXYL PALMITATE, PEG-20 GLYCERYL TRIISOSTEARATE, CETYL ETHYLHEXANOATE, GLYCINE MAX (SOYBEAN) OIL, POLYGLYCERYL-2 ISOSTEARATE\/DIMER DILINOLEATE COPOLYMER, CARTHAMUS TINCTORIUS (SAFFLOWER) SEED OIL, SIMMONDSIA CHINENSIS (JOJOBA) SEED OIL, SQUALANE, ISOCETYL ALCOHOL, AQUA, BUTYLENE GLYCOL, CERAMIDE NP, ANTHEMIS NOBILIS FLOWER EXTRACT, NIACINAMIDE, SODIUM ASCORBYL PHOSPHATE, 1,2-HEXANEDIOL, LECITHIN, ESCIN, CENTELLA ASIATICA EXTRACT, POLYGLYCERYL-6 LAURATE, POLYGLYCERYL-10 OLEATE, AVENA SATIVA (OAT) KERNEL EXTRACT, BETA-SITOSTEROL, LACTOBACILLUS FERMENT LYSATE, MADECASSOSIDE, SORBITAN PALMITATE, TARAXACUM OFFICINALE (DANDELION) LEAF EXTRACT, ACETYL CYSTEINE, SOY ISOFLAVONES, AESCULUS HIPPOCASTANUM (HORSE CHESTNUT) SEED EXTRACT, ASIATICOSIDE, GLYCOSPHINGOLIPIDS, ETHYLHEXYLGLYCERIN, PARFUM\/FRAGRANCE<\/p>\n","protected":false},"excerpt":{"rendered":"<p> <strong>Dzia\u0142anie:<\/strong> demakija\u017c, oczyszczaj\u0105ce<br \/>  <strong>Gramatura:<\/strong> ml<br \/>  <strong>Konsystencja:<\/strong> olejek<br \/>  <strong>Linie elitarne:<\/strong> tak<br \/>  <strong>Piel\u0119gnacja specyficzna:<\/strong> nie<br \/>  <strong>Pojemno\u015b\u0107:<\/strong> 100<br \/>  <strong>Pora stosowania:<\/strong> dowolnie<br \/>  <strong>P\u0142e\u0107:<\/strong> damski<br \/>  <strong>Rodzaj sk\u00f3ry:<\/strong> dojrza\u0142a, wra\u017cliwa, wysuszona<br \/>  <strong>S\u0142o\u0144ce:<\/strong> nie<br \/>  <strong>Typ sk\u00f3ry:<\/strong> normalna, sucha <\/p>\n","protected":false},"featured_media":43643,"comment_status":"open","ping_status":"closed","template":"","meta":{"_acf_changed":false},"kategoria-hurtowni":[90,109,110],"product_brand":[519],"product_cat":[76],"product_tag":[],"class_list":{"0":"post-43642","1":"product","2":"type-product","3":"status-publish","4":"has-post-thumbnail","6":"kategoria-hurtowni-pielegnacja","7":"kategoria-hurtowni-pielegnacja-twarzy-pielegnacja","8":"kategoria-hurtowni-twarz-pielegnacja-twarzy-pielegnacja","9":"product_brand-111skin","10":"product_cat-primavera","12":"first","13":"outofstock","14":"taxable","15":"shipping-taxable","16":"product-type-simple"},"acf":[],"_links":{"self":[{"href":"https:\/\/premino.pl\/index.php?rest_route=\/wp\/v2\/product\/43642","targetHints":{"allow":["GET"]}}],"collection":[{"href":"https:\/\/premino.pl\/index.php?rest_route=\/wp\/v2\/product"}],"about":[{"href":"https:\/\/premino.pl\/index.php?rest_route=\/wp\/v2\/types\/product"}],"replies":[{"embeddable":true,"href":"https:\/\/premino.pl\/index.php?rest_route=%2Fwp%2Fv2%2Fcomments&post=43642"}],"wp:featuredmedia":[{"embeddable":true,"href":"https:\/\/premino.pl\/index.php?rest_route=\/wp\/v2\/media\/43643"}],"wp:attachment":[{"href":"https:\/\/premino.pl\/index.php?rest_route=%2Fwp%2Fv2%2Fmedia&parent=43642"}],"wp:term":[{"taxonomy":"kategoria-hurtowni","embeddable":true,"href":"https:\/\/premino.pl\/index.php?rest_route=%2Fwp%2Fv2%2Fkategoria-hurtowni&post=43642"},{"taxonomy":"product_brand","embeddable":true,"href":"https:\/\/premino.pl\/index.php?rest_route=%2Fwp%2Fv2%2Fproduct_brand&post=43642"},{"taxonomy":"product_cat","embeddable":true,"href":"https:\/\/premino.pl\/index.php?rest_route=%2Fwp%2Fv2%2Fproduct_cat&post=43642"},{"taxonomy":"product_tag","embeddable":true,"href":"https:\/\/premino.pl\/index.php?rest_route=%2Fwp%2Fv2%2Fproduct_tag&post=43642"}],"curies":[{"name":"wp","href":"https:\/\/api.w.org\/{rel}","templated":true}]}}