{"id":43646,"date":"2026-04-17T17:16:35","date_gmt":"2026-04-17T15:16:35","guid":{"rendered":"https:\/\/premino.pl\/produkt\/day-cream-nac-y2-krem-do-twarzy-na-dzien-50ml\/"},"modified":"2026-04-17T17:16:56","modified_gmt":"2026-04-17T15:16:56","slug":"day-cream-nac-y2-krem-do-twarzy-na-dzien-50ml","status":"publish","type":"product","link":"https:\/\/premino.pl\/?product=day-cream-nac-y2-krem-do-twarzy-na-dzien-50ml","title":{"rendered":"Day Cream NAC Y2 krem do twarzy na dzie\u0144 50ml"},"content":{"rendered":"<p>Chro\u0144 swoj\u0105 sk\u00f3r\u0119 przed codziennymi czynnikami stresogennymi dzi\u0119ki Day Cream NAC Y\u00b2\u2122 &#8211; najlepszemu sprzymierze\u0144cowi w ochronie sk\u00f3ry. Ta od\u017cywcza formu\u0142a wzmacnia barier\u0119 sk\u00f3rn\u0105 i zosta\u0142a opracowana tak, aby dostarcza\u0107 skuteczn\u0105 mieszank\u0119 sk\u0142adnik\u00f3w aktywnych, jednocze\u015bnie \u0142atwo wtapiaj\u0105c si\u0119 w sk\u00f3r\u0119.<\/p>\n<p>Wzmocniony nowym kompleksem NAC Y\u00b2\u2122, krem pomaga przywr\u00f3ci\u0107 i zachowa\u0107 zdrowie sk\u00f3ry oraz ograniczy\u0107 transepidermaln\u0105 utrat\u0119 wody (TEWL). Ekstrakt z dro\u017cd\u017cy tworzy funkcjonaln\u0105 barier\u0119 ochronn\u0105, zabezpieczaj\u0105c sk\u00f3r\u0119 przed szkodliwymi czynnikami zewn\u0119trznymi. Formu\u0142\u0119 dodatkowo wzbogacono o kwas hialuronowy o wielu masach cz\u0105steczkowych, kt\u00f3ry zapewnia zar\u00f3wno natychmiastowe, jak i d\u0142ugotrwa\u0142e nawil\u017cenie, wyg\u0142adza i uj\u0119drnia sk\u00f3r\u0119, pomagaj\u0105c uzyska\u0107 zdrow\u0105, promienn\u0105 cer\u0119.<\/p>\n<p><b>KORZY\u015aCI:\u00a0<br \/><\/b>Krem wyg\u0142adza, uj\u0119drnia i intensywnie nawil\u017ca sk\u00f3r\u0119, pozostawiaj\u0105c cer\u0119 odnowion\u0105 i g\u0142\u0119boko od\u017cywion\u0105.<\/p>\n<p><b>KLUCZOWE SK\u0141ADNIKI:<br \/><\/b>\u2022 NAC Y\u00b2\u2122 &#8211; autorski kompleks 111SKIN, sk\u0142adaj\u0105cy si\u0119 z witaminy C, escyny oraz NAC, zaprojektowany w celu wspierania produkcji glutationu, zdrowej syntezy kolagenu oraz poprawy elastyczno\u015bci sk\u00f3ry.<br \/>\u2022 Ekstrakt z r\u00f3\u017cowej czystki (Pink Rock Rose Extract) &#8211; pozyskiwany z ro\u015blin uprawianych ekologicznie na \u015br\u00f3dziemnomorskich terenach pustynnych. Wykorzystywany w piel\u0119gnacji sk\u00f3ry ze wzgl\u0119du na swoje w\u0142a\u015bciwo\u015bci przeciwzapalne i wyg\u0142adzaj\u0105ce. Pomaga zmniejszy\u0107 widoczno\u015b\u0107 drobnych linii oraz uj\u0119drnia sk\u00f3r\u0119.<br \/>\u2022 Kwas hialuronowy o wielu masach cz\u0105steczkowych (Multiple Molecular Weight Hyaluronic Acid) &#8211; zaawansowana forma znanego humektantu, kt\u00f3ra dzia\u0142a zar\u00f3wno w g\u0142\u0119bszych warstwach nask\u00f3rka, jak i na powierzchni sk\u00f3ry, zapewniaj\u0105c natychmiastowe oraz d\u0142ugotrwa\u0142e nawil\u017cenie.<\/p>\n<p><b>SPOS\u00d3B U\u017bYCIA:<\/b> Rano (po serum)<\/p>\n<p>Krok 1: Po aplikacji serum rozprowad\u017a ilo\u015b\u0107 produktu wielko\u015bci ziarnka grochu mi\u0119dzy opuszkami palc\u00f3w.<br \/>Krok 2: Na\u0142\u00f3\u017c na twarz, szyj\u0119 oraz dekolt, wykonuj\u0105c koliste ruchy ku g\u00f3rze, aby wmasowa\u0107 krem w sk\u00f3r\u0119.<\/p>\n<p><strong>Dzia\u0142anie:<\/strong> chroni, nawil\u017caj\u0105ce, od\u017cywcze, uelastycznia, wyg\u0142adza, zmi\u0119kcza<br \/>\n<strong>Gramatura:<\/strong> ml<br \/>\n<strong>Konsystencja:<\/strong> krem<br \/>\n<strong>Linie elitarne:<\/strong> tak<br \/>\n<strong>Piel\u0119gnacja specyficzna:<\/strong> nie<br \/>\n<strong>Pojemno\u015b\u0107:<\/strong> 50<br \/>\n<strong>Pora stosowania:<\/strong> dzie\u0144<br \/>\n<strong>P\u0142e\u0107:<\/strong> damski<br \/>\n<strong>Rodzaj sk\u00f3ry:<\/strong> dojrza\u0142a, wra\u017cliwa, wysuszona<br \/>\n<strong>S\u0142o\u0144ce:<\/strong> nie<br \/>\n<strong>Typ sk\u00f3ry:<\/strong> normalna, sucha<\/p>\n<p><strong>Uwagi:<\/strong><\/p>\n<p>Unika\u0107 kontaktu z oczami. W przypadku dostania si\u0119 do oczu, natychmiast przemyj je du\u017c\u0105 ilo\u015bci\u0105 czystej wody i je\u015bli wyst\u0105pi podra\u017cnienie, skonsultuj si\u0119 z lekarzem.<\/p>\n<p><strong>Sk\u0142adniki:<\/strong><\/p>\n<p>AQUA \/ WATER \/ EAU, ISOPROPYL MYRISTATE, CAPRYLIC\/CAPRIC TRIGLYCERIDE, GLYCERIN, PEG-40 HYDROGENATED CASTOR OIL, GLYCERYL STEARATE, PEG-100 STEARATE, ACETYL CYSTEINE, ESCIN, SODIUM ASCORBYL PHOSPHATE, SODIUM HYALURONATE, CISTUS INCANUS (PINK ROCK ROSE \/ CISTE ROSE) FLOWER\/LEAF\/STEM EXTRACT, YEAST EXTRACT, SOY ISOFLAVONES, BETA-SITOSTEROL, AESCULUS HIPPOCASTANUM (HORSE CHESTNUT \/ MARRON) SEED EXTRACT, ALOE BARBADENSIS (ALOE VERA) LEAF EXTRACT, CENTELLA ASIATICA (GOTU KOLA) EXTRACT, GLYCOSPHINGOLIPIDS, CARBOMER, HYDROXYACETOPHENONE, OLEA EUROPAEA (OLIVE) FRUIT OIL, ORYZA SATIVA (RICE \/ RIZ) BRAN OIL, PHENOXYETHANOL, 1,2-HEXANEDIOL, CAPRYLYL GLYCOL, SODIUM HYDROXIDE, POLYGLYCERYL-6 LAURATE, POLYGLYCERYL-10 OLEATE, PHENYLPROPANOL, LECITHIN, SORBITAN PALMITATE, PARFUM \/ FRAGRANCE.<\/p>\n","protected":false},"excerpt":{"rendered":"<p> <strong>Dzia\u0142anie:<\/strong> chroni, nawil\u017caj\u0105ce, od\u017cywcze, uelastycznia, wyg\u0142adza, zmi\u0119kcza<br \/>  <strong>Gramatura:<\/strong> ml<br \/>  <strong>Konsystencja:<\/strong> krem<br \/>  <strong>Linie elitarne:<\/strong> tak<br \/>  <strong>Piel\u0119gnacja specyficzna:<\/strong> nie<br \/>  <strong>Pojemno\u015b\u0107:<\/strong> 50<br \/>  <strong>Pora stosowania:<\/strong> dzie\u0144<br \/>  <strong>P\u0142e\u0107:<\/strong> damski<br \/>  <strong>Rodzaj sk\u00f3ry:<\/strong> dojrza\u0142a, wra\u017cliwa, wysuszona<br \/>  <strong>S\u0142o\u0144ce:<\/strong> nie<br \/>  <strong>Typ sk\u00f3ry:<\/strong> normalna, sucha <\/p>\n","protected":false},"featured_media":43647,"comment_status":"open","ping_status":"closed","template":"","meta":{"_acf_changed":false},"kategoria-hurtowni":[90,109,110],"product_brand":[519],"product_cat":[76],"product_tag":[],"class_list":{"0":"post-43646","1":"product","2":"type-product","3":"status-publish","4":"has-post-thumbnail","6":"kategoria-hurtowni-pielegnacja","7":"kategoria-hurtowni-pielegnacja-twarzy-pielegnacja","8":"kategoria-hurtowni-twarz-pielegnacja-twarzy-pielegnacja","9":"product_brand-111skin","10":"product_cat-primavera","12":"first","13":"outofstock","14":"taxable","15":"shipping-taxable","16":"product-type-simple"},"acf":[],"_links":{"self":[{"href":"https:\/\/premino.pl\/index.php?rest_route=\/wp\/v2\/product\/43646","targetHints":{"allow":["GET"]}}],"collection":[{"href":"https:\/\/premino.pl\/index.php?rest_route=\/wp\/v2\/product"}],"about":[{"href":"https:\/\/premino.pl\/index.php?rest_route=\/wp\/v2\/types\/product"}],"replies":[{"embeddable":true,"href":"https:\/\/premino.pl\/index.php?rest_route=%2Fwp%2Fv2%2Fcomments&post=43646"}],"wp:featuredmedia":[{"embeddable":true,"href":"https:\/\/premino.pl\/index.php?rest_route=\/wp\/v2\/media\/43647"}],"wp:attachment":[{"href":"https:\/\/premino.pl\/index.php?rest_route=%2Fwp%2Fv2%2Fmedia&parent=43646"}],"wp:term":[{"taxonomy":"kategoria-hurtowni","embeddable":true,"href":"https:\/\/premino.pl\/index.php?rest_route=%2Fwp%2Fv2%2Fkategoria-hurtowni&post=43646"},{"taxonomy":"product_brand","embeddable":true,"href":"https:\/\/premino.pl\/index.php?rest_route=%2Fwp%2Fv2%2Fproduct_brand&post=43646"},{"taxonomy":"product_cat","embeddable":true,"href":"https:\/\/premino.pl\/index.php?rest_route=%2Fwp%2Fv2%2Fproduct_cat&post=43646"},{"taxonomy":"product_tag","embeddable":true,"href":"https:\/\/premino.pl\/index.php?rest_route=%2Fwp%2Fv2%2Fproduct_tag&post=43646"}],"curies":[{"name":"wp","href":"https:\/\/api.w.org\/{rel}","templated":true}]}}