{"id":43652,"date":"2026-04-17T17:16:35","date_gmt":"2026-04-17T15:16:35","guid":{"rendered":"https:\/\/premino.pl\/produkt\/repair-serum-nac-y2-regenerujace-serum-do-twarzy-30ml\/"},"modified":"2026-04-17T17:17:02","modified_gmt":"2026-04-17T15:17:02","slug":"repair-serum-nac-y2-regenerujace-serum-do-twarzy-30ml","status":"publish","type":"product","link":"https:\/\/premino.pl\/?product=repair-serum-nac-y2-regenerujace-serum-do-twarzy-30ml","title":{"rendered":"Repair Serum NAC Y2 regeneruj\u0105ce serum do twarzy 30ml"},"content":{"rendered":"<p>Odkryj nowy wymiar antyoksydacyjnej piel\u0119gnacji \u2014 teraz z czterokrotnie wi\u0119ksz\u0105 moc\u0105 regeneracji. Stworzony z chirurgiczn\u0105 precyzj\u0105, aby wspiera\u0107 j\u0119drno\u015b\u0107, wyg\u0142adzenie i promienny wygl\u0105d sk\u00f3ry.<\/p>\n<p>Serum naprawcze NAC Y2\u2122, oparte na innowacyjnej technologii potr\u00f3jnej enkapsulacji 111SKIN, przenika g\u0142\u0119boko w nask\u00f3rek, zapewniaj\u0105c d\u0142ugotrwa\u0142e efekty. Skoncentrowane na poprawie elastyczno\u015bci oraz wzmocnieniu bariery ochronnej, dzia\u0142a od wewn\u0105trz, wspieraj\u0105c naturaln\u0105 regeneracj\u0119 sk\u00f3ry.<\/p>\n<p>Po aplikacji pozostawia sk\u00f3r\u0119 natychmiast od\u017cywion\u0105, mi\u0119kk\u0105 i intensywnie nawil\u017con\u0105 dzi\u0119ki lekkiej, ch\u0142odz\u0105cej konsystencji, kt\u00f3ra szybko si\u0119 wch\u0142ania. Z czasem pomaga przywr\u00f3ci\u0107 r\u00f3wnowag\u0119 cery, redukuj\u0105c zaczerwienienia i wspieraj\u0105c produkcj\u0119 glutationu \u2014 najwa\u017cniejszego przeciwutleniacza w organizmie.<\/p>\n<p><b>Spos\u00f3b u\u017cycia:\u00a0<\/b>Nabierz 1\u20132 porcje produktu na opuszki palc\u00f3w i delikatnie rozprowad\u017a na twarzy oraz szyi, wykonuj\u0105c okr\u0119\u017cne ruchy. Stosuj rano i wieczorem.<\/p>\n<p><strong>Dzia\u0142anie:<\/strong> chroni, redukuje zmarszczki, regeneruje, uelastycznia, uj\u0119drnia, wyg\u0142adza, zmi\u0119kcza<br \/>\n<strong>Gramatura:<\/strong> ml<br \/>\n<strong>Konsystencja:<\/strong> emulsja<br \/>\n<strong>Linie elitarne:<\/strong> tak<br \/>\n<strong>Piel\u0119gnacja specyficzna:<\/strong> serum<br \/>\n<strong>Pojemno\u015b\u0107:<\/strong> 30<br \/>\n<strong>Pora stosowania:<\/strong> dowolnie, dzie\u0144, noc<br \/>\n<strong>P\u0142e\u0107:<\/strong> damski<br \/>\n<strong>Rodzaj sk\u00f3ry:<\/strong> dojrza\u0142a<br \/>\n<strong>S\u0142o\u0144ce:<\/strong> nie<br \/>\n<strong>Typ sk\u00f3ry:<\/strong> mieszana\/t\u0142usta, normalna, sucha<\/p>\n<p><strong>Uwagi:<\/strong><\/p>\n<p>Unika\u0107 bezpo\u015bredniego kontaktu z oczami. W przypadku dostania si\u0119 produktu do oczu natychmiast przemy\u0107 je obficie wod\u0105. Nie przechowywa\u0107 w bezpo\u015brednim \u015bwietle s\u0142onecznym. W przypadku podra\u017cnienia przerwa\u0107 stosowanie.<\/p>\n<p><strong>Sk\u0142adniki:<\/strong><\/p>\n<p>AQUA \/ WATER \/ EAU, GLYCERIN, SORBITOL, ISOPROPYL MYRISTATE, ALCOHOL, POLYACRYLATE CROSSPOLYMER-6, SODIUM ASCORBYL PHOSPHATE, ACETYL CYSTEINE, ESCIN, NIACINAMIDE, CALENDULA OFFICINALIS (MARIGOLD \/ SOUCI) FLOWER EXTRACT, CISTUS INCANUS (PINK ROCK ROSE \/ CISTE ROSE) FLOWER\/LEAF\/STEM EXTRACT, ALOE BARBADENSIS (ALOE VERA) LEAF EXTRACT, CENTELLA ASIATICA (GOTU KOLA) EXTRACT, AESCULUS HIPPOCASTANUM (HORSE CHESTNUT \/ MARRON) SEED EXTRACT, LECITHIN, BETA-SITOSTEROL, SOY ISOFLAVONES, GLYCOSPHINGOLIPIDS, POLYGLYCERYL-6 LAURATE, POLYGLYCERYL-10 OLEATE, CARBOMER, HYDROXYACETOPHENONE, 1,2-HEXANEDIOL, CAPRYLYL GLYCOL, SORBITAN PALMITATE, SODIUM HYDROXIDE, PHENYLPROPANOL, PARFUM \/ FRAGRANCE.<\/p>\n","protected":false},"excerpt":{"rendered":"<p> <strong>Dzia\u0142anie:<\/strong> chroni, redukuje zmarszczki, regeneruje, uelastycznia, uj\u0119drnia, wyg\u0142adza, zmi\u0119kcza<br \/>  <strong>Gramatura:<\/strong> ml<br \/>  <strong>Konsystencja:<\/strong> emulsja<br \/>  <strong>Linie elitarne:<\/strong> tak<br \/>  <strong>Piel\u0119gnacja specyficzna:<\/strong> serum<br \/>  <strong>Pojemno\u015b\u0107:<\/strong> 30<br \/>  <strong>Pora stosowania:<\/strong> dowolnie, dzie\u0144, noc<br \/>  <strong>P\u0142e\u0107:<\/strong> damski<br \/>  <strong>Rodzaj sk\u00f3ry:<\/strong> dojrza\u0142a<br \/>  <strong>S\u0142o\u0144ce:<\/strong> nie<br \/>  <strong>Typ sk\u00f3ry:<\/strong> mieszana\/t\u0142usta, normalna, sucha <\/p>\n","protected":false},"featured_media":43653,"comment_status":"open","ping_status":"closed","template":"","meta":{"_acf_changed":false},"kategoria-hurtowni":[90,109,110],"product_brand":[519],"product_cat":[76],"product_tag":[],"class_list":{"0":"post-43652","1":"product","2":"type-product","3":"status-publish","4":"has-post-thumbnail","6":"kategoria-hurtowni-pielegnacja","7":"kategoria-hurtowni-pielegnacja-twarzy-pielegnacja","8":"kategoria-hurtowni-twarz-pielegnacja-twarzy-pielegnacja","9":"product_brand-111skin","10":"product_cat-primavera","12":"first","13":"outofstock","14":"taxable","15":"shipping-taxable","16":"product-type-simple"},"acf":[],"_links":{"self":[{"href":"https:\/\/premino.pl\/index.php?rest_route=\/wp\/v2\/product\/43652","targetHints":{"allow":["GET"]}}],"collection":[{"href":"https:\/\/premino.pl\/index.php?rest_route=\/wp\/v2\/product"}],"about":[{"href":"https:\/\/premino.pl\/index.php?rest_route=\/wp\/v2\/types\/product"}],"replies":[{"embeddable":true,"href":"https:\/\/premino.pl\/index.php?rest_route=%2Fwp%2Fv2%2Fcomments&post=43652"}],"wp:featuredmedia":[{"embeddable":true,"href":"https:\/\/premino.pl\/index.php?rest_route=\/wp\/v2\/media\/43653"}],"wp:attachment":[{"href":"https:\/\/premino.pl\/index.php?rest_route=%2Fwp%2Fv2%2Fmedia&parent=43652"}],"wp:term":[{"taxonomy":"kategoria-hurtowni","embeddable":true,"href":"https:\/\/premino.pl\/index.php?rest_route=%2Fwp%2Fv2%2Fkategoria-hurtowni&post=43652"},{"taxonomy":"product_brand","embeddable":true,"href":"https:\/\/premino.pl\/index.php?rest_route=%2Fwp%2Fv2%2Fproduct_brand&post=43652"},{"taxonomy":"product_cat","embeddable":true,"href":"https:\/\/premino.pl\/index.php?rest_route=%2Fwp%2Fv2%2Fproduct_cat&post=43652"},{"taxonomy":"product_tag","embeddable":true,"href":"https:\/\/premino.pl\/index.php?rest_route=%2Fwp%2Fv2%2Fproduct_tag&post=43652"}],"curies":[{"name":"wp","href":"https:\/\/api.w.org\/{rel}","templated":true}]}}