{"id":43858,"date":"2026-04-17T17:20:13","date_gmt":"2026-04-17T15:20:13","guid":{"rendered":"https:\/\/premino.pl\/produkt\/instacure-build-a-bond-odbudowujacy-olejek-do-wlosow-50ml\/"},"modified":"2026-04-17T17:20:15","modified_gmt":"2026-04-17T15:20:15","slug":"instacure-build-a-bond-odbudowujacy-olejek-do-wlosow-50ml","status":"publish","type":"product","link":"https:\/\/premino.pl\/?product=instacure-build-a-bond-odbudowujacy-olejek-do-wlosow-50ml","title":{"rendered":"Instacure Build-A-Bond odbudowuj\u0105cy olejek do w\u0142os\u00f3w 50ml"},"content":{"rendered":"<p><b>INSTACURE BUILD-A-BOND to profesjonalna, odbudowuj\u0105ca gama od Matrix do piel\u0119gnacji zniszczonych, rozja\u015bnianych, matowych i pusz\u0105cych si\u0119 w\u0142os\u00f3w.<br \/><\/b>Olejek odbudowuj\u0105cy Instacure Build-A-Bond od Matrix to miliard wi\u0105za\u0144 dla widocznej rekonstrukcji uszkodze\u0144. Zawiera kwas cytrynowy, kt\u00f3ry wzmacnia wi\u0105zania we w\u0142osach i aminokwas, kt\u00f3ry odbudowuje ich wewn\u0119trzne struktury. Dodaje blasku, bez obci\u0105\u017cenia. Szybko si\u0119 wch\u0142ania, nie pozostawiaj\u0105c t\u0142ustej warstwy.<\/p>\n<p>Technologia bonding dla natychmiastowo 5 x mocniejszych w\u0142os\u00f3w*. Sprawia, \u017ce w\u0142osy si\u0119 \u0142atwo rozczesuj\u0105 i s\u0105 mi\u0119kkie w dotyku.<br \/>Termoochrona do 230C**.<br \/>Widocznie do 100% mniej rozdwojonych ko\u0144c\u00f3wek***.<br \/>Zapewnia uczucie \u015bwie\u017co \u015bci\u0119tych w\u0142os\u00f3w.****<\/p>\n<p>*Test instrumentalny przy u\u017cyciu systemu sk\u0142adaj\u0105cego si\u0119 z szamponu, maski i olejku Instacure Build-A-Bond w por\u00f3wnaniu z klasycznym szamponem<br \/>** Test instrumentalny<br \/>***\u015arednia wizualna ilo\u015b\u0107 rozdwojonych ko\u0144c\u00f3wek w\u0142os\u00f3w przed u\u017cyciem produktu vs po jego u\u017cyciu<br \/>****Test konsumencki przy u\u017cyciu szamponu, maski i olejku<\/p>\n<p><b>Spos\u00f3b u\u017cycia:<\/b><br \/>Stosowa\u0107 regularnie. Na\u0142o\u017cy\u0107 dwie pompki produktu na wilgotne lub suche w\u0142osy, rozetrze\u0107 w d\u0142oniach i r\u00f3wnomiernie rozprowadzi\u0107 od po\u0142owy d\u0142ugo\u015bci a\u017c po same ko\u0144ce &#8211; w razie potrzeby doda\u0107 wi\u0119cej. W celu ochrony przed wysok\u0105 temperatur\u0105 stosowa\u0107 przed u\u017cyciem narz\u0119dzi do stylizacji termicznej. Nie sp\u0142ukiwa\u0107. W przypadku kontaktu z oczami natychmiast je przep\u0142uka\u0107.<\/p>\n<p><strong>Cz\u0119stotliwo\u015b\u0107 stosowania:<\/strong> dowolnie<br \/>\n<strong>Dzia\u0142anie:<\/strong> dodaj\u0105ce blasku, nawil\u017caj\u0105ce, przeciwko rozdwajaniu w\u0142os\u00f3w, wzmacnia<br \/>\n<strong>Gramatura:<\/strong> ml<br \/>\n<strong>Henna:<\/strong> nie<br \/>\n<strong>Konsystencja:<\/strong> olejek<br \/>\n<strong>Linie elitarne:<\/strong> nie<br \/>\n<strong>Pojemno\u015b\u0107:<\/strong> 50<br \/>\n<strong>P\u0142e\u0107:<\/strong> damski<br \/>\n<strong>Rodzaj w\u0142os\u00f3w:<\/strong> matowe<br \/>\n<strong>S\u0142o\u0144ce:<\/strong> nie<\/p>\n<p><strong>Uwagi:<\/strong><\/p>\n<p>UWAGA: \u0141ATWOPALNY DO CZASU WYSCHNI\u0118CIA. UNIKA\u0106 OGNIA I CIEP\u0141A (Z WYJ\u0104TKIEM URZ\u0104DZE\u0143 DO STYLIZACJI) PODCZAS APLIKACJI I DO CA\u0141KOWITEGO WYSCHNI\u0118CIA W\u0141OS\u00d3W.<\/p>\n<p><strong>Sk\u0142adniki:<\/strong><\/p>\n<p>ISODODECANE \u2022 DIPROPYLENE GLYCOL \u2022 AQUA \/ WATER \u2022 DIMETHICONE \u2022 ALCOHOL DENAT. \u2022 GLYCERIN \u2022 DIMETHICONOL \u2022 PEG-14 DIMETHICONE \u2022 HYDROXYETHYL UREA \u2022 PARFUM \/ FRAGRANCE \u2022 CITRIC ACID \u2022 PHENOXYETHANOL \u2022 POLYACRYLAMIDE \u2022 PEG-60 HYDROGENATED CASTOR OIL \u2022 CARVONE \u2022 LIMONENE \u2022 C13-14 ISOALKANE \u2022 SODIUM CITRATE \u2022 ARGININE \u2022 CITRUS AURANTIUM PEEL OIL \u2022 LINALOOL \u2022 LAURETH-7 \u2022 PROPYLENE GLYCOL \u2022 PINENE \u2022 CITRONELLOL \u2022 BENZYL ALCOHOL \u2022 CITRAL \u2022 BENZALDEHYDE \u2022 TERPINOLENE \u2022 GERANYL ACETATE \u2022 PENTAERYTHRITYL TETRA-DI-T-BUTYL HYDROXYHYDROCINNAMATE \u2022 CI 17200 \/ RED 33 \u2022 CI 19140 \/ YELLOW 5 (F.I.L. Z70063553\/1).<\/p>\n","protected":false},"excerpt":{"rendered":"<p> <strong>Cz\u0119stotliwo\u015b\u0107 stosowania:<\/strong> dowolnie<br \/>  <strong>Dzia\u0142anie:<\/strong> dodaj\u0105ce blasku, nawil\u017caj\u0105ce, przeciwko rozdwajaniu w\u0142os\u00f3w, wzmacnia<br \/>  <strong>Gramatura:<\/strong> ml<br \/>  <strong>Henna:<\/strong> nie<br \/>  <strong>Konsystencja:<\/strong> olejek<br \/>  <strong>Linie elitarne:<\/strong> nie<br \/>  <strong>Pojemno\u015b\u0107:<\/strong> 50<br \/>  <strong>P\u0142e\u0107:<\/strong> damski<br \/>  <strong>Rodzaj w\u0142os\u00f3w:<\/strong> matowe<br \/>  <strong>S\u0142o\u0144ce:<\/strong> nie <\/p>\n","protected":false},"featured_media":43859,"comment_status":"open","ping_status":"closed","template":"","meta":{"_acf_changed":false},"kategoria-hurtowni":[90,122,112],"product_brand":[385],"product_cat":[76],"product_tag":[],"class_list":{"0":"post-43858","1":"product","2":"type-product","3":"status-publish","4":"has-post-thumbnail","6":"kategoria-hurtowni-pielegnacja","7":"kategoria-hurtowni-pielegnacja-wlosow","8":"kategoria-hurtowni-wlosy","9":"product_brand-matrix","10":"product_cat-primavera","12":"first","13":"outofstock","14":"taxable","15":"shipping-taxable","16":"product-type-simple"},"acf":[],"_links":{"self":[{"href":"https:\/\/premino.pl\/index.php?rest_route=\/wp\/v2\/product\/43858","targetHints":{"allow":["GET"]}}],"collection":[{"href":"https:\/\/premino.pl\/index.php?rest_route=\/wp\/v2\/product"}],"about":[{"href":"https:\/\/premino.pl\/index.php?rest_route=\/wp\/v2\/types\/product"}],"replies":[{"embeddable":true,"href":"https:\/\/premino.pl\/index.php?rest_route=%2Fwp%2Fv2%2Fcomments&post=43858"}],"wp:featuredmedia":[{"embeddable":true,"href":"https:\/\/premino.pl\/index.php?rest_route=\/wp\/v2\/media\/43859"}],"wp:attachment":[{"href":"https:\/\/premino.pl\/index.php?rest_route=%2Fwp%2Fv2%2Fmedia&parent=43858"}],"wp:term":[{"taxonomy":"kategoria-hurtowni","embeddable":true,"href":"https:\/\/premino.pl\/index.php?rest_route=%2Fwp%2Fv2%2Fkategoria-hurtowni&post=43858"},{"taxonomy":"product_brand","embeddable":true,"href":"https:\/\/premino.pl\/index.php?rest_route=%2Fwp%2Fv2%2Fproduct_brand&post=43858"},{"taxonomy":"product_cat","embeddable":true,"href":"https:\/\/premino.pl\/index.php?rest_route=%2Fwp%2Fv2%2Fproduct_cat&post=43858"},{"taxonomy":"product_tag","embeddable":true,"href":"https:\/\/premino.pl\/index.php?rest_route=%2Fwp%2Fv2%2Fproduct_tag&post=43858"}],"curies":[{"name":"wp","href":"https:\/\/api.w.org\/{rel}","templated":true}]}}