{"id":43894,"date":"2026-05-13T13:12:14","date_gmt":"2026-05-13T11:12:14","guid":{"rendered":"https:\/\/premino.pl\/produkt\/magnetic-woman-woda-perfumowana-spray-30ml\/"},"modified":"2026-05-13T13:12:14","modified_gmt":"2026-05-13T11:12:14","slug":"magnetic-woman-woda-perfumowana-spray-30ml","status":"publish","type":"product","link":"https:\/\/premino.pl\/?product=magnetic-woman-woda-perfumowana-spray-30ml","title":{"rendered":"Magnetic Woman woda perfumowana spray 30ml"},"content":{"rendered":"<p>Zachwy\u0107  wszystkich wok\u00f3\u0142 wod\u0105 perfumowan\u0105 dla kobiet Magnetic Woman \u2013 Twoja  magnetyczna aura b\u0119dzie silniejsza ni\u017c kiedykolwiek!<\/p>\n<p>    \u2022 Ten niesamowity, hipnotyzuj\u0105cy zapach otwiera si\u0119 fuzj\u0105 akordu cytrus\u00f3w  oraz \u015bwie\u017cych, soczystych akcent\u00f3w gruszki i nut czarnej porzeczki.<br \/>    \u2022 W zmys\u0142owej nucie serca kryj\u0105 si\u0119 bogate wonie ja\u015bminu i giandui oraz  g\u0142\u0119boki, s\u0142odko-gorzki aromat absolutu kakao.<br \/>    \u2022 Nuta bazy urzeka jedwabistymi akordami pi\u017cmowo-drzewnymi, \u0142\u0105cz\u0105c  uwodzicielskie akcenty drzewa cedrowego z ciep\u0142\u0105 woni\u0105 moleku\u0142y cashmeran  oraz sprawiaj\u0105c, \u017ce zapach utrzymuje si\u0119 na sk\u00f3rze d\u0142ugie godziny.<br \/>    \u2022 Zachwycaj\u0105ca pi\u0119knym miedzianym kolorem woda perfumowana Magnetic Woman  zosta\u0142a zamkni\u0119ta w luksusowym flakonie zwie\u0144czonym nakr\u0119tk\u0105 w barwie  matowego z\u0142ota \u2013 jego asymetryczny, lekko przechylony kszta\u0142t nadaje ca\u0142o\u015bci  unikalny, wysublimowany charakter.<\/p>\n<p>    \u2022 bruno banani Magnetic Woman \u2013 damska woda perfumowana o prawdziwie uwodzicielskim  zapachu.<br \/>    \u2022 Intensywna, d\u0142ugotrwa\u0142a kompozycja dla kobiet o magnetycznym sposobie  bycia.<br \/>    \u2022 Urzekaj\u0105ce akordy ja\u015bminu i giandui przeplataj\u0105 si\u0119 z kusz\u0105c\u0105 woni\u0105 drzewa  cedrowego.<br \/>    \u2022 Ten ambrowy zapach gourmand d\u0142ugo utrzymuje si\u0119 na sk\u00f3rze, hipnotyzuj\u0105c  pi\u017cmowo-drzewnymi akcentami.<br \/>    \u2022 Produkt wega\u0144ski.<\/p>\n<p><b>Nuty zapachowe:<br \/><\/b><br \/><b>Nuta g\u0142owy: <\/b>mandarynka, gruszka, czarna porzeczka, cytryna<br \/><b>Nuta serca: <\/b>akord gianduja, kakao, ja\u015bmin<br \/><b>Nuta bazy: <\/b>moleku\u0142a operanide, kaszmeran, drzewo cedrowe, drewno cedrowe, kaszmir<\/p>\n<p><strong>Gramatura:<\/strong> ml<br \/>\n<strong>Linia k\u0105pielowa:<\/strong> nie<br \/>\n<strong>Miniatura:<\/strong> nie<br \/>\n<strong>Nuta bazy:<\/strong> drewno cedrowe, drzewo cedrowe, kaszmeran, kaszmir, moleku\u0142a operanide<br \/>\n<strong>Nuta g\u0142owy:<\/strong> cytryna, czarna porzeczka, gruszka, mandarynka<br \/>\n<strong>Nuta g\u0142\u00f3wna:<\/strong> kwiatowe, owocowe<br \/>\n<strong>Nuta serca:<\/strong> akord gianduja, ja\u015bmin, kakao<br \/>\n<strong>Pojemno\u015b\u0107:<\/strong> 30<br \/>\n<strong>Produkt rzadki:<\/strong> nie<br \/>\n<strong>Pr\u00f3bka:<\/strong> nie<br \/>\n<strong>P\u0142e\u0107:<\/strong> damski<br \/>\n<strong>Rodzaj:<\/strong> woda perfumowana<br \/>\n<strong>Tester:<\/strong> nie<br \/>\n<strong>Zapach alternatywny:<\/strong> nie<br \/>\n<strong>Zestaw:<\/strong> nie<\/p>\n<p><strong>Uwagi:<\/strong><\/p>\n<p>Produkt \u0142atwopalny. Przechowywa\u0107 z dala od ognia i \u017ar\u00f3de\u0142 ciep\u0142a. Trzyma\u0107 w miejscu niedost\u0119pnym dla dzieci. Nie stosowa\u0107 na podra\u017cnion\u0105 lub uszkodzon\u0105 sk\u00f3r\u0119. Unika\u0107 kontaktu z oczami.<\/p>\n<p><strong>Sk\u0142adniki:<\/strong><\/p>\n<p>INGREDIENTS: ALCOHOL DENAT., PARFUM\/FRAGRANCE, AQUA\/WATER\/EAU, DIPROPYLENE GLYCOL, TETRAMETHYL ACETYLOCTAHYDRONAPHTHALENES, ETHYLHEXYL SALICYLATE, BENZYL SALICYLATE, BUTYL METHOXYDIBENZOYLMETHANE, LINALOOL, HYDROXYCITRONELLAL, VANILLIN, JUNIPERUS VIRGINIANA OIL, LINALYL ACETATE, LIMONENE, CITRUS LIMON (LEMON) PEEL OIL, COUMARIN, GERANYL ACETATE, ALCOHOL, GERANIOL, PINENE, TRIS(TETRAMETHYLHYDROXYPIPERIDINOL) CITRATE, ROSE KETONES, CITRAL, BETA-CARYOPHYLLENE, TERPINOLENE, TETRASODIUM GLUTAMATE DIACETATE, YELLOW 5 (CI 19140), RED 33 (CI 17200), EXT. VIOLET 2 (CI 60730).<\/p>\n","protected":false},"excerpt":{"rendered":"<p> <strong>Gramatura:<\/strong> ml<br \/>  <strong>Linia k\u0105pielowa:<\/strong> nie<br \/>  <strong>Miniatura:<\/strong> nie<br \/>  <strong>Nuta bazy:<\/strong> drewno cedrowe, drzewo cedrowe, kaszmeran, kaszmir, moleku\u0142a operanide<br \/>  <strong>Nuta g\u0142owy:<\/strong> cytryna, czarna porzeczka, gruszka, mandarynka<br \/>  <strong>Nuta g\u0142\u00f3wna:<\/strong> kwiatowe, owocowe<br \/>  <strong>Nuta serca:<\/strong> akord gianduja, ja\u015bmin, kakao<br \/>  <strong>Pojemno\u015b\u0107:<\/strong> 30<br \/>  <strong>Produkt rzadki:<\/strong> nie<br \/>  <strong>Pr\u00f3bka:<\/strong> nie<br \/>  <strong>P\u0142e\u0107:<\/strong> damski<br \/>  <strong>Rodzaj:<\/strong> woda perfumowana<br \/>  <strong>Tester:<\/strong> nie<br \/>  <strong>Zapach alternatywny:<\/strong> nie<br \/>  <strong>Zestaw:<\/strong> nie <\/p>\n","protected":false},"featured_media":43895,"comment_status":"open","ping_status":"closed","template":"","meta":{"_acf_changed":false},"kategoria-hurtowni":[87,88],"product_brand":[339],"product_cat":[76],"product_tag":[],"class_list":{"0":"post-43894","1":"product","2":"type-product","3":"status-publish","4":"has-post-thumbnail","6":"kategoria-hurtowni-perfumy","7":"kategoria-hurtowni-zapachy","8":"product_brand-bruno-banani","9":"product_cat-primavera","11":"first","12":"outofstock","13":"taxable","14":"shipping-taxable","15":"product-type-simple"},"acf":[],"_links":{"self":[{"href":"https:\/\/premino.pl\/index.php?rest_route=\/wp\/v2\/product\/43894","targetHints":{"allow":["GET"]}}],"collection":[{"href":"https:\/\/premino.pl\/index.php?rest_route=\/wp\/v2\/product"}],"about":[{"href":"https:\/\/premino.pl\/index.php?rest_route=\/wp\/v2\/types\/product"}],"replies":[{"embeddable":true,"href":"https:\/\/premino.pl\/index.php?rest_route=%2Fwp%2Fv2%2Fcomments&post=43894"}],"wp:featuredmedia":[{"embeddable":true,"href":"https:\/\/premino.pl\/index.php?rest_route=\/wp\/v2\/media\/43895"}],"wp:attachment":[{"href":"https:\/\/premino.pl\/index.php?rest_route=%2Fwp%2Fv2%2Fmedia&parent=43894"}],"wp:term":[{"taxonomy":"kategoria-hurtowni","embeddable":true,"href":"https:\/\/premino.pl\/index.php?rest_route=%2Fwp%2Fv2%2Fkategoria-hurtowni&post=43894"},{"taxonomy":"product_brand","embeddable":true,"href":"https:\/\/premino.pl\/index.php?rest_route=%2Fwp%2Fv2%2Fproduct_brand&post=43894"},{"taxonomy":"product_cat","embeddable":true,"href":"https:\/\/premino.pl\/index.php?rest_route=%2Fwp%2Fv2%2Fproduct_cat&post=43894"},{"taxonomy":"product_tag","embeddable":true,"href":"https:\/\/premino.pl\/index.php?rest_route=%2Fwp%2Fv2%2Fproduct_tag&post=43894"}],"curies":[{"name":"wp","href":"https:\/\/api.w.org\/{rel}","templated":true}]}}