{"id":43966,"date":"2026-04-17T17:21:15","date_gmt":"2026-04-17T15:21:15","guid":{"rendered":"https:\/\/premino.pl\/produkt\/trichologis-stymulujace-serum-przeciw-wypadaniu-wlosow-30ml\/"},"modified":"2026-04-17T17:21:42","modified_gmt":"2026-04-17T15:21:42","slug":"trichologis-stymulujace-serum-przeciw-wypadaniu-wlosow-30ml","status":"publish","type":"product","link":"https:\/\/premino.pl\/?product=trichologis-stymulujace-serum-przeciw-wypadaniu-wlosow-30ml","title":{"rendered":"Trichologis stymuluj\u0105ce serum przeciw wypadaniu w\u0142os\u00f3w 30ml"},"content":{"rendered":"<p>Stworzone dla os\u00f3b zmagaj\u0105cych si\u0119 z nadmiernym wypadaniem i os\u0142abieniem  w\u0142os\u00f3w. To zaawansowane rozwi\u0105zanie stymuluje wzrost i przywraca r\u00f3wnowag\u0119  cyklu \u017cycia w\u0142osa. Regularne stosowanie poprawia g\u0119sto\u015b\u0107 w\u0142os\u00f3w i kondycj\u0119  sk\u00f3ry g\u0142owy, tworz\u0105c idealne warunki do ich optymalnego wzrostu.\u00a0<\/p>\n<p>Potwierdzona skuteczno\u015b\u0107 w badaniach aparaturowych i aplikacyjnych. <br \/>    Dermokosmetyk posiada pozytywn\u0105 opini\u0119 trychologa. Zosta\u0142 przebadany na  sk\u00f3rze wra\u017cliwej.<\/p>\n<p><b>    Dzia\u0142anie:<\/b><br \/>\u2022 ograniczenie nadmiernego wypadania w\u0142os\u00f3w <br \/>\u2022 stymulacja wzrostu nowych w\u0142os\u00f3w <br \/>\u2022 poprawa g\u0119sto\u015bci i grubo\u015bci w\u0142os\u00f3w <br \/>\u2022 kondycji sk\u00f3ry g\u0142owy <br \/>\u2022 wzmocnienie struktury w\u0142osa <br \/>\u2022 wsparcie w profilaktyce \u0142ysienia androgenowego<\/p>\n<p><b>G\u0142\u00f3wne sk\u0142adniki aktywne: <\/b><br \/>\u2022 5% kompleks peptyd\u00f3w egzosomowych \u2013 pobudza u\u015bpione mieszki w\u0142osowe i  wspiera regeneracj\u0119 kom\u00f3rek nask\u00f3rka. <br \/>\u2022 1% adenozyna \u2013 wp\u0142ywa na receptory w mieszkach w\u0142osowych, pobudzaj\u0105c je do  aktywno\u015bci i zwi\u0119kszaj\u0105c dotlenienie. <br \/>\u2022 Biotynylowany peptyd \u2013 wzmacnia zakotwiczenie w\u0142osa w sk\u00f3rze g\u0142owy,  ograniczaj\u0105c jego przedwczesne wypadanie. <br \/>\u2022 Kopexil \u2013 wspomaga prawid\u0142ow\u0105 aktywno\u015b\u0107 i struktur\u0119 mieszk\u00f3w w\u0142osowych,  wspieraj\u0105c mocniejsze osadzenie w\u0142osa.<\/p>\n<p><b>Bezpiecze\u0144stwo i formu\u0142a:<\/b><br \/>\u2022 Testowany dermatologicznie: Odpowiedni dla sk\u00f3ry wra\u017cliwej.<br \/>\u2022 Bezpieczny w ci\u0105\u017cy: Mo\u017ce by\u0107 stosowany przez kobiety w ci\u0105\u017cy i karmi\u0105ce piersi\u0105.<br \/>\u2022 Formu\u0142a wega\u0144ska: 100% sk\u0142adnik\u00f3w pochodzenia ro\u015blinnego.<br \/>\u2022 Brak substancji zapachowych: Minimalizuje ryzyko podra\u017cnie\u0144.<\/p>\n<p><b>Jak stosowa\u0107? <\/b><br \/>Nanie\u015b serum na such\u0105 sk\u00f3r\u0119 g\u0142owy, rozdzielaj\u0105c pasma i r\u00f3wnomiernie  aplikuj\u0105c. Delikatnie wmasuj opuszkami palc\u00f3w. Nie sp\u0142ukuj. Pozostaw na sk\u00f3rze g\u0142owy do wch\u0142oni\u0119cia.<\/p>\n<p><strong>Gramatura:<\/strong> ml<br \/>\n<strong>Henna:<\/strong> nie<br \/>\n<strong>Konsystencja:<\/strong> emulsja<br \/>\n<strong>Linie elitarne:<\/strong> nie<br \/>\n<strong>Pojemno\u015b\u0107:<\/strong> 30<br \/>\n<strong>P\u0142e\u0107:<\/strong> unisex<br \/>\n<strong>S\u0142o\u0144ce:<\/strong> nie<\/p>\n<p><strong>Uwagi:<\/strong><\/p>\n<p>Przechowywa\u0107 w suchym i zaciemnionym miejscu, w temperaturze pokojowej.<\/p>\n<p><strong>Sk\u0142adniki:<\/strong><\/p>\n<p>Aqua, Pentylene Glycol, Propanediol, Centella Asiatica Callus Conditioned Media, Curcuma Longa Callus Conditioned Media, Glycerin, Adenosine, Diaminopyrimidine Oxide, Pyrrolidinyl Diaminopyrimidine Oxide, Biotinoyl Tripeptide-1, Caffeine, Fisetin, Panax Ginseng Root Extract, Saccharomyces Ferment Filtrate, Butylene Glycol, Citric Acid, Raspberry Ketone, Phytic Acid, Hydroxyacetophenone.<\/p>\n","protected":false},"excerpt":{"rendered":"<p> <strong>Gramatura:<\/strong> ml<br \/>  <strong>Henna:<\/strong> nie<br \/>  <strong>Konsystencja:<\/strong> emulsja<br \/>  <strong>Linie elitarne:<\/strong> nie<br \/>  <strong>Pojemno\u015b\u0107:<\/strong> 30<br \/>  <strong>P\u0142e\u0107:<\/strong> unisex<br \/>  <strong>S\u0142o\u0144ce:<\/strong> nie <\/p>\n","protected":false},"featured_media":43967,"comment_status":"open","ping_status":"closed","template":"","meta":{"_acf_changed":false},"kategoria-hurtowni":[211,217],"product_brand":[441],"product_cat":[76],"product_tag":[],"class_list":{"0":"post-43966","1":"product","2":"type-product","3":"status-publish","4":"has-post-thumbnail","6":"kategoria-hurtowni-dermokosmetyki","7":"kategoria-hurtowni-pielegnacja-wlosy-dermokosmetyki","8":"product_brand-basiclab","9":"product_cat-primavera","11":"first","12":"outofstock","13":"taxable","14":"shipping-taxable","15":"product-type-simple"},"acf":[],"_links":{"self":[{"href":"https:\/\/premino.pl\/index.php?rest_route=\/wp\/v2\/product\/43966","targetHints":{"allow":["GET"]}}],"collection":[{"href":"https:\/\/premino.pl\/index.php?rest_route=\/wp\/v2\/product"}],"about":[{"href":"https:\/\/premino.pl\/index.php?rest_route=\/wp\/v2\/types\/product"}],"replies":[{"embeddable":true,"href":"https:\/\/premino.pl\/index.php?rest_route=%2Fwp%2Fv2%2Fcomments&post=43966"}],"wp:featuredmedia":[{"embeddable":true,"href":"https:\/\/premino.pl\/index.php?rest_route=\/wp\/v2\/media\/43967"}],"wp:attachment":[{"href":"https:\/\/premino.pl\/index.php?rest_route=%2Fwp%2Fv2%2Fmedia&parent=43966"}],"wp:term":[{"taxonomy":"kategoria-hurtowni","embeddable":true,"href":"https:\/\/premino.pl\/index.php?rest_route=%2Fwp%2Fv2%2Fkategoria-hurtowni&post=43966"},{"taxonomy":"product_brand","embeddable":true,"href":"https:\/\/premino.pl\/index.php?rest_route=%2Fwp%2Fv2%2Fproduct_brand&post=43966"},{"taxonomy":"product_cat","embeddable":true,"href":"https:\/\/premino.pl\/index.php?rest_route=%2Fwp%2Fv2%2Fproduct_cat&post=43966"},{"taxonomy":"product_tag","embeddable":true,"href":"https:\/\/premino.pl\/index.php?rest_route=%2Fwp%2Fv2%2Fproduct_tag&post=43966"}],"curies":[{"name":"wp","href":"https:\/\/api.w.org\/{rel}","templated":true}]}}