{"id":43974,"date":"2026-04-17T17:21:15","date_gmt":"2026-04-17T15:21:15","guid":{"rendered":"https:\/\/premino.pl\/produkt\/trichologis-seboregulujace-serum-do-tlustej-i-wrazliwej-skory-glowy-100ml\/"},"modified":"2026-04-17T17:21:52","modified_gmt":"2026-04-17T15:21:52","slug":"trichologis-seboregulujace-serum-do-tlustej-i-wrazliwej-skory-glowy-100ml","status":"publish","type":"product","link":"https:\/\/premino.pl\/?product=trichologis-seboregulujace-serum-do-tlustej-i-wrazliwej-skory-glowy-100ml","title":{"rendered":"Trichologis seboreguluj\u0105ce serum do t\u0142ustej i wra\u017cliwej sk\u00f3ry g\u0142owy 100ml"},"content":{"rendered":"<p>Specjalistyczne serum normalizuj\u0105ce wydzielanie sebum i ograniczaj\u0105ce  tendencj\u0119 do przet\u0142uszczania. Innowacyjna formu\u0142a z retinalem normalizuje  wydzielanie sebum i przywraca r\u00f3wnowag\u0119 sk\u00f3ry sk\u0142onnej do \u0142upie\u017cu.  Dermokosmetyk jest idealny dla sk\u00f3ry g\u0142owy t\u0142ustej, \u0142ojotokowej, wra\u017cliwej i  z tendencj\u0105 do nawracaj\u0105cego \u0142upie\u017cu.<\/p>\n<p>    Potwierdzona skuteczno\u015b\u0107 w badaniach aparaturowych i aplikacyjnych: <br \/>    Dermokosmetyk posiada pozytywn\u0105 opini\u0119 trychologa. Zosta\u0142 przebadany  dermatologicznie na sk\u00f3rze wra\u017cliwej.<\/p>\n<p><b>    Dzia\u0142anie:<\/b><br \/>\u2022 ograniczenie przet\u0142uszczania <br \/>\u2022 ograniczenie powstawania \u0142upie\u017cu i wsparcie w jego redukcji <br \/>\u2022 wsparcie r\u00f3wnowagi bariery hydrolipidowej i mikrobiomu<br \/>\u2022 zmniejszenie nadreaktywno\u015bci sk\u00f3ry i ilo\u015bci stan\u00f3w mikrozapalnych<\/p>\n<p><b>    G\u0142\u00f3wne sk\u0142adniki aktywne: <\/b><br \/>\u2022 0,02% retinalu \u2013 normalizuje wydzielanie sebum i stymuluje odnow\u0119 nask\u00f3rka.  <br \/>\u2022 5% postbiotyku \u2013 wspiera mikrobiom, dzia\u0142a koj\u0105co i regeneruj\u0105co. <br \/>\u2022 Tripeptyd z\u0142uszczaj\u0105cy \u2013 wspiera prawid\u0142ow\u0105 keratynizacj\u0119 nask\u00f3rka i  przyspiesza regeneracj\u0119. <br \/>\u2022 Glukozyd kwasu rozmarynowego \u2013 \u0142agodzi uczucie sw\u0119dzenia i wspiera barier\u0119  hydrolipidow\u0105. <br \/>\u2022 Sarkozyna i wierzbownica Fleischera \u2013 normalizuj\u0105 prac\u0119 gruczo\u0142\u00f3w \u0142ojowych  zaburzon\u0105 m.in. przez androgeny (DHT). <br \/>\u2022 Azeloglicyna \u2013 w \u0142agodny spos\u00f3b zmniejsza ilo\u015b\u0107 wydzielanego sebum.<\/p>\n<p><b>    Jak stosowa\u0107? <\/b><br \/>Nanie\u015b serum na such\u0105 sk\u00f3r\u0119 g\u0142owy, rozdzielaj\u0105c pasma i r\u00f3wnomiernie  aplikuj\u0105c. Delikatnie wmasuj opuszkami palc\u00f3w. Pozostaw na minimum 30 minut lub na ca\u0142\u0105 noc. Umyj sk\u00f3r\u0119 g\u0142owy szamponem. Wa\u017cne: Rozpocznij stosowanie co 2-3 dni. Stopniowo zwi\u0119kszaj cz\u0119stotliwo\u015b\u0107  (np. co tydzie\u0144 o 1 dodatkowy dzie\u0144), a\u017c dojdziesz do codziennego u\u017cytku.<\/p>\n<p><b>    Bezpiecze\u0144stwo i formu\u0142a:<\/b><br \/>\u2022 Ochrona UV: Podczas stosowania dermokosmetyku nale\u017cy chroni\u0107 sk\u00f3r\u0119 g\u0142owy  przed promieniowaniem UV.<br \/>\u2022 Testowany dermatologicznie: Odpowiedni dla sk\u00f3ry wra\u017cliwej. <br \/>\u2022 Formu\u0142a wega\u0144ska: 100% sk\u0142adnik\u00f3w pochodzenia ro\u015blinnego. <br \/>\u2022 Brak substancji zapachowych: Minimalizuje ryzyko podra\u017cnie\u0144.<\/p>\n<p><strong>Gramatura:<\/strong> ml<br \/>\n<strong>Henna:<\/strong> nie<br \/>\n<strong>Konsystencja:<\/strong> emulsja<br \/>\n<strong>Linie elitarne:<\/strong> nie<br \/>\n<strong>Pojemno\u015b\u0107:<\/strong> 100<br \/>\n<strong>P\u0142e\u0107:<\/strong> unisex<br \/>\n<strong>S\u0142o\u0144ce:<\/strong> nie<\/p>\n<p><strong>Uwagi:<\/strong><\/p>\n<p>Ze wzgl\u0119du na zawarto\u015b\u0107 retinalu, produkt nie powinien by\u0107 u\u017cywany przez kobiety w ci\u0105\u017cy. Stosowanie w okresie karmienia piersi\u0105 nale\u017cy skonsultowa\u0107 z lekarzem.\u00a0Przechowywa\u0107 w suchym i zaciemnionym miejscu, w temperaturze pokojowej.<\/p>\n<p><strong>Sk\u0142adniki:<\/strong><\/p>\n<p>Aqua, Propanediol, Saccharomyces\/Zinc Ferment, Polyglyceryl-4 Pelargonate, Glycerin, Saccharide Isomerate, Potassium Azeloyl Diglycinate, Pentylene Glycol, Butyl Avocadate, Epilobium Fleischeri Flower\/Leaf\/Stem Extract, Rosmarinyl Glucoside, Caprylic\/Capric Triglyceride, Sodium Caproyl\/Lauroyl Lactylate, Phospholipids, Sarcosine, Ascorbic Acid, Hexanoyl Dipeptide-3 Norleucine Acetate, Retinal, Isomalt, Arginine, Tocopherol, Triethyl Citrate, Sodium Citrate, Citric Acid, Lactic Acid, Hydroxyacetophenone.<\/p>\n","protected":false},"excerpt":{"rendered":"<p> <strong>Gramatura:<\/strong> ml<br \/>  <strong>Henna:<\/strong> nie<br \/>  <strong>Konsystencja:<\/strong> emulsja<br \/>  <strong>Linie elitarne:<\/strong> nie<br \/>  <strong>Pojemno\u015b\u0107:<\/strong> 100<br \/>  <strong>P\u0142e\u0107:<\/strong> unisex<br \/>  <strong>S\u0142o\u0144ce:<\/strong> nie <\/p>\n","protected":false},"featured_media":43975,"comment_status":"open","ping_status":"closed","template":"","meta":{"_acf_changed":false},"kategoria-hurtowni":[211,217],"product_brand":[441],"product_cat":[76],"product_tag":[],"class_list":{"0":"post-43974","1":"product","2":"type-product","3":"status-publish","4":"has-post-thumbnail","6":"kategoria-hurtowni-dermokosmetyki","7":"kategoria-hurtowni-pielegnacja-wlosy-dermokosmetyki","8":"product_brand-basiclab","9":"product_cat-primavera","11":"first","12":"outofstock","13":"taxable","14":"shipping-taxable","15":"product-type-simple"},"acf":[],"_links":{"self":[{"href":"https:\/\/premino.pl\/index.php?rest_route=\/wp\/v2\/product\/43974","targetHints":{"allow":["GET"]}}],"collection":[{"href":"https:\/\/premino.pl\/index.php?rest_route=\/wp\/v2\/product"}],"about":[{"href":"https:\/\/premino.pl\/index.php?rest_route=\/wp\/v2\/types\/product"}],"replies":[{"embeddable":true,"href":"https:\/\/premino.pl\/index.php?rest_route=%2Fwp%2Fv2%2Fcomments&post=43974"}],"wp:featuredmedia":[{"embeddable":true,"href":"https:\/\/premino.pl\/index.php?rest_route=\/wp\/v2\/media\/43975"}],"wp:attachment":[{"href":"https:\/\/premino.pl\/index.php?rest_route=%2Fwp%2Fv2%2Fmedia&parent=43974"}],"wp:term":[{"taxonomy":"kategoria-hurtowni","embeddable":true,"href":"https:\/\/premino.pl\/index.php?rest_route=%2Fwp%2Fv2%2Fkategoria-hurtowni&post=43974"},{"taxonomy":"product_brand","embeddable":true,"href":"https:\/\/premino.pl\/index.php?rest_route=%2Fwp%2Fv2%2Fproduct_brand&post=43974"},{"taxonomy":"product_cat","embeddable":true,"href":"https:\/\/premino.pl\/index.php?rest_route=%2Fwp%2Fv2%2Fproduct_cat&post=43974"},{"taxonomy":"product_tag","embeddable":true,"href":"https:\/\/premino.pl\/index.php?rest_route=%2Fwp%2Fv2%2Fproduct_tag&post=43974"}],"curies":[{"name":"wp","href":"https:\/\/api.w.org\/{rel}","templated":true}]}}