{"id":43976,"date":"2026-04-17T17:21:55","date_gmt":"2026-04-17T15:21:55","guid":{"rendered":"https:\/\/premino.pl\/produkt\/trichologis-seboregulujacy-szampon-do-tlustej-i-wrazliwej-skory-glowy-300ml\/"},"modified":"2026-04-17T17:21:56","modified_gmt":"2026-04-17T15:21:56","slug":"trichologis-seboregulujacy-szampon-do-tlustej-i-wrazliwej-skory-glowy-300ml","status":"publish","type":"product","link":"https:\/\/premino.pl\/?product=trichologis-seboregulujacy-szampon-do-tlustej-i-wrazliwej-skory-glowy-300ml","title":{"rendered":"Trichologis seboreguluj\u0105cy szampon do t\u0142ustej i wra\u017cliwej sk\u00f3ry g\u0142owy 300ml"},"content":{"rendered":"<p>Seboreguluj\u0105cy szampon to specjalistyczny dermokosmetyk przeznaczony do  oczyszczania sk\u00f3ry g\u0142owy ze sk\u0142onno\u015bci\u0105 do \u0142ojotoku i \u0142upie\u017cu. Formu\u0142a  zmniejsza przet\u0142uszczanie si\u0119 w\u0142os\u00f3w, jednocze\u015bnie minimalizuj\u0105c dyskomfort i  uczucie sw\u0119dzenia.<\/p>\n<p>    Potwierdzona skuteczno\u015b\u0107 w badaniach aparaturowych i aplikacyjnych: <br \/>    Dermokosmetyk posiada pozytywn\u0105 opini\u0119 trychologa. Zosta\u0142 przebadany dermatologicznie  na sk\u00f3rze wra\u017cliwej.<\/p>\n<p><b>    Dzia\u0142anie: <\/b><br \/>\u2022 regulacja sebum i mniejsze przet\u0142uszczania si\u0119 sk\u00f3ry g\u0142owy <br \/>\u2022 redukcja objaw\u00f3w \u0142upie\u017cu i ograniczenie jego nawrot\u00f3w <br \/>\u2022 zmniejszenie sw\u0119dzenia, podra\u017cnie\u0144 i dyskomfortu <br \/>\u2022 przywr\u00f3cenie r\u00f3wnowagi mikrobiomu sk\u00f3ry g\u0142owy<\/p>\n<p><b>    G\u0142\u00f3wne sk\u0142adniki aktywne: <\/b><br \/>\u2022 1,5% BHA (kwas salicylowy) \u2013 reguluje prac\u0119 gruczo\u0142\u00f3w \u0142ojowych i efektywnie  oczyszcza uj\u015bcia mieszk\u00f3w w\u0142osowych. <br \/>\u2022 Postbiotyk \u2013 wspomaga r\u00f3wnowag\u0119 mikrobiomu, \u0142agodzi i rewitalizuje sk\u00f3r\u0119.  <br \/>\u2022 Glukozyd kwasu rozmarynowego \u2013 przynosi ukojenie, \u0142agodzi sw\u0119dzenie i  wspiera barier\u0119 hydrolipidow\u0105. <br \/>\u2022 Sarkozyna \u2013 redukuje nadmiern\u0105 ilo\u015b\u0107 sebum i wspiera r\u00f3wnowag\u0119 mikrobiomu.<\/p>\n<p><b>Bezpiecze\u0144stwo i formu\u0142a:<\/b><br \/>\u2022 Testowany dermatologicznie: Odpowiedni dla sk\u00f3ry wra\u017cliwej.<br \/>\u2022 Bezpieczny w ci\u0105\u017cy: Mo\u017ce by\u0107 stosowany przez kobiety w ci\u0105\u017cy i karmi\u0105ce piersi\u0105.<br \/>\u2022 Formu\u0142a wega\u0144ska: 100% sk\u0142adnik\u00f3w pochodzenia ro\u015blinnego.<br \/>\u2022 Brak substancji zapachowych: Minimalizuje ryzyko podra\u017cnie\u0144.<\/p>\n<p><b>    Jak stosowa\u0107? <\/b><br \/>Nanie\u015b odpowiedni\u0105 ilo\u015b\u0107 szamponu na wilgotn\u0105 sk\u00f3r\u0119 g\u0142owy. Opuszkami palc\u00f3w  wykonuj delikatny masa\u017c przez 2-3 minuty. Dok\u0142adnie sp\u0142ucz letni\u0105 wod\u0105. Powt\u00f3rz proces mycia, aby dog\u0142\u0119bnie oczy\u015bci\u0107 sk\u00f3r\u0119 g\u0142owy i w\u0142osy.<\/p>\n<p><strong>Gramatura:<\/strong> ml<br \/>\n<strong>Henna:<\/strong> nie<br \/>\n<strong>Konsystencja:<\/strong> szampon<br \/>\n<strong>Linie elitarne:<\/strong> nie<br \/>\n<strong>Pojemno\u015b\u0107:<\/strong> 300<br \/>\n<strong>P\u0142e\u0107:<\/strong> unisex<br \/>\n<strong>S\u0142o\u0144ce:<\/strong> nie<\/p>\n<p><strong>Uwagi:<\/strong><\/p>\n<p>W przypadku kontaktu dermokosmetyku z oczami, obficie przemyj je wod\u0105. Przechowywa\u0107 w suchym i zaciemnionym miejscu, w temperaturze pokojowej.<\/p>\n<p><strong>Sk\u0142adniki:<\/strong><\/p>\n<p>Aqua, Sodium Coco-Sulfate, Cocamidopropyl Hydroxysultaine, Coco-Glucoside, Propanediol, Polyglyceryl-6 Caprylate, Salicylic Acid, Acacia Senegal Gum, Polyglyceryl-4 Caprate, Glycerin, Sodium Caproyl\/ Lauroyl Lactylate, Dicaprylyl Ether, Decyl Glucoside, Saccharomyces\/Zinc Ferment, Rosmarinyl Glucoside, Copper Gluconate, Zinc Gluconate, Magnesium Aspartate, Sarcosine, Glyceryl Oleate, Guar Hydroxypropyltrimonium Chloride, Triethyl Citrate, Pentylene Glycol, Citric Acid, Levulinic Acid, Sodium Levulinate, Benzoic Acid.<\/p>\n","protected":false},"excerpt":{"rendered":"<p> <strong>Gramatura:<\/strong> ml<br \/>  <strong>Henna:<\/strong> nie<br \/>  <strong>Konsystencja:<\/strong> szampon<br \/>  <strong>Linie elitarne:<\/strong> nie<br \/>  <strong>Pojemno\u015b\u0107:<\/strong> 300<br \/>  <strong>P\u0142e\u0107:<\/strong> unisex<br \/>  <strong>S\u0142o\u0144ce:<\/strong> nie <\/p>\n","protected":false},"featured_media":43977,"comment_status":"open","ping_status":"closed","template":"","meta":{"_acf_changed":false},"kategoria-hurtowni":[211,217],"product_brand":[441],"product_cat":[76],"product_tag":[],"class_list":{"0":"post-43976","1":"product","2":"type-product","3":"status-publish","4":"has-post-thumbnail","6":"kategoria-hurtowni-dermokosmetyki","7":"kategoria-hurtowni-pielegnacja-wlosy-dermokosmetyki","8":"product_brand-basiclab","9":"product_cat-primavera","11":"first","12":"outofstock","13":"taxable","14":"shipping-taxable","15":"product-type-simple"},"acf":[],"_links":{"self":[{"href":"https:\/\/premino.pl\/index.php?rest_route=\/wp\/v2\/product\/43976","targetHints":{"allow":["GET"]}}],"collection":[{"href":"https:\/\/premino.pl\/index.php?rest_route=\/wp\/v2\/product"}],"about":[{"href":"https:\/\/premino.pl\/index.php?rest_route=\/wp\/v2\/types\/product"}],"replies":[{"embeddable":true,"href":"https:\/\/premino.pl\/index.php?rest_route=%2Fwp%2Fv2%2Fcomments&post=43976"}],"wp:featuredmedia":[{"embeddable":true,"href":"https:\/\/premino.pl\/index.php?rest_route=\/wp\/v2\/media\/43977"}],"wp:attachment":[{"href":"https:\/\/premino.pl\/index.php?rest_route=%2Fwp%2Fv2%2Fmedia&parent=43976"}],"wp:term":[{"taxonomy":"kategoria-hurtowni","embeddable":true,"href":"https:\/\/premino.pl\/index.php?rest_route=%2Fwp%2Fv2%2Fkategoria-hurtowni&post=43976"},{"taxonomy":"product_brand","embeddable":true,"href":"https:\/\/premino.pl\/index.php?rest_route=%2Fwp%2Fv2%2Fproduct_brand&post=43976"},{"taxonomy":"product_cat","embeddable":true,"href":"https:\/\/premino.pl\/index.php?rest_route=%2Fwp%2Fv2%2Fproduct_cat&post=43976"},{"taxonomy":"product_tag","embeddable":true,"href":"https:\/\/premino.pl\/index.php?rest_route=%2Fwp%2Fv2%2Fproduct_tag&post=43976"}],"curies":[{"name":"wp","href":"https:\/\/api.w.org\/{rel}","templated":true}]}}