{"id":43980,"date":"2026-04-17T17:21:55","date_gmt":"2026-04-17T15:21:55","guid":{"rendered":"https:\/\/premino.pl\/produkt\/capillus-odzywka-w-sprayu-ulatwiajaca-rozczesywanie-150ml\/"},"modified":"2026-04-17T17:21:58","modified_gmt":"2026-04-17T15:21:58","slug":"capillus-odzywka-w-sprayu-ulatwiajaca-rozczesywanie-150ml","status":"publish","type":"product","link":"https:\/\/premino.pl\/?product=capillus-odzywka-w-sprayu-ulatwiajaca-rozczesywanie-150ml","title":{"rendered":"Capillus od\u017cywka w sprayu u\u0142atwiaj\u0105ca rozczesywanie 150ml"},"content":{"rendered":"<p>Od\u017cywka w sprayu  u\u0142atwiaj\u0105ca rozczesywanie minimalizuje pl\u0105tanie si\u0119 i elektryzowanie w\u0142os\u00f3w  podczas czesania i stylizacji. Dzi\u0119ki sk\u0142adnikom efektywnie wyg\u0142adzaj\u0105cym i  antystatycznym pozwala na \u0142atwiejsze, szybsze i bezbolesne rozpl\u0105tywanie  niesfornych kosmyk\u00f3w, r\u00f3wnie\u017c u dzieci. Chroni w\u0142osy przed uszkodzeniami  mechanicznymi wynikaj\u0105cymi z ich ci\u0105gni\u0119cia, szarpania, wi\u0105zania. Regularnie  stosowana podczas zapuszczania, wspiera utrzymanie dobrej kondycji nawet  bardzo d\u0142ugich w\u0142os\u00f3w.     <\/p>\n<p><b>DZIA\u0141ANIE:<br \/><\/b>\u2022 3% kompleksu aminokwas\u00f3w dzi\u0119ki ma\u0142ej masie cz\u0105steczkowej, efektywnie  penetruje w g\u0142\u0105b \u0142odygi w\u0142osa, wzmacniaj\u0105c jego odporno\u015b\u0107 na uszkodzenia i  \u0142amanie. Dodaje pasmom obj\u0119to\u015bci i lekko\u015bci, jednocze\u015bnie efektywnie  pomagaj\u0105c utrzyma\u0107 prawid\u0142owy poziom nawil\u017cenia. Wspieraj\u0105 regeneracj\u0119 w\u0142os\u00f3w  zniszczonych. <br \/>    \u2022 Kationowy kwas hialuronowy neutralizuje ujemny \u0142adunek powstaj\u0105cy podczas  czesania, zapobiegaj\u0105c elektryzowaniu si\u0119 w\u0142os\u00f3w. Wi\u0105\u017ce si\u0119 z powierzchni\u0105  w\u0142osa wyg\u0142adzaj\u0105c j\u0105, dzi\u0119ki czemu zapobiega pl\u0105taniu i nab\u0142yszcza  kosmyki.<br \/>    \u2022 Ksylitol jest silnym humektantem, kt\u00f3ry aktywnie poprawia nawil\u017cenie  w\u0142os\u00f3w. Doskonale je wyg\u0142adza i nab\u0142yszcza.<br \/>    \u2022 Analog ceramid\u00f3w wykazuje zbli\u017con\u0105 do ceramid\u00f3w funkcjonalno\u015b\u0107. Zwi\u0119ksza  elastyczno\u015b\u0107 w\u0142os\u00f3w, dzi\u0119ki czemu s\u0105 bardziej odporne na uszkodzenia  mechaniczne. Od\u017cywia pasma i zapewnia im optymalny poziom nawil\u017cenia,  poprawiaj\u0105c kondycj\u0119 w\u0142os\u00f3w uszkodzonych, wyg\u0142adza \u0142uski, redukuje ich  puszenie si\u0119. <br \/>    \u2022 Ro\u015blinny amino-lipid u\u0142atwia rozczesywanie oraz dzia\u0142a antystatycznie,  dzi\u0119ki czemu niweluje puszenie, pozostawiaj\u0105c w\u0142osy wyg\u0142adzone i b\u0142yszcz\u0105ce.  Wzmacnia \u0142odygi i zmniejsza ryzyko uszkodze\u0144 mechanicznych.<\/p>\n<p><b>    WSKAZANIA:<\/b><br \/>    \u2022 w\u0142osy niesforne, szorstkie, sk\u0142onne do pl\u0105tania<br \/>    \u2022 ka\u017cdy rodzaj porowato\u015bci<br \/>    \u2022 codzienna ochrona przed uszkodzeniami mechanicznymi powsta\u0142ymi podczas  czesania i stylizacji<br \/>    \u2022 wzmocnienie i ochrona w\u0142os\u00f3w przed \u0142amaniem podczas zapuszczania<\/p>\n<p><b>SPOS\u00d3B U\u017bYCIA:<br \/><\/b>Przed rozczesywaniem spryskaj suche w\u0142osy od\u017cywk\u0105 w\u202fodleg\u0142o\u015bci 15-20 cm, aby r\u00f3wnomiernie rozprowadzi\u0107 j\u0105 na ca\u0142ej d\u0142ugo\u015bci. Nie wymaga sp\u0142ukiwania.<\/p>\n<p><strong>Gramatura:<\/strong> ml<br \/>\n<strong>Henna:<\/strong> nie<br \/>\n<strong>Konsystencja:<\/strong> od\u017cywka bez sp\u0142ukiwania<br \/>\n<strong>Linie elitarne:<\/strong> nie<br \/>\n<strong>Pojemno\u015b\u0107:<\/strong> 150<br \/>\n<strong>P\u0142e\u0107:<\/strong> damski<br \/>\n<strong>S\u0142o\u0144ce:<\/strong> nie<\/p>\n<p><strong>Uwagi:<\/strong><\/p>\n<p>W przypadku kontaktu z oczami, obficie przemyj je wod\u0105. Przechowywa\u0107 w suchym i zaciemnionym miejscu, w temperaturze pokojowej.<\/p>\n<p><strong>Sk\u0142adniki:<\/strong><\/p>\n<p>Aqua, Pentylene Glycol, Sorbitol, Cetearyl Alcohol, Polyester-11, Brassicyl Valinate Esylate, Xylitylglucoside, Lysine, Serine, Alanine, Arginine, Hydroxypropyltrimonium Hyaluronate, Leucine, Tyrosine, Glycine, Phenylalanine, Proline, Threonine, Valine, Isoleucine, Histidine, Glutamic Acid, Anhydroxylitol, Tocopherol, Xylitol, Dibutyl Adipate, Dicaprylyl Ether, Glycerin, Glucose, Hydrolyzed Caesalpinia Spinosa Gum, Caesalpinia Spinosa Gum, Calcium Gluconate, Glycolic Acid, Aspartic Acid, Sodium Benzoate, Potassium Sorbate, Butylene Glycol, Levulinic Acid, Sodium Levulinate, Parfum.<\/p>\n","protected":false},"excerpt":{"rendered":"<p> <strong>Gramatura:<\/strong> ml<br \/>  <strong>Henna:<\/strong> nie<br \/>  <strong>Konsystencja:<\/strong> od\u017cywka bez sp\u0142ukiwania<br \/>  <strong>Linie elitarne:<\/strong> nie<br \/>  <strong>Pojemno\u015b\u0107:<\/strong> 150<br \/>  <strong>P\u0142e\u0107:<\/strong> damski<br \/>  <strong>S\u0142o\u0144ce:<\/strong> nie <\/p>\n","protected":false},"featured_media":43981,"comment_status":"open","ping_status":"closed","template":"","meta":{"_acf_changed":false},"kategoria-hurtowni":[211,217],"product_brand":[441],"product_cat":[76],"product_tag":[],"class_list":{"0":"post-43980","1":"product","2":"type-product","3":"status-publish","4":"has-post-thumbnail","6":"kategoria-hurtowni-dermokosmetyki","7":"kategoria-hurtowni-pielegnacja-wlosy-dermokosmetyki","8":"product_brand-basiclab","9":"product_cat-primavera","11":"first","12":"outofstock","13":"taxable","14":"shipping-taxable","15":"product-type-simple"},"acf":[],"_links":{"self":[{"href":"https:\/\/premino.pl\/index.php?rest_route=\/wp\/v2\/product\/43980","targetHints":{"allow":["GET"]}}],"collection":[{"href":"https:\/\/premino.pl\/index.php?rest_route=\/wp\/v2\/product"}],"about":[{"href":"https:\/\/premino.pl\/index.php?rest_route=\/wp\/v2\/types\/product"}],"replies":[{"embeddable":true,"href":"https:\/\/premino.pl\/index.php?rest_route=%2Fwp%2Fv2%2Fcomments&post=43980"}],"wp:featuredmedia":[{"embeddable":true,"href":"https:\/\/premino.pl\/index.php?rest_route=\/wp\/v2\/media\/43981"}],"wp:attachment":[{"href":"https:\/\/premino.pl\/index.php?rest_route=%2Fwp%2Fv2%2Fmedia&parent=43980"}],"wp:term":[{"taxonomy":"kategoria-hurtowni","embeddable":true,"href":"https:\/\/premino.pl\/index.php?rest_route=%2Fwp%2Fv2%2Fkategoria-hurtowni&post=43980"},{"taxonomy":"product_brand","embeddable":true,"href":"https:\/\/premino.pl\/index.php?rest_route=%2Fwp%2Fv2%2Fproduct_brand&post=43980"},{"taxonomy":"product_cat","embeddable":true,"href":"https:\/\/premino.pl\/index.php?rest_route=%2Fwp%2Fv2%2Fproduct_cat&post=43980"},{"taxonomy":"product_tag","embeddable":true,"href":"https:\/\/premino.pl\/index.php?rest_route=%2Fwp%2Fv2%2Fproduct_tag&post=43980"}],"curies":[{"name":"wp","href":"https:\/\/api.w.org\/{rel}","templated":true}]}}