{"id":43982,"date":"2026-04-17T17:21:55","date_gmt":"2026-04-17T15:21:55","guid":{"rendered":"https:\/\/premino.pl\/produkt\/capillus-aktywator-skretu-200ml\/"},"modified":"2026-04-17T17:21:59","modified_gmt":"2026-04-17T15:21:59","slug":"capillus-aktywator-skretu-200ml","status":"publish","type":"product","link":"https:\/\/premino.pl\/?product=capillus-aktywator-skretu-200ml","title":{"rendered":"Capillus aktywator skr\u0119tu 200ml"},"content":{"rendered":"<p>Aktywator skr\u0119tu  wydobywa naturalny skr\u0119t, u\u0142atwiaj\u0105c uzyskanie spr\u0119\u017cystych i mi\u0119kkich w  dotyku fal oraz lok\u00f3w. Skutecznie wyg\u0142adza niesforne, pusz\u0105ce si\u0119 w\u0142osy, bez  ich sklejania czy obci\u0105\u017cania. Pomaga w stylizacji i poprawia kondycj\u0119  kr\u0119conych w\u0142os\u00f3w, nadaj\u0105c im zdrowego blasku.     <\/p>\n<p><b>DZIA\u0141ANIE:<br \/><\/b>\u2022 5% kompleksu definiuj\u0105cego loki podkre\u015bla i utrwala wszystkie rodzaje  skr\u0119tu. Tworzy delikatn\u0105 pow\u0142ok\u0119 ochronn\u0105, kt\u00f3ra zapobiega utracie wody i  nadaje w\u0142osom mi\u0119kko\u015bci, spr\u0119\u017cysto\u015bci i blasku. Jego dzia\u0142anie antystatyczne  niweluje puszczenie.<br \/>    \u2022 Hydrolizowane proteiny na\u015bladuj\u0105 dzia\u0142anie naturalnej keratyny. Uzupe\u0142niaj\u0105  ubytki w strukturze w\u0142osa, domykaj\u0105 otwarte \u0142uski, przywracaj\u0105c im zdrowy  wygl\u0105d. Zwi\u0119kszaj\u0105 odporno\u015b\u0107 w\u0142os\u00f3w na \u0142amanie, u\u0142atwiaj\u0105 rozczesywanie oraz  ich codzienn\u0105 stylizacj\u0119. Niweluj\u0105 szorstko\u015b\u0107 i matowo\u015b\u0107 \u0142odygi,  pozostawiaj\u0105c j\u0105 mi\u0119kk\u0105 i l\u015bni\u0105c\u0105.<br \/>    \u2022 Olej babassu o silnym dzia\u0142aniu wyg\u0142adzaj\u0105cym i nab\u0142yszczaj\u0105cym.  Zabezpiecza w\u0142osy przed przesuszeniem i uszkodzeniami, np. rozdwajaniem ko\u0144c\u00f3wek.<br \/>    \u2022 Kwas hialuronowy pomaga utrzyma\u0107 odpowiedni poziom nawil\u017cenia w\u0142os\u00f3w,  wzmacnia ich odporno\u015b\u0107 na uszkodzenia i z\u0142amania.<\/p>\n<p><b>    WSKAZANIA:<\/b><br \/>    \u2022 stylizowanie ka\u017cdego rodzaju fal i lok\u00f3w<br \/>    \u2022 reaktywacja skr\u0119tu<br \/>    \u2022 w\u0142osy pusz\u0105ce si\u0119, ze sk\u0142onno\u015bci\u0105 do pl\u0105tania<br \/>    \u2022 suche i matowe \u0142odygi<\/p>\n<p><b>SPOS\u00d3B U\u017bYCIA:<br \/><\/b>W celu zdefiniowania skr\u0119tu\u00a0(po myciu): Niewielk\u0105 ilo\u015b\u0107 dok\u0142adnie rozprowad\u017a na mokrych w\u0142osach, a nast\u0119pnie wgnie\u0107 lub stylizuj, jak lubisz. Pozostaw do wyschni\u0119cia albo wysusz suszark\u0105 z u\u017cyciem dyfuzora.<br \/>W celu reaktywacji skr\u0119tu: delikatnie zro\u015b w\u0142osy czyst\u0105 wod\u0105, a nast\u0119pnie wgnie\u0107 aktywator we w\u0142osy.<\/p>\n<p><strong>Gramatura:<\/strong> ml<br \/>\n<strong>Henna:<\/strong> nie<br \/>\n<strong>Konsystencja:<\/strong> emulsja<br \/>\n<strong>Linie elitarne:<\/strong> nie<br \/>\n<strong>Pojemno\u015b\u0107:<\/strong> 200<br \/>\n<strong>P\u0142e\u0107:<\/strong> damski<br \/>\n<strong>S\u0142o\u0144ce:<\/strong> nie<\/p>\n<p><strong>Uwagi:<\/strong><\/p>\n<p>W przypadku kontaktu z oczami, obficie przemyj je wod\u0105. Przechowywa\u0107 w suchym i zaciemnionym miejscu, w temperaturze pokojowej.<\/p>\n<p><strong>Sk\u0142adniki:<\/strong><\/p>\n<p>Aqua, Cetearyl Alcohol, Sorbitol, Pentylene Glycol, Orbignya Speciosa Kernel Oil, Linum Usitatissimum (Linseed) Seed Extract, Ethylhexyl Pelargonate, Vitis Vinifera Seed Oil, Salvia Hispanica Seed Extract, Cellulose Gum, Brassicyl Valinate Esylate, Xylitylglucoside, Hydrolyzed Corn Protein, Hydrolyzed Pea Protein, Hydrolyzed Rice Protein, Hydrolyzed Soy Protein, Astrocaryum Murumuru Seed Butter, Inulin, Anhydroxylitol, Xylitol, Glucose, Sodium Hyaluronate, Glycerin, Caprylic Acid, Tocopherol, Calcium Gluconate, Citric Acid, Levulinic Acid, Benzyl Alcohol, Sodium Benzoate, Parfum.<\/p>\n","protected":false},"excerpt":{"rendered":"<p> <strong>Gramatura:<\/strong> ml<br \/>  <strong>Henna:<\/strong> nie<br \/>  <strong>Konsystencja:<\/strong> emulsja<br \/>  <strong>Linie elitarne:<\/strong> nie<br \/>  <strong>Pojemno\u015b\u0107:<\/strong> 200<br \/>  <strong>P\u0142e\u0107:<\/strong> damski<br \/>  <strong>S\u0142o\u0144ce:<\/strong> nie <\/p>\n","protected":false},"featured_media":43983,"comment_status":"open","ping_status":"closed","template":"","meta":{"_acf_changed":false},"kategoria-hurtowni":[211,217],"product_brand":[441],"product_cat":[76],"product_tag":[],"class_list":{"0":"post-43982","1":"product","2":"type-product","3":"status-publish","4":"has-post-thumbnail","6":"kategoria-hurtowni-dermokosmetyki","7":"kategoria-hurtowni-pielegnacja-wlosy-dermokosmetyki","8":"product_brand-basiclab","9":"product_cat-primavera","11":"first","12":"outofstock","13":"taxable","14":"shipping-taxable","15":"product-type-simple"},"acf":[],"_links":{"self":[{"href":"https:\/\/premino.pl\/index.php?rest_route=\/wp\/v2\/product\/43982","targetHints":{"allow":["GET"]}}],"collection":[{"href":"https:\/\/premino.pl\/index.php?rest_route=\/wp\/v2\/product"}],"about":[{"href":"https:\/\/premino.pl\/index.php?rest_route=\/wp\/v2\/types\/product"}],"replies":[{"embeddable":true,"href":"https:\/\/premino.pl\/index.php?rest_route=%2Fwp%2Fv2%2Fcomments&post=43982"}],"wp:featuredmedia":[{"embeddable":true,"href":"https:\/\/premino.pl\/index.php?rest_route=\/wp\/v2\/media\/43983"}],"wp:attachment":[{"href":"https:\/\/premino.pl\/index.php?rest_route=%2Fwp%2Fv2%2Fmedia&parent=43982"}],"wp:term":[{"taxonomy":"kategoria-hurtowni","embeddable":true,"href":"https:\/\/premino.pl\/index.php?rest_route=%2Fwp%2Fv2%2Fkategoria-hurtowni&post=43982"},{"taxonomy":"product_brand","embeddable":true,"href":"https:\/\/premino.pl\/index.php?rest_route=%2Fwp%2Fv2%2Fproduct_brand&post=43982"},{"taxonomy":"product_cat","embeddable":true,"href":"https:\/\/premino.pl\/index.php?rest_route=%2Fwp%2Fv2%2Fproduct_cat&post=43982"},{"taxonomy":"product_tag","embeddable":true,"href":"https:\/\/premino.pl\/index.php?rest_route=%2Fwp%2Fv2%2Fproduct_tag&post=43982"}],"curies":[{"name":"wp","href":"https:\/\/api.w.org\/{rel}","templated":true}]}}