{"id":43984,"date":"2026-04-17T17:21:55","date_gmt":"2026-04-17T15:21:55","guid":{"rendered":"https:\/\/premino.pl\/produkt\/capillus-odzywka-wygladzajaca-250ml\/"},"modified":"2026-04-17T17:22:00","modified_gmt":"2026-04-17T15:22:00","slug":"capillus-odzywka-wygladzajaca-250ml","status":"publish","type":"product","link":"https:\/\/premino.pl\/?product=capillus-odzywka-wygladzajaca-250ml","title":{"rendered":"Capillus od\u017cywka wyg\u0142adzaj\u0105ca 250ml"},"content":{"rendered":"<p>Od\u017cywka  wyg\u0142adzaj\u0105ca to regeneruj\u0105ca formu\u0142a aktywna oparta na po\u0142\u0105czeniu od\u017cywczych  emolient\u00f3w ze sk\u0142adnikami g\u0142\u0119boko nawil\u017caj\u0105cymi i\u202fwzmacniaj\u0105cymi struktur\u0119  w\u0142osa. Skutecznie przywraca im r\u00f3wnowag\u0119 i zdrowy wygl\u0105d. Pozostawia \u0142usk\u0119  w\u0142osa g\u0142adk\u0105 i elastyczn\u0105. Kompleksowo kondycjonuje w\u0142osy zniszczone i  pusz\u0105ce si\u0119, przywraca blask. Dodatkowo tworzy na powierzchni \u0142uski pow\u0142ok\u0119  ochronn\u0105 zabezpieczaj\u0105c\u0105 przed nadmiern\u0105 \u0142amliwo\u015bci\u0105, uszkodzeniami  mechanicznymi i zbyt szybk\u0105 utrat\u0105 wody.\u00a0<\/p>\n<p><b>DZIA\u0141ANIE:<br \/><\/b>\u2022 2% analogu ceramid\u00f3w wykazuje funkcjonalno\u015b\u0107 zbli\u017con\u0105 do ceramid\u00f3w.  Zwi\u0119ksza elastyczno\u015b\u0107 w\u0142os\u00f3w, dzi\u0119ki czemu s\u0105 bardziej odporne na uszkodzenia  mechaniczne. Od\u017cywia pasma i\u202fzapewnia im optymalny poziom nawil\u017cenia,  poprawiaj\u0105c kondycj\u0119 w\u0142os\u00f3w uszkodzonych, wyg\u0142adza \u0142uski, redukuje ich  puszenie si\u0119.\u00a0 <br \/>    \u2022 Serycyna, czyli hydrolizowane bia\u0142ko jedwabiu, wykazuje wysoki poziom  podobie\u0144stwa do keratyny zawartej we w\u0142osach. Tworzy film ochronny, kt\u00f3ry  pozwala utrzyma\u0107 d\u0142ugotrwa\u0142e nawil\u017cenie i przywr\u00f3ci\u0107 w\u0142osom blask i  spr\u0119\u017cysto\u015b\u0107, u\u0142atwia rozczesywanie.\u00a0  <br \/>    \u2022 Olej abisy\u0144ski bogaty w nienasycone kwasy t\u0142uszczowe, aktywnie przywraca  w\u0142osom blask. Wyg\u0142adza i wzmacnia ich struktur\u0119, przeciwdzia\u0142a \u0142amliwo\u015bci,  sprawia, \u017ce staj\u0105 si\u0119 mi\u0119kkie i \u0142atwe do rozczesania.\u00a0 <br \/>    \u2022 Olej winogronowy bogaty w nienasycone kwasy t\u0142uszczowe, dzia\u0142a ochronnie i  wzmacniaj\u0105co, zwi\u0119ksza elastyczno\u015b\u0107 w\u0142osa, zapobiega ich \u0142amaniu.<\/p>\n<p><b>    WSKAZANIA:\u00a0 <\/b><br \/>\u2022 w\u0142osy pusz\u0105ce si\u0119, ze sk\u0142onno\u015bci\u0105 do pl\u0105tania, trudne do rozczesania\u00a0 <br \/>    \u2022 ka\u017cdy rodzaj porowato\u015bci, w szczeg\u00f3lno\u015bci wysokoporowate\u00a0 <br \/>    \u2022 suche, matowe i sztywne \u0142odygi w\u0142osa\u00a0  <br \/>    \u2022 w\u0142osy zniszczone np. rozja\u015bniane, cz\u0119sto stylizowane<\/p>\n<p><b>SPOS\u00d3B U\u017bYCIA:<br \/><\/b>Od\u017cywk\u0119 na\u0142\u00f3\u017c na umyte, wilgotne w\u0142osy. Aplikuj r\u00f3wnomiernie na \u0142odydze w\u0142osa, zachowuj\u0105c odst\u0119p od sk\u00f3ry g\u0142owy. Dok\u0142adnie rozprowad\u017a lub wczesz, pozostaw na kilka minut. Sp\u0142ucz letni\u0105 wod\u0105. Mo\u017cesz te\u017c u\u017cy\u0107 niewielkiej ilo\u015bci od\u017cywki, aby dodatkowo wyg\u0142adzi\u0107 szczeg\u00f3lnie zniszczone, \u201eniesforne\u201d pasma. W tym celu rozetrzyj j\u0105 w d\u0142oniach\u00a0i nanie\u015b na wilgotne w\u0142osy, a potem wystylizuj je, tak jak lubisz. Nie sp\u0142ukuj.<\/p>\n<p><strong>Gramatura:<\/strong> ml<br \/>\n<strong>Henna:<\/strong> nie<br \/>\n<strong>Konsystencja:<\/strong> od\u017cywka<br \/>\n<strong>Linie elitarne:<\/strong> nie<br \/>\n<strong>Pojemno\u015b\u0107:<\/strong> 250<br \/>\n<strong>P\u0142e\u0107:<\/strong> damski<br \/>\n<strong>S\u0142o\u0144ce:<\/strong> nie<\/p>\n<p><strong>Uwagi:<\/strong><\/p>\n<p>W przypadku kontaktu z oczami, obficie przemyj je wod\u0105. Przechowywa\u0107 w suchym i zaciemnionym miejscu, w temperaturze pokojowej.<\/p>\n<p><strong>Sk\u0142adniki:<\/strong><\/p>\n<p>Aqua, Vitis Vinifera Seed Oil, Cetearyl Alcohol, Sorbitol, Dibutyl Adipate, Pentylene Glycol, Meadowfoam Estolide, Crambe Abyssinica Seed Oil, Behenamidopropyl Dimethylamine, Brassicyl Valinate Esylate, Hydrolyzed Sericin, Ceramide NP, Ceramide AP, Phytantriol, Calcium Gluconate, Glycerin, Glycolic Acid, Levulinic Acid, Sodium Levulinate, Parfum.<\/p>\n","protected":false},"excerpt":{"rendered":"<p> <strong>Gramatura:<\/strong> ml<br \/>  <strong>Henna:<\/strong> nie<br \/>  <strong>Konsystencja:<\/strong> od\u017cywka<br \/>  <strong>Linie elitarne:<\/strong> nie<br \/>  <strong>Pojemno\u015b\u0107:<\/strong> 250<br \/>  <strong>P\u0142e\u0107:<\/strong> damski<br \/>  <strong>S\u0142o\u0144ce:<\/strong> nie <\/p>\n","protected":false},"featured_media":43985,"comment_status":"open","ping_status":"closed","template":"","meta":{"_acf_changed":false},"kategoria-hurtowni":[211,217],"product_brand":[441],"product_cat":[76],"product_tag":[],"class_list":{"0":"post-43984","1":"product","2":"type-product","3":"status-publish","4":"has-post-thumbnail","6":"kategoria-hurtowni-dermokosmetyki","7":"kategoria-hurtowni-pielegnacja-wlosy-dermokosmetyki","8":"product_brand-basiclab","9":"product_cat-primavera","11":"first","12":"outofstock","13":"taxable","14":"shipping-taxable","15":"product-type-simple"},"acf":[],"_links":{"self":[{"href":"https:\/\/premino.pl\/index.php?rest_route=\/wp\/v2\/product\/43984","targetHints":{"allow":["GET"]}}],"collection":[{"href":"https:\/\/premino.pl\/index.php?rest_route=\/wp\/v2\/product"}],"about":[{"href":"https:\/\/premino.pl\/index.php?rest_route=\/wp\/v2\/types\/product"}],"replies":[{"embeddable":true,"href":"https:\/\/premino.pl\/index.php?rest_route=%2Fwp%2Fv2%2Fcomments&post=43984"}],"wp:featuredmedia":[{"embeddable":true,"href":"https:\/\/premino.pl\/index.php?rest_route=\/wp\/v2\/media\/43985"}],"wp:attachment":[{"href":"https:\/\/premino.pl\/index.php?rest_route=%2Fwp%2Fv2%2Fmedia&parent=43984"}],"wp:term":[{"taxonomy":"kategoria-hurtowni","embeddable":true,"href":"https:\/\/premino.pl\/index.php?rest_route=%2Fwp%2Fv2%2Fkategoria-hurtowni&post=43984"},{"taxonomy":"product_brand","embeddable":true,"href":"https:\/\/premino.pl\/index.php?rest_route=%2Fwp%2Fv2%2Fproduct_brand&post=43984"},{"taxonomy":"product_cat","embeddable":true,"href":"https:\/\/premino.pl\/index.php?rest_route=%2Fwp%2Fv2%2Fproduct_cat&post=43984"},{"taxonomy":"product_tag","embeddable":true,"href":"https:\/\/premino.pl\/index.php?rest_route=%2Fwp%2Fv2%2Fproduct_tag&post=43984"}],"curies":[{"name":"wp","href":"https:\/\/api.w.org\/{rel}","templated":true}]}}