{"id":43988,"date":"2026-04-17T17:21:55","date_gmt":"2026-04-17T15:21:55","guid":{"rendered":"https:\/\/premino.pl\/produkt\/capillus-odzywka-nawilzajaca-250ml\/"},"modified":"2026-04-17T17:22:04","modified_gmt":"2026-04-17T15:22:04","slug":"capillus-odzywka-nawilzajaca-250ml","status":"publish","type":"product","link":"https:\/\/premino.pl\/?product=capillus-odzywka-nawilzajaca-250ml","title":{"rendered":"Capillus od\u017cywka nawil\u017caj\u0105ca 250ml"},"content":{"rendered":"<p>Od\u017cywka nawil\u017caj\u0105ca  to lekka formu\u0142a \u0142\u0105cz\u0105ca w\u202fsobie substancje silnie nawadniaj\u0105ce oraz  nieobci\u0105\u017caj\u0105ce emolienty. Kondycjonuje pasma pozbawione obj\u0119to\u015bci, skutecznie  je wzmacniaj\u0105c i pomagaj\u0105c utrzyma\u0107 zdrowy wygl\u0105d. Zwi\u0119ksza odporno\u015b\u0107 na  uszkodzenia mechaniczne zwi\u0105zane z codzienn\u0105 stylizacj\u0105. Nadaje w\u0142osom  lekko\u015bci i\u202fspr\u0119\u017cysto\u015bci, dzi\u0119ki temu \u0142atwiej si\u0119 uk\u0142adaj\u0105, s\u0105 mi\u0119kkie i  l\u015bni\u0105ce.<\/p>\n<p><b>DZIA\u0141ANIE:<br \/><\/b>\u2022 2% kompleksu glikozaminoglikan\u00f3w wykazuje silne w\u0142a\u015bciwo\u015bci nawil\u017caj\u0105ce.  Tworzy warstw\u0119 ochronn\u0105 na powierzchni w\u0142osa i przeciwdzia\u0142a nadmiernej  utracie wilgoci z wn\u0119trza \u0142odygi. dzi\u0119ki temu w\u0142osy s\u0105 g\u0142adkie, elastyczne  oraz mniej podatne na uszkodzenia.\u00a0 <br \/>    \u2022 Kationowy kwas hialuronowy w tej formie wykazuje wysokie powinowactwo do  w\u0142os\u00f3w, neutralizuje ujemny \u0142adunek, domykaj\u0105c \u0142uski w\u0142osa i wyg\u0142adzaj\u0105c jego  \u0142odyg\u0119. dodaje blasku, zapobiega przesuszeniu i minimalizuje pl\u0105tanie si\u0119  w\u0142os\u00f3w.\u00a0 <br \/>    \u2022 Trehaloza pe\u0142ni funkcj\u0119 ochronn\u0105, zabezpieczaj\u0105c w\u0142osy przed uszkodzeniami  mechanicznymi. pomaga utrzyma\u0107 odpowiedni poziom wilgoci  i\u202felastyczno\u015bci.\u00a0 <br \/>    \u2022 Prowitamina B5 posiada silne w\u0142a\u015bciwo\u015bci nawil\u017caj\u0105ce, przywraca w\u0142osom  zdrowy wygl\u0105d i blask.<\/p>\n<p><b>    WSKAZANIA:\u00a0 <\/b><br \/>    \u2022 w\u0142osy suche, cienkie\u00a0 <br \/>    \u2022 brak obj\u0119to\u015bci, w\u0142osy przylegaj\u0105ce do sk\u00f3ry g\u0142owy\u00a0 <br \/>    \u2022 ka\u017cdy rodzaj porowato\u015bci, w szczeg\u00f3lno\u015bci niskoporowate\u00a0 <br \/>    \u2022 tendencja do str\u0105czkowania w\u0142os\u00f3w<\/p>\n<p><b>SPOS\u00d3B U\u017bYCIA:<br \/><\/b>Od\u017cywk\u0119 na\u0142\u00f3\u017c na umyte, wilgotne w\u0142osy. Aplikuj r\u00f3wnomiernie na \u0142odydze w\u0142osa, zachowuj\u0105c odst\u0119p od sk\u00f3ry g\u0142owy. Dok\u0142adnie rozprowad\u017a lub wczesz, pozostaw na kilka minut. Sp\u0142ucz letni\u0105 wod\u0105.<\/p>\n<p><strong>Gramatura:<\/strong> ml<br \/>\n<strong>Henna:<\/strong> nie<br \/>\n<strong>Konsystencja:<\/strong> od\u017cywka<br \/>\n<strong>Linie elitarne:<\/strong> nie<br \/>\n<strong>Pojemno\u015b\u0107:<\/strong> 250<br \/>\n<strong>P\u0142e\u0107:<\/strong> damski<br \/>\n<strong>S\u0142o\u0144ce:<\/strong> nie<\/p>\n<p><strong>Uwagi:<\/strong><\/p>\n<p>W przypadku kontaktu z oczami, obficie przemyj je wod\u0105. Przechowywa\u0107 w suchym i zaciemnionym miejscu, w temperaturze pokojowej.<\/p>\n<p><strong>Sk\u0142adniki:<\/strong><\/p>\n<p>Aqua, Cetearyl Alcohol, Sorbitol, Pentylene Glycol, Ethylhexyl Pelargonate, Panthenol, Dibutyl Adipate,\u202fDicaprylyl Ether, Xylitol, Glycerin, Hydrolyzed Glycosaminoglycans, Brassicyl Valinate Esylate, Xylityl Glucoside, Hydroxypropyltrimonium Hyaluronate, Trehalose, Anhydroxylitol, Glucose, Behenamidopropyl Dimethylamine, Tocopherol, Calcium Gluconate, Citric Acid, Levulinic Acid, Sodium Levulinate, Parfum.<\/p>\n","protected":false},"excerpt":{"rendered":"<p> <strong>Gramatura:<\/strong> ml<br \/>  <strong>Henna:<\/strong> nie<br \/>  <strong>Konsystencja:<\/strong> od\u017cywka<br \/>  <strong>Linie elitarne:<\/strong> nie<br \/>  <strong>Pojemno\u015b\u0107:<\/strong> 250<br \/>  <strong>P\u0142e\u0107:<\/strong> damski<br \/>  <strong>S\u0142o\u0144ce:<\/strong> nie <\/p>\n","protected":false},"featured_media":43989,"comment_status":"open","ping_status":"closed","template":"","meta":{"_acf_changed":false},"kategoria-hurtowni":[211,217],"product_brand":[441],"product_cat":[76],"product_tag":[],"class_list":{"0":"post-43988","1":"product","2":"type-product","3":"status-publish","4":"has-post-thumbnail","6":"kategoria-hurtowni-dermokosmetyki","7":"kategoria-hurtowni-pielegnacja-wlosy-dermokosmetyki","8":"product_brand-basiclab","9":"product_cat-primavera","11":"first","12":"outofstock","13":"taxable","14":"shipping-taxable","15":"product-type-simple"},"acf":[],"_links":{"self":[{"href":"https:\/\/premino.pl\/index.php?rest_route=\/wp\/v2\/product\/43988","targetHints":{"allow":["GET"]}}],"collection":[{"href":"https:\/\/premino.pl\/index.php?rest_route=\/wp\/v2\/product"}],"about":[{"href":"https:\/\/premino.pl\/index.php?rest_route=\/wp\/v2\/types\/product"}],"replies":[{"embeddable":true,"href":"https:\/\/premino.pl\/index.php?rest_route=%2Fwp%2Fv2%2Fcomments&post=43988"}],"wp:featuredmedia":[{"embeddable":true,"href":"https:\/\/premino.pl\/index.php?rest_route=\/wp\/v2\/media\/43989"}],"wp:attachment":[{"href":"https:\/\/premino.pl\/index.php?rest_route=%2Fwp%2Fv2%2Fmedia&parent=43988"}],"wp:term":[{"taxonomy":"kategoria-hurtowni","embeddable":true,"href":"https:\/\/premino.pl\/index.php?rest_route=%2Fwp%2Fv2%2Fkategoria-hurtowni&post=43988"},{"taxonomy":"product_brand","embeddable":true,"href":"https:\/\/premino.pl\/index.php?rest_route=%2Fwp%2Fv2%2Fproduct_brand&post=43988"},{"taxonomy":"product_cat","embeddable":true,"href":"https:\/\/premino.pl\/index.php?rest_route=%2Fwp%2Fv2%2Fproduct_cat&post=43988"},{"taxonomy":"product_tag","embeddable":true,"href":"https:\/\/premino.pl\/index.php?rest_route=%2Fwp%2Fv2%2Fproduct_tag&post=43988"}],"curies":[{"name":"wp","href":"https:\/\/api.w.org\/{rel}","templated":true}]}}